{"id":372,"date":"2024-03-15T17:20:19","date_gmt":"2024-03-15T16:20:19","guid":{"rendered":"http:\/\/192.168.64.105\/GitHub\/vinoteka-sodcek\/trgovina\/uncategorized\/steras-malvazija\/"},"modified":"2026-03-18T07:55:44","modified_gmt":"2026-03-18T06:55:44","slug":"steras-malvazija","status":"publish","type":"product","link":"https:\/\/vinoteka-sodcek.si\/en\/shop\/wines\/white-wines\/steras-malvazija\/","title":{"rendered":"Malvazija"},"content":{"rendered":"<p>Organic production<\/p>\n<p>Grapes for him come from older vineyards. The hand -torn grapes are picked up in the boxes and brought to the basement where it is crushed and walked. This is followed by a recovery in the inox tank and the flow to wooden barrels, where alcoholic and malolactic fermentation takes place. After one year of lying on the lees, the wine is poured into a stainless steel container where it is naturally sediment. Stuffed without filtration.<\/p>\n<p>It is a deeper golden yellow color. When poured into a glass, it takes a few moments to breathe, but then appears in all its variety. Apriled apricot, as a residue of primary fruit, and then acacia, tropical fruit and a pinch of vanilla, as a result of ripening in gently burned wooden barrels.<\/p>\n","protected":false},"excerpt":{"rendered":"<p>Organic production Grapes for him come from older vineyards. The hand -torn grapes are picked up in the boxes and brought to the basement where it is crushed and walked. This&#8230;<\/p>\n","protected":false},"featured_media":1506,"template":"","meta":[],"product_cat":[19],"product_tag":[],"acf":[],"yoast_head":"<!-- This site is optimized with the Yoast SEO plugin v22.2 - https:\/\/yoast.com\/wordpress\/plugins\/seo\/ -->\n<title>Malvazija | Vinoteka Sod\u010dek<\/title>\n<meta name=\"description\" content=\"Malvazija Steras is a deeper golden-yellow colour. When poured into a glass, it takes a few moments to breathe, but then it shows its full variety.\" \/>\n<meta name=\"robots\" content=\"index, follow, max-snippet:-1, max-image-preview:large, max-video-preview:-1\" \/>\n<meta property=\"og:locale\" content=\"en_US\" \/>\n<meta property=\"og:type\" content=\"article\" \/>\n<meta property=\"og:title\" content=\"Malvazija\" \/>\n<meta property=\"og:description\" content=\"Malvazija Steras is a deeper golden-yellow colour. When poured into a glass, it takes a few moments to breathe, but then it shows its full variety.\" \/>\n<meta property=\"og:url\" content=\"https:\/\/vinoteka-sodcek.si\/en\/shop\/wines\/white-wines\/steras-malvazija\/\" \/>\n<meta property=\"og:site_name\" content=\"Vinoteka Sod\u010dek\" \/>\n<meta property=\"article:publisher\" content=\"https:\/\/www.facebook.com\/vinotekasodcek\/\" \/>\n<meta property=\"article:modified_time\" content=\"2026-03-18T06:55:44+00:00\" \/>\n<meta property=\"og:image\" content=\"https:\/\/vinoteka-sodcek.si\/wp-content\/uploads\/malvazija-barique-steras.jpg\" \/>\n\t<meta property=\"og:image:width\" content=\"336\" \/>\n\t<meta property=\"og:image:height\" content=\"1300\" \/>\n\t<meta property=\"og:image:type\" content=\"image\/jpeg\" \/>\n<meta name=\"twitter:card\" content=\"summary_large_image\" \/>\n<!-- \/ Yoast SEO plugin. -->","yoast_head_json":{"title":"Malvazija | Vinoteka Sod\u010dek","description":"[:sl]Malvazija Steras je globje zlatorumene barve. Ko jo nalijemo v kozarec rabi nekaj trenutkov da zadiha, a se nato poka\u017ee v vsej svoji sortnosti.[:en]Malvazija Steras is a deeper golden-yellow colour. When poured into a glass, it takes a few moments to breathe, but then it shows its full variety.[:]","robots":{"index":"index","follow":"follow","max-snippet":"max-snippet:-1","max-image-preview":"max-image-preview:large","max-video-preview":"max-video-preview:-1"},"og_locale":"en_US","og_type":"article","og_title":"[:sl]Malvazija[:en]Malvazija[:] | Vinoteka Sod\u010dek","og_description":"[:sl]Malvazija Steras je globje zlatorumene barve. Ko jo nalijemo v kozarec rabi nekaj trenutkov da zadiha, a se nato poka\u017ee v vsej svoji sortnosti.[:en]Malvazija Steras is a deeper golden-yellow colour. When poured into a glass, it takes a few moments to breathe, but then it shows its full variety.[:]","og_url":"https:\/\/vinoteka-sodcek.si\/en\/shop\/wines\/white-wines\/steras-malvazija\/","og_site_name":"Vinoteka Sod\u010dek","article_publisher":"https:\/\/www.facebook.com\/vinotekasodcek\/","article_modified_time":"2026-03-18T06:55:44+00:00","og_image":[{"width":336,"height":1300,"url":"https:\/\/vinoteka-sodcek.si\/wp-content\/uploads\/malvazija-barique-steras.jpg","type":"image\/jpeg"}],"twitter_card":"summary_large_image","schema":{"@context":"https:\/\/schema.org","@graph":[{"@type":"WebPage","@id":"https:\/\/vinoteka-sodcek.si\/trgovina\/vina\/bela-vina\/steras-malvazija\/","url":"https:\/\/vinoteka-sodcek.si\/trgovina\/vina\/bela-vina\/steras-malvazija\/","name":"[:sl]Malvazija[:en]Malvazija[:] | Vinoteka Sod\u010dek","isPartOf":{"@id":"https:\/\/vinoteka-sodcek.si\/#website"},"primaryImageOfPage":{"@id":"https:\/\/vinoteka-sodcek.si\/trgovina\/vina\/bela-vina\/steras-malvazija\/#primaryimage"},"image":{"@id":"https:\/\/vinoteka-sodcek.si\/trgovina\/vina\/bela-vina\/steras-malvazija\/#primaryimage"},"thumbnailUrl":"https:\/\/vinoteka-sodcek.si\/wp-content\/uploads\/malvazija-barique-steras.jpg","datePublished":"2024-03-15T16:20:19+00:00","dateModified":"2026-03-18T06:55:44+00:00","description":"[:sl]Malvazija Steras je globje zlatorumene barve. Ko jo nalijemo v kozarec rabi nekaj trenutkov da zadiha, a se nato poka\u017ee v vsej svoji sortnosti.[:en]Malvazija Steras is a deeper golden-yellow colour. When poured into a glass, it takes a few moments to breathe, but then it shows its full variety.[:]","breadcrumb":{"@id":"https:\/\/vinoteka-sodcek.si\/trgovina\/vina\/bela-vina\/steras-malvazija\/#breadcrumb"},"inLanguage":"en-US","potentialAction":[{"@type":"ReadAction","target":["https:\/\/vinoteka-sodcek.si\/trgovina\/vina\/bela-vina\/steras-malvazija\/"]}]},{"@type":"ImageObject","inLanguage":"en-US","@id":"https:\/\/vinoteka-sodcek.si\/trgovina\/vina\/bela-vina\/steras-malvazija\/#primaryimage","url":"https:\/\/vinoteka-sodcek.si\/wp-content\/uploads\/malvazija-barique-steras.jpg","contentUrl":"https:\/\/vinoteka-sodcek.si\/wp-content\/uploads\/malvazija-barique-steras.jpg","width":336,"height":1300},{"@type":"BreadcrumbList","@id":"https:\/\/vinoteka-sodcek.si\/trgovina\/vina\/bela-vina\/steras-malvazija\/#breadcrumb","itemListElement":[{"@type":"ListItem","position":1,"name":"Home","item":"https:\/\/vinoteka-sodcek.si\/en\/"},{"@type":"ListItem","position":2,"name":"Trgovina","item":"https:\/\/vinoteka-sodcek.si\/trgovina\/"},{"@type":"ListItem","position":3,"name":"Malvazija"}]},{"@type":"WebSite","@id":"https:\/\/vinoteka-sodcek.si\/#website","url":"https:\/\/vinoteka-sodcek.si\/","name":"Vinoteka Sod\u010dek","description":"Vinoteka z vrhunskimi vini","publisher":{"@id":"https:\/\/vinoteka-sodcek.si\/#organization"},"potentialAction":[{"@type":"SearchAction","target":{"@type":"EntryPoint","urlTemplate":"https:\/\/vinoteka-sodcek.si\/?s={search_term_string}"},"query-input":"required name=search_term_string"}],"inLanguage":"en-US"},{"@type":"Organization","@id":"https:\/\/vinoteka-sodcek.si\/#organization","name":"Vinoteka Sod\u010dek, Ale\u0161 \u010ceba\u0161ek s.p.","url":"https:\/\/vinoteka-sodcek.si\/","logo":{"@type":"ImageObject","inLanguage":"en-US","@id":"https:\/\/vinoteka-sodcek.si\/#\/schema\/logo\/image\/","url":"https:\/\/beta.vinoteka-sodcek.si\/wp-content\/uploads\/vinoteka-sodcek-logo.png","contentUrl":"https:\/\/beta.vinoteka-sodcek.si\/wp-content\/uploads\/vinoteka-sodcek-logo.png","width":300,"height":90,"caption":"Vinoteka Sod\u010dek, Ale\u0161 \u010ceba\u0161ek s.p."},"image":{"@id":"https:\/\/vinoteka-sodcek.si\/#\/schema\/logo\/image\/"},"sameAs":["https:\/\/www.facebook.com\/vinotekasodcek\/"]}]}},"_links":{"self":[{"href":"https:\/\/vinoteka-sodcek.si\/en\/wp-json\/\/wp\/v2\/product\/372"}],"collection":[{"href":"https:\/\/vinoteka-sodcek.si\/en\/wp-json\/\/wp\/v2\/product"}],"about":[{"href":"https:\/\/vinoteka-sodcek.si\/en\/wp-json\/\/wp\/v2\/types\/product"}],"wp:featuredmedia":[{"embeddable":true,"href":"https:\/\/vinoteka-sodcek.si\/en\/wp-json\/\/wp\/v2\/media\/1506"}],"wp:attachment":[{"href":"https:\/\/vinoteka-sodcek.si\/en\/wp-json\/\/wp\/v2\/media?parent=372"}],"wp:term":[{"taxonomy":"product_cat","embeddable":true,"href":"https:\/\/vinoteka-sodcek.si\/en\/wp-json\/\/wp\/v2\/product_cat?post=372"},{"taxonomy":"product_tag","embeddable":true,"href":"https:\/\/vinoteka-sodcek.si\/en\/wp-json\/\/wp\/v2\/product_tag?post=372"}],"curies":[{"name":"wp","href":"https:\/\/api.w.org\/{rel}","templated":true}]}}