{"id":378,"date":"2024-03-15T17:20:19","date_gmt":"2024-03-15T16:20:19","guid":{"rendered":"http:\/\/192.168.64.105\/GitHub\/vinoteka-sodcek\/trgovina\/uncategorized\/steras-refosk-saurin-hills\/"},"modified":"2026-03-18T07:54:03","modified_gmt":"2026-03-18T06:54:03","slug":"steras-refosk-saurin-hills","status":"publish","type":"product","link":"https:\/\/vinoteka-sodcek.si\/en\/shop\/wines\/red-wines\/steras-refosk-saurin-hills\/","title":{"rendered":"Refo\u0161k Saurin Hills"},"content":{"rendered":"<p>Organic production.<\/p>\n<p>Grapes for him come from different positions of the \u0160avrin vineyards. After the harvest is over, the grapes are ground into the bathtub in the basement at the end of September, where five day maceration is pulled. They do the hat diving manually every 4 hours. The maceration is followed by a stainless steel container where alcohol is completed and malolactic fermentation is done. The first flow is usually done 40-50 days after harvest. Wine is not filtered.<\/p>\n<p>Deep guests of purple. The smell of ripe cherries, cherries, blackberries, slightly spicy. In the mouth, rich bold ripe tannins, slightly higher acids.<\/p>\n","protected":false},"excerpt":{"rendered":"<p>Organic production. Grapes for him come from different positions of the \u0160avrin vineyards. After the harvest is over, the grapes are ground into the bathtub in the basement at the end&#8230;<\/p>\n","protected":false},"featured_media":377,"template":"","meta":[],"product_cat":[20],"product_tag":[],"acf":[],"yoast_head":"<!-- This site is optimized with the Yoast SEO plugin v22.2 - https:\/\/yoast.com\/wordpress\/plugins\/seo\/ -->\n<title>Refo\u0161k Saurin Hills | Vinoteka Sod\u010dek<\/title>\n<meta name=\"description\" content=\"Refo\u0161k Saurin hills is a deep, dense purple colour. Aromas of ripe cherries, sour cherries, blackberries, slightly spicy. Rich on the palate.\" \/>\n<meta name=\"robots\" content=\"index, follow, max-snippet:-1, max-image-preview:large, max-video-preview:-1\" \/>\n<meta property=\"og:locale\" content=\"en_US\" \/>\n<meta property=\"og:type\" content=\"article\" \/>\n<meta property=\"og:title\" content=\"Refo\u0161k Saurin Hills\" \/>\n<meta property=\"og:description\" content=\"Refo\u0161k Saurin hills is a deep, dense purple colour. Aromas of ripe cherries, sour cherries, blackberries, slightly spicy. Rich on the palate.\" \/>\n<meta property=\"og:url\" content=\"https:\/\/vinoteka-sodcek.si\/en\/shop\/wines\/red-wines\/steras-refosk-saurin-hills\/\" \/>\n<meta property=\"og:site_name\" content=\"Vinoteka Sod\u010dek\" \/>\n<meta property=\"article:publisher\" content=\"https:\/\/www.facebook.com\/vinotekasodcek\/\" \/>\n<meta property=\"article:modified_time\" content=\"2026-03-18T06:54:03+00:00\" \/>\n<meta property=\"og:image\" content=\"https:\/\/vinoteka-sodcek.si\/wp-content\/uploads\/Refosk.jpg\" \/>\n\t<meta property=\"og:image:width\" content=\"174\" \/>\n\t<meta property=\"og:image:height\" content=\"715\" \/>\n\t<meta property=\"og:image:type\" content=\"image\/jpeg\" \/>\n<meta name=\"twitter:card\" content=\"summary_large_image\" \/>\n<!-- \/ Yoast SEO plugin. -->","yoast_head_json":{"title":"Refo\u0161k Saurin Hills | Vinoteka Sod\u010dek","description":"[:sl]Refo\u0161k Saurin hills je globoke goste vijoli\u010dne barve. Vonj zrelih \u010de\u0161enj, vi\u0161nje, robidnice, rahlo pikanten. V ustih bogat krepkih zrelih taninov.[:en]Refo\u0161k Saurin hills is a deep, dense purple colour. Aromas of ripe cherries, sour cherries, blackberries, slightly spicy. Rich on the palate.[:]","robots":{"index":"index","follow":"follow","max-snippet":"max-snippet:-1","max-image-preview":"max-image-preview:large","max-video-preview":"max-video-preview:-1"},"og_locale":"en_US","og_type":"article","og_title":"[:sl]Refo\u0161k Saurin Hills[:en]Refo\u0161k Saurin Hills[:] | Vinoteka Sod\u010dek","og_description":"[:sl]Refo\u0161k Saurin hills je globoke goste vijoli\u010dne barve. Vonj zrelih \u010de\u0161enj, vi\u0161nje, robidnice, rahlo pikanten. V ustih bogat krepkih zrelih taninov.[:en]Refo\u0161k Saurin hills is a deep, dense purple colour. Aromas of ripe cherries, sour cherries, blackberries, slightly spicy. Rich on the palate.[:]","og_url":"https:\/\/vinoteka-sodcek.si\/en\/shop\/wines\/red-wines\/steras-refosk-saurin-hills\/","og_site_name":"Vinoteka Sod\u010dek","article_publisher":"https:\/\/www.facebook.com\/vinotekasodcek\/","article_modified_time":"2026-03-18T06:54:03+00:00","og_image":[{"width":174,"height":715,"url":"https:\/\/vinoteka-sodcek.si\/wp-content\/uploads\/Refosk.jpg","type":"image\/jpeg"}],"twitter_card":"summary_large_image","schema":{"@context":"https:\/\/schema.org","@graph":[{"@type":"WebPage","@id":"https:\/\/vinoteka-sodcek.si\/trgovina\/vina\/rdeca-vina\/steras-refosk-saurin-hills\/","url":"https:\/\/vinoteka-sodcek.si\/trgovina\/vina\/rdeca-vina\/steras-refosk-saurin-hills\/","name":"[:sl]Refo\u0161k Saurin Hills[:en]Refo\u0161k Saurin Hills[:] | Vinoteka Sod\u010dek","isPartOf":{"@id":"https:\/\/vinoteka-sodcek.si\/#website"},"primaryImageOfPage":{"@id":"https:\/\/vinoteka-sodcek.si\/trgovina\/vina\/rdeca-vina\/steras-refosk-saurin-hills\/#primaryimage"},"image":{"@id":"https:\/\/vinoteka-sodcek.si\/trgovina\/vina\/rdeca-vina\/steras-refosk-saurin-hills\/#primaryimage"},"thumbnailUrl":"https:\/\/vinoteka-sodcek.si\/wp-content\/uploads\/Refosk.jpg","datePublished":"2024-03-15T16:20:19+00:00","dateModified":"2026-03-18T06:54:03+00:00","description":"[:sl]Refo\u0161k Saurin hills je globoke goste vijoli\u010dne barve. Vonj zrelih \u010de\u0161enj, vi\u0161nje, robidnice, rahlo pikanten. V ustih bogat krepkih zrelih taninov.[:en]Refo\u0161k Saurin hills is a deep, dense purple colour. Aromas of ripe cherries, sour cherries, blackberries, slightly spicy. Rich on the palate.[:]","breadcrumb":{"@id":"https:\/\/vinoteka-sodcek.si\/trgovina\/vina\/rdeca-vina\/steras-refosk-saurin-hills\/#breadcrumb"},"inLanguage":"en-US","potentialAction":[{"@type":"ReadAction","target":["https:\/\/vinoteka-sodcek.si\/trgovina\/vina\/rdeca-vina\/steras-refosk-saurin-hills\/"]}]},{"@type":"ImageObject","inLanguage":"en-US","@id":"https:\/\/vinoteka-sodcek.si\/trgovina\/vina\/rdeca-vina\/steras-refosk-saurin-hills\/#primaryimage","url":"https:\/\/vinoteka-sodcek.si\/wp-content\/uploads\/Refosk.jpg","contentUrl":"https:\/\/vinoteka-sodcek.si\/wp-content\/uploads\/Refosk.jpg","width":174,"height":715},{"@type":"BreadcrumbList","@id":"https:\/\/vinoteka-sodcek.si\/trgovina\/vina\/rdeca-vina\/steras-refosk-saurin-hills\/#breadcrumb","itemListElement":[{"@type":"ListItem","position":1,"name":"Home","item":"https:\/\/vinoteka-sodcek.si\/en\/"},{"@type":"ListItem","position":2,"name":"Trgovina","item":"https:\/\/vinoteka-sodcek.si\/trgovina\/"},{"@type":"ListItem","position":3,"name":"Refo\u0161k Saurin Hills"}]},{"@type":"WebSite","@id":"https:\/\/vinoteka-sodcek.si\/#website","url":"https:\/\/vinoteka-sodcek.si\/","name":"Vinoteka Sod\u010dek","description":"Vinoteka z vrhunskimi vini","publisher":{"@id":"https:\/\/vinoteka-sodcek.si\/#organization"},"potentialAction":[{"@type":"SearchAction","target":{"@type":"EntryPoint","urlTemplate":"https:\/\/vinoteka-sodcek.si\/?s={search_term_string}"},"query-input":"required name=search_term_string"}],"inLanguage":"en-US"},{"@type":"Organization","@id":"https:\/\/vinoteka-sodcek.si\/#organization","name":"Vinoteka Sod\u010dek, Ale\u0161 \u010ceba\u0161ek s.p.","url":"https:\/\/vinoteka-sodcek.si\/","logo":{"@type":"ImageObject","inLanguage":"en-US","@id":"https:\/\/vinoteka-sodcek.si\/#\/schema\/logo\/image\/","url":"https:\/\/beta.vinoteka-sodcek.si\/wp-content\/uploads\/vinoteka-sodcek-logo.png","contentUrl":"https:\/\/beta.vinoteka-sodcek.si\/wp-content\/uploads\/vinoteka-sodcek-logo.png","width":300,"height":90,"caption":"Vinoteka Sod\u010dek, Ale\u0161 \u010ceba\u0161ek s.p."},"image":{"@id":"https:\/\/vinoteka-sodcek.si\/#\/schema\/logo\/image\/"},"sameAs":["https:\/\/www.facebook.com\/vinotekasodcek\/"]}]}},"_links":{"self":[{"href":"https:\/\/vinoteka-sodcek.si\/en\/wp-json\/\/wp\/v2\/product\/378"}],"collection":[{"href":"https:\/\/vinoteka-sodcek.si\/en\/wp-json\/\/wp\/v2\/product"}],"about":[{"href":"https:\/\/vinoteka-sodcek.si\/en\/wp-json\/\/wp\/v2\/types\/product"}],"wp:featuredmedia":[{"embeddable":true,"href":"https:\/\/vinoteka-sodcek.si\/en\/wp-json\/\/wp\/v2\/media\/377"}],"wp:attachment":[{"href":"https:\/\/vinoteka-sodcek.si\/en\/wp-json\/\/wp\/v2\/media?parent=378"}],"wp:term":[{"taxonomy":"product_cat","embeddable":true,"href":"https:\/\/vinoteka-sodcek.si\/en\/wp-json\/\/wp\/v2\/product_cat?post=378"},{"taxonomy":"product_tag","embeddable":true,"href":"https:\/\/vinoteka-sodcek.si\/en\/wp-json\/\/wp\/v2\/product_tag?post=378"}],"curies":[{"name":"wp","href":"https:\/\/api.w.org\/{rel}","templated":true}]}}