{"id":384,"date":"2024-03-15T17:20:19","date_gmt":"2024-03-15T16:20:19","guid":{"rendered":"http:\/\/192.168.64.105\/GitHub\/vinoteka-sodcek\/trgovina\/uncategorized\/erzetic-don\/"},"modified":"2024-05-08T17:35:06","modified_gmt":"2024-05-08T16:35:06","slug":"erzetic-don","status":"publish","type":"product","link":"https:\/\/vinoteka-sodcek.si\/en\/shop\/wines\/red-wines\/erzetic-don\/","title":{"rendered":"Don"},"content":{"rendered":"<p>The maceration takes place for 3 weeks in the vinifier, and then ripens wine in large oak barrels for 6 months.<\/p>\n<p>The wine is vibrant ruby \u200b\u200bred. The flower is fruity, with the dominant scent of red fruits, but also grassy and slightly spicy. In the mouth, it turns out to be a medium body wine, tannins, moderate alcohols and vibrant acid, which emphasizes its drink.<\/p>\n","protected":false},"excerpt":{"rendered":"<p>The maceration takes place for 3 weeks in the vinifier, and then ripens wine in large oak barrels for 6 months. The wine is vibrant ruby \u200b\u200bred. The flower is fruity,&#8230;<\/p>\n","protected":false},"featured_media":383,"template":"","meta":[],"product_cat":[20],"product_tag":[],"acf":[],"yoast_head":"<!-- This site is optimized with the Yoast SEO plugin v22.2 - https:\/\/yoast.com\/wordpress\/plugins\/seo\/ -->\n<title>Don | Vinoteka Sod\u010dek<\/title>\n<meta name=\"description\" content=\"Don Erzeti\u010d is aged for 6 months in large oak barrels. It is fruity, with a predominant aroma of red fruits, but also grassy and slightly spicy.\" \/>\n<meta name=\"robots\" content=\"index, follow, max-snippet:-1, max-image-preview:large, max-video-preview:-1\" \/>\n<meta property=\"og:locale\" content=\"en_US\" \/>\n<meta property=\"og:type\" content=\"article\" \/>\n<meta property=\"og:title\" content=\"Don\" \/>\n<meta property=\"og:description\" content=\"Don Erzeti\u010d is aged for 6 months in large oak barrels. It is fruity, with a predominant aroma of red fruits, but also grassy and slightly spicy.\" \/>\n<meta property=\"og:url\" content=\"https:\/\/vinoteka-sodcek.si\/en\/shop\/wines\/red-wines\/erzetic-don\/\" \/>\n<meta property=\"og:site_name\" content=\"Vinoteka Sod\u010dek\" \/>\n<meta property=\"article:publisher\" content=\"https:\/\/www.facebook.com\/vinotekasodcek\/\" \/>\n<meta property=\"article:modified_time\" content=\"2024-05-08T16:35:06+00:00\" \/>\n<meta property=\"og:image\" content=\"https:\/\/vinoteka-sodcek.si\/wp-content\/uploads\/Don-570x855-1.jpg\" \/>\n\t<meta property=\"og:image:width\" content=\"168\" \/>\n\t<meta property=\"og:image:height\" content=\"628\" \/>\n\t<meta property=\"og:image:type\" content=\"image\/jpeg\" \/>\n<meta name=\"twitter:card\" content=\"summary_large_image\" \/>\n<!-- \/ Yoast SEO plugin. -->","yoast_head_json":{"title":"Don | Vinoteka Sod\u010dek","description":"[:sl]Don Erzeti\u010d zori 6 mesecev v velikih hrastovih sodih. Saden, s prevladujo\u010dim vonjem po rde\u010dih sade\u017eih, toda tudi travnat in rahlo za\u010dinjen.[:en]Don Erzeti\u010d is aged for 6 months in large oak barrels. It is fruity, with a predominant aroma of red fruits, but also grassy and slightly spicy.[:]","robots":{"index":"index","follow":"follow","max-snippet":"max-snippet:-1","max-image-preview":"max-image-preview:large","max-video-preview":"max-video-preview:-1"},"og_locale":"en_US","og_type":"article","og_title":"[:sl]Don[:en]Don[:] | Vinoteka Sod\u010dek","og_description":"[:sl]Don Erzeti\u010d zori 6 mesecev v velikih hrastovih sodih. Saden, s prevladujo\u010dim vonjem po rde\u010dih sade\u017eih, toda tudi travnat in rahlo za\u010dinjen.[:en]Don Erzeti\u010d is aged for 6 months in large oak barrels. It is fruity, with a predominant aroma of red fruits, but also grassy and slightly spicy.[:]","og_url":"https:\/\/vinoteka-sodcek.si\/en\/shop\/wines\/red-wines\/erzetic-don\/","og_site_name":"Vinoteka Sod\u010dek","article_publisher":"https:\/\/www.facebook.com\/vinotekasodcek\/","article_modified_time":"2024-05-08T16:35:06+00:00","og_image":[{"width":168,"height":628,"url":"https:\/\/vinoteka-sodcek.si\/wp-content\/uploads\/Don-570x855-1.jpg","type":"image\/jpeg"}],"twitter_card":"summary_large_image","schema":{"@context":"https:\/\/schema.org","@graph":[{"@type":"WebPage","@id":"https:\/\/vinoteka-sodcek.si\/en\/shop\/wines\/red-wines\/erzetic-don\/","url":"https:\/\/vinoteka-sodcek.si\/en\/shop\/wines\/red-wines\/erzetic-don\/","name":"[:sl]Don[:en]Don[:] | Vinoteka Sod\u010dek","isPartOf":{"@id":"https:\/\/vinoteka-sodcek.si\/#website"},"primaryImageOfPage":{"@id":"https:\/\/vinoteka-sodcek.si\/en\/shop\/wines\/red-wines\/erzetic-don\/#primaryimage"},"image":{"@id":"https:\/\/vinoteka-sodcek.si\/en\/shop\/wines\/red-wines\/erzetic-don\/#primaryimage"},"thumbnailUrl":"https:\/\/vinoteka-sodcek.si\/wp-content\/uploads\/Don-570x855-1.jpg","datePublished":"2024-03-15T16:20:19+00:00","dateModified":"2024-05-08T16:35:06+00:00","description":"[:sl]Don Erzeti\u010d zori 6 mesecev v velikih hrastovih sodih. Saden, s prevladujo\u010dim vonjem po rde\u010dih sade\u017eih, toda tudi travnat in rahlo za\u010dinjen.[:en]Don Erzeti\u010d is aged for 6 months in large oak barrels. It is fruity, with a predominant aroma of red fruits, but also grassy and slightly spicy.[:]","breadcrumb":{"@id":"https:\/\/vinoteka-sodcek.si\/en\/shop\/wines\/red-wines\/erzetic-don\/#breadcrumb"},"inLanguage":"en-US","potentialAction":[{"@type":"ReadAction","target":["https:\/\/vinoteka-sodcek.si\/en\/shop\/wines\/red-wines\/erzetic-don\/"]}]},{"@type":"ImageObject","inLanguage":"en-US","@id":"https:\/\/vinoteka-sodcek.si\/en\/shop\/wines\/red-wines\/erzetic-don\/#primaryimage","url":"https:\/\/vinoteka-sodcek.si\/wp-content\/uploads\/Don-570x855-1.jpg","contentUrl":"https:\/\/vinoteka-sodcek.si\/wp-content\/uploads\/Don-570x855-1.jpg","width":168,"height":628},{"@type":"BreadcrumbList","@id":"https:\/\/vinoteka-sodcek.si\/en\/shop\/wines\/red-wines\/erzetic-don\/#breadcrumb","itemListElement":[{"@type":"ListItem","position":1,"name":"Home","item":"https:\/\/vinoteka-sodcek.si\/en\/"},{"@type":"ListItem","position":2,"name":"Trgovina","item":"https:\/\/vinoteka-sodcek.si\/trgovina\/"},{"@type":"ListItem","position":3,"name":"Don"}]},{"@type":"WebSite","@id":"https:\/\/vinoteka-sodcek.si\/#website","url":"https:\/\/vinoteka-sodcek.si\/","name":"Vinoteka Sod\u010dek","description":"Vinoteka z vrhunskimi vini","publisher":{"@id":"https:\/\/vinoteka-sodcek.si\/#organization"},"potentialAction":[{"@type":"SearchAction","target":{"@type":"EntryPoint","urlTemplate":"https:\/\/vinoteka-sodcek.si\/?s={search_term_string}"},"query-input":"required name=search_term_string"}],"inLanguage":"en-US"},{"@type":"Organization","@id":"https:\/\/vinoteka-sodcek.si\/#organization","name":"Vinoteka Sod\u010dek, Ale\u0161 \u010ceba\u0161ek s.p.","url":"https:\/\/vinoteka-sodcek.si\/","logo":{"@type":"ImageObject","inLanguage":"en-US","@id":"https:\/\/vinoteka-sodcek.si\/#\/schema\/logo\/image\/","url":"https:\/\/beta.vinoteka-sodcek.si\/wp-content\/uploads\/vinoteka-sodcek-logo.png","contentUrl":"https:\/\/beta.vinoteka-sodcek.si\/wp-content\/uploads\/vinoteka-sodcek-logo.png","width":300,"height":90,"caption":"Vinoteka Sod\u010dek, Ale\u0161 \u010ceba\u0161ek s.p."},"image":{"@id":"https:\/\/vinoteka-sodcek.si\/#\/schema\/logo\/image\/"},"sameAs":["https:\/\/www.facebook.com\/vinotekasodcek\/"]}]}},"_links":{"self":[{"href":"https:\/\/vinoteka-sodcek.si\/en\/wp-json\/\/wp\/v2\/product\/384"}],"collection":[{"href":"https:\/\/vinoteka-sodcek.si\/en\/wp-json\/\/wp\/v2\/product"}],"about":[{"href":"https:\/\/vinoteka-sodcek.si\/en\/wp-json\/\/wp\/v2\/types\/product"}],"wp:featuredmedia":[{"embeddable":true,"href":"https:\/\/vinoteka-sodcek.si\/en\/wp-json\/\/wp\/v2\/media\/383"}],"wp:attachment":[{"href":"https:\/\/vinoteka-sodcek.si\/en\/wp-json\/\/wp\/v2\/media?parent=384"}],"wp:term":[{"taxonomy":"product_cat","embeddable":true,"href":"https:\/\/vinoteka-sodcek.si\/en\/wp-json\/\/wp\/v2\/product_cat?post=384"},{"taxonomy":"product_tag","embeddable":true,"href":"https:\/\/vinoteka-sodcek.si\/en\/wp-json\/\/wp\/v2\/product_tag?post=384"}],"curies":[{"name":"wp","href":"https:\/\/api.w.org\/{rel}","templated":true}]}}