{"id":388,"date":"2024-03-15T17:20:19","date_gmt":"2024-03-15T16:20:19","guid":{"rendered":"http:\/\/192.168.64.105\/GitHub\/vinoteka-sodcek\/trgovina\/uncategorized\/erzetic-crna-rebula-bio\/"},"modified":"2026-02-06T19:00:58","modified_gmt":"2026-02-06T18:00:58","slug":"erzetic-crna-rebula-bio","status":"publish","type":"product","link":"https:\/\/vinoteka-sodcek.si\/en\/shop\/wines\/red-wines\/erzetic-crna-rebula-bio\/","title":{"rendered":"Rebula red bio"},"content":{"rendered":"<p>The maceration takes 3 weeks in the vinifier.<\/p>\n<p>Wine for 12 months is ripened in large oak barrels (50 % wine) and barrique barrels (50 % wine), bottling after filtration.<\/p>\n<p>It is dark ruby \u200b\u200bred with vibrant purple shades. The odors of tiny forest fruits, red fruit, are intertwined on the nose.<\/p>\n<p>It is extremely full in the mouth, pleasantly bitter, youthful, with a completely unique note of tannins, which are not used to other red wines from our vineyards.<\/p>\n","protected":false},"excerpt":{"rendered":"<p>The maceration takes 3 weeks in the vinifier. Wine for 12 months is ripened in large oak barrels (50 % wine) and barrique barrels (50 % wine), bottling after filtration. It&#8230;<\/p>\n","protected":false},"featured_media":387,"template":"","meta":[],"product_cat":[20],"product_tag":[],"acf":[],"yoast_head":"<!-- This site is optimized with the Yoast SEO plugin v22.2 - https:\/\/yoast.com\/wordpress\/plugins\/seo\/ -->\n<title>Rebula red bio | Vinoteka Sod\u010dek<\/title>\n<meta name=\"description\" content=\"\u010crna rebula Erzeti\u010d matured for 12 months in large oak barrels (50% of the wine) and barrique barrels (50% of the wine). Aromas of fine forest fruits.\" \/>\n<meta name=\"robots\" content=\"index, follow, max-snippet:-1, max-image-preview:large, max-video-preview:-1\" \/>\n<meta property=\"og:locale\" content=\"en_US\" \/>\n<meta property=\"og:type\" content=\"article\" \/>\n<meta property=\"og:title\" content=\"Rebula red bio\" \/>\n<meta property=\"og:description\" content=\"\u010crna rebula Erzeti\u010d matured for 12 months in large oak barrels (50% of the wine) and barrique barrels (50% of the wine). Aromas of fine forest fruits.\" \/>\n<meta property=\"og:url\" content=\"https:\/\/vinoteka-sodcek.si\/en\/shop\/wines\/red-wines\/erzetic-crna-rebula-bio\/\" \/>\n<meta property=\"og:site_name\" content=\"Vinoteka Sod\u010dek\" \/>\n<meta property=\"article:publisher\" content=\"https:\/\/www.facebook.com\/vinotekasodcek\/\" \/>\n<meta property=\"article:modified_time\" content=\"2026-02-06T18:00:58+00:00\" \/>\n<meta property=\"og:image\" content=\"https:\/\/vinoteka-sodcek.si\/wp-content\/uploads\/Erzetic-Crna-rebula-Classic.jpg\" \/>\n\t<meta property=\"og:image:width\" content=\"147\" \/>\n\t<meta property=\"og:image:height\" content=\"634\" \/>\n\t<meta property=\"og:image:type\" content=\"image\/jpeg\" \/>\n<meta name=\"twitter:card\" content=\"summary_large_image\" \/>\n<!-- \/ Yoast SEO plugin. -->","yoast_head_json":{"title":"Rebula red bio | Vinoteka Sod\u010dek","description":"[:sl]\u010crna rebula Erzeti\u010d 12 mesecev zori v velikih hrastovih sodih (50% vina) in barrique sodih (50 % vina). Vonj drobnih gozdnih sade\u017eev, rde\u010dega sadja.[:en]\u010crna rebula Erzeti\u010d matured for 12 months in large oak barrels (50% of the wine) and barrique barrels (50% of the wine). Aromas of fine forest fruits.[:]","robots":{"index":"index","follow":"follow","max-snippet":"max-snippet:-1","max-image-preview":"max-image-preview:large","max-video-preview":"max-video-preview:-1"},"og_locale":"en_US","og_type":"article","og_title":"[:sl]\u010crna rebula bio[:en]Rebula red bio[:] | Vinoteka Sod\u010dek","og_description":"[:sl]\u010crna rebula Erzeti\u010d 12 mesecev zori v velikih hrastovih sodih (50% vina) in barrique sodih (50 % vina). Vonj drobnih gozdnih sade\u017eev, rde\u010dega sadja.[:en]\u010crna rebula Erzeti\u010d matured for 12 months in large oak barrels (50% of the wine) and barrique barrels (50% of the wine). Aromas of fine forest fruits.[:]","og_url":"https:\/\/vinoteka-sodcek.si\/en\/shop\/wines\/red-wines\/erzetic-crna-rebula-bio\/","og_site_name":"Vinoteka Sod\u010dek","article_publisher":"https:\/\/www.facebook.com\/vinotekasodcek\/","article_modified_time":"2026-02-06T18:00:58+00:00","og_image":[{"width":147,"height":634,"url":"https:\/\/vinoteka-sodcek.si\/wp-content\/uploads\/Erzetic-Crna-rebula-Classic.jpg","type":"image\/jpeg"}],"twitter_card":"summary_large_image","schema":{"@context":"https:\/\/schema.org","@graph":[{"@type":"WebPage","@id":"https:\/\/vinoteka-sodcek.si\/trgovina\/vina\/rdeca-vina\/erzetic-crna-rebula-bio\/","url":"https:\/\/vinoteka-sodcek.si\/trgovina\/vina\/rdeca-vina\/erzetic-crna-rebula-bio\/","name":"[:sl]\u010crna rebula bio[:en]Rebula red bio[:] | Vinoteka Sod\u010dek","isPartOf":{"@id":"https:\/\/vinoteka-sodcek.si\/#website"},"primaryImageOfPage":{"@id":"https:\/\/vinoteka-sodcek.si\/trgovina\/vina\/rdeca-vina\/erzetic-crna-rebula-bio\/#primaryimage"},"image":{"@id":"https:\/\/vinoteka-sodcek.si\/trgovina\/vina\/rdeca-vina\/erzetic-crna-rebula-bio\/#primaryimage"},"thumbnailUrl":"https:\/\/vinoteka-sodcek.si\/wp-content\/uploads\/Erzetic-Crna-rebula-Classic.jpg","datePublished":"2024-03-15T16:20:19+00:00","dateModified":"2026-02-06T18:00:58+00:00","description":"[:sl]\u010crna rebula Erzeti\u010d 12 mesecev zori v velikih hrastovih sodih (50% vina) in barrique sodih (50 % vina). Vonj drobnih gozdnih sade\u017eev, rde\u010dega sadja.[:en]\u010crna rebula Erzeti\u010d matured for 12 months in large oak barrels (50% of the wine) and barrique barrels (50% of the wine). Aromas of fine forest fruits.[:]","breadcrumb":{"@id":"https:\/\/vinoteka-sodcek.si\/trgovina\/vina\/rdeca-vina\/erzetic-crna-rebula-bio\/#breadcrumb"},"inLanguage":"en-US","potentialAction":[{"@type":"ReadAction","target":["https:\/\/vinoteka-sodcek.si\/trgovina\/vina\/rdeca-vina\/erzetic-crna-rebula-bio\/"]}]},{"@type":"ImageObject","inLanguage":"en-US","@id":"https:\/\/vinoteka-sodcek.si\/trgovina\/vina\/rdeca-vina\/erzetic-crna-rebula-bio\/#primaryimage","url":"https:\/\/vinoteka-sodcek.si\/wp-content\/uploads\/Erzetic-Crna-rebula-Classic.jpg","contentUrl":"https:\/\/vinoteka-sodcek.si\/wp-content\/uploads\/Erzetic-Crna-rebula-Classic.jpg","width":147,"height":634},{"@type":"BreadcrumbList","@id":"https:\/\/vinoteka-sodcek.si\/trgovina\/vina\/rdeca-vina\/erzetic-crna-rebula-bio\/#breadcrumb","itemListElement":[{"@type":"ListItem","position":1,"name":"Home","item":"https:\/\/vinoteka-sodcek.si\/en\/"},{"@type":"ListItem","position":2,"name":"Trgovina","item":"https:\/\/vinoteka-sodcek.si\/trgovina\/"},{"@type":"ListItem","position":3,"name":"\u010crna rebula bio"}]},{"@type":"WebSite","@id":"https:\/\/vinoteka-sodcek.si\/#website","url":"https:\/\/vinoteka-sodcek.si\/","name":"Vinoteka Sod\u010dek","description":"Vinoteka z vrhunskimi vini","publisher":{"@id":"https:\/\/vinoteka-sodcek.si\/#organization"},"potentialAction":[{"@type":"SearchAction","target":{"@type":"EntryPoint","urlTemplate":"https:\/\/vinoteka-sodcek.si\/?s={search_term_string}"},"query-input":"required name=search_term_string"}],"inLanguage":"en-US"},{"@type":"Organization","@id":"https:\/\/vinoteka-sodcek.si\/#organization","name":"Vinoteka Sod\u010dek, Ale\u0161 \u010ceba\u0161ek s.p.","url":"https:\/\/vinoteka-sodcek.si\/","logo":{"@type":"ImageObject","inLanguage":"en-US","@id":"https:\/\/vinoteka-sodcek.si\/#\/schema\/logo\/image\/","url":"https:\/\/beta.vinoteka-sodcek.si\/wp-content\/uploads\/vinoteka-sodcek-logo.png","contentUrl":"https:\/\/beta.vinoteka-sodcek.si\/wp-content\/uploads\/vinoteka-sodcek-logo.png","width":300,"height":90,"caption":"Vinoteka Sod\u010dek, Ale\u0161 \u010ceba\u0161ek s.p."},"image":{"@id":"https:\/\/vinoteka-sodcek.si\/#\/schema\/logo\/image\/"},"sameAs":["https:\/\/www.facebook.com\/vinotekasodcek\/"]}]}},"_links":{"self":[{"href":"https:\/\/vinoteka-sodcek.si\/en\/wp-json\/\/wp\/v2\/product\/388"}],"collection":[{"href":"https:\/\/vinoteka-sodcek.si\/en\/wp-json\/\/wp\/v2\/product"}],"about":[{"href":"https:\/\/vinoteka-sodcek.si\/en\/wp-json\/\/wp\/v2\/types\/product"}],"wp:featuredmedia":[{"embeddable":true,"href":"https:\/\/vinoteka-sodcek.si\/en\/wp-json\/\/wp\/v2\/media\/387"}],"wp:attachment":[{"href":"https:\/\/vinoteka-sodcek.si\/en\/wp-json\/\/wp\/v2\/media?parent=388"}],"wp:term":[{"taxonomy":"product_cat","embeddable":true,"href":"https:\/\/vinoteka-sodcek.si\/en\/wp-json\/\/wp\/v2\/product_cat?post=388"},{"taxonomy":"product_tag","embeddable":true,"href":"https:\/\/vinoteka-sodcek.si\/en\/wp-json\/\/wp\/v2\/product_tag?post=388"}],"curies":[{"name":"wp","href":"https:\/\/api.w.org\/{rel}","templated":true}]}}