{"id":396,"date":"2024-03-15T17:20:20","date_gmt":"2024-03-15T16:20:20","guid":{"rendered":"http:\/\/192.168.64.105\/GitHub\/vinoteka-sodcek\/trgovina\/uncategorized\/erzetic-rebula-bio\/"},"modified":"2026-02-06T18:59:59","modified_gmt":"2026-02-06T17:59:59","slug":"erzetic-rebula-bio","status":"publish","type":"product","link":"https:\/\/vinoteka-sodcek.si\/en\/shop\/wines\/white-wines\/erzetic-rebula-bio\/","title":{"rendered":"Rebula bio"},"content":{"rendered":"<p>Organic grips of nourishing vines and wine.<\/p>\n<p>After squeezing the grapes, the must in a stainless steel tank was cooled to 8 \u00b0C. After 1 day, the must was streamed and the fermentation began at a controlled temperature of 15 \u00b0C. Streamed after fermentation.<\/p>\n<p>Wine straw yellow with greenish shades. The flower is distinctly multifaceted, complex. The exceptionality of the year and respect for the principles of organic viticulture and the cellar is to be expressed in flower-fruit notes, among which the perception of bread crust is intertwined. In the mouth is full, rich, fresh and mature, simultaneously shy and flirty<\/p>\n","protected":false},"excerpt":{"rendered":"<p>Organic grips of nourishing vines and wine. After squeezing the grapes, the must in a stainless steel tank was cooled to 8 \u00b0C. After 1 day, the must was streamed and&#8230;<\/p>\n","protected":false},"featured_media":395,"template":"","meta":[],"product_cat":[19],"product_tag":[],"acf":[],"yoast_head":"<!-- This site is optimized with the Yoast SEO plugin v22.2 - https:\/\/yoast.com\/wordpress\/plugins\/seo\/ -->\n<title>Rebula bio | Vinoteka Sod\u010dek<\/title>\n<meta name=\"description\" content=\"Rebula Erzeti\u010d matures for a year in an inox container. The flower is distinctly layered, complex, floral-fruity notes, bread crust. Full, rich, fresh.\" \/>\n<meta name=\"robots\" content=\"index, follow, max-snippet:-1, max-image-preview:large, max-video-preview:-1\" \/>\n<meta property=\"og:locale\" content=\"en_US\" \/>\n<meta property=\"og:type\" content=\"article\" \/>\n<meta property=\"og:title\" content=\"Rebula bio\" \/>\n<meta property=\"og:description\" content=\"Rebula Erzeti\u010d matures for a year in an inox container. The flower is distinctly layered, complex, floral-fruity notes, bread crust. Full, rich, fresh.\" \/>\n<meta property=\"og:url\" content=\"https:\/\/vinoteka-sodcek.si\/en\/shop\/wines\/white-wines\/erzetic-rebula-bio\/\" \/>\n<meta property=\"og:site_name\" content=\"Vinoteka Sod\u010dek\" \/>\n<meta property=\"article:publisher\" content=\"https:\/\/www.facebook.com\/vinotekasodcek\/\" \/>\n<meta property=\"article:modified_time\" content=\"2026-02-06T17:59:59+00:00\" \/>\n<meta property=\"og:image\" content=\"https:\/\/vinoteka-sodcek.si\/wp-content\/uploads\/Erzetic-Rebula-Classic.jpg\" \/>\n\t<meta property=\"og:image:width\" content=\"197\" \/>\n\t<meta property=\"og:image:height\" content=\"673\" \/>\n\t<meta property=\"og:image:type\" content=\"image\/jpeg\" \/>\n<meta name=\"twitter:card\" content=\"summary_large_image\" \/>\n<!-- \/ Yoast SEO plugin. -->","yoast_head_json":{"title":"Rebula bio | Vinoteka Sod\u010dek","description":"[:sl]Rebula Erzeti\u010d zori leto v inox posodi. Cvetica izrazito ve\u010dplastna, kompleksna, cvetno-sadnih not, kruhove skorje. Polna, bogata, sve\u017ea.[:en]Rebula Erzeti\u010d matures for a year in an inox container. The flower is distinctly layered, complex, floral-fruity notes, bread crust. Full, rich, fresh.[:]","robots":{"index":"index","follow":"follow","max-snippet":"max-snippet:-1","max-image-preview":"max-image-preview:large","max-video-preview":"max-video-preview:-1"},"og_locale":"en_US","og_type":"article","og_title":"[:sl]Rebula bio[:en]Rebula bio[:] | Vinoteka Sod\u010dek","og_description":"[:sl]Rebula Erzeti\u010d zori leto v inox posodi. Cvetica izrazito ve\u010dplastna, kompleksna, cvetno-sadnih not, kruhove skorje. Polna, bogata, sve\u017ea.[:en]Rebula Erzeti\u010d matures for a year in an inox container. The flower is distinctly layered, complex, floral-fruity notes, bread crust. Full, rich, fresh.[:]","og_url":"https:\/\/vinoteka-sodcek.si\/en\/shop\/wines\/white-wines\/erzetic-rebula-bio\/","og_site_name":"Vinoteka Sod\u010dek","article_publisher":"https:\/\/www.facebook.com\/vinotekasodcek\/","article_modified_time":"2026-02-06T17:59:59+00:00","og_image":[{"width":197,"height":673,"url":"https:\/\/vinoteka-sodcek.si\/wp-content\/uploads\/Erzetic-Rebula-Classic.jpg","type":"image\/jpeg"}],"twitter_card":"summary_large_image","schema":{"@context":"https:\/\/schema.org","@graph":[{"@type":"WebPage","@id":"https:\/\/vinoteka-sodcek.si\/trgovina\/vina\/bela-vina\/erzetic-rebula-bio\/","url":"https:\/\/vinoteka-sodcek.si\/trgovina\/vina\/bela-vina\/erzetic-rebula-bio\/","name":"[:sl]Rebula bio[:en]Rebula bio[:] | Vinoteka Sod\u010dek","isPartOf":{"@id":"https:\/\/vinoteka-sodcek.si\/#website"},"primaryImageOfPage":{"@id":"https:\/\/vinoteka-sodcek.si\/trgovina\/vina\/bela-vina\/erzetic-rebula-bio\/#primaryimage"},"image":{"@id":"https:\/\/vinoteka-sodcek.si\/trgovina\/vina\/bela-vina\/erzetic-rebula-bio\/#primaryimage"},"thumbnailUrl":"https:\/\/vinoteka-sodcek.si\/wp-content\/uploads\/Erzetic-Rebula-Classic.jpg","datePublished":"2024-03-15T16:20:20+00:00","dateModified":"2026-02-06T17:59:59+00:00","description":"[:sl]Rebula Erzeti\u010d zori leto v inox posodi. Cvetica izrazito ve\u010dplastna, kompleksna, cvetno-sadnih not, kruhove skorje. Polna, bogata, sve\u017ea.[:en]Rebula Erzeti\u010d matures for a year in an inox container. The flower is distinctly layered, complex, floral-fruity notes, bread crust. Full, rich, fresh.[:]","breadcrumb":{"@id":"https:\/\/vinoteka-sodcek.si\/trgovina\/vina\/bela-vina\/erzetic-rebula-bio\/#breadcrumb"},"inLanguage":"en-US","potentialAction":[{"@type":"ReadAction","target":["https:\/\/vinoteka-sodcek.si\/trgovina\/vina\/bela-vina\/erzetic-rebula-bio\/"]}]},{"@type":"ImageObject","inLanguage":"en-US","@id":"https:\/\/vinoteka-sodcek.si\/trgovina\/vina\/bela-vina\/erzetic-rebula-bio\/#primaryimage","url":"https:\/\/vinoteka-sodcek.si\/wp-content\/uploads\/Erzetic-Rebula-Classic.jpg","contentUrl":"https:\/\/vinoteka-sodcek.si\/wp-content\/uploads\/Erzetic-Rebula-Classic.jpg","width":197,"height":673},{"@type":"BreadcrumbList","@id":"https:\/\/vinoteka-sodcek.si\/trgovina\/vina\/bela-vina\/erzetic-rebula-bio\/#breadcrumb","itemListElement":[{"@type":"ListItem","position":1,"name":"Home","item":"https:\/\/vinoteka-sodcek.si\/en\/"},{"@type":"ListItem","position":2,"name":"Trgovina","item":"https:\/\/vinoteka-sodcek.si\/trgovina\/"},{"@type":"ListItem","position":3,"name":"Rebula bio"}]},{"@type":"WebSite","@id":"https:\/\/vinoteka-sodcek.si\/#website","url":"https:\/\/vinoteka-sodcek.si\/","name":"Vinoteka Sod\u010dek","description":"Vinoteka z vrhunskimi vini","publisher":{"@id":"https:\/\/vinoteka-sodcek.si\/#organization"},"potentialAction":[{"@type":"SearchAction","target":{"@type":"EntryPoint","urlTemplate":"https:\/\/vinoteka-sodcek.si\/?s={search_term_string}"},"query-input":"required name=search_term_string"}],"inLanguage":"en-US"},{"@type":"Organization","@id":"https:\/\/vinoteka-sodcek.si\/#organization","name":"Vinoteka Sod\u010dek, Ale\u0161 \u010ceba\u0161ek s.p.","url":"https:\/\/vinoteka-sodcek.si\/","logo":{"@type":"ImageObject","inLanguage":"en-US","@id":"https:\/\/vinoteka-sodcek.si\/#\/schema\/logo\/image\/","url":"https:\/\/beta.vinoteka-sodcek.si\/wp-content\/uploads\/vinoteka-sodcek-logo.png","contentUrl":"https:\/\/beta.vinoteka-sodcek.si\/wp-content\/uploads\/vinoteka-sodcek-logo.png","width":300,"height":90,"caption":"Vinoteka Sod\u010dek, Ale\u0161 \u010ceba\u0161ek s.p."},"image":{"@id":"https:\/\/vinoteka-sodcek.si\/#\/schema\/logo\/image\/"},"sameAs":["https:\/\/www.facebook.com\/vinotekasodcek\/"]}]}},"_links":{"self":[{"href":"https:\/\/vinoteka-sodcek.si\/en\/wp-json\/\/wp\/v2\/product\/396"}],"collection":[{"href":"https:\/\/vinoteka-sodcek.si\/en\/wp-json\/\/wp\/v2\/product"}],"about":[{"href":"https:\/\/vinoteka-sodcek.si\/en\/wp-json\/\/wp\/v2\/types\/product"}],"wp:featuredmedia":[{"embeddable":true,"href":"https:\/\/vinoteka-sodcek.si\/en\/wp-json\/\/wp\/v2\/media\/395"}],"wp:attachment":[{"href":"https:\/\/vinoteka-sodcek.si\/en\/wp-json\/\/wp\/v2\/media?parent=396"}],"wp:term":[{"taxonomy":"product_cat","embeddable":true,"href":"https:\/\/vinoteka-sodcek.si\/en\/wp-json\/\/wp\/v2\/product_cat?post=396"},{"taxonomy":"product_tag","embeddable":true,"href":"https:\/\/vinoteka-sodcek.si\/en\/wp-json\/\/wp\/v2\/product_tag?post=396"}],"curies":[{"name":"wp","href":"https:\/\/api.w.org\/{rel}","templated":true}]}}