{"id":400,"date":"2024-03-15T17:20:20","date_gmt":"2024-03-15T16:20:20","guid":{"rendered":"http:\/\/192.168.64.105\/GitHub\/vinoteka-sodcek\/trgovina\/uncategorized\/scurek-beli-pinot\/"},"modified":"2026-04-09T17:52:36","modified_gmt":"2026-04-09T16:52:36","slug":"scurek-beli-pinot","status":"publish","type":"product","link":"https:\/\/vinoteka-sodcek.si\/en\/shop\/wines\/white-wines\/scurek-beli-pinot\/","title":{"rendered":"Beli pinot"},"content":{"rendered":"<p>Hladna maceracija je potekala 6 ur. Vino je nato \u0161e 8 mesecev zorelo v jeklenih posodah.<\/p>\n<p>Je slamnato rumene barve. Ne\u017ene vonjave zrelega sadja, jabolka, citrusi, breskev in cvetlic. Poln okus, harmoni\u010dno, prijetno toplo vino z dolgim, rahlo kremastim pookusom.<\/p>\n","protected":false},"excerpt":{"rendered":"<p>Hladna maceracija je potekala 6 ur. Vino je nato \u0161e 8 mesecev zorelo v jeklenih posodah. Je slamnato rumene barve. Ne\u017ene vonjave zrelega sadja, jabolka, citrusi, breskev in cvetlic. Poln okus,&#8230;<\/p>\n","protected":false},"featured_media":3553,"template":"","meta":[],"product_cat":[19],"product_tag":[],"acf":[],"yoast_head":"<!-- This site is optimized with the Yoast SEO plugin v22.2 - https:\/\/yoast.com\/wordpress\/plugins\/seo\/ -->\n<title>Beli pinot | Vinoteka Sod\u010dek<\/title>\n<meta name=\"description\" content=\"Beli pinot \u0160\u010durek is straw-yellow in colour. Delicate aromas of ripe fruit, apple, citrus, peach and flowers. Full-bodied, harmonious.\" \/>\n<meta name=\"robots\" content=\"index, follow, max-snippet:-1, max-image-preview:large, max-video-preview:-1\" \/>\n<meta property=\"og:locale\" content=\"en_US\" \/>\n<meta property=\"og:type\" content=\"article\" \/>\n<meta property=\"og:title\" content=\"Beli pinot\" \/>\n<meta property=\"og:description\" content=\"Beli pinot \u0160\u010durek is straw-yellow in colour. Delicate aromas of ripe fruit, apple, citrus, peach and flowers. Full-bodied, harmonious.\" \/>\n<meta property=\"og:url\" content=\"https:\/\/vinoteka-sodcek.si\/en\/shop\/wines\/white-wines\/scurek-beli-pinot\/\" \/>\n<meta property=\"og:site_name\" content=\"Vinoteka Sod\u010dek\" \/>\n<meta property=\"article:publisher\" content=\"https:\/\/www.facebook.com\/vinotekasodcek\/\" \/>\n<meta property=\"article:modified_time\" content=\"2026-04-09T16:52:36+00:00\" \/>\n<meta property=\"og:image\" content=\"https:\/\/vinoteka-sodcek.si\/wp-content\/uploads\/scurek-beli-pinot.png\" \/>\n\t<meta property=\"og:image:width\" content=\"256\" \/>\n\t<meta property=\"og:image:height\" content=\"950\" \/>\n\t<meta property=\"og:image:type\" content=\"image\/png\" \/>\n<meta name=\"twitter:card\" content=\"summary_large_image\" \/>\n<!-- \/ Yoast SEO plugin. -->","yoast_head_json":{"title":"Beli pinot | Vinoteka Sod\u010dek","description":"[:sl]Beli pinot \u0160\u010durek je slamnato rumene barve. Ne\u017ene vonjave zrelega sadja, jabolka, citrusi, breskev in cvetlic. Polna okusa, harmoni\u010dno.[:en]Beli pinot \u0160\u010durek is straw-yellow in colour. Delicate aromas of ripe fruit, apple, citrus, peach and flowers. Full-bodied, harmonious.[:]","robots":{"index":"index","follow":"follow","max-snippet":"max-snippet:-1","max-image-preview":"max-image-preview:large","max-video-preview":"max-video-preview:-1"},"og_locale":"en_US","og_type":"article","og_title":"[:sl]Beli pinot[:en]Beli pinot[:] | Vinoteka Sod\u010dek","og_description":"[:sl]Beli pinot \u0160\u010durek je slamnato rumene barve. Ne\u017ene vonjave zrelega sadja, jabolka, citrusi, breskev in cvetlic. Polna okusa, harmoni\u010dno.[:en]Beli pinot \u0160\u010durek is straw-yellow in colour. Delicate aromas of ripe fruit, apple, citrus, peach and flowers. Full-bodied, harmonious.[:]","og_url":"https:\/\/vinoteka-sodcek.si\/en\/shop\/wines\/white-wines\/scurek-beli-pinot\/","og_site_name":"Vinoteka Sod\u010dek","article_publisher":"https:\/\/www.facebook.com\/vinotekasodcek\/","article_modified_time":"2026-04-09T16:52:36+00:00","og_image":[{"width":256,"height":950,"url":"https:\/\/vinoteka-sodcek.si\/wp-content\/uploads\/scurek-beli-pinot.png","type":"image\/png"}],"twitter_card":"summary_large_image","schema":{"@context":"https:\/\/schema.org","@graph":[{"@type":"WebPage","@id":"https:\/\/vinoteka-sodcek.si\/trgovina\/vina\/bela-vina\/scurek-beli-pinot\/","url":"https:\/\/vinoteka-sodcek.si\/trgovina\/vina\/bela-vina\/scurek-beli-pinot\/","name":"[:sl]Beli pinot[:en]Beli pinot[:] | Vinoteka Sod\u010dek","isPartOf":{"@id":"https:\/\/vinoteka-sodcek.si\/#website"},"primaryImageOfPage":{"@id":"https:\/\/vinoteka-sodcek.si\/trgovina\/vina\/bela-vina\/scurek-beli-pinot\/#primaryimage"},"image":{"@id":"https:\/\/vinoteka-sodcek.si\/trgovina\/vina\/bela-vina\/scurek-beli-pinot\/#primaryimage"},"thumbnailUrl":"https:\/\/vinoteka-sodcek.si\/wp-content\/uploads\/scurek-beli-pinot.png","datePublished":"2024-03-15T16:20:20+00:00","dateModified":"2026-04-09T16:52:36+00:00","description":"[:sl]Beli pinot \u0160\u010durek je slamnato rumene barve. Ne\u017ene vonjave zrelega sadja, jabolka, citrusi, breskev in cvetlic. Polna okusa, harmoni\u010dno.[:en]Beli pinot \u0160\u010durek is straw-yellow in colour. Delicate aromas of ripe fruit, apple, citrus, peach and flowers. Full-bodied, harmonious.[:]","breadcrumb":{"@id":"https:\/\/vinoteka-sodcek.si\/trgovina\/vina\/bela-vina\/scurek-beli-pinot\/#breadcrumb"},"inLanguage":"en-US","potentialAction":[{"@type":"ReadAction","target":["https:\/\/vinoteka-sodcek.si\/trgovina\/vina\/bela-vina\/scurek-beli-pinot\/"]}]},{"@type":"ImageObject","inLanguage":"en-US","@id":"https:\/\/vinoteka-sodcek.si\/trgovina\/vina\/bela-vina\/scurek-beli-pinot\/#primaryimage","url":"https:\/\/vinoteka-sodcek.si\/wp-content\/uploads\/scurek-beli-pinot.png","contentUrl":"https:\/\/vinoteka-sodcek.si\/wp-content\/uploads\/scurek-beli-pinot.png","width":256,"height":950},{"@type":"BreadcrumbList","@id":"https:\/\/vinoteka-sodcek.si\/trgovina\/vina\/bela-vina\/scurek-beli-pinot\/#breadcrumb","itemListElement":[{"@type":"ListItem","position":1,"name":"Home","item":"https:\/\/vinoteka-sodcek.si\/en\/"},{"@type":"ListItem","position":2,"name":"Trgovina","item":"https:\/\/vinoteka-sodcek.si\/trgovina\/"},{"@type":"ListItem","position":3,"name":"Beli pinot"}]},{"@type":"WebSite","@id":"https:\/\/vinoteka-sodcek.si\/#website","url":"https:\/\/vinoteka-sodcek.si\/","name":"Vinoteka Sod\u010dek","description":"Vinoteka z vrhunskimi vini","publisher":{"@id":"https:\/\/vinoteka-sodcek.si\/#organization"},"potentialAction":[{"@type":"SearchAction","target":{"@type":"EntryPoint","urlTemplate":"https:\/\/vinoteka-sodcek.si\/?s={search_term_string}"},"query-input":"required name=search_term_string"}],"inLanguage":"en-US"},{"@type":"Organization","@id":"https:\/\/vinoteka-sodcek.si\/#organization","name":"Vinoteka Sod\u010dek, Ale\u0161 \u010ceba\u0161ek s.p.","url":"https:\/\/vinoteka-sodcek.si\/","logo":{"@type":"ImageObject","inLanguage":"en-US","@id":"https:\/\/vinoteka-sodcek.si\/#\/schema\/logo\/image\/","url":"https:\/\/beta.vinoteka-sodcek.si\/wp-content\/uploads\/vinoteka-sodcek-logo.png","contentUrl":"https:\/\/beta.vinoteka-sodcek.si\/wp-content\/uploads\/vinoteka-sodcek-logo.png","width":300,"height":90,"caption":"Vinoteka Sod\u010dek, Ale\u0161 \u010ceba\u0161ek s.p."},"image":{"@id":"https:\/\/vinoteka-sodcek.si\/#\/schema\/logo\/image\/"},"sameAs":["https:\/\/www.facebook.com\/vinotekasodcek\/"]}]}},"_links":{"self":[{"href":"https:\/\/vinoteka-sodcek.si\/en\/wp-json\/\/wp\/v2\/product\/400"}],"collection":[{"href":"https:\/\/vinoteka-sodcek.si\/en\/wp-json\/\/wp\/v2\/product"}],"about":[{"href":"https:\/\/vinoteka-sodcek.si\/en\/wp-json\/\/wp\/v2\/types\/product"}],"wp:featuredmedia":[{"embeddable":true,"href":"https:\/\/vinoteka-sodcek.si\/en\/wp-json\/\/wp\/v2\/media\/3553"}],"wp:attachment":[{"href":"https:\/\/vinoteka-sodcek.si\/en\/wp-json\/\/wp\/v2\/media?parent=400"}],"wp:term":[{"taxonomy":"product_cat","embeddable":true,"href":"https:\/\/vinoteka-sodcek.si\/en\/wp-json\/\/wp\/v2\/product_cat?post=400"},{"taxonomy":"product_tag","embeddable":true,"href":"https:\/\/vinoteka-sodcek.si\/en\/wp-json\/\/wp\/v2\/product_tag?post=400"}],"curies":[{"name":"wp","href":"https:\/\/api.w.org\/{rel}","templated":true}]}}