{"id":404,"date":"2024-03-15T17:20:20","date_gmt":"2024-03-15T16:20:20","guid":{"rendered":"http:\/\/192.168.64.105\/GitHub\/vinoteka-sodcek\/trgovina\/uncategorized\/scurek-chardonnay\/"},"modified":"2024-10-09T17:12:25","modified_gmt":"2024-10-09T16:12:25","slug":"scurek-chardonnay","status":"publish","type":"product","link":"https:\/\/vinoteka-sodcek.si\/en\/shop\/wines\/white-wines\/scurek-chardonnay\/","title":{"rendered":"Chardonnay"},"content":{"rendered":"<p>The cold maceration took 6 hours. The wine matured in 400l\u00a0 wooden barrelsfor 4 months and then for 6 months in steel containers.<\/p>\n<p>It is a straw yellow color. The scents are reminiscent of pineapple and peach with slight vanilla perceptions. In the mouth, the wine is full, with a pleasant freshness and warmth.<\/p>\n","protected":false},"excerpt":{"rendered":"<p>The cold maceration took 6 hours. The wine matured in 400l\u00a0 wooden barrelsfor 4 months and then for 6 months in steel containers. It is a straw yellow color. The scents&#8230;<\/p>\n","protected":false},"featured_media":403,"template":"","meta":[],"product_cat":[19],"product_tag":[],"acf":[],"yoast_head":"<!-- This site is optimized with the Yoast SEO plugin v22.2 - https:\/\/yoast.com\/wordpress\/plugins\/seo\/ -->\n<title>Chardonnay | Vinoteka Sod\u010dek<\/title>\n<meta name=\"description\" content=\"Chardonnay \u0160\u010durek is straw-yellow in colour. The aromas are reminiscent of pineapple and peach with slight hints of vanilla.\" \/>\n<meta name=\"robots\" content=\"index, follow, max-snippet:-1, max-image-preview:large, max-video-preview:-1\" \/>\n<meta property=\"og:locale\" content=\"en_US\" \/>\n<meta property=\"og:type\" content=\"article\" \/>\n<meta property=\"og:title\" content=\"Chardonnay\" \/>\n<meta property=\"og:description\" content=\"Chardonnay \u0160\u010durek is straw-yellow in colour. The aromas are reminiscent of pineapple and peach with slight hints of vanilla.\" \/>\n<meta property=\"og:url\" content=\"https:\/\/vinoteka-sodcek.si\/en\/shop\/wines\/white-wines\/scurek-chardonnay\/\" \/>\n<meta property=\"og:site_name\" content=\"Vinoteka Sod\u010dek\" \/>\n<meta property=\"article:publisher\" content=\"https:\/\/www.facebook.com\/vinotekasodcek\/\" \/>\n<meta property=\"article:modified_time\" content=\"2024-10-09T16:12:25+00:00\" \/>\n<meta property=\"og:image\" content=\"https:\/\/vinoteka-sodcek.si\/wp-content\/uploads\/scurek_chardonnay_HI-RES-570x1026-1.jpg\" \/>\n\t<meta property=\"og:image:width\" content=\"171\" \/>\n\t<meta property=\"og:image:height\" content=\"716\" \/>\n\t<meta property=\"og:image:type\" content=\"image\/jpeg\" \/>\n<meta name=\"twitter:card\" content=\"summary_large_image\" \/>\n<!-- \/ Yoast SEO plugin. -->","yoast_head_json":{"title":"Chardonnay | Vinoteka Sod\u010dek","description":"[:sl]Chardonnay \u0160\u010durek je slamnato rumene barve. Vonjave spominjajo na ananas in breskev z rahlimi zaznavami vanilije. V ustih je vino polno.[:en]Chardonnay \u0160\u010durek is straw-yellow in colour. The aromas are reminiscent of pineapple and peach with slight hints of vanilla.[:]","robots":{"index":"index","follow":"follow","max-snippet":"max-snippet:-1","max-image-preview":"max-image-preview:large","max-video-preview":"max-video-preview:-1"},"og_locale":"en_US","og_type":"article","og_title":"[:sl]Chardonnay[:en]Chardonnay[:] | Vinoteka Sod\u010dek","og_description":"[:sl]Chardonnay \u0160\u010durek je slamnato rumene barve. Vonjave spominjajo na ananas in breskev z rahlimi zaznavami vanilije. V ustih je vino polno.[:en]Chardonnay \u0160\u010durek is straw-yellow in colour. The aromas are reminiscent of pineapple and peach with slight hints of vanilla.[:]","og_url":"https:\/\/vinoteka-sodcek.si\/en\/shop\/wines\/white-wines\/scurek-chardonnay\/","og_site_name":"Vinoteka Sod\u010dek","article_publisher":"https:\/\/www.facebook.com\/vinotekasodcek\/","article_modified_time":"2024-10-09T16:12:25+00:00","og_image":[{"width":171,"height":716,"url":"https:\/\/vinoteka-sodcek.si\/wp-content\/uploads\/scurek_chardonnay_HI-RES-570x1026-1.jpg","type":"image\/jpeg"}],"twitter_card":"summary_large_image","schema":{"@context":"https:\/\/schema.org","@graph":[{"@type":"WebPage","@id":"https:\/\/vinoteka-sodcek.si\/en\/shop\/wines\/white-wines\/scurek-chardonnay\/","url":"https:\/\/vinoteka-sodcek.si\/en\/shop\/wines\/white-wines\/scurek-chardonnay\/","name":"[:sl]Chardonnay[:en]Chardonnay[:] | Vinoteka Sod\u010dek","isPartOf":{"@id":"https:\/\/vinoteka-sodcek.si\/#website"},"primaryImageOfPage":{"@id":"https:\/\/vinoteka-sodcek.si\/en\/shop\/wines\/white-wines\/scurek-chardonnay\/#primaryimage"},"image":{"@id":"https:\/\/vinoteka-sodcek.si\/en\/shop\/wines\/white-wines\/scurek-chardonnay\/#primaryimage"},"thumbnailUrl":"https:\/\/vinoteka-sodcek.si\/wp-content\/uploads\/scurek_chardonnay_HI-RES-570x1026-1.jpg","datePublished":"2024-03-15T16:20:20+00:00","dateModified":"2024-10-09T16:12:25+00:00","description":"[:sl]Chardonnay \u0160\u010durek je slamnato rumene barve. Vonjave spominjajo na ananas in breskev z rahlimi zaznavami vanilije. V ustih je vino polno.[:en]Chardonnay \u0160\u010durek is straw-yellow in colour. The aromas are reminiscent of pineapple and peach with slight hints of vanilla.[:]","breadcrumb":{"@id":"https:\/\/vinoteka-sodcek.si\/en\/shop\/wines\/white-wines\/scurek-chardonnay\/#breadcrumb"},"inLanguage":"en-US","potentialAction":[{"@type":"ReadAction","target":["https:\/\/vinoteka-sodcek.si\/en\/shop\/wines\/white-wines\/scurek-chardonnay\/"]}]},{"@type":"ImageObject","inLanguage":"en-US","@id":"https:\/\/vinoteka-sodcek.si\/en\/shop\/wines\/white-wines\/scurek-chardonnay\/#primaryimage","url":"https:\/\/vinoteka-sodcek.si\/wp-content\/uploads\/scurek_chardonnay_HI-RES-570x1026-1.jpg","contentUrl":"https:\/\/vinoteka-sodcek.si\/wp-content\/uploads\/scurek_chardonnay_HI-RES-570x1026-1.jpg","width":171,"height":716},{"@type":"BreadcrumbList","@id":"https:\/\/vinoteka-sodcek.si\/en\/shop\/wines\/white-wines\/scurek-chardonnay\/#breadcrumb","itemListElement":[{"@type":"ListItem","position":1,"name":"Home","item":"https:\/\/vinoteka-sodcek.si\/en\/"},{"@type":"ListItem","position":2,"name":"Trgovina","item":"https:\/\/vinoteka-sodcek.si\/trgovina\/"},{"@type":"ListItem","position":3,"name":"Chardonnay"}]},{"@type":"WebSite","@id":"https:\/\/vinoteka-sodcek.si\/#website","url":"https:\/\/vinoteka-sodcek.si\/","name":"Vinoteka Sod\u010dek","description":"Vinoteka z vrhunskimi vini","publisher":{"@id":"https:\/\/vinoteka-sodcek.si\/#organization"},"potentialAction":[{"@type":"SearchAction","target":{"@type":"EntryPoint","urlTemplate":"https:\/\/vinoteka-sodcek.si\/?s={search_term_string}"},"query-input":"required name=search_term_string"}],"inLanguage":"en-US"},{"@type":"Organization","@id":"https:\/\/vinoteka-sodcek.si\/#organization","name":"Vinoteka Sod\u010dek, Ale\u0161 \u010ceba\u0161ek s.p.","url":"https:\/\/vinoteka-sodcek.si\/","logo":{"@type":"ImageObject","inLanguage":"en-US","@id":"https:\/\/vinoteka-sodcek.si\/#\/schema\/logo\/image\/","url":"https:\/\/beta.vinoteka-sodcek.si\/wp-content\/uploads\/vinoteka-sodcek-logo.png","contentUrl":"https:\/\/beta.vinoteka-sodcek.si\/wp-content\/uploads\/vinoteka-sodcek-logo.png","width":300,"height":90,"caption":"Vinoteka Sod\u010dek, Ale\u0161 \u010ceba\u0161ek s.p."},"image":{"@id":"https:\/\/vinoteka-sodcek.si\/#\/schema\/logo\/image\/"},"sameAs":["https:\/\/www.facebook.com\/vinotekasodcek\/"]}]}},"_links":{"self":[{"href":"https:\/\/vinoteka-sodcek.si\/en\/wp-json\/\/wp\/v2\/product\/404"}],"collection":[{"href":"https:\/\/vinoteka-sodcek.si\/en\/wp-json\/\/wp\/v2\/product"}],"about":[{"href":"https:\/\/vinoteka-sodcek.si\/en\/wp-json\/\/wp\/v2\/types\/product"}],"wp:featuredmedia":[{"embeddable":true,"href":"https:\/\/vinoteka-sodcek.si\/en\/wp-json\/\/wp\/v2\/media\/403"}],"wp:attachment":[{"href":"https:\/\/vinoteka-sodcek.si\/en\/wp-json\/\/wp\/v2\/media?parent=404"}],"wp:term":[{"taxonomy":"product_cat","embeddable":true,"href":"https:\/\/vinoteka-sodcek.si\/en\/wp-json\/\/wp\/v2\/product_cat?post=404"},{"taxonomy":"product_tag","embeddable":true,"href":"https:\/\/vinoteka-sodcek.si\/en\/wp-json\/\/wp\/v2\/product_tag?post=404"}],"curies":[{"name":"wp","href":"https:\/\/api.w.org\/{rel}","templated":true}]}}