{"id":424,"date":"2024-03-15T17:20:21","date_gmt":"2024-03-15T16:20:21","guid":{"rendered":"http:\/\/192.168.64.105\/GitHub\/vinoteka-sodcek\/trgovina\/uncategorized\/scurek-sivi-pinot-maceracija\/"},"modified":"2026-02-24T15:52:52","modified_gmt":"2026-02-24T14:52:52","slug":"scurek-sivi-pinot-maceracija","status":"publish","type":"product","link":"https:\/\/vinoteka-sodcek.si\/en\/shop\/wines\/white-wines\/scurek-sivi-pinot-maceracija\/","title":{"rendered":"Sivi pinot macerated"},"content":{"rendered":"<p>Fully ripe, slightly overripe grapes were macerated for 7 days after harvesting in stainless steel containers. This was followed by racking and aging, half of the wine in concrete eggs and the other half in used wooden barrels. Bottled without filtration.<\/p>\n<p>A stronger amber color, dry on the palate, with notes of balsamic and dry herbs, nicely rounded tannins, and pleasant acidity.<\/p>\n","protected":false},"excerpt":{"rendered":"<p>Fully ripe, slightly overripe grapes were macerated for 7 days after harvesting in stainless steel containers. This was followed by racking and aging, half of the wine in concrete eggs and&#8230;<\/p>\n","protected":false},"featured_media":423,"template":"","meta":[],"product_cat":[19,23],"product_tag":[],"acf":[],"yoast_head":"<!-- This site is optimized with the Yoast SEO plugin v22.2 - https:\/\/yoast.com\/wordpress\/plugins\/seo\/ -->\n<title>Sivi pinot macerated | Vinoteka Sod\u010dek<\/title>\n<meta name=\"description\" content=\"Sivi pinot maceracija \u0160\u010durek is a stronger amber colour, dry on the palate, with balsamic notes and dried herbs, nicely rounded tannins.\" \/>\n<meta name=\"robots\" content=\"index, follow, max-snippet:-1, max-image-preview:large, max-video-preview:-1\" \/>\n<meta property=\"og:locale\" content=\"en_US\" \/>\n<meta property=\"og:type\" content=\"article\" \/>\n<meta property=\"og:title\" content=\"Sivi pinot macerated\" \/>\n<meta property=\"og:description\" content=\"Sivi pinot maceracija \u0160\u010durek is a stronger amber colour, dry on the palate, with balsamic notes and dried herbs, nicely rounded tannins.\" \/>\n<meta property=\"og:url\" content=\"https:\/\/vinoteka-sodcek.si\/en\/shop\/wines\/white-wines\/scurek-sivi-pinot-maceracija\/\" \/>\n<meta property=\"og:site_name\" content=\"Vinoteka Sod\u010dek\" \/>\n<meta property=\"article:publisher\" content=\"https:\/\/www.facebook.com\/vinotekasodcek\/\" \/>\n<meta property=\"article:modified_time\" content=\"2026-02-24T14:52:52+00:00\" \/>\n<meta property=\"og:image\" content=\"https:\/\/vinoteka-sodcek.si\/wp-content\/uploads\/sivi-pinot-maceracija.jpg\" \/>\n\t<meta property=\"og:image:width\" content=\"203\" \/>\n\t<meta property=\"og:image:height\" content=\"711\" \/>\n\t<meta property=\"og:image:type\" content=\"image\/jpeg\" \/>\n<meta name=\"twitter:card\" content=\"summary_large_image\" \/>\n<!-- \/ Yoast SEO plugin. -->","yoast_head_json":{"title":"Sivi pinot macerated | Vinoteka Sod\u010dek","description":"[:sl]Sivi pinot maceracija \u0160\u010durek je mo\u010dnej\u0161e jantarne barve, v ustih suho, zaznamo balzamiko in suha zeli\u0161\u010da, tanini so lepo zaokro\u017eeni, prijetnih kislin.[:en]Sivi pinot maceracija \u0160\u010durek is a stronger amber colour, dry on the palate, with balsamic notes and dried herbs, nicely rounded tannins.[:]","robots":{"index":"index","follow":"follow","max-snippet":"max-snippet:-1","max-image-preview":"max-image-preview:large","max-video-preview":"max-video-preview:-1"},"og_locale":"en_US","og_type":"article","og_title":"[:sl]Sivi pinot maceracija[:en]Sivi pinot macerated[:] | Vinoteka Sod\u010dek","og_description":"[:sl]Sivi pinot maceracija \u0160\u010durek je mo\u010dnej\u0161e jantarne barve, v ustih suho, zaznamo balzamiko in suha zeli\u0161\u010da, tanini so lepo zaokro\u017eeni, prijetnih kislin.[:en]Sivi pinot maceracija \u0160\u010durek is a stronger amber colour, dry on the palate, with balsamic notes and dried herbs, nicely rounded tannins.[:]","og_url":"https:\/\/vinoteka-sodcek.si\/en\/shop\/wines\/white-wines\/scurek-sivi-pinot-maceracija\/","og_site_name":"Vinoteka Sod\u010dek","article_publisher":"https:\/\/www.facebook.com\/vinotekasodcek\/","article_modified_time":"2026-02-24T14:52:52+00:00","og_image":[{"width":203,"height":711,"url":"https:\/\/vinoteka-sodcek.si\/wp-content\/uploads\/sivi-pinot-maceracija.jpg","type":"image\/jpeg"}],"twitter_card":"summary_large_image","schema":{"@context":"https:\/\/schema.org","@graph":[{"@type":"WebPage","@id":"https:\/\/vinoteka-sodcek.si\/en\/shop\/wines\/white-wines\/scurek-sivi-pinot-maceracija\/","url":"https:\/\/vinoteka-sodcek.si\/en\/shop\/wines\/white-wines\/scurek-sivi-pinot-maceracija\/","name":"[:sl]Sivi pinot maceracija[:en]Sivi pinot macerated[:] | Vinoteka Sod\u010dek","isPartOf":{"@id":"https:\/\/vinoteka-sodcek.si\/#website"},"primaryImageOfPage":{"@id":"https:\/\/vinoteka-sodcek.si\/en\/shop\/wines\/white-wines\/scurek-sivi-pinot-maceracija\/#primaryimage"},"image":{"@id":"https:\/\/vinoteka-sodcek.si\/en\/shop\/wines\/white-wines\/scurek-sivi-pinot-maceracija\/#primaryimage"},"thumbnailUrl":"https:\/\/vinoteka-sodcek.si\/wp-content\/uploads\/sivi-pinot-maceracija.jpg","datePublished":"2024-03-15T16:20:21+00:00","dateModified":"2026-02-24T14:52:52+00:00","description":"[:sl]Sivi pinot maceracija \u0160\u010durek je mo\u010dnej\u0161e jantarne barve, v ustih suho, zaznamo balzamiko in suha zeli\u0161\u010da, tanini so lepo zaokro\u017eeni, prijetnih kislin.[:en]Sivi pinot maceracija \u0160\u010durek is a stronger amber colour, dry on the palate, with balsamic notes and dried herbs, nicely rounded tannins.[:]","breadcrumb":{"@id":"https:\/\/vinoteka-sodcek.si\/en\/shop\/wines\/white-wines\/scurek-sivi-pinot-maceracija\/#breadcrumb"},"inLanguage":"en-US","potentialAction":[{"@type":"ReadAction","target":["https:\/\/vinoteka-sodcek.si\/en\/shop\/wines\/white-wines\/scurek-sivi-pinot-maceracija\/"]}]},{"@type":"ImageObject","inLanguage":"en-US","@id":"https:\/\/vinoteka-sodcek.si\/en\/shop\/wines\/white-wines\/scurek-sivi-pinot-maceracija\/#primaryimage","url":"https:\/\/vinoteka-sodcek.si\/wp-content\/uploads\/sivi-pinot-maceracija.jpg","contentUrl":"https:\/\/vinoteka-sodcek.si\/wp-content\/uploads\/sivi-pinot-maceracija.jpg","width":203,"height":711},{"@type":"BreadcrumbList","@id":"https:\/\/vinoteka-sodcek.si\/en\/shop\/wines\/white-wines\/scurek-sivi-pinot-maceracija\/#breadcrumb","itemListElement":[{"@type":"ListItem","position":1,"name":"Home","item":"https:\/\/vinoteka-sodcek.si\/en\/"},{"@type":"ListItem","position":2,"name":"Trgovina","item":"https:\/\/vinoteka-sodcek.si\/trgovina\/"},{"@type":"ListItem","position":3,"name":"Sivi pinot macerated"}]},{"@type":"WebSite","@id":"https:\/\/vinoteka-sodcek.si\/#website","url":"https:\/\/vinoteka-sodcek.si\/","name":"Vinoteka Sod\u010dek","description":"Vinoteka z vrhunskimi vini","publisher":{"@id":"https:\/\/vinoteka-sodcek.si\/#organization"},"potentialAction":[{"@type":"SearchAction","target":{"@type":"EntryPoint","urlTemplate":"https:\/\/vinoteka-sodcek.si\/?s={search_term_string}"},"query-input":"required name=search_term_string"}],"inLanguage":"en-US"},{"@type":"Organization","@id":"https:\/\/vinoteka-sodcek.si\/#organization","name":"Vinoteka Sod\u010dek, Ale\u0161 \u010ceba\u0161ek s.p.","url":"https:\/\/vinoteka-sodcek.si\/","logo":{"@type":"ImageObject","inLanguage":"en-US","@id":"https:\/\/vinoteka-sodcek.si\/#\/schema\/logo\/image\/","url":"https:\/\/beta.vinoteka-sodcek.si\/wp-content\/uploads\/vinoteka-sodcek-logo.png","contentUrl":"https:\/\/beta.vinoteka-sodcek.si\/wp-content\/uploads\/vinoteka-sodcek-logo.png","width":300,"height":90,"caption":"Vinoteka Sod\u010dek, Ale\u0161 \u010ceba\u0161ek s.p."},"image":{"@id":"https:\/\/vinoteka-sodcek.si\/#\/schema\/logo\/image\/"},"sameAs":["https:\/\/www.facebook.com\/vinotekasodcek\/"]}]}},"_links":{"self":[{"href":"https:\/\/vinoteka-sodcek.si\/en\/wp-json\/\/wp\/v2\/product\/424"}],"collection":[{"href":"https:\/\/vinoteka-sodcek.si\/en\/wp-json\/\/wp\/v2\/product"}],"about":[{"href":"https:\/\/vinoteka-sodcek.si\/en\/wp-json\/\/wp\/v2\/types\/product"}],"wp:featuredmedia":[{"embeddable":true,"href":"https:\/\/vinoteka-sodcek.si\/en\/wp-json\/\/wp\/v2\/media\/423"}],"wp:attachment":[{"href":"https:\/\/vinoteka-sodcek.si\/en\/wp-json\/\/wp\/v2\/media?parent=424"}],"wp:term":[{"taxonomy":"product_cat","embeddable":true,"href":"https:\/\/vinoteka-sodcek.si\/en\/wp-json\/\/wp\/v2\/product_cat?post=424"},{"taxonomy":"product_tag","embeddable":true,"href":"https:\/\/vinoteka-sodcek.si\/en\/wp-json\/\/wp\/v2\/product_tag?post=424"}],"curies":[{"name":"wp","href":"https:\/\/api.w.org\/{rel}","templated":true}]}}