{"id":426,"date":"2024-03-15T17:20:21","date_gmt":"2024-03-15T16:20:21","guid":{"rendered":"http:\/\/192.168.64.105\/GitHub\/vinoteka-sodcek\/trgovina\/uncategorized\/scurek-kontra\/"},"modified":"2026-04-09T09:33:08","modified_gmt":"2026-04-09T08:33:08","slug":"scurek-kontra","status":"publish","type":"product","link":"https:\/\/vinoteka-sodcek.si\/en\/shop\/wines\/white-wines\/scurek-kontra\/","title":{"rendered":"Kontra"},"content":{"rendered":"<p>The maceration took 10 months in 300 liter oak barrels without added sulfur and other preservatives. Filling into bottles without flow and filtration, which can contain wine.<\/p>\n<p>It is golden yellow with light straw shades. Gentle scents through macerated grape berries, citrus fruits, wood and dried flowers. Full taste, slightly tanny. Long aftertaste.<\/p>\n","protected":false},"excerpt":{"rendered":"<p>The maceration took 10 months in 300 liter oak barrels without added sulfur and other preservatives. Filling into bottles without flow and filtration, which can contain wine. It is golden yellow&#8230;<\/p>\n","protected":false},"featured_media":425,"template":"","meta":[],"product_cat":[19,23],"product_tag":[],"acf":[],"yoast_head":"<!-- This site is optimized with the Yoast SEO plugin v22.2 - https:\/\/yoast.com\/wordpress\/plugins\/seo\/ -->\n<title>Kontra | Vinoteka Sod\u010dek<\/title>\n<meta name=\"description\" content=\"Kontra \u0160\u010durek is golden yellow with slight straw tinges. Delicate aromas of macerated grapes, citrus fruits in brandy, wood and dried flowers.\" \/>\n<meta name=\"robots\" content=\"index, follow, max-snippet:-1, max-image-preview:large, max-video-preview:-1\" \/>\n<meta property=\"og:locale\" content=\"en_US\" \/>\n<meta property=\"og:type\" content=\"article\" \/>\n<meta property=\"og:title\" content=\"Kontra\" \/>\n<meta property=\"og:description\" content=\"Kontra \u0160\u010durek is golden yellow with slight straw tinges. Delicate aromas of macerated grapes, citrus fruits in brandy, wood and dried flowers.\" \/>\n<meta property=\"og:url\" content=\"https:\/\/vinoteka-sodcek.si\/en\/shop\/wines\/white-wines\/scurek-kontra\/\" \/>\n<meta property=\"og:site_name\" content=\"Vinoteka Sod\u010dek\" \/>\n<meta property=\"article:publisher\" content=\"https:\/\/www.facebook.com\/vinotekasodcek\/\" \/>\n<meta property=\"article:modified_time\" content=\"2026-04-09T08:33:08+00:00\" \/>\n<meta property=\"og:image\" content=\"https:\/\/vinoteka-sodcek.si\/wp-content\/uploads\/scurek_kontra_HI-RES-570x1026-2.jpg\" \/>\n\t<meta property=\"og:image:width\" content=\"190\" \/>\n\t<meta property=\"og:image:height\" content=\"709\" \/>\n\t<meta property=\"og:image:type\" content=\"image\/jpeg\" \/>\n<meta name=\"twitter:card\" content=\"summary_large_image\" \/>\n<!-- \/ Yoast SEO plugin. -->","yoast_head_json":{"title":"Kontra | Vinoteka Sod\u010dek","description":"[:sl]Kontra \u0160\u010durek je zlato rumene barve z rahlimi slamnatimi odtenki. Ne\u017ene\u00a0 vonjave po maceriranih grozdnih jagodah, agrumih v \u017eganju, lesu in suhem cvetju.[:en]Kontra \u0160\u010durek is golden yellow with slight straw tinges. Delicate aromas of macerated grapes, citrus fruits in brandy, wood and dried flowers.[:]","robots":{"index":"index","follow":"follow","max-snippet":"max-snippet:-1","max-image-preview":"max-image-preview:large","max-video-preview":"max-video-preview:-1"},"og_locale":"en_US","og_type":"article","og_title":"[:sl]Kontra[:en]Kontra[:] | Vinoteka Sod\u010dek","og_description":"[:sl]Kontra \u0160\u010durek je zlato rumene barve z rahlimi slamnatimi odtenki. Ne\u017ene\u00a0 vonjave po maceriranih grozdnih jagodah, agrumih v \u017eganju, lesu in suhem cvetju.[:en]Kontra \u0160\u010durek is golden yellow with slight straw tinges. Delicate aromas of macerated grapes, citrus fruits in brandy, wood and dried flowers.[:]","og_url":"https:\/\/vinoteka-sodcek.si\/en\/shop\/wines\/white-wines\/scurek-kontra\/","og_site_name":"Vinoteka Sod\u010dek","article_publisher":"https:\/\/www.facebook.com\/vinotekasodcek\/","article_modified_time":"2026-04-09T08:33:08+00:00","og_image":[{"width":190,"height":709,"url":"https:\/\/vinoteka-sodcek.si\/wp-content\/uploads\/scurek_kontra_HI-RES-570x1026-2.jpg","type":"image\/jpeg"}],"twitter_card":"summary_large_image","schema":{"@context":"https:\/\/schema.org","@graph":[{"@type":"WebPage","@id":"https:\/\/vinoteka-sodcek.si\/en\/shop\/wines\/white-wines\/scurek-kontra\/","url":"https:\/\/vinoteka-sodcek.si\/en\/shop\/wines\/white-wines\/scurek-kontra\/","name":"[:sl]Kontra[:en]Kontra[:] | Vinoteka Sod\u010dek","isPartOf":{"@id":"https:\/\/vinoteka-sodcek.si\/#website"},"primaryImageOfPage":{"@id":"https:\/\/vinoteka-sodcek.si\/en\/shop\/wines\/white-wines\/scurek-kontra\/#primaryimage"},"image":{"@id":"https:\/\/vinoteka-sodcek.si\/en\/shop\/wines\/white-wines\/scurek-kontra\/#primaryimage"},"thumbnailUrl":"https:\/\/vinoteka-sodcek.si\/wp-content\/uploads\/scurek_kontra_HI-RES-570x1026-2.jpg","datePublished":"2024-03-15T16:20:21+00:00","dateModified":"2026-04-09T08:33:08+00:00","description":"[:sl]Kontra \u0160\u010durek je zlato rumene barve z rahlimi slamnatimi odtenki. Ne\u017ene\u00a0 vonjave po maceriranih grozdnih jagodah, agrumih v \u017eganju, lesu in suhem cvetju.[:en]Kontra \u0160\u010durek is golden yellow with slight straw tinges. Delicate aromas of macerated grapes, citrus fruits in brandy, wood and dried flowers.[:]","breadcrumb":{"@id":"https:\/\/vinoteka-sodcek.si\/en\/shop\/wines\/white-wines\/scurek-kontra\/#breadcrumb"},"inLanguage":"en-US","potentialAction":[{"@type":"ReadAction","target":["https:\/\/vinoteka-sodcek.si\/en\/shop\/wines\/white-wines\/scurek-kontra\/"]}]},{"@type":"ImageObject","inLanguage":"en-US","@id":"https:\/\/vinoteka-sodcek.si\/en\/shop\/wines\/white-wines\/scurek-kontra\/#primaryimage","url":"https:\/\/vinoteka-sodcek.si\/wp-content\/uploads\/scurek_kontra_HI-RES-570x1026-2.jpg","contentUrl":"https:\/\/vinoteka-sodcek.si\/wp-content\/uploads\/scurek_kontra_HI-RES-570x1026-2.jpg","width":190,"height":709},{"@type":"BreadcrumbList","@id":"https:\/\/vinoteka-sodcek.si\/en\/shop\/wines\/white-wines\/scurek-kontra\/#breadcrumb","itemListElement":[{"@type":"ListItem","position":1,"name":"Home","item":"https:\/\/vinoteka-sodcek.si\/en\/"},{"@type":"ListItem","position":2,"name":"Trgovina","item":"https:\/\/vinoteka-sodcek.si\/trgovina\/"},{"@type":"ListItem","position":3,"name":"Kontra"}]},{"@type":"WebSite","@id":"https:\/\/vinoteka-sodcek.si\/#website","url":"https:\/\/vinoteka-sodcek.si\/","name":"Vinoteka Sod\u010dek","description":"Vinoteka z vrhunskimi vini","publisher":{"@id":"https:\/\/vinoteka-sodcek.si\/#organization"},"potentialAction":[{"@type":"SearchAction","target":{"@type":"EntryPoint","urlTemplate":"https:\/\/vinoteka-sodcek.si\/?s={search_term_string}"},"query-input":"required name=search_term_string"}],"inLanguage":"en-US"},{"@type":"Organization","@id":"https:\/\/vinoteka-sodcek.si\/#organization","name":"Vinoteka Sod\u010dek, Ale\u0161 \u010ceba\u0161ek s.p.","url":"https:\/\/vinoteka-sodcek.si\/","logo":{"@type":"ImageObject","inLanguage":"en-US","@id":"https:\/\/vinoteka-sodcek.si\/#\/schema\/logo\/image\/","url":"https:\/\/beta.vinoteka-sodcek.si\/wp-content\/uploads\/vinoteka-sodcek-logo.png","contentUrl":"https:\/\/beta.vinoteka-sodcek.si\/wp-content\/uploads\/vinoteka-sodcek-logo.png","width":300,"height":90,"caption":"Vinoteka Sod\u010dek, Ale\u0161 \u010ceba\u0161ek s.p."},"image":{"@id":"https:\/\/vinoteka-sodcek.si\/#\/schema\/logo\/image\/"},"sameAs":["https:\/\/www.facebook.com\/vinotekasodcek\/"]}]}},"_links":{"self":[{"href":"https:\/\/vinoteka-sodcek.si\/en\/wp-json\/\/wp\/v2\/product\/426"}],"collection":[{"href":"https:\/\/vinoteka-sodcek.si\/en\/wp-json\/\/wp\/v2\/product"}],"about":[{"href":"https:\/\/vinoteka-sodcek.si\/en\/wp-json\/\/wp\/v2\/types\/product"}],"wp:featuredmedia":[{"embeddable":true,"href":"https:\/\/vinoteka-sodcek.si\/en\/wp-json\/\/wp\/v2\/media\/425"}],"wp:attachment":[{"href":"https:\/\/vinoteka-sodcek.si\/en\/wp-json\/\/wp\/v2\/media?parent=426"}],"wp:term":[{"taxonomy":"product_cat","embeddable":true,"href":"https:\/\/vinoteka-sodcek.si\/en\/wp-json\/\/wp\/v2\/product_cat?post=426"},{"taxonomy":"product_tag","embeddable":true,"href":"https:\/\/vinoteka-sodcek.si\/en\/wp-json\/\/wp\/v2\/product_tag?post=426"}],"curies":[{"name":"wp","href":"https:\/\/api.w.org\/{rel}","templated":true}]}}