{"id":434,"date":"2024-03-15T17:20:21","date_gmt":"2024-03-15T16:20:21","guid":{"rendered":"http:\/\/192.168.64.105\/GitHub\/vinoteka-sodcek\/trgovina\/uncategorized\/lisjak-cabernet-sauvignon\/"},"modified":"2025-12-02T11:30:37","modified_gmt":"2025-12-02T10:30:37","slug":"lisjak-cabernet-sauvignon","status":"publish","type":"product","link":"https:\/\/vinoteka-sodcek.si\/en\/shop\/wines\/red-wines\/lisjak-cabernet-sauvignon\/","title":{"rendered":"Cabernet sauvignon"},"content":{"rendered":"<p>Cabernet sauvignon in the Karst thrives perfectly.<\/p>\n<p>The maceration lasts from three weeks to a month. The cabernet sauvignon Lisjak has been maturing for six years, of which two years in new oak barrels, two years in once used barrels and one year in bottles. Rarely with such high alcohol.<\/p>\n<p>It is a fruit odor, with notes of red ripe fruit, we also detect chocolate and cocoa notes, slightly spicy, mineral.<\/p>\n","protected":false},"excerpt":{"rendered":"<p>Cabernet sauvignon in the Karst thrives perfectly. The maceration lasts from three weeks to a month. The cabernet sauvignon Lisjak has been maturing for six years, of which two years in&#8230;<\/p>\n","protected":false},"featured_media":433,"template":"","meta":[],"product_cat":[20],"product_tag":[],"acf":[],"yoast_head":"<!-- This site is optimized with the Yoast SEO plugin v22.2 - https:\/\/yoast.com\/wordpress\/plugins\/seo\/ -->\n<title>Cabernet sauvignon | Vinoteka Sod\u010dek<\/title>\n<meta name=\"description\" content=\"Cabernet sauvignon Lisjak has a fruity nose, with notes of red ripe fruit, chocolate and cocoa notes, slightly spicy, mineral.\" \/>\n<meta name=\"robots\" content=\"index, follow, max-snippet:-1, max-image-preview:large, max-video-preview:-1\" \/>\n<meta property=\"og:locale\" content=\"en_US\" \/>\n<meta property=\"og:type\" content=\"article\" \/>\n<meta property=\"og:title\" content=\"Cabernet sauvignon\" \/>\n<meta property=\"og:description\" content=\"Cabernet sauvignon Lisjak has a fruity nose, with notes of red ripe fruit, chocolate and cocoa notes, slightly spicy, mineral.\" \/>\n<meta property=\"og:url\" content=\"https:\/\/vinoteka-sodcek.si\/en\/shop\/wines\/red-wines\/lisjak-cabernet-sauvignon\/\" \/>\n<meta property=\"og:site_name\" content=\"Vinoteka Sod\u010dek\" \/>\n<meta property=\"article:publisher\" content=\"https:\/\/www.facebook.com\/vinotekasodcek\/\" \/>\n<meta property=\"article:modified_time\" content=\"2025-12-02T10:30:37+00:00\" \/>\n<meta property=\"og:image\" content=\"https:\/\/vinoteka-sodcek.si\/wp-content\/uploads\/Cabernet-sauvignon.jpg\" \/>\n\t<meta property=\"og:image:width\" content=\"250\" \/>\n\t<meta property=\"og:image:height\" content=\"940\" \/>\n\t<meta property=\"og:image:type\" content=\"image\/jpeg\" \/>\n<meta name=\"twitter:card\" content=\"summary_large_image\" \/>\n<!-- \/ Yoast SEO plugin. -->","yoast_head_json":{"title":"Cabernet sauvignon | Vinoteka Sod\u010dek","description":"[:sl]Cabernet sauvignon Lisjak je sadnega vonja, z notami rde\u010dega zrelega sadja, zaznamo tudi \u010dokoladne in kakavove note, rahlo pikanten, mineralen.[:en]Cabernet sauvignon Lisjak has a fruity nose, with notes of red ripe fruit, chocolate and cocoa notes, slightly spicy, mineral.[:]","robots":{"index":"index","follow":"follow","max-snippet":"max-snippet:-1","max-image-preview":"max-image-preview:large","max-video-preview":"max-video-preview:-1"},"og_locale":"en_US","og_type":"article","og_title":"[:sl]Cabernet sauvignon[:en]Cabernet sauvignon[:] | Vinoteka Sod\u010dek","og_description":"[:sl]Cabernet sauvignon Lisjak je sadnega vonja, z notami rde\u010dega zrelega sadja, zaznamo tudi \u010dokoladne in kakavove note, rahlo pikanten, mineralen.[:en]Cabernet sauvignon Lisjak has a fruity nose, with notes of red ripe fruit, chocolate and cocoa notes, slightly spicy, mineral.[:]","og_url":"https:\/\/vinoteka-sodcek.si\/en\/shop\/wines\/red-wines\/lisjak-cabernet-sauvignon\/","og_site_name":"Vinoteka Sod\u010dek","article_publisher":"https:\/\/www.facebook.com\/vinotekasodcek\/","article_modified_time":"2025-12-02T10:30:37+00:00","og_image":[{"width":250,"height":940,"url":"https:\/\/vinoteka-sodcek.si\/wp-content\/uploads\/Cabernet-sauvignon.jpg","type":"image\/jpeg"}],"twitter_card":"summary_large_image","schema":{"@context":"https:\/\/schema.org","@graph":[{"@type":"WebPage","@id":"https:\/\/vinoteka-sodcek.si\/trgovina\/vina\/rdeca-vina\/lisjak-cabernet-sauvignon\/","url":"https:\/\/vinoteka-sodcek.si\/trgovina\/vina\/rdeca-vina\/lisjak-cabernet-sauvignon\/","name":"[:sl]Cabernet sauvignon[:en]Cabernet sauvignon[:] | Vinoteka Sod\u010dek","isPartOf":{"@id":"https:\/\/vinoteka-sodcek.si\/#website"},"primaryImageOfPage":{"@id":"https:\/\/vinoteka-sodcek.si\/trgovina\/vina\/rdeca-vina\/lisjak-cabernet-sauvignon\/#primaryimage"},"image":{"@id":"https:\/\/vinoteka-sodcek.si\/trgovina\/vina\/rdeca-vina\/lisjak-cabernet-sauvignon\/#primaryimage"},"thumbnailUrl":"https:\/\/vinoteka-sodcek.si\/wp-content\/uploads\/Cabernet-sauvignon.jpg","datePublished":"2024-03-15T16:20:21+00:00","dateModified":"2025-12-02T10:30:37+00:00","description":"[:sl]Cabernet sauvignon Lisjak je sadnega vonja, z notami rde\u010dega zrelega sadja, zaznamo tudi \u010dokoladne in kakavove note, rahlo pikanten, mineralen.[:en]Cabernet sauvignon Lisjak has a fruity nose, with notes of red ripe fruit, chocolate and cocoa notes, slightly spicy, mineral.[:]","breadcrumb":{"@id":"https:\/\/vinoteka-sodcek.si\/trgovina\/vina\/rdeca-vina\/lisjak-cabernet-sauvignon\/#breadcrumb"},"inLanguage":"en-US","potentialAction":[{"@type":"ReadAction","target":["https:\/\/vinoteka-sodcek.si\/trgovina\/vina\/rdeca-vina\/lisjak-cabernet-sauvignon\/"]}]},{"@type":"ImageObject","inLanguage":"en-US","@id":"https:\/\/vinoteka-sodcek.si\/trgovina\/vina\/rdeca-vina\/lisjak-cabernet-sauvignon\/#primaryimage","url":"https:\/\/vinoteka-sodcek.si\/wp-content\/uploads\/Cabernet-sauvignon.jpg","contentUrl":"https:\/\/vinoteka-sodcek.si\/wp-content\/uploads\/Cabernet-sauvignon.jpg","width":250,"height":940},{"@type":"BreadcrumbList","@id":"https:\/\/vinoteka-sodcek.si\/trgovina\/vina\/rdeca-vina\/lisjak-cabernet-sauvignon\/#breadcrumb","itemListElement":[{"@type":"ListItem","position":1,"name":"Home","item":"https:\/\/vinoteka-sodcek.si\/en\/"},{"@type":"ListItem","position":2,"name":"Trgovina","item":"https:\/\/vinoteka-sodcek.si\/trgovina\/"},{"@type":"ListItem","position":3,"name":"Cabernet sauvignon"}]},{"@type":"WebSite","@id":"https:\/\/vinoteka-sodcek.si\/#website","url":"https:\/\/vinoteka-sodcek.si\/","name":"Vinoteka Sod\u010dek","description":"Vinoteka z vrhunskimi vini","publisher":{"@id":"https:\/\/vinoteka-sodcek.si\/#organization"},"potentialAction":[{"@type":"SearchAction","target":{"@type":"EntryPoint","urlTemplate":"https:\/\/vinoteka-sodcek.si\/?s={search_term_string}"},"query-input":"required name=search_term_string"}],"inLanguage":"en-US"},{"@type":"Organization","@id":"https:\/\/vinoteka-sodcek.si\/#organization","name":"Vinoteka Sod\u010dek, Ale\u0161 \u010ceba\u0161ek s.p.","url":"https:\/\/vinoteka-sodcek.si\/","logo":{"@type":"ImageObject","inLanguage":"en-US","@id":"https:\/\/vinoteka-sodcek.si\/#\/schema\/logo\/image\/","url":"https:\/\/beta.vinoteka-sodcek.si\/wp-content\/uploads\/vinoteka-sodcek-logo.png","contentUrl":"https:\/\/beta.vinoteka-sodcek.si\/wp-content\/uploads\/vinoteka-sodcek-logo.png","width":300,"height":90,"caption":"Vinoteka Sod\u010dek, Ale\u0161 \u010ceba\u0161ek s.p."},"image":{"@id":"https:\/\/vinoteka-sodcek.si\/#\/schema\/logo\/image\/"},"sameAs":["https:\/\/www.facebook.com\/vinotekasodcek\/"]}]}},"_links":{"self":[{"href":"https:\/\/vinoteka-sodcek.si\/en\/wp-json\/\/wp\/v2\/product\/434"}],"collection":[{"href":"https:\/\/vinoteka-sodcek.si\/en\/wp-json\/\/wp\/v2\/product"}],"about":[{"href":"https:\/\/vinoteka-sodcek.si\/en\/wp-json\/\/wp\/v2\/types\/product"}],"wp:featuredmedia":[{"embeddable":true,"href":"https:\/\/vinoteka-sodcek.si\/en\/wp-json\/\/wp\/v2\/media\/433"}],"wp:attachment":[{"href":"https:\/\/vinoteka-sodcek.si\/en\/wp-json\/\/wp\/v2\/media?parent=434"}],"wp:term":[{"taxonomy":"product_cat","embeddable":true,"href":"https:\/\/vinoteka-sodcek.si\/en\/wp-json\/\/wp\/v2\/product_cat?post=434"},{"taxonomy":"product_tag","embeddable":true,"href":"https:\/\/vinoteka-sodcek.si\/en\/wp-json\/\/wp\/v2\/product_tag?post=434"}],"curies":[{"name":"wp","href":"https:\/\/api.w.org\/{rel}","templated":true}]}}