{"id":435,"date":"2024-03-15T17:20:21","date_gmt":"2024-03-15T16:20:21","guid":{"rendered":"http:\/\/192.168.64.105\/GitHub\/vinoteka-sodcek\/trgovina\/uncategorized\/lisjak-izbrani-teran\/"},"modified":"2026-01-08T12:34:44","modified_gmt":"2026-01-08T11:34:44","slug":"lisjak-izbrani-teran","status":"publish","type":"product","link":"https:\/\/vinoteka-sodcek.si\/en\/shop\/wines\/red-wines\/lisjak-izbrani-teran\/","title":{"rendered":"Izbrani Teran"},"content":{"rendered":"<p>Izbrani teran PTP is the pride and the greatest landmark of the Karst region. It is produced from the refo\u0161kis variety on a special red soil found only in the Karst. The Lisjaks regularly analyse the soil, leaves and grapes before harvest. Only when all the measurements meet the conditions is the harvest date set. The maceration of the terrine lasts for seven days, after which the wine is left to rest for a year in oak barrels.<\/p>\n<p>It is an intense, ruby red and its taste is reminiscent of forest fruits.<\/p>\n","protected":false},"excerpt":{"rendered":"<p>Izbrani teran PTP is the pride and the greatest landmark of the Karst region. It is produced from the refo\u0161kis variety on a special red soil found only in the Karst&#8230;.<\/p>\n","protected":false},"featured_media":433,"template":"","meta":[],"product_cat":[20],"product_tag":[],"acf":[],"yoast_head":"<!-- This site is optimized with the Yoast SEO plugin v22.2 - https:\/\/yoast.com\/wordpress\/plugins\/seo\/ -->\n<title>Izbrani Teran | Vinoteka Sod\u010dek<\/title>\n<meta name=\"description\" content=\"Izbrani teran Lisjak is the pride and the greatest attraction of the Karst, with an intense, ruby-red colour and a taste reminiscent of forest fruits.\" \/>\n<meta name=\"robots\" content=\"index, follow, max-snippet:-1, max-image-preview:large, max-video-preview:-1\" \/>\n<meta property=\"og:locale\" content=\"en_US\" \/>\n<meta property=\"og:type\" content=\"article\" \/>\n<meta property=\"og:title\" content=\"Izbrani Teran\" \/>\n<meta property=\"og:description\" content=\"Izbrani teran Lisjak is the pride and the greatest attraction of the Karst, with an intense, ruby-red colour and a taste reminiscent of forest fruits.\" \/>\n<meta property=\"og:url\" content=\"https:\/\/vinoteka-sodcek.si\/en\/shop\/wines\/red-wines\/lisjak-izbrani-teran\/\" \/>\n<meta property=\"og:site_name\" content=\"Vinoteka Sod\u010dek\" \/>\n<meta property=\"article:publisher\" content=\"https:\/\/www.facebook.com\/vinotekasodcek\/\" \/>\n<meta property=\"article:modified_time\" content=\"2026-01-08T11:34:44+00:00\" \/>\n<meta property=\"og:image\" content=\"https:\/\/vinoteka-sodcek.si\/wp-content\/uploads\/Cabernet-sauvignon.jpg\" \/>\n\t<meta property=\"og:image:width\" content=\"250\" \/>\n\t<meta property=\"og:image:height\" content=\"940\" \/>\n\t<meta property=\"og:image:type\" content=\"image\/jpeg\" \/>\n<meta name=\"twitter:card\" content=\"summary_large_image\" \/>\n<!-- \/ Yoast SEO plugin. -->","yoast_head_json":{"title":"Izbrani Teran | Vinoteka Sod\u010dek","description":"[:sl]Izbrani teran Lisjak je ponos in najve\u010dja znamenitost Krasa, intenzivne, rubinasto rde\u010de barve, njegov okus pa spominja na gozdne sade\u017ee.[:en]Izbrani teran Lisjak is the pride and the greatest attraction of the Karst, with an intense, ruby-red colour and a taste reminiscent of forest fruits.[:]","robots":{"index":"index","follow":"follow","max-snippet":"max-snippet:-1","max-image-preview":"max-image-preview:large","max-video-preview":"max-video-preview:-1"},"og_locale":"en_US","og_type":"article","og_title":"[:sl]Izbrani Teran[:en]Izbrani Teran[:] | Vinoteka Sod\u010dek","og_description":"[:sl]Izbrani teran Lisjak je ponos in najve\u010dja znamenitost Krasa, intenzivne, rubinasto rde\u010de barve, njegov okus pa spominja na gozdne sade\u017ee.[:en]Izbrani teran Lisjak is the pride and the greatest attraction of the Karst, with an intense, ruby-red colour and a taste reminiscent of forest fruits.[:]","og_url":"https:\/\/vinoteka-sodcek.si\/en\/shop\/wines\/red-wines\/lisjak-izbrani-teran\/","og_site_name":"Vinoteka Sod\u010dek","article_publisher":"https:\/\/www.facebook.com\/vinotekasodcek\/","article_modified_time":"2026-01-08T11:34:44+00:00","og_image":[{"width":250,"height":940,"url":"https:\/\/vinoteka-sodcek.si\/wp-content\/uploads\/Cabernet-sauvignon.jpg","type":"image\/jpeg"}],"twitter_card":"summary_large_image","schema":{"@context":"https:\/\/schema.org","@graph":[{"@type":"WebPage","@id":"https:\/\/vinoteka-sodcek.si\/trgovina\/vina\/rdeca-vina\/lisjak-izbrani-teran\/","url":"https:\/\/vinoteka-sodcek.si\/trgovina\/vina\/rdeca-vina\/lisjak-izbrani-teran\/","name":"[:sl]Izbrani Teran[:en]Izbrani Teran[:] | Vinoteka Sod\u010dek","isPartOf":{"@id":"https:\/\/vinoteka-sodcek.si\/#website"},"primaryImageOfPage":{"@id":"https:\/\/vinoteka-sodcek.si\/trgovina\/vina\/rdeca-vina\/lisjak-izbrani-teran\/#primaryimage"},"image":{"@id":"https:\/\/vinoteka-sodcek.si\/trgovina\/vina\/rdeca-vina\/lisjak-izbrani-teran\/#primaryimage"},"thumbnailUrl":"https:\/\/vinoteka-sodcek.si\/wp-content\/uploads\/Cabernet-sauvignon.jpg","datePublished":"2024-03-15T16:20:21+00:00","dateModified":"2026-01-08T11:34:44+00:00","description":"[:sl]Izbrani teran Lisjak je ponos in najve\u010dja znamenitost Krasa, intenzivne, rubinasto rde\u010de barve, njegov okus pa spominja na gozdne sade\u017ee.[:en]Izbrani teran Lisjak is the pride and the greatest attraction of the Karst, with an intense, ruby-red colour and a taste reminiscent of forest fruits.[:]","breadcrumb":{"@id":"https:\/\/vinoteka-sodcek.si\/trgovina\/vina\/rdeca-vina\/lisjak-izbrani-teran\/#breadcrumb"},"inLanguage":"en-US","potentialAction":[{"@type":"ReadAction","target":["https:\/\/vinoteka-sodcek.si\/trgovina\/vina\/rdeca-vina\/lisjak-izbrani-teran\/"]}]},{"@type":"ImageObject","inLanguage":"en-US","@id":"https:\/\/vinoteka-sodcek.si\/trgovina\/vina\/rdeca-vina\/lisjak-izbrani-teran\/#primaryimage","url":"https:\/\/vinoteka-sodcek.si\/wp-content\/uploads\/Cabernet-sauvignon.jpg","contentUrl":"https:\/\/vinoteka-sodcek.si\/wp-content\/uploads\/Cabernet-sauvignon.jpg","width":250,"height":940},{"@type":"BreadcrumbList","@id":"https:\/\/vinoteka-sodcek.si\/trgovina\/vina\/rdeca-vina\/lisjak-izbrani-teran\/#breadcrumb","itemListElement":[{"@type":"ListItem","position":1,"name":"Home","item":"https:\/\/vinoteka-sodcek.si\/en\/"},{"@type":"ListItem","position":2,"name":"Trgovina","item":"https:\/\/vinoteka-sodcek.si\/trgovina\/"},{"@type":"ListItem","position":3,"name":"Izbrani Teran"}]},{"@type":"WebSite","@id":"https:\/\/vinoteka-sodcek.si\/#website","url":"https:\/\/vinoteka-sodcek.si\/","name":"Vinoteka Sod\u010dek","description":"Vinoteka z vrhunskimi vini","publisher":{"@id":"https:\/\/vinoteka-sodcek.si\/#organization"},"potentialAction":[{"@type":"SearchAction","target":{"@type":"EntryPoint","urlTemplate":"https:\/\/vinoteka-sodcek.si\/?s={search_term_string}"},"query-input":"required name=search_term_string"}],"inLanguage":"en-US"},{"@type":"Organization","@id":"https:\/\/vinoteka-sodcek.si\/#organization","name":"Vinoteka Sod\u010dek, Ale\u0161 \u010ceba\u0161ek s.p.","url":"https:\/\/vinoteka-sodcek.si\/","logo":{"@type":"ImageObject","inLanguage":"en-US","@id":"https:\/\/vinoteka-sodcek.si\/#\/schema\/logo\/image\/","url":"https:\/\/beta.vinoteka-sodcek.si\/wp-content\/uploads\/vinoteka-sodcek-logo.png","contentUrl":"https:\/\/beta.vinoteka-sodcek.si\/wp-content\/uploads\/vinoteka-sodcek-logo.png","width":300,"height":90,"caption":"Vinoteka Sod\u010dek, Ale\u0161 \u010ceba\u0161ek s.p."},"image":{"@id":"https:\/\/vinoteka-sodcek.si\/#\/schema\/logo\/image\/"},"sameAs":["https:\/\/www.facebook.com\/vinotekasodcek\/"]}]}},"_links":{"self":[{"href":"https:\/\/vinoteka-sodcek.si\/en\/wp-json\/\/wp\/v2\/product\/435"}],"collection":[{"href":"https:\/\/vinoteka-sodcek.si\/en\/wp-json\/\/wp\/v2\/product"}],"about":[{"href":"https:\/\/vinoteka-sodcek.si\/en\/wp-json\/\/wp\/v2\/types\/product"}],"wp:featuredmedia":[{"embeddable":true,"href":"https:\/\/vinoteka-sodcek.si\/en\/wp-json\/\/wp\/v2\/media\/433"}],"wp:attachment":[{"href":"https:\/\/vinoteka-sodcek.si\/en\/wp-json\/\/wp\/v2\/media?parent=435"}],"wp:term":[{"taxonomy":"product_cat","embeddable":true,"href":"https:\/\/vinoteka-sodcek.si\/en\/wp-json\/\/wp\/v2\/product_cat?post=435"},{"taxonomy":"product_tag","embeddable":true,"href":"https:\/\/vinoteka-sodcek.si\/en\/wp-json\/\/wp\/v2\/product_tag?post=435"}],"curies":[{"name":"wp","href":"https:\/\/api.w.org\/{rel}","templated":true}]}}