{"id":441,"date":"2024-03-15T17:20:21","date_gmt":"2024-03-15T16:20:21","guid":{"rendered":"http:\/\/192.168.64.105\/GitHub\/vinoteka-sodcek\/trgovina\/uncategorized\/lisjak-vitovska-grganja\/"},"modified":"2026-01-08T12:35:28","modified_gmt":"2026-01-08T11:35:28","slug":"lisjak-vitovska-grganja","status":"publish","type":"product","link":"https:\/\/vinoteka-sodcek.si\/en\/shop\/wines\/white-wines\/lisjak-vitovska-grganja\/","title":{"rendered":"Vitovska grganja"},"content":{"rendered":"<p>Vitovska grganja je avtohtona kra\u0161ka sorta. Po kon\u010dani trgatvi maceracija traja en dan, fermentacija in nato zorenje pa se v lesenih sodih nadaljuje \u0161e eno leto.<\/p>\n<p>je intenzivne globoke limonaste barve, zeli\u0161\u010dnih arom travni\u0161kega cvetja, v ustih suho, vi\u0161jih kislin,\u00a0 spomni na gozdne sade\u017ee, breskev, jabolko. Mineralno z dolgim pookusom.<\/p>\n","protected":false},"excerpt":{"rendered":"<p>Vitovska grganja je avtohtona kra\u0161ka sorta. Po kon\u010dani trgatvi maceracija traja en dan, fermentacija in nato zorenje pa se v lesenih sodih nadaljuje \u0161e eno leto. je intenzivne globoke limonaste barve,&#8230;<\/p>\n","protected":false},"featured_media":440,"template":"","meta":[],"product_cat":[19],"product_tag":[],"acf":[],"yoast_head":"<!-- This site is optimized with the Yoast SEO plugin v22.2 - https:\/\/yoast.com\/wordpress\/plugins\/seo\/ -->\n<title>Vitovska grganja | Vinoteka Sod\u010dek<\/title>\n<meta name=\"description\" content=\"Vitovska grganja Lisjak is of an intense deep lemon colour, herbaceous aromas of meadow flowers, dry on the palate, higher acids.\" \/>\n<meta name=\"robots\" content=\"index, follow, max-snippet:-1, max-image-preview:large, max-video-preview:-1\" \/>\n<meta property=\"og:locale\" content=\"en_US\" \/>\n<meta property=\"og:type\" content=\"article\" \/>\n<meta property=\"og:title\" content=\"Vitovska grganja\" \/>\n<meta property=\"og:description\" content=\"Vitovska grganja Lisjak is of an intense deep lemon colour, herbaceous aromas of meadow flowers, dry on the palate, higher acids.\" \/>\n<meta property=\"og:url\" content=\"https:\/\/vinoteka-sodcek.si\/en\/shop\/wines\/white-wines\/lisjak-vitovska-grganja\/\" \/>\n<meta property=\"og:site_name\" content=\"Vinoteka Sod\u010dek\" \/>\n<meta property=\"article:publisher\" content=\"https:\/\/www.facebook.com\/vinotekasodcek\/\" \/>\n<meta property=\"article:modified_time\" content=\"2026-01-08T11:35:28+00:00\" \/>\n<meta property=\"og:image\" content=\"https:\/\/vinoteka-sodcek.si\/wp-content\/uploads\/Izbrani-Teran-Osti-Jarej.jpg\" \/>\n\t<meta property=\"og:image:width\" content=\"250\" \/>\n\t<meta property=\"og:image:height\" content=\"940\" \/>\n\t<meta property=\"og:image:type\" content=\"image\/jpeg\" \/>\n<meta name=\"twitter:card\" content=\"summary_large_image\" \/>\n<!-- \/ Yoast SEO plugin. -->","yoast_head_json":{"title":"Vitovska grganja | Vinoteka Sod\u010dek","description":"[:sl]Vitovska grganja Lisjak je intenzivne globoke limonaste barve, zeli\u0161\u010dnih arom travni\u0161kega cvetja, v ustih suho, vi\u0161jih kislin,\u00a0 spomni na gozdne sade\u017ee.[:en]Vitovska grganja Lisjak is of an intense deep lemon colour, herbaceous aromas of meadow flowers, dry on the palate, higher acids.[:]","robots":{"index":"index","follow":"follow","max-snippet":"max-snippet:-1","max-image-preview":"max-image-preview:large","max-video-preview":"max-video-preview:-1"},"og_locale":"en_US","og_type":"article","og_title":"[:sl]Vitovska grganja[:en]Vitovska grganja[:] | Vinoteka Sod\u010dek","og_description":"[:sl]Vitovska grganja Lisjak je intenzivne globoke limonaste barve, zeli\u0161\u010dnih arom travni\u0161kega cvetja, v ustih suho, vi\u0161jih kislin,\u00a0 spomni na gozdne sade\u017ee.[:en]Vitovska grganja Lisjak is of an intense deep lemon colour, herbaceous aromas of meadow flowers, dry on the palate, higher acids.[:]","og_url":"https:\/\/vinoteka-sodcek.si\/en\/shop\/wines\/white-wines\/lisjak-vitovska-grganja\/","og_site_name":"Vinoteka Sod\u010dek","article_publisher":"https:\/\/www.facebook.com\/vinotekasodcek\/","article_modified_time":"2026-01-08T11:35:28+00:00","og_image":[{"width":250,"height":940,"url":"https:\/\/vinoteka-sodcek.si\/wp-content\/uploads\/Izbrani-Teran-Osti-Jarej.jpg","type":"image\/jpeg"}],"twitter_card":"summary_large_image","schema":{"@context":"https:\/\/schema.org","@graph":[{"@type":"WebPage","@id":"https:\/\/vinoteka-sodcek.si\/trgovina\/vina\/bela-vina\/lisjak-vitovska-grganja\/","url":"https:\/\/vinoteka-sodcek.si\/trgovina\/vina\/bela-vina\/lisjak-vitovska-grganja\/","name":"[:sl]Vitovska grganja[:en]Vitovska grganja[:] | Vinoteka Sod\u010dek","isPartOf":{"@id":"https:\/\/vinoteka-sodcek.si\/#website"},"primaryImageOfPage":{"@id":"https:\/\/vinoteka-sodcek.si\/trgovina\/vina\/bela-vina\/lisjak-vitovska-grganja\/#primaryimage"},"image":{"@id":"https:\/\/vinoteka-sodcek.si\/trgovina\/vina\/bela-vina\/lisjak-vitovska-grganja\/#primaryimage"},"thumbnailUrl":"https:\/\/vinoteka-sodcek.si\/wp-content\/uploads\/Izbrani-Teran-Osti-Jarej.jpg","datePublished":"2024-03-15T16:20:21+00:00","dateModified":"2026-01-08T11:35:28+00:00","description":"[:sl]Vitovska grganja Lisjak je intenzivne globoke limonaste barve, zeli\u0161\u010dnih arom travni\u0161kega cvetja, v ustih suho, vi\u0161jih kislin,\u00a0 spomni na gozdne sade\u017ee.[:en]Vitovska grganja Lisjak is of an intense deep lemon colour, herbaceous aromas of meadow flowers, dry on the palate, higher acids.[:]","breadcrumb":{"@id":"https:\/\/vinoteka-sodcek.si\/trgovina\/vina\/bela-vina\/lisjak-vitovska-grganja\/#breadcrumb"},"inLanguage":"en-US","potentialAction":[{"@type":"ReadAction","target":["https:\/\/vinoteka-sodcek.si\/trgovina\/vina\/bela-vina\/lisjak-vitovska-grganja\/"]}]},{"@type":"ImageObject","inLanguage":"en-US","@id":"https:\/\/vinoteka-sodcek.si\/trgovina\/vina\/bela-vina\/lisjak-vitovska-grganja\/#primaryimage","url":"https:\/\/vinoteka-sodcek.si\/wp-content\/uploads\/Izbrani-Teran-Osti-Jarej.jpg","contentUrl":"https:\/\/vinoteka-sodcek.si\/wp-content\/uploads\/Izbrani-Teran-Osti-Jarej.jpg","width":250,"height":940},{"@type":"BreadcrumbList","@id":"https:\/\/vinoteka-sodcek.si\/trgovina\/vina\/bela-vina\/lisjak-vitovska-grganja\/#breadcrumb","itemListElement":[{"@type":"ListItem","position":1,"name":"Home","item":"https:\/\/vinoteka-sodcek.si\/en\/"},{"@type":"ListItem","position":2,"name":"Trgovina","item":"https:\/\/vinoteka-sodcek.si\/trgovina\/"},{"@type":"ListItem","position":3,"name":"Vitovska grganja"}]},{"@type":"WebSite","@id":"https:\/\/vinoteka-sodcek.si\/#website","url":"https:\/\/vinoteka-sodcek.si\/","name":"Vinoteka Sod\u010dek","description":"Vinoteka z vrhunskimi vini","publisher":{"@id":"https:\/\/vinoteka-sodcek.si\/#organization"},"potentialAction":[{"@type":"SearchAction","target":{"@type":"EntryPoint","urlTemplate":"https:\/\/vinoteka-sodcek.si\/?s={search_term_string}"},"query-input":"required name=search_term_string"}],"inLanguage":"en-US"},{"@type":"Organization","@id":"https:\/\/vinoteka-sodcek.si\/#organization","name":"Vinoteka Sod\u010dek, Ale\u0161 \u010ceba\u0161ek s.p.","url":"https:\/\/vinoteka-sodcek.si\/","logo":{"@type":"ImageObject","inLanguage":"en-US","@id":"https:\/\/vinoteka-sodcek.si\/#\/schema\/logo\/image\/","url":"https:\/\/beta.vinoteka-sodcek.si\/wp-content\/uploads\/vinoteka-sodcek-logo.png","contentUrl":"https:\/\/beta.vinoteka-sodcek.si\/wp-content\/uploads\/vinoteka-sodcek-logo.png","width":300,"height":90,"caption":"Vinoteka Sod\u010dek, Ale\u0161 \u010ceba\u0161ek s.p."},"image":{"@id":"https:\/\/vinoteka-sodcek.si\/#\/schema\/logo\/image\/"},"sameAs":["https:\/\/www.facebook.com\/vinotekasodcek\/"]}]}},"_links":{"self":[{"href":"https:\/\/vinoteka-sodcek.si\/en\/wp-json\/\/wp\/v2\/product\/441"}],"collection":[{"href":"https:\/\/vinoteka-sodcek.si\/en\/wp-json\/\/wp\/v2\/product"}],"about":[{"href":"https:\/\/vinoteka-sodcek.si\/en\/wp-json\/\/wp\/v2\/types\/product"}],"wp:featuredmedia":[{"embeddable":true,"href":"https:\/\/vinoteka-sodcek.si\/en\/wp-json\/\/wp\/v2\/media\/440"}],"wp:attachment":[{"href":"https:\/\/vinoteka-sodcek.si\/en\/wp-json\/\/wp\/v2\/media?parent=441"}],"wp:term":[{"taxonomy":"product_cat","embeddable":true,"href":"https:\/\/vinoteka-sodcek.si\/en\/wp-json\/\/wp\/v2\/product_cat?post=441"},{"taxonomy":"product_tag","embeddable":true,"href":"https:\/\/vinoteka-sodcek.si\/en\/wp-json\/\/wp\/v2\/product_tag?post=441"}],"curies":[{"name":"wp","href":"https:\/\/api.w.org\/{rel}","templated":true}]}}