{"id":449,"date":"2024-03-15T17:20:22","date_gmt":"2024-03-15T16:20:22","guid":{"rendered":"http:\/\/192.168.64.105\/GitHub\/vinoteka-sodcek\/trgovina\/uncategorized\/saksida-merlot\/"},"modified":"2025-11-25T22:39:45","modified_gmt":"2025-11-25T21:39:45","slug":"saksida-merlot","status":"publish","type":"product","link":"https:\/\/vinoteka-sodcek.si\/en\/shop\/wines\/red-wines\/saksida-merlot\/","title":{"rendered":"Merlot"},"content":{"rendered":"<p>After the harvest, fermentation and about 10 days of maceration, the wine is aged for 24 months in used 225l barique barrels.<\/p>\n<p>It is deep ruby red in colour. The nose is ripe and fruity, reminiscent of cherries, raspberries, prunes, with smoky notes in the background. Dry, high tannins, pleasant acids, with a coffee-like, slightly jammy finish.<\/p>\n","protected":false},"excerpt":{"rendered":"<p>After the harvest, fermentation and about 10 days of maceration, the wine is aged for 24 months in used 225l barique barrels. It is deep ruby red in colour. The nose&#8230;<\/p>\n","protected":false},"featured_media":3111,"template":"","meta":[],"product_cat":[20],"product_tag":[],"acf":[],"yoast_head":"<!-- This site is optimized with the Yoast SEO plugin v22.2 - https:\/\/yoast.com\/wordpress\/plugins\/seo\/ -->\n<title>Merlot | Vinoteka Sod\u010dek<\/title>\n<meta name=\"description\" content=\"Merlot Saksida is a deep ruby red colour. The nose is ripe and fruity, reminiscent of cherries, raspberries, prunes, with smoky notes in the background.\" \/>\n<meta name=\"robots\" content=\"index, follow, max-snippet:-1, max-image-preview:large, max-video-preview:-1\" \/>\n<meta property=\"og:locale\" content=\"en_US\" \/>\n<meta property=\"og:type\" content=\"article\" \/>\n<meta property=\"og:title\" content=\"Merlot\" \/>\n<meta property=\"og:description\" content=\"Merlot Saksida is a deep ruby red colour. The nose is ripe and fruity, reminiscent of cherries, raspberries, prunes, with smoky notes in the background.\" \/>\n<meta property=\"og:url\" content=\"https:\/\/vinoteka-sodcek.si\/en\/shop\/wines\/red-wines\/saksida-merlot\/\" \/>\n<meta property=\"og:site_name\" content=\"Vinoteka Sod\u010dek\" \/>\n<meta property=\"article:publisher\" content=\"https:\/\/www.facebook.com\/vinotekasodcek\/\" \/>\n<meta property=\"article:modified_time\" content=\"2025-11-25T21:39:45+00:00\" \/>\n<meta property=\"og:image\" content=\"https:\/\/vinoteka-sodcek.si\/wp-content\/uploads\/B18B1FE3-BB1F-45AB-8C29-2441995B51C7.jpg\" \/>\n\t<meta property=\"og:image:width\" content=\"328\" \/>\n\t<meta property=\"og:image:height\" content=\"1248\" \/>\n\t<meta property=\"og:image:type\" content=\"image\/jpeg\" \/>\n<meta name=\"twitter:card\" content=\"summary_large_image\" \/>\n<!-- \/ Yoast SEO plugin. -->","yoast_head_json":{"title":"Merlot | Vinoteka Sod\u010dek","description":"[:sl]Merlot Saksida je globoke rubinasto rde\u010de barve. Vonj je dozorel in saden, spominja na \u010de\u0161nje, maline, suhe slive, v ozadju se zaznavajo dimne note.[:en]Merlot Saksida is a deep ruby red colour. The nose is ripe and fruity, reminiscent of cherries, raspberries, prunes, with smoky notes in the background.[:]","robots":{"index":"index","follow":"follow","max-snippet":"max-snippet:-1","max-image-preview":"max-image-preview:large","max-video-preview":"max-video-preview:-1"},"og_locale":"en_US","og_type":"article","og_title":"[:sl]Merlot[:en]Merlot[:] | Vinoteka Sod\u010dek","og_description":"[:sl]Merlot Saksida je globoke rubinasto rde\u010de barve. Vonj je dozorel in saden, spominja na \u010de\u0161nje, maline, suhe slive, v ozadju se zaznavajo dimne note.[:en]Merlot Saksida is a deep ruby red colour. The nose is ripe and fruity, reminiscent of cherries, raspberries, prunes, with smoky notes in the background.[:]","og_url":"https:\/\/vinoteka-sodcek.si\/en\/shop\/wines\/red-wines\/saksida-merlot\/","og_site_name":"Vinoteka Sod\u010dek","article_publisher":"https:\/\/www.facebook.com\/vinotekasodcek\/","article_modified_time":"2025-11-25T21:39:45+00:00","og_image":[{"width":328,"height":1248,"url":"https:\/\/vinoteka-sodcek.si\/wp-content\/uploads\/B18B1FE3-BB1F-45AB-8C29-2441995B51C7.jpg","type":"image\/jpeg"}],"twitter_card":"summary_large_image","schema":{"@context":"https:\/\/schema.org","@graph":[{"@type":"WebPage","@id":"https:\/\/vinoteka-sodcek.si\/trgovina\/vina\/rdeca-vina\/saksida-merlot\/","url":"https:\/\/vinoteka-sodcek.si\/trgovina\/vina\/rdeca-vina\/saksida-merlot\/","name":"[:sl]Merlot[:en]Merlot[:] | Vinoteka Sod\u010dek","isPartOf":{"@id":"https:\/\/vinoteka-sodcek.si\/#website"},"primaryImageOfPage":{"@id":"https:\/\/vinoteka-sodcek.si\/trgovina\/vina\/rdeca-vina\/saksida-merlot\/#primaryimage"},"image":{"@id":"https:\/\/vinoteka-sodcek.si\/trgovina\/vina\/rdeca-vina\/saksida-merlot\/#primaryimage"},"thumbnailUrl":"https:\/\/vinoteka-sodcek.si\/wp-content\/uploads\/B18B1FE3-BB1F-45AB-8C29-2441995B51C7.jpg","datePublished":"2024-03-15T16:20:22+00:00","dateModified":"2025-11-25T21:39:45+00:00","description":"[:sl]Merlot Saksida je globoke rubinasto rde\u010de barve. Vonj je dozorel in saden, spominja na \u010de\u0161nje, maline, suhe slive, v ozadju se zaznavajo dimne note.[:en]Merlot Saksida is a deep ruby red colour. The nose is ripe and fruity, reminiscent of cherries, raspberries, prunes, with smoky notes in the background.[:]","breadcrumb":{"@id":"https:\/\/vinoteka-sodcek.si\/trgovina\/vina\/rdeca-vina\/saksida-merlot\/#breadcrumb"},"inLanguage":"en-US","potentialAction":[{"@type":"ReadAction","target":["https:\/\/vinoteka-sodcek.si\/trgovina\/vina\/rdeca-vina\/saksida-merlot\/"]}]},{"@type":"ImageObject","inLanguage":"en-US","@id":"https:\/\/vinoteka-sodcek.si\/trgovina\/vina\/rdeca-vina\/saksida-merlot\/#primaryimage","url":"https:\/\/vinoteka-sodcek.si\/wp-content\/uploads\/B18B1FE3-BB1F-45AB-8C29-2441995B51C7.jpg","contentUrl":"https:\/\/vinoteka-sodcek.si\/wp-content\/uploads\/B18B1FE3-BB1F-45AB-8C29-2441995B51C7.jpg","width":328,"height":1248},{"@type":"BreadcrumbList","@id":"https:\/\/vinoteka-sodcek.si\/trgovina\/vina\/rdeca-vina\/saksida-merlot\/#breadcrumb","itemListElement":[{"@type":"ListItem","position":1,"name":"Home","item":"https:\/\/vinoteka-sodcek.si\/en\/"},{"@type":"ListItem","position":2,"name":"Trgovina","item":"https:\/\/vinoteka-sodcek.si\/trgovina\/"},{"@type":"ListItem","position":3,"name":"Merlot"}]},{"@type":"WebSite","@id":"https:\/\/vinoteka-sodcek.si\/#website","url":"https:\/\/vinoteka-sodcek.si\/","name":"Vinoteka Sod\u010dek","description":"Vinoteka z vrhunskimi vini","publisher":{"@id":"https:\/\/vinoteka-sodcek.si\/#organization"},"potentialAction":[{"@type":"SearchAction","target":{"@type":"EntryPoint","urlTemplate":"https:\/\/vinoteka-sodcek.si\/?s={search_term_string}"},"query-input":"required name=search_term_string"}],"inLanguage":"en-US"},{"@type":"Organization","@id":"https:\/\/vinoteka-sodcek.si\/#organization","name":"Vinoteka Sod\u010dek, Ale\u0161 \u010ceba\u0161ek s.p.","url":"https:\/\/vinoteka-sodcek.si\/","logo":{"@type":"ImageObject","inLanguage":"en-US","@id":"https:\/\/vinoteka-sodcek.si\/#\/schema\/logo\/image\/","url":"https:\/\/beta.vinoteka-sodcek.si\/wp-content\/uploads\/vinoteka-sodcek-logo.png","contentUrl":"https:\/\/beta.vinoteka-sodcek.si\/wp-content\/uploads\/vinoteka-sodcek-logo.png","width":300,"height":90,"caption":"Vinoteka Sod\u010dek, Ale\u0161 \u010ceba\u0161ek s.p."},"image":{"@id":"https:\/\/vinoteka-sodcek.si\/#\/schema\/logo\/image\/"},"sameAs":["https:\/\/www.facebook.com\/vinotekasodcek\/"]}]}},"_links":{"self":[{"href":"https:\/\/vinoteka-sodcek.si\/en\/wp-json\/\/wp\/v2\/product\/449"}],"collection":[{"href":"https:\/\/vinoteka-sodcek.si\/en\/wp-json\/\/wp\/v2\/product"}],"about":[{"href":"https:\/\/vinoteka-sodcek.si\/en\/wp-json\/\/wp\/v2\/types\/product"}],"wp:featuredmedia":[{"embeddable":true,"href":"https:\/\/vinoteka-sodcek.si\/en\/wp-json\/\/wp\/v2\/media\/3111"}],"wp:attachment":[{"href":"https:\/\/vinoteka-sodcek.si\/en\/wp-json\/\/wp\/v2\/media?parent=449"}],"wp:term":[{"taxonomy":"product_cat","embeddable":true,"href":"https:\/\/vinoteka-sodcek.si\/en\/wp-json\/\/wp\/v2\/product_cat?post=449"},{"taxonomy":"product_tag","embeddable":true,"href":"https:\/\/vinoteka-sodcek.si\/en\/wp-json\/\/wp\/v2\/product_tag?post=449"}],"curies":[{"name":"wp","href":"https:\/\/api.w.org\/{rel}","templated":true}]}}