{"id":455,"date":"2024-03-15T17:20:22","date_gmt":"2024-03-15T16:20:22","guid":{"rendered":"http:\/\/192.168.64.105\/GitHub\/vinoteka-sodcek\/trgovina\/uncategorized\/kmetija-bizjak-zelen\/"},"modified":"2025-11-27T21:27:03","modified_gmt":"2025-11-27T20:27:03","slug":"kmetija-bizjak-zelen","status":"publish","type":"product","link":"https:\/\/vinoteka-sodcek.si\/en\/shop\/wines\/white-wines\/kmetija-bizjak-zelen\/","title":{"rendered":"Zelen"},"content":{"rendered":"<p>Indigenous Vipava variety.<\/p>\n<p>The harvest for him took place at the end of september from very ripe grapes, so alcohol for zelen is quite high. After the fermentation before the bottling, the wine matured in stainless sterns for a good year.<\/p>\n<p>It is deep yellow, fresh, on the smell of hay, dry mediterranean herbs, including apricots. In the mouth, pleasantly sweet sour, medium body with a long aftertaste.<\/p>\n","protected":false},"excerpt":{"rendered":"<p>Indigenous Vipava variety. The harvest for him took place at the end of september from very ripe grapes, so alcohol for zelen is quite high. After the fermentation before the bottling,&#8230;<\/p>\n","protected":false},"featured_media":454,"template":"","meta":[],"product_cat":[19],"product_tag":[],"acf":[],"yoast_head":"<!-- This site is optimized with the Yoast SEO plugin v22.2 - https:\/\/yoast.com\/wordpress\/plugins\/seo\/ -->\n<title>Zelen | Vinoteka Sod\u010dek<\/title>\n<meta name=\"description\" content=\"Zelen Bizjak is wine from a Vipava indigenous variety, harvest at the end of September, ageing in inox. Deep yellow colour, aroma of hay, herbs, apricot.\" \/>\n<meta name=\"robots\" content=\"index, follow, max-snippet:-1, max-image-preview:large, max-video-preview:-1\" \/>\n<meta property=\"og:locale\" content=\"en_US\" \/>\n<meta property=\"og:type\" content=\"article\" \/>\n<meta property=\"og:title\" content=\"Zelen\" \/>\n<meta property=\"og:description\" content=\"Zelen Bizjak is wine from a Vipava indigenous variety, harvest at the end of September, ageing in inox. Deep yellow colour, aroma of hay, herbs, apricot.\" \/>\n<meta property=\"og:url\" content=\"https:\/\/vinoteka-sodcek.si\/en\/shop\/wines\/white-wines\/kmetija-bizjak-zelen\/\" \/>\n<meta property=\"og:site_name\" content=\"Vinoteka Sod\u010dek\" \/>\n<meta property=\"article:publisher\" content=\"https:\/\/www.facebook.com\/vinotekasodcek\/\" \/>\n<meta property=\"article:modified_time\" content=\"2025-11-27T20:27:03+00:00\" \/>\n<meta property=\"og:image\" content=\"https:\/\/vinoteka-sodcek.si\/wp-content\/uploads\/Bizjak-zelen.jpg\" \/>\n\t<meta property=\"og:image:width\" content=\"162\" \/>\n\t<meta property=\"og:image:height\" content=\"736\" \/>\n\t<meta property=\"og:image:type\" content=\"image\/jpeg\" \/>\n<meta name=\"twitter:card\" content=\"summary_large_image\" \/>\n<!-- \/ Yoast SEO plugin. -->","yoast_head_json":{"title":"Zelen | Vinoteka Sod\u010dek","description":"[:sl]Zelen Bizjak je vino iz vipavske avtohtone sorte, trgatev konec septembra, zorenje v inoxu. Globoka rumena barva, vonj sena, zeli\u0161\u010d, marelica.[:en]Zelen Bizjak is wine from a Vipava indigenous variety, harvest at the end of September, ageing in inox. Deep yellow colour, aroma of hay, herbs, apricot.[:]","robots":{"index":"index","follow":"follow","max-snippet":"max-snippet:-1","max-image-preview":"max-image-preview:large","max-video-preview":"max-video-preview:-1"},"og_locale":"en_US","og_type":"article","og_title":"[:sl]Zelen[:en]Zelen[:] | Vinoteka Sod\u010dek","og_description":"[:sl]Zelen Bizjak je vino iz vipavske avtohtone sorte, trgatev konec septembra, zorenje v inoxu. Globoka rumena barva, vonj sena, zeli\u0161\u010d, marelica.[:en]Zelen Bizjak is wine from a Vipava indigenous variety, harvest at the end of September, ageing in inox. Deep yellow colour, aroma of hay, herbs, apricot.[:]","og_url":"https:\/\/vinoteka-sodcek.si\/en\/shop\/wines\/white-wines\/kmetija-bizjak-zelen\/","og_site_name":"Vinoteka Sod\u010dek","article_publisher":"https:\/\/www.facebook.com\/vinotekasodcek\/","article_modified_time":"2025-11-27T20:27:03+00:00","og_image":[{"width":162,"height":736,"url":"https:\/\/vinoteka-sodcek.si\/wp-content\/uploads\/Bizjak-zelen.jpg","type":"image\/jpeg"}],"twitter_card":"summary_large_image","schema":{"@context":"https:\/\/schema.org","@graph":[{"@type":"WebPage","@id":"https:\/\/vinoteka-sodcek.si\/trgovina\/vina\/bela-vina\/kmetija-bizjak-zelen\/","url":"https:\/\/vinoteka-sodcek.si\/trgovina\/vina\/bela-vina\/kmetija-bizjak-zelen\/","name":"[:sl]Zelen[:en]Zelen[:] | Vinoteka Sod\u010dek","isPartOf":{"@id":"https:\/\/vinoteka-sodcek.si\/#website"},"primaryImageOfPage":{"@id":"https:\/\/vinoteka-sodcek.si\/trgovina\/vina\/bela-vina\/kmetija-bizjak-zelen\/#primaryimage"},"image":{"@id":"https:\/\/vinoteka-sodcek.si\/trgovina\/vina\/bela-vina\/kmetija-bizjak-zelen\/#primaryimage"},"thumbnailUrl":"https:\/\/vinoteka-sodcek.si\/wp-content\/uploads\/Bizjak-zelen.jpg","datePublished":"2024-03-15T16:20:22+00:00","dateModified":"2025-11-27T20:27:03+00:00","description":"[:sl]Zelen Bizjak je vino iz vipavske avtohtone sorte, trgatev konec septembra, zorenje v inoxu. Globoka rumena barva, vonj sena, zeli\u0161\u010d, marelica.[:en]Zelen Bizjak is wine from a Vipava indigenous variety, harvest at the end of September, ageing in inox. Deep yellow colour, aroma of hay, herbs, apricot.[:]","breadcrumb":{"@id":"https:\/\/vinoteka-sodcek.si\/trgovina\/vina\/bela-vina\/kmetija-bizjak-zelen\/#breadcrumb"},"inLanguage":"en-US","potentialAction":[{"@type":"ReadAction","target":["https:\/\/vinoteka-sodcek.si\/trgovina\/vina\/bela-vina\/kmetija-bizjak-zelen\/"]}]},{"@type":"ImageObject","inLanguage":"en-US","@id":"https:\/\/vinoteka-sodcek.si\/trgovina\/vina\/bela-vina\/kmetija-bizjak-zelen\/#primaryimage","url":"https:\/\/vinoteka-sodcek.si\/wp-content\/uploads\/Bizjak-zelen.jpg","contentUrl":"https:\/\/vinoteka-sodcek.si\/wp-content\/uploads\/Bizjak-zelen.jpg","width":162,"height":736},{"@type":"BreadcrumbList","@id":"https:\/\/vinoteka-sodcek.si\/trgovina\/vina\/bela-vina\/kmetija-bizjak-zelen\/#breadcrumb","itemListElement":[{"@type":"ListItem","position":1,"name":"Home","item":"https:\/\/vinoteka-sodcek.si\/en\/"},{"@type":"ListItem","position":2,"name":"Trgovina","item":"https:\/\/vinoteka-sodcek.si\/trgovina\/"},{"@type":"ListItem","position":3,"name":"Zelen"}]},{"@type":"WebSite","@id":"https:\/\/vinoteka-sodcek.si\/#website","url":"https:\/\/vinoteka-sodcek.si\/","name":"Vinoteka Sod\u010dek","description":"Vinoteka z vrhunskimi vini","publisher":{"@id":"https:\/\/vinoteka-sodcek.si\/#organization"},"potentialAction":[{"@type":"SearchAction","target":{"@type":"EntryPoint","urlTemplate":"https:\/\/vinoteka-sodcek.si\/?s={search_term_string}"},"query-input":"required name=search_term_string"}],"inLanguage":"en-US"},{"@type":"Organization","@id":"https:\/\/vinoteka-sodcek.si\/#organization","name":"Vinoteka Sod\u010dek, Ale\u0161 \u010ceba\u0161ek s.p.","url":"https:\/\/vinoteka-sodcek.si\/","logo":{"@type":"ImageObject","inLanguage":"en-US","@id":"https:\/\/vinoteka-sodcek.si\/#\/schema\/logo\/image\/","url":"https:\/\/beta.vinoteka-sodcek.si\/wp-content\/uploads\/vinoteka-sodcek-logo.png","contentUrl":"https:\/\/beta.vinoteka-sodcek.si\/wp-content\/uploads\/vinoteka-sodcek-logo.png","width":300,"height":90,"caption":"Vinoteka Sod\u010dek, Ale\u0161 \u010ceba\u0161ek s.p."},"image":{"@id":"https:\/\/vinoteka-sodcek.si\/#\/schema\/logo\/image\/"},"sameAs":["https:\/\/www.facebook.com\/vinotekasodcek\/"]}]}},"_links":{"self":[{"href":"https:\/\/vinoteka-sodcek.si\/en\/wp-json\/\/wp\/v2\/product\/455"}],"collection":[{"href":"https:\/\/vinoteka-sodcek.si\/en\/wp-json\/\/wp\/v2\/product"}],"about":[{"href":"https:\/\/vinoteka-sodcek.si\/en\/wp-json\/\/wp\/v2\/types\/product"}],"wp:featuredmedia":[{"embeddable":true,"href":"https:\/\/vinoteka-sodcek.si\/en\/wp-json\/\/wp\/v2\/media\/454"}],"wp:attachment":[{"href":"https:\/\/vinoteka-sodcek.si\/en\/wp-json\/\/wp\/v2\/media?parent=455"}],"wp:term":[{"taxonomy":"product_cat","embeddable":true,"href":"https:\/\/vinoteka-sodcek.si\/en\/wp-json\/\/wp\/v2\/product_cat?post=455"},{"taxonomy":"product_tag","embeddable":true,"href":"https:\/\/vinoteka-sodcek.si\/en\/wp-json\/\/wp\/v2\/product_tag?post=455"}],"curies":[{"name":"wp","href":"https:\/\/api.w.org\/{rel}","templated":true}]}}