{"id":459,"date":"2024-03-15T17:20:22","date_gmt":"2024-03-15T16:20:22","guid":{"rendered":"http:\/\/192.168.64.105\/GitHub\/vinoteka-sodcek\/trgovina\/uncategorized\/kmetija-bizjak-rebula\/"},"modified":"2026-03-19T19:00:44","modified_gmt":"2026-03-19T18:00:44","slug":"kmetija-bizjak-rebula-riserva","status":"publish","type":"product","link":"https:\/\/vinoteka-sodcek.si\/en\/shop\/wines\/white-wines\/kmetija-bizjak-rebula-riserva\/","title":{"rendered":"Rebula riserva"},"content":{"rendered":"<p>After the harvest of the selected grapes is complete, the wine undergoes a controlled three-day maceration. Fermentation takes place with indigenous yeasts. This is followed by 17 months of aging in 500-liter oak barrels.<\/p>\n<p>It has a deep amber color, with pronounced floral notes and a subtle aroma of butter, honey, and dried flowers. On the palate, the wine is dry, medium-bodied, yet full-flavored with lovely ripe tannins; the oak aging is evident. A very good, mature, mineral-driven Rebula.<\/p>\n<p>&nbsp;<\/p>\n","protected":false},"excerpt":{"rendered":"<p>After the harvest of the selected grapes is complete, the wine undergoes a controlled three-day maceration. Fermentation takes place with indigenous yeasts. This is followed by 17 months of aging in&#8230;<\/p>\n","protected":false},"featured_media":3491,"template":"","meta":[],"product_cat":[19,23],"product_tag":[],"acf":[],"yoast_head":"<!-- This site is optimized with the Yoast SEO plugin v22.2 - https:\/\/yoast.com\/wordpress\/plugins\/seo\/ -->\n<title>Rebula riserva | Vinoteka Sod\u010dek<\/title>\n<meta name=\"description\" content=\"Rebula risreva Bizjak has a deeper amber color; its floral notes are pronounced, with subtle hints of butter, and dried flowers. It is dry and full-bodied.\" \/>\n<meta name=\"robots\" content=\"index, follow, max-snippet:-1, max-image-preview:large, max-video-preview:-1\" \/>\n<meta property=\"og:locale\" content=\"en_US\" \/>\n<meta property=\"og:type\" content=\"article\" \/>\n<meta property=\"og:title\" content=\"Rebula riserva\" \/>\n<meta property=\"og:description\" content=\"Rebula risreva Bizjak has a deeper amber color; its floral notes are pronounced, with subtle hints of butter, and dried flowers. It is dry and full-bodied.\" \/>\n<meta property=\"og:url\" content=\"https:\/\/vinoteka-sodcek.si\/en\/shop\/wines\/white-wines\/kmetija-bizjak-rebula-riserva\/\" \/>\n<meta property=\"og:site_name\" content=\"Vinoteka Sod\u010dek\" \/>\n<meta property=\"article:publisher\" content=\"https:\/\/www.facebook.com\/vinotekasodcek\/\" \/>\n<meta property=\"article:modified_time\" content=\"2026-03-19T18:00:44+00:00\" \/>\n<meta property=\"og:image\" content=\"https:\/\/vinoteka-sodcek.si\/wp-content\/uploads\/bizjak-rebula-1.jpg\" \/>\n\t<meta property=\"og:image:width\" content=\"156\" \/>\n\t<meta property=\"og:image:height\" content=\"629\" \/>\n\t<meta property=\"og:image:type\" content=\"image\/jpeg\" \/>\n<meta name=\"twitter:card\" content=\"summary_large_image\" \/>\n<!-- \/ Yoast SEO plugin. -->","yoast_head_json":{"title":"Rebula riserva | Vinoteka Sod\u010dek","description":"[:sl]Rebula riserva Bizjak e globje jantarne barve, cvetlica je poudarjena, rahlo di\u0161i po maslu, medu tudi suhem cvetju. V ustih je vino suho,\u00a0polnega okusa.[:en]Rebula risreva Bizjak has a deeper amber color; its floral notes are pronounced, with subtle hints of butter, and dried flowers. It is dry and full-bodied.[:]","robots":{"index":"index","follow":"follow","max-snippet":"max-snippet:-1","max-image-preview":"max-image-preview:large","max-video-preview":"max-video-preview:-1"},"og_locale":"en_US","og_type":"article","og_title":"[:sl]Rebula riserva[:en]Rebula riserva[:] | Vinoteka Sod\u010dek","og_description":"[:sl]Rebula riserva Bizjak e globje jantarne barve, cvetlica je poudarjena, rahlo di\u0161i po maslu, medu tudi suhem cvetju. V ustih je vino suho,\u00a0polnega okusa.[:en]Rebula risreva Bizjak has a deeper amber color; its floral notes are pronounced, with subtle hints of butter, and dried flowers. It is dry and full-bodied.[:]","og_url":"https:\/\/vinoteka-sodcek.si\/en\/shop\/wines\/white-wines\/kmetija-bizjak-rebula-riserva\/","og_site_name":"Vinoteka Sod\u010dek","article_publisher":"https:\/\/www.facebook.com\/vinotekasodcek\/","article_modified_time":"2026-03-19T18:00:44+00:00","og_image":[{"width":156,"height":629,"url":"https:\/\/vinoteka-sodcek.si\/wp-content\/uploads\/bizjak-rebula-1.jpg","type":"image\/jpeg"}],"twitter_card":"summary_large_image","schema":{"@context":"https:\/\/schema.org","@graph":[{"@type":"WebPage","@id":"https:\/\/vinoteka-sodcek.si\/trgovina\/vina\/bela-vina\/kmetija-bizjak-rebula-riserva\/","url":"https:\/\/vinoteka-sodcek.si\/trgovina\/vina\/bela-vina\/kmetija-bizjak-rebula-riserva\/","name":"[:sl]Rebula riserva[:en]Rebula riserva[:] | Vinoteka Sod\u010dek","isPartOf":{"@id":"https:\/\/vinoteka-sodcek.si\/#website"},"primaryImageOfPage":{"@id":"https:\/\/vinoteka-sodcek.si\/trgovina\/vina\/bela-vina\/kmetija-bizjak-rebula-riserva\/#primaryimage"},"image":{"@id":"https:\/\/vinoteka-sodcek.si\/trgovina\/vina\/bela-vina\/kmetija-bizjak-rebula-riserva\/#primaryimage"},"thumbnailUrl":"https:\/\/vinoteka-sodcek.si\/wp-content\/uploads\/bizjak-rebula-1.jpg","datePublished":"2024-03-15T16:20:22+00:00","dateModified":"2026-03-19T18:00:44+00:00","description":"[:sl]Rebula riserva Bizjak e globje jantarne barve, cvetlica je poudarjena, rahlo di\u0161i po maslu, medu tudi suhem cvetju. V ustih je vino suho,\u00a0polnega okusa.[:en]Rebula risreva Bizjak has a deeper amber color; its floral notes are pronounced, with subtle hints of butter, and dried flowers. It is dry and full-bodied.[:]","breadcrumb":{"@id":"https:\/\/vinoteka-sodcek.si\/trgovina\/vina\/bela-vina\/kmetija-bizjak-rebula-riserva\/#breadcrumb"},"inLanguage":"en-US","potentialAction":[{"@type":"ReadAction","target":["https:\/\/vinoteka-sodcek.si\/trgovina\/vina\/bela-vina\/kmetija-bizjak-rebula-riserva\/"]}]},{"@type":"ImageObject","inLanguage":"en-US","@id":"https:\/\/vinoteka-sodcek.si\/trgovina\/vina\/bela-vina\/kmetija-bizjak-rebula-riserva\/#primaryimage","url":"https:\/\/vinoteka-sodcek.si\/wp-content\/uploads\/bizjak-rebula-1.jpg","contentUrl":"https:\/\/vinoteka-sodcek.si\/wp-content\/uploads\/bizjak-rebula-1.jpg","width":156,"height":629},{"@type":"BreadcrumbList","@id":"https:\/\/vinoteka-sodcek.si\/trgovina\/vina\/bela-vina\/kmetija-bizjak-rebula-riserva\/#breadcrumb","itemListElement":[{"@type":"ListItem","position":1,"name":"Home","item":"https:\/\/vinoteka-sodcek.si\/en\/"},{"@type":"ListItem","position":2,"name":"Trgovina","item":"https:\/\/vinoteka-sodcek.si\/trgovina\/"},{"@type":"ListItem","position":3,"name":"Rebula riserva"}]},{"@type":"WebSite","@id":"https:\/\/vinoteka-sodcek.si\/#website","url":"https:\/\/vinoteka-sodcek.si\/","name":"Vinoteka Sod\u010dek","description":"Vinoteka z vrhunskimi vini","publisher":{"@id":"https:\/\/vinoteka-sodcek.si\/#organization"},"potentialAction":[{"@type":"SearchAction","target":{"@type":"EntryPoint","urlTemplate":"https:\/\/vinoteka-sodcek.si\/?s={search_term_string}"},"query-input":"required name=search_term_string"}],"inLanguage":"en-US"},{"@type":"Organization","@id":"https:\/\/vinoteka-sodcek.si\/#organization","name":"Vinoteka Sod\u010dek, Ale\u0161 \u010ceba\u0161ek s.p.","url":"https:\/\/vinoteka-sodcek.si\/","logo":{"@type":"ImageObject","inLanguage":"en-US","@id":"https:\/\/vinoteka-sodcek.si\/#\/schema\/logo\/image\/","url":"https:\/\/beta.vinoteka-sodcek.si\/wp-content\/uploads\/vinoteka-sodcek-logo.png","contentUrl":"https:\/\/beta.vinoteka-sodcek.si\/wp-content\/uploads\/vinoteka-sodcek-logo.png","width":300,"height":90,"caption":"Vinoteka Sod\u010dek, Ale\u0161 \u010ceba\u0161ek s.p."},"image":{"@id":"https:\/\/vinoteka-sodcek.si\/#\/schema\/logo\/image\/"},"sameAs":["https:\/\/www.facebook.com\/vinotekasodcek\/"]}]}},"_links":{"self":[{"href":"https:\/\/vinoteka-sodcek.si\/en\/wp-json\/\/wp\/v2\/product\/459"}],"collection":[{"href":"https:\/\/vinoteka-sodcek.si\/en\/wp-json\/\/wp\/v2\/product"}],"about":[{"href":"https:\/\/vinoteka-sodcek.si\/en\/wp-json\/\/wp\/v2\/types\/product"}],"wp:featuredmedia":[{"embeddable":true,"href":"https:\/\/vinoteka-sodcek.si\/en\/wp-json\/\/wp\/v2\/media\/3491"}],"wp:attachment":[{"href":"https:\/\/vinoteka-sodcek.si\/en\/wp-json\/\/wp\/v2\/media?parent=459"}],"wp:term":[{"taxonomy":"product_cat","embeddable":true,"href":"https:\/\/vinoteka-sodcek.si\/en\/wp-json\/\/wp\/v2\/product_cat?post=459"},{"taxonomy":"product_tag","embeddable":true,"href":"https:\/\/vinoteka-sodcek.si\/en\/wp-json\/\/wp\/v2\/product_tag?post=459"}],"curies":[{"name":"wp","href":"https:\/\/api.w.org\/{rel}","templated":true}]}}