{"id":463,"date":"2024-03-15T17:20:22","date_gmt":"2024-03-15T16:20:22","guid":{"rendered":"http:\/\/192.168.64.105\/GitHub\/vinoteka-sodcek\/trgovina\/uncategorized\/kmetija-bizjak-cabernet-sauvignon\/"},"modified":"2026-01-07T12:40:10","modified_gmt":"2026-01-07T11:40:10","slug":"kmetija-bizjak-cabernet-sauvignon","status":"publish","type":"product","link":"https:\/\/vinoteka-sodcek.si\/en\/shop\/wines\/red-wines\/kmetija-bizjak-cabernet-sauvignon\/","title":{"rendered":"Cabernet sauvignon"},"content":{"rendered":"<p>Grapes for this wine comes from a steep sunny western position. The harvest took place later, with full grapes.<\/p>\n<p>The wine ripens in 225l barrique barrels for two years.<\/p>\n<p>It is ruby \u200b\u200bred with ripe acids and due to the complete maturity of the grapes, which is rarely nicely rounded with soft tannins. Rich fruit, reminiscent of forest fruits, blackberries, beautifully spicy, long aftertaste.<\/p>\n","protected":false},"excerpt":{"rendered":"<p>Grapes for this wine comes from a steep sunny western position. The harvest took place later, with full grapes. The wine ripens in 225l barrique barrels for two years. It is&#8230;<\/p>\n","protected":false},"featured_media":462,"template":"","meta":[],"product_cat":[20],"product_tag":[],"acf":[],"yoast_head":"<!-- This site is optimized with the Yoast SEO plugin v22.2 - https:\/\/yoast.com\/wordpress\/plugins\/seo\/ -->\n<title>Cabernet sauvignon | Vinoteka Sod\u010dek<\/title>\n<meta name=\"description\" content=\"Full maturity, two years maturation in used 225 litre barriques. Ruby red in colour, with rounded tannins. Richly fruity, slightly spicy.\" \/>\n<meta name=\"robots\" content=\"index, follow, max-snippet:-1, max-image-preview:large, max-video-preview:-1\" \/>\n<meta property=\"og:locale\" content=\"en_US\" \/>\n<meta property=\"og:type\" content=\"article\" \/>\n<meta property=\"og:title\" content=\"Cabernet sauvignon\" \/>\n<meta property=\"og:description\" content=\"Full maturity, two years maturation in used 225 litre barriques. Ruby red in colour, with rounded tannins. Richly fruity, slightly spicy.\" \/>\n<meta property=\"og:url\" content=\"https:\/\/vinoteka-sodcek.si\/en\/shop\/wines\/red-wines\/kmetija-bizjak-cabernet-sauvignon\/\" \/>\n<meta property=\"og:site_name\" content=\"Vinoteka Sod\u010dek\" \/>\n<meta property=\"article:publisher\" content=\"https:\/\/www.facebook.com\/vinotekasodcek\/\" \/>\n<meta property=\"article:modified_time\" content=\"2026-01-07T11:40:10+00:00\" \/>\n<meta property=\"og:image\" content=\"https:\/\/vinoteka-sodcek.si\/wp-content\/uploads\/Bizjak-cab-sauvignon.jpg\" \/>\n\t<meta property=\"og:image:width\" content=\"170\" \/>\n\t<meta property=\"og:image:height\" content=\"713\" \/>\n\t<meta property=\"og:image:type\" content=\"image\/jpeg\" \/>\n<meta name=\"twitter:card\" content=\"summary_large_image\" \/>\n<!-- \/ Yoast SEO plugin. -->","yoast_head_json":{"title":"Cabernet sauvignon | Vinoteka Sod\u010dek","description":"[:sl]Polna dozorelost, dve leti zorenja v rabljenih 225-litrskih barrique sod\u010dkih. Rubinasto rde\u010de barve, zaokro\u017eenih tanininov. Bogato sadno, rahlo pikantno.[:en]Full maturity, two years maturation in used 225 litre barriques. Ruby red in colour, with rounded tannins. Richly fruity, slightly spicy.[:]","robots":{"index":"index","follow":"follow","max-snippet":"max-snippet:-1","max-image-preview":"max-image-preview:large","max-video-preview":"max-video-preview:-1"},"og_locale":"en_US","og_type":"article","og_title":"[:sl]Cabernet sauvignon[:en]Cabernet sauvignon[:] | Vinoteka Sod\u010dek","og_description":"[:sl]Polna dozorelost, dve leti zorenja v rabljenih 225-litrskih barrique sod\u010dkih. Rubinasto rde\u010de barve, zaokro\u017eenih tanininov. Bogato sadno, rahlo pikantno.[:en]Full maturity, two years maturation in used 225 litre barriques. Ruby red in colour, with rounded tannins. Richly fruity, slightly spicy.[:]","og_url":"https:\/\/vinoteka-sodcek.si\/en\/shop\/wines\/red-wines\/kmetija-bizjak-cabernet-sauvignon\/","og_site_name":"Vinoteka Sod\u010dek","article_publisher":"https:\/\/www.facebook.com\/vinotekasodcek\/","article_modified_time":"2026-01-07T11:40:10+00:00","og_image":[{"width":170,"height":713,"url":"https:\/\/vinoteka-sodcek.si\/wp-content\/uploads\/Bizjak-cab-sauvignon.jpg","type":"image\/jpeg"}],"twitter_card":"summary_large_image","schema":{"@context":"https:\/\/schema.org","@graph":[{"@type":"WebPage","@id":"https:\/\/vinoteka-sodcek.si\/trgovina\/vina\/rdeca-vina\/kmetija-bizjak-cabernet-sauvignon\/","url":"https:\/\/vinoteka-sodcek.si\/trgovina\/vina\/rdeca-vina\/kmetija-bizjak-cabernet-sauvignon\/","name":"[:sl]Cabernet sauvignon[:en]Cabernet sauvignon[:] | Vinoteka Sod\u010dek","isPartOf":{"@id":"https:\/\/vinoteka-sodcek.si\/#website"},"primaryImageOfPage":{"@id":"https:\/\/vinoteka-sodcek.si\/trgovina\/vina\/rdeca-vina\/kmetija-bizjak-cabernet-sauvignon\/#primaryimage"},"image":{"@id":"https:\/\/vinoteka-sodcek.si\/trgovina\/vina\/rdeca-vina\/kmetija-bizjak-cabernet-sauvignon\/#primaryimage"},"thumbnailUrl":"https:\/\/vinoteka-sodcek.si\/wp-content\/uploads\/Bizjak-cab-sauvignon.jpg","datePublished":"2024-03-15T16:20:22+00:00","dateModified":"2026-01-07T11:40:10+00:00","description":"[:sl]Polna dozorelost, dve leti zorenja v rabljenih 225-litrskih barrique sod\u010dkih. Rubinasto rde\u010de barve, zaokro\u017eenih tanininov. Bogato sadno, rahlo pikantno.[:en]Full maturity, two years maturation in used 225 litre barriques. Ruby red in colour, with rounded tannins. Richly fruity, slightly spicy.[:]","breadcrumb":{"@id":"https:\/\/vinoteka-sodcek.si\/trgovina\/vina\/rdeca-vina\/kmetija-bizjak-cabernet-sauvignon\/#breadcrumb"},"inLanguage":"en-US","potentialAction":[{"@type":"ReadAction","target":["https:\/\/vinoteka-sodcek.si\/trgovina\/vina\/rdeca-vina\/kmetija-bizjak-cabernet-sauvignon\/"]}]},{"@type":"ImageObject","inLanguage":"en-US","@id":"https:\/\/vinoteka-sodcek.si\/trgovina\/vina\/rdeca-vina\/kmetija-bizjak-cabernet-sauvignon\/#primaryimage","url":"https:\/\/vinoteka-sodcek.si\/wp-content\/uploads\/Bizjak-cab-sauvignon.jpg","contentUrl":"https:\/\/vinoteka-sodcek.si\/wp-content\/uploads\/Bizjak-cab-sauvignon.jpg","width":170,"height":713},{"@type":"BreadcrumbList","@id":"https:\/\/vinoteka-sodcek.si\/trgovina\/vina\/rdeca-vina\/kmetija-bizjak-cabernet-sauvignon\/#breadcrumb","itemListElement":[{"@type":"ListItem","position":1,"name":"Home","item":"https:\/\/vinoteka-sodcek.si\/en\/"},{"@type":"ListItem","position":2,"name":"Trgovina","item":"https:\/\/vinoteka-sodcek.si\/trgovina\/"},{"@type":"ListItem","position":3,"name":"Cabernet sauvignon"}]},{"@type":"WebSite","@id":"https:\/\/vinoteka-sodcek.si\/#website","url":"https:\/\/vinoteka-sodcek.si\/","name":"Vinoteka Sod\u010dek","description":"Vinoteka z vrhunskimi vini","publisher":{"@id":"https:\/\/vinoteka-sodcek.si\/#organization"},"potentialAction":[{"@type":"SearchAction","target":{"@type":"EntryPoint","urlTemplate":"https:\/\/vinoteka-sodcek.si\/?s={search_term_string}"},"query-input":"required name=search_term_string"}],"inLanguage":"en-US"},{"@type":"Organization","@id":"https:\/\/vinoteka-sodcek.si\/#organization","name":"Vinoteka Sod\u010dek, Ale\u0161 \u010ceba\u0161ek s.p.","url":"https:\/\/vinoteka-sodcek.si\/","logo":{"@type":"ImageObject","inLanguage":"en-US","@id":"https:\/\/vinoteka-sodcek.si\/#\/schema\/logo\/image\/","url":"https:\/\/beta.vinoteka-sodcek.si\/wp-content\/uploads\/vinoteka-sodcek-logo.png","contentUrl":"https:\/\/beta.vinoteka-sodcek.si\/wp-content\/uploads\/vinoteka-sodcek-logo.png","width":300,"height":90,"caption":"Vinoteka Sod\u010dek, Ale\u0161 \u010ceba\u0161ek s.p."},"image":{"@id":"https:\/\/vinoteka-sodcek.si\/#\/schema\/logo\/image\/"},"sameAs":["https:\/\/www.facebook.com\/vinotekasodcek\/"]}]}},"_links":{"self":[{"href":"https:\/\/vinoteka-sodcek.si\/en\/wp-json\/\/wp\/v2\/product\/463"}],"collection":[{"href":"https:\/\/vinoteka-sodcek.si\/en\/wp-json\/\/wp\/v2\/product"}],"about":[{"href":"https:\/\/vinoteka-sodcek.si\/en\/wp-json\/\/wp\/v2\/types\/product"}],"wp:featuredmedia":[{"embeddable":true,"href":"https:\/\/vinoteka-sodcek.si\/en\/wp-json\/\/wp\/v2\/media\/462"}],"wp:attachment":[{"href":"https:\/\/vinoteka-sodcek.si\/en\/wp-json\/\/wp\/v2\/media?parent=463"}],"wp:term":[{"taxonomy":"product_cat","embeddable":true,"href":"https:\/\/vinoteka-sodcek.si\/en\/wp-json\/\/wp\/v2\/product_cat?post=463"},{"taxonomy":"product_tag","embeddable":true,"href":"https:\/\/vinoteka-sodcek.si\/en\/wp-json\/\/wp\/v2\/product_tag?post=463"}],"curies":[{"name":"wp","href":"https:\/\/api.w.org\/{rel}","templated":true}]}}