{"id":465,"date":"2024-03-15T17:20:22","date_gmt":"2024-03-15T16:20:22","guid":{"rendered":"http:\/\/192.168.64.105\/GitHub\/vinoteka-sodcek\/trgovina\/uncategorized\/kmetija-bizjak-merlot-riserva\/"},"modified":"2026-01-07T12:40:12","modified_gmt":"2026-01-07T11:40:12","slug":"kmetija-bizjak-merlot-riserva","status":"publish","type":"product","link":"https:\/\/vinoteka-sodcek.si\/en\/shop\/wines\/red-wines\/kmetija-bizjak-merlot-riserva\/","title":{"rendered":"Merlot reserva"},"content":{"rendered":"<p>It comes from the oldest vineyards of the Bizjak family. After the harvest of the already slightly overripe grapes and the completion of maceration and fermentation, the wine is matured for two years in 225l barriques, most of which are newer.<br \/>\nIt is deep ruby in colour with purple tints. The bouquet is pleasantly fruity and ripe, reminding us of forest fruits, plums and raisins. The taste is harmonious, rich and fruity. The tannins are pleasantly soft and nicely smoothed.<\/p>\n<p>&nbsp;<\/p>\n","protected":false},"excerpt":{"rendered":"<p>It comes from the oldest vineyards of the Bizjak family. After the harvest of the already slightly overripe grapes and the completion of maceration and fermentation, the wine is matured for&#8230;<\/p>\n","protected":false},"featured_media":464,"template":"","meta":[],"product_cat":[20],"product_tag":[],"acf":[],"yoast_head":"<!-- This site is optimized with the Yoast SEO plugin v22.2 - https:\/\/yoast.com\/wordpress\/plugins\/seo\/ -->\n<title>Merlot reserva | Vinoteka Sod\u010dek<\/title>\n<meta name=\"description\" content=\"Merlot Bizjak comes rom the oldest vineyards, matured for two years in new 225 litre barriques. Ruby red, fruity flowers, rich flavour, soft tannins.\" \/>\n<meta name=\"robots\" content=\"index, follow, max-snippet:-1, max-image-preview:large, max-video-preview:-1\" \/>\n<meta property=\"og:locale\" content=\"en_US\" \/>\n<meta property=\"og:type\" content=\"article\" \/>\n<meta property=\"og:title\" content=\"Merlot reserva\" \/>\n<meta property=\"og:description\" content=\"Merlot Bizjak comes rom the oldest vineyards, matured for two years in new 225 litre barriques. Ruby red, fruity flowers, rich flavour, soft tannins.\" \/>\n<meta property=\"og:url\" content=\"https:\/\/vinoteka-sodcek.si\/en\/shop\/wines\/red-wines\/kmetija-bizjak-merlot-riserva\/\" \/>\n<meta property=\"og:site_name\" content=\"Vinoteka Sod\u010dek\" \/>\n<meta property=\"article:publisher\" content=\"https:\/\/www.facebook.com\/vinotekasodcek\/\" \/>\n<meta property=\"article:modified_time\" content=\"2026-01-07T11:40:12+00:00\" \/>\n<meta property=\"og:image\" content=\"https:\/\/vinoteka-sodcek.si\/wp-content\/uploads\/Bizjak-merlot.jpg\" \/>\n\t<meta property=\"og:image:width\" content=\"169\" \/>\n\t<meta property=\"og:image:height\" content=\"713\" \/>\n\t<meta property=\"og:image:type\" content=\"image\/jpeg\" \/>\n<meta name=\"twitter:card\" content=\"summary_large_image\" \/>\n<!-- \/ Yoast SEO plugin. -->","yoast_head_json":{"title":"Merlot reserva | Vinoteka Sod\u010dek","description":"[:sl]Merlot Bizjak prihaja iz najstarej\u0161ih vinogradov, dve leti zori v novih 225-litrskih barrique sod\u010dkih. Rubinasto rde\u010d, saden, bogat okus, mehki tanini.[:en]Merlot Bizjak comes rom the oldest vineyards, matured for two years in new 225 litre barriques. Ruby red, fruity flowers, rich flavour, soft tannins.[:]","robots":{"index":"index","follow":"follow","max-snippet":"max-snippet:-1","max-image-preview":"max-image-preview:large","max-video-preview":"max-video-preview:-1"},"og_locale":"en_US","og_type":"article","og_title":"[:sl]Merlot reserva[:en]Merlot reserva[:] | Vinoteka Sod\u010dek","og_description":"[:sl]Merlot Bizjak prihaja iz najstarej\u0161ih vinogradov, dve leti zori v novih 225-litrskih barrique sod\u010dkih. Rubinasto rde\u010d, saden, bogat okus, mehki tanini.[:en]Merlot Bizjak comes rom the oldest vineyards, matured for two years in new 225 litre barriques. Ruby red, fruity flowers, rich flavour, soft tannins.[:]","og_url":"https:\/\/vinoteka-sodcek.si\/en\/shop\/wines\/red-wines\/kmetija-bizjak-merlot-riserva\/","og_site_name":"Vinoteka Sod\u010dek","article_publisher":"https:\/\/www.facebook.com\/vinotekasodcek\/","article_modified_time":"2026-01-07T11:40:12+00:00","og_image":[{"width":169,"height":713,"url":"https:\/\/vinoteka-sodcek.si\/wp-content\/uploads\/Bizjak-merlot.jpg","type":"image\/jpeg"}],"twitter_card":"summary_large_image","schema":{"@context":"https:\/\/schema.org","@graph":[{"@type":"WebPage","@id":"https:\/\/vinoteka-sodcek.si\/trgovina\/vina\/rdeca-vina\/kmetija-bizjak-merlot-riserva\/","url":"https:\/\/vinoteka-sodcek.si\/trgovina\/vina\/rdeca-vina\/kmetija-bizjak-merlot-riserva\/","name":"[:sl]Merlot reserva[:en]Merlot reserva[:] | Vinoteka Sod\u010dek","isPartOf":{"@id":"https:\/\/vinoteka-sodcek.si\/#website"},"primaryImageOfPage":{"@id":"https:\/\/vinoteka-sodcek.si\/trgovina\/vina\/rdeca-vina\/kmetija-bizjak-merlot-riserva\/#primaryimage"},"image":{"@id":"https:\/\/vinoteka-sodcek.si\/trgovina\/vina\/rdeca-vina\/kmetija-bizjak-merlot-riserva\/#primaryimage"},"thumbnailUrl":"https:\/\/vinoteka-sodcek.si\/wp-content\/uploads\/Bizjak-merlot.jpg","datePublished":"2024-03-15T16:20:22+00:00","dateModified":"2026-01-07T11:40:12+00:00","description":"[:sl]Merlot Bizjak prihaja iz najstarej\u0161ih vinogradov, dve leti zori v novih 225-litrskih barrique sod\u010dkih. Rubinasto rde\u010d, saden, bogat okus, mehki tanini.[:en]Merlot Bizjak comes rom the oldest vineyards, matured for two years in new 225 litre barriques. Ruby red, fruity flowers, rich flavour, soft tannins.[:]","breadcrumb":{"@id":"https:\/\/vinoteka-sodcek.si\/trgovina\/vina\/rdeca-vina\/kmetija-bizjak-merlot-riserva\/#breadcrumb"},"inLanguage":"en-US","potentialAction":[{"@type":"ReadAction","target":["https:\/\/vinoteka-sodcek.si\/trgovina\/vina\/rdeca-vina\/kmetija-bizjak-merlot-riserva\/"]}]},{"@type":"ImageObject","inLanguage":"en-US","@id":"https:\/\/vinoteka-sodcek.si\/trgovina\/vina\/rdeca-vina\/kmetija-bizjak-merlot-riserva\/#primaryimage","url":"https:\/\/vinoteka-sodcek.si\/wp-content\/uploads\/Bizjak-merlot.jpg","contentUrl":"https:\/\/vinoteka-sodcek.si\/wp-content\/uploads\/Bizjak-merlot.jpg","width":169,"height":713},{"@type":"BreadcrumbList","@id":"https:\/\/vinoteka-sodcek.si\/trgovina\/vina\/rdeca-vina\/kmetija-bizjak-merlot-riserva\/#breadcrumb","itemListElement":[{"@type":"ListItem","position":1,"name":"Home","item":"https:\/\/vinoteka-sodcek.si\/en\/"},{"@type":"ListItem","position":2,"name":"Trgovina","item":"https:\/\/vinoteka-sodcek.si\/trgovina\/"},{"@type":"ListItem","position":3,"name":"Merlot reserva"}]},{"@type":"WebSite","@id":"https:\/\/vinoteka-sodcek.si\/#website","url":"https:\/\/vinoteka-sodcek.si\/","name":"Vinoteka Sod\u010dek","description":"Vinoteka z vrhunskimi vini","publisher":{"@id":"https:\/\/vinoteka-sodcek.si\/#organization"},"potentialAction":[{"@type":"SearchAction","target":{"@type":"EntryPoint","urlTemplate":"https:\/\/vinoteka-sodcek.si\/?s={search_term_string}"},"query-input":"required name=search_term_string"}],"inLanguage":"en-US"},{"@type":"Organization","@id":"https:\/\/vinoteka-sodcek.si\/#organization","name":"Vinoteka Sod\u010dek, Ale\u0161 \u010ceba\u0161ek s.p.","url":"https:\/\/vinoteka-sodcek.si\/","logo":{"@type":"ImageObject","inLanguage":"en-US","@id":"https:\/\/vinoteka-sodcek.si\/#\/schema\/logo\/image\/","url":"https:\/\/beta.vinoteka-sodcek.si\/wp-content\/uploads\/vinoteka-sodcek-logo.png","contentUrl":"https:\/\/beta.vinoteka-sodcek.si\/wp-content\/uploads\/vinoteka-sodcek-logo.png","width":300,"height":90,"caption":"Vinoteka Sod\u010dek, Ale\u0161 \u010ceba\u0161ek s.p."},"image":{"@id":"https:\/\/vinoteka-sodcek.si\/#\/schema\/logo\/image\/"},"sameAs":["https:\/\/www.facebook.com\/vinotekasodcek\/"]}]}},"_links":{"self":[{"href":"https:\/\/vinoteka-sodcek.si\/en\/wp-json\/\/wp\/v2\/product\/465"}],"collection":[{"href":"https:\/\/vinoteka-sodcek.si\/en\/wp-json\/\/wp\/v2\/product"}],"about":[{"href":"https:\/\/vinoteka-sodcek.si\/en\/wp-json\/\/wp\/v2\/types\/product"}],"wp:featuredmedia":[{"embeddable":true,"href":"https:\/\/vinoteka-sodcek.si\/en\/wp-json\/\/wp\/v2\/media\/464"}],"wp:attachment":[{"href":"https:\/\/vinoteka-sodcek.si\/en\/wp-json\/\/wp\/v2\/media?parent=465"}],"wp:term":[{"taxonomy":"product_cat","embeddable":true,"href":"https:\/\/vinoteka-sodcek.si\/en\/wp-json\/\/wp\/v2\/product_cat?post=465"},{"taxonomy":"product_tag","embeddable":true,"href":"https:\/\/vinoteka-sodcek.si\/en\/wp-json\/\/wp\/v2\/product_tag?post=465"}],"curies":[{"name":"wp","href":"https:\/\/api.w.org\/{rel}","templated":true}]}}