{"id":469,"date":"2024-03-15T17:20:22","date_gmt":"2024-03-15T16:20:22","guid":{"rendered":"http:\/\/192.168.64.105\/GitHub\/vinoteka-sodcek\/trgovina\/uncategorized\/marc-pinela\/"},"modified":"2026-04-07T10:11:49","modified_gmt":"2026-04-07T09:11:49","slug":"marc-pinela","status":"publish","type":"product","link":"https:\/\/vinoteka-sodcek.si\/en\/shop\/wines\/white-wines\/marc-pinela\/","title":{"rendered":"Pinela"},"content":{"rendered":"<p>The grapes come from the terraced sunny slope of the Lapornate land of the waterfalls of the Slappen Hills, which is especially pleasing to her. The harvest was held in the opimal maturity of the grapes. This is followed by fermentation at a controlled temperature on fine lees and then another seven month ripening in stainless steel tanks.<\/p>\n<p>It is a gentle golden yellow color. The flower is quite expressed, still youthful. Beautiful variety. Honey, white flowers, lemon, slightly dried apricots. Dry, middle body, higher acids. A little oiled texture in the mouth. Calm, delicious, more complex pinella.<\/p>\n","protected":false},"excerpt":{"rendered":"<p>The grapes come from the terraced sunny slope of the Lapornate land of the waterfalls of the Slappen Hills, which is especially pleasing to her. The harvest was held in the&#8230;<\/p>\n","protected":false},"featured_media":468,"template":"","meta":[],"product_cat":[19],"product_tag":[],"acf":[],"yoast_head":"<!-- This site is optimized with the Yoast SEO plugin v22.2 - https:\/\/yoast.com\/wordpress\/plugins\/seo\/ -->\n<title>Pinela | Vinoteka Sod\u010dek<\/title>\n<meta name=\"description\" content=\"Pinela Marc is a delicate golden-yellow colour. The flower is quite pronounced, still youthful. A beautiful variety. Honey, white flowers, lemon.\" \/>\n<meta name=\"robots\" content=\"index, follow, max-snippet:-1, max-image-preview:large, max-video-preview:-1\" \/>\n<meta property=\"og:locale\" content=\"en_US\" \/>\n<meta property=\"og:type\" content=\"article\" \/>\n<meta property=\"og:title\" content=\"Pinela\" \/>\n<meta property=\"og:description\" content=\"Pinela Marc is a delicate golden-yellow colour. The flower is quite pronounced, still youthful. A beautiful variety. Honey, white flowers, lemon.\" \/>\n<meta property=\"og:url\" content=\"https:\/\/vinoteka-sodcek.si\/en\/shop\/wines\/white-wines\/marc-pinela\/\" \/>\n<meta property=\"og:site_name\" content=\"Vinoteka Sod\u010dek\" \/>\n<meta property=\"article:publisher\" content=\"https:\/\/www.facebook.com\/vinotekasodcek\/\" \/>\n<meta property=\"article:modified_time\" content=\"2026-04-07T09:11:49+00:00\" \/>\n<meta property=\"og:image\" content=\"https:\/\/vinoteka-sodcek.si\/wp-content\/uploads\/Pinela-.jpg\" \/>\n\t<meta property=\"og:image:width\" content=\"164\" \/>\n\t<meta property=\"og:image:height\" content=\"719\" \/>\n\t<meta property=\"og:image:type\" content=\"image\/jpeg\" \/>\n<meta name=\"twitter:card\" content=\"summary_large_image\" \/>\n<!-- \/ Yoast SEO plugin. -->","yoast_head_json":{"title":"Pinela | Vinoteka Sod\u010dek","description":"[:sl]Pinela Marc je ne\u017ene zlatorumene barve. Cvetica je dokaj izra\u017eena, \u0161e vedno mladostna. Lepa pestrost. Med, belo cvetje, limona, rahlo po suhih marelicah.[:en]Pinela Marc is a delicate golden-yellow colour. The flower is quite pronounced, still youthful. A beautiful variety. Honey, white flowers, lemon.[:]","robots":{"index":"index","follow":"follow","max-snippet":"max-snippet:-1","max-image-preview":"max-image-preview:large","max-video-preview":"max-video-preview:-1"},"og_locale":"en_US","og_type":"article","og_title":"[:sl]Pinela[:en]Pinela[:] | Vinoteka Sod\u010dek","og_description":"[:sl]Pinela Marc je ne\u017ene zlatorumene barve. Cvetica je dokaj izra\u017eena, \u0161e vedno mladostna. Lepa pestrost. Med, belo cvetje, limona, rahlo po suhih marelicah.[:en]Pinela Marc is a delicate golden-yellow colour. The flower is quite pronounced, still youthful. A beautiful variety. Honey, white flowers, lemon.[:]","og_url":"https:\/\/vinoteka-sodcek.si\/en\/shop\/wines\/white-wines\/marc-pinela\/","og_site_name":"Vinoteka Sod\u010dek","article_publisher":"https:\/\/www.facebook.com\/vinotekasodcek\/","article_modified_time":"2026-04-07T09:11:49+00:00","og_image":[{"width":164,"height":719,"url":"https:\/\/vinoteka-sodcek.si\/wp-content\/uploads\/Pinela-.jpg","type":"image\/jpeg"}],"twitter_card":"summary_large_image","schema":{"@context":"https:\/\/schema.org","@graph":[{"@type":"WebPage","@id":"https:\/\/vinoteka-sodcek.si\/en\/shop\/wines\/white-wines\/marc-pinela\/","url":"https:\/\/vinoteka-sodcek.si\/en\/shop\/wines\/white-wines\/marc-pinela\/","name":"[:sl]Pinela[:en]Pinela[:] | Vinoteka Sod\u010dek","isPartOf":{"@id":"https:\/\/vinoteka-sodcek.si\/#website"},"primaryImageOfPage":{"@id":"https:\/\/vinoteka-sodcek.si\/en\/shop\/wines\/white-wines\/marc-pinela\/#primaryimage"},"image":{"@id":"https:\/\/vinoteka-sodcek.si\/en\/shop\/wines\/white-wines\/marc-pinela\/#primaryimage"},"thumbnailUrl":"https:\/\/vinoteka-sodcek.si\/wp-content\/uploads\/Pinela-.jpg","datePublished":"2024-03-15T16:20:22+00:00","dateModified":"2026-04-07T09:11:49+00:00","description":"[:sl]Pinela Marc je ne\u017ene zlatorumene barve. Cvetica je dokaj izra\u017eena, \u0161e vedno mladostna. Lepa pestrost. Med, belo cvetje, limona, rahlo po suhih marelicah.[:en]Pinela Marc is a delicate golden-yellow colour. The flower is quite pronounced, still youthful. A beautiful variety. Honey, white flowers, lemon.[:]","breadcrumb":{"@id":"https:\/\/vinoteka-sodcek.si\/en\/shop\/wines\/white-wines\/marc-pinela\/#breadcrumb"},"inLanguage":"en-US","potentialAction":[{"@type":"ReadAction","target":["https:\/\/vinoteka-sodcek.si\/en\/shop\/wines\/white-wines\/marc-pinela\/"]}]},{"@type":"ImageObject","inLanguage":"en-US","@id":"https:\/\/vinoteka-sodcek.si\/en\/shop\/wines\/white-wines\/marc-pinela\/#primaryimage","url":"https:\/\/vinoteka-sodcek.si\/wp-content\/uploads\/Pinela-.jpg","contentUrl":"https:\/\/vinoteka-sodcek.si\/wp-content\/uploads\/Pinela-.jpg","width":164,"height":719},{"@type":"BreadcrumbList","@id":"https:\/\/vinoteka-sodcek.si\/en\/shop\/wines\/white-wines\/marc-pinela\/#breadcrumb","itemListElement":[{"@type":"ListItem","position":1,"name":"Home","item":"https:\/\/vinoteka-sodcek.si\/en\/"},{"@type":"ListItem","position":2,"name":"Trgovina","item":"https:\/\/vinoteka-sodcek.si\/trgovina\/"},{"@type":"ListItem","position":3,"name":"Pinela"}]},{"@type":"WebSite","@id":"https:\/\/vinoteka-sodcek.si\/#website","url":"https:\/\/vinoteka-sodcek.si\/","name":"Vinoteka Sod\u010dek","description":"Vinoteka z vrhunskimi vini","publisher":{"@id":"https:\/\/vinoteka-sodcek.si\/#organization"},"potentialAction":[{"@type":"SearchAction","target":{"@type":"EntryPoint","urlTemplate":"https:\/\/vinoteka-sodcek.si\/?s={search_term_string}"},"query-input":"required name=search_term_string"}],"inLanguage":"en-US"},{"@type":"Organization","@id":"https:\/\/vinoteka-sodcek.si\/#organization","name":"Vinoteka Sod\u010dek, Ale\u0161 \u010ceba\u0161ek s.p.","url":"https:\/\/vinoteka-sodcek.si\/","logo":{"@type":"ImageObject","inLanguage":"en-US","@id":"https:\/\/vinoteka-sodcek.si\/#\/schema\/logo\/image\/","url":"https:\/\/beta.vinoteka-sodcek.si\/wp-content\/uploads\/vinoteka-sodcek-logo.png","contentUrl":"https:\/\/beta.vinoteka-sodcek.si\/wp-content\/uploads\/vinoteka-sodcek-logo.png","width":300,"height":90,"caption":"Vinoteka Sod\u010dek, Ale\u0161 \u010ceba\u0161ek s.p."},"image":{"@id":"https:\/\/vinoteka-sodcek.si\/#\/schema\/logo\/image\/"},"sameAs":["https:\/\/www.facebook.com\/vinotekasodcek\/"]}]}},"_links":{"self":[{"href":"https:\/\/vinoteka-sodcek.si\/en\/wp-json\/\/wp\/v2\/product\/469"}],"collection":[{"href":"https:\/\/vinoteka-sodcek.si\/en\/wp-json\/\/wp\/v2\/product"}],"about":[{"href":"https:\/\/vinoteka-sodcek.si\/en\/wp-json\/\/wp\/v2\/types\/product"}],"wp:featuredmedia":[{"embeddable":true,"href":"https:\/\/vinoteka-sodcek.si\/en\/wp-json\/\/wp\/v2\/media\/468"}],"wp:attachment":[{"href":"https:\/\/vinoteka-sodcek.si\/en\/wp-json\/\/wp\/v2\/media?parent=469"}],"wp:term":[{"taxonomy":"product_cat","embeddable":true,"href":"https:\/\/vinoteka-sodcek.si\/en\/wp-json\/\/wp\/v2\/product_cat?post=469"},{"taxonomy":"product_tag","embeddable":true,"href":"https:\/\/vinoteka-sodcek.si\/en\/wp-json\/\/wp\/v2\/product_tag?post=469"}],"curies":[{"name":"wp","href":"https:\/\/api.w.org\/{rel}","templated":true}]}}