{"id":472,"date":"2024-03-15T17:20:22","date_gmt":"2024-03-15T16:20:22","guid":{"rendered":"http:\/\/192.168.64.105\/GitHub\/vinoteka-sodcek\/trgovina\/uncategorized\/marc-romantic\/"},"modified":"2025-06-05T20:08:10","modified_gmt":"2025-06-05T19:08:10","slug":"marc-romantic","status":"publish","type":"product","link":"https:\/\/vinoteka-sodcek.si\/en\/shop\/wines\/white-wines\/marc-romantic\/","title":{"rendered":"Romantic"},"content":{"rendered":"<p>For this wine, they choose the best grapes, which, after completing the controlled fermentation, separately by varieties, ripens for another 18 months in Barrique barrels.<\/p>\n<p>It is a medium deep golden yellow color. The flower is aromatic, emphasized. Both fruit, peaches, apricots. Dry, moderate acids, middle body. The texture is oily, and in the mouth the character is again quite pronounced, juicy. Even on wet stone. Maybe a little too fruit for anyone, but convinces the wine for a clear, positive definition. With a long decline.<\/p>\n","protected":false},"excerpt":{"rendered":"<p>For this wine, they choose the best grapes, which, after completing the controlled fermentation, separately by varieties, ripens for another 18 months in Barrique barrels. It is a medium deep golden&#8230;<\/p>\n","protected":false},"featured_media":471,"template":"","meta":[],"product_cat":[19],"product_tag":[],"acf":[],"yoast_head":"<!-- This site is optimized with the Yoast SEO plugin v22.2 - https:\/\/yoast.com\/wordpress\/plugins\/seo\/ -->\n<title>Romantic | Vinoteka Sod\u010dek<\/title>\n<meta name=\"description\" content=\"Romantic Marc is a medium deep golden yellow colour. The flower is aromatic, accentuated. Stone fruits, peaches, apricots.\" \/>\n<meta name=\"robots\" content=\"index, follow, max-snippet:-1, max-image-preview:large, max-video-preview:-1\" \/>\n<meta property=\"og:locale\" content=\"en_US\" \/>\n<meta property=\"og:type\" content=\"article\" \/>\n<meta property=\"og:title\" content=\"Romantic\" \/>\n<meta property=\"og:description\" content=\"Romantic Marc is a medium deep golden yellow colour. The flower is aromatic, accentuated. Stone fruits, peaches, apricots.\" \/>\n<meta property=\"og:url\" content=\"https:\/\/vinoteka-sodcek.si\/en\/shop\/wines\/white-wines\/marc-romantic\/\" \/>\n<meta property=\"og:site_name\" content=\"Vinoteka Sod\u010dek\" \/>\n<meta property=\"article:publisher\" content=\"https:\/\/www.facebook.com\/vinotekasodcek\/\" \/>\n<meta property=\"article:modified_time\" content=\"2025-06-05T19:08:10+00:00\" \/>\n<meta property=\"og:image\" content=\"https:\/\/vinoteka-sodcek.si\/wp-content\/uploads\/Romanitc-white.jpg\" \/>\n\t<meta property=\"og:image:width\" content=\"177\" \/>\n\t<meta property=\"og:image:height\" content=\"779\" \/>\n\t<meta property=\"og:image:type\" content=\"image\/jpeg\" \/>\n<meta name=\"twitter:card\" content=\"summary_large_image\" \/>\n<!-- \/ Yoast SEO plugin. -->","yoast_head_json":{"title":"Romantic | Vinoteka Sod\u010dek","description":"[:sl]Romantic Marc je srednje globoke zlatorumene barve. Cvetica je aromati\u010dna, poudarjena. Ko\u0161\u010di\u010dasto sadje, breskve, marelice.[:en]Romantic Marc is a medium deep golden yellow colour. The flower is aromatic, accentuated. Stone fruits, peaches, apricots.[:]","robots":{"index":"index","follow":"follow","max-snippet":"max-snippet:-1","max-image-preview":"max-image-preview:large","max-video-preview":"max-video-preview:-1"},"og_locale":"en_US","og_type":"article","og_title":"[:sl]Romantic[:en]Romantic[:] | Vinoteka Sod\u010dek","og_description":"[:sl]Romantic Marc je srednje globoke zlatorumene barve. Cvetica je aromati\u010dna, poudarjena. Ko\u0161\u010di\u010dasto sadje, breskve, marelice.[:en]Romantic Marc is a medium deep golden yellow colour. The flower is aromatic, accentuated. Stone fruits, peaches, apricots.[:]","og_url":"https:\/\/vinoteka-sodcek.si\/en\/shop\/wines\/white-wines\/marc-romantic\/","og_site_name":"Vinoteka Sod\u010dek","article_publisher":"https:\/\/www.facebook.com\/vinotekasodcek\/","article_modified_time":"2025-06-05T19:08:10+00:00","og_image":[{"width":177,"height":779,"url":"https:\/\/vinoteka-sodcek.si\/wp-content\/uploads\/Romanitc-white.jpg","type":"image\/jpeg"}],"twitter_card":"summary_large_image","schema":{"@context":"https:\/\/schema.org","@graph":[{"@type":"WebPage","@id":"https:\/\/vinoteka-sodcek.si\/en\/shop\/wines\/white-wines\/marc-romantic\/","url":"https:\/\/vinoteka-sodcek.si\/en\/shop\/wines\/white-wines\/marc-romantic\/","name":"[:sl]Romantic[:en]Romantic[:] | Vinoteka Sod\u010dek","isPartOf":{"@id":"https:\/\/vinoteka-sodcek.si\/#website"},"primaryImageOfPage":{"@id":"https:\/\/vinoteka-sodcek.si\/en\/shop\/wines\/white-wines\/marc-romantic\/#primaryimage"},"image":{"@id":"https:\/\/vinoteka-sodcek.si\/en\/shop\/wines\/white-wines\/marc-romantic\/#primaryimage"},"thumbnailUrl":"https:\/\/vinoteka-sodcek.si\/wp-content\/uploads\/Romanitc-white.jpg","datePublished":"2024-03-15T16:20:22+00:00","dateModified":"2025-06-05T19:08:10+00:00","description":"[:sl]Romantic Marc je srednje globoke zlatorumene barve. Cvetica je aromati\u010dna, poudarjena. Ko\u0161\u010di\u010dasto sadje, breskve, marelice.[:en]Romantic Marc is a medium deep golden yellow colour. The flower is aromatic, accentuated. Stone fruits, peaches, apricots.[:]","breadcrumb":{"@id":"https:\/\/vinoteka-sodcek.si\/en\/shop\/wines\/white-wines\/marc-romantic\/#breadcrumb"},"inLanguage":"en-US","potentialAction":[{"@type":"ReadAction","target":["https:\/\/vinoteka-sodcek.si\/en\/shop\/wines\/white-wines\/marc-romantic\/"]}]},{"@type":"ImageObject","inLanguage":"en-US","@id":"https:\/\/vinoteka-sodcek.si\/en\/shop\/wines\/white-wines\/marc-romantic\/#primaryimage","url":"https:\/\/vinoteka-sodcek.si\/wp-content\/uploads\/Romanitc-white.jpg","contentUrl":"https:\/\/vinoteka-sodcek.si\/wp-content\/uploads\/Romanitc-white.jpg","width":177,"height":779},{"@type":"BreadcrumbList","@id":"https:\/\/vinoteka-sodcek.si\/en\/shop\/wines\/white-wines\/marc-romantic\/#breadcrumb","itemListElement":[{"@type":"ListItem","position":1,"name":"Home","item":"https:\/\/vinoteka-sodcek.si\/en\/"},{"@type":"ListItem","position":2,"name":"Trgovina","item":"https:\/\/vinoteka-sodcek.si\/trgovina\/"},{"@type":"ListItem","position":3,"name":"Romantic"}]},{"@type":"WebSite","@id":"https:\/\/vinoteka-sodcek.si\/#website","url":"https:\/\/vinoteka-sodcek.si\/","name":"Vinoteka Sod\u010dek","description":"Vinoteka z vrhunskimi vini","publisher":{"@id":"https:\/\/vinoteka-sodcek.si\/#organization"},"potentialAction":[{"@type":"SearchAction","target":{"@type":"EntryPoint","urlTemplate":"https:\/\/vinoteka-sodcek.si\/?s={search_term_string}"},"query-input":"required name=search_term_string"}],"inLanguage":"en-US"},{"@type":"Organization","@id":"https:\/\/vinoteka-sodcek.si\/#organization","name":"Vinoteka Sod\u010dek, Ale\u0161 \u010ceba\u0161ek s.p.","url":"https:\/\/vinoteka-sodcek.si\/","logo":{"@type":"ImageObject","inLanguage":"en-US","@id":"https:\/\/vinoteka-sodcek.si\/#\/schema\/logo\/image\/","url":"https:\/\/beta.vinoteka-sodcek.si\/wp-content\/uploads\/vinoteka-sodcek-logo.png","contentUrl":"https:\/\/beta.vinoteka-sodcek.si\/wp-content\/uploads\/vinoteka-sodcek-logo.png","width":300,"height":90,"caption":"Vinoteka Sod\u010dek, Ale\u0161 \u010ceba\u0161ek s.p."},"image":{"@id":"https:\/\/vinoteka-sodcek.si\/#\/schema\/logo\/image\/"},"sameAs":["https:\/\/www.facebook.com\/vinotekasodcek\/"]}]}},"_links":{"self":[{"href":"https:\/\/vinoteka-sodcek.si\/en\/wp-json\/\/wp\/v2\/product\/472"}],"collection":[{"href":"https:\/\/vinoteka-sodcek.si\/en\/wp-json\/\/wp\/v2\/product"}],"about":[{"href":"https:\/\/vinoteka-sodcek.si\/en\/wp-json\/\/wp\/v2\/types\/product"}],"wp:featuredmedia":[{"embeddable":true,"href":"https:\/\/vinoteka-sodcek.si\/en\/wp-json\/\/wp\/v2\/media\/471"}],"wp:attachment":[{"href":"https:\/\/vinoteka-sodcek.si\/en\/wp-json\/\/wp\/v2\/media?parent=472"}],"wp:term":[{"taxonomy":"product_cat","embeddable":true,"href":"https:\/\/vinoteka-sodcek.si\/en\/wp-json\/\/wp\/v2\/product_cat?post=472"},{"taxonomy":"product_tag","embeddable":true,"href":"https:\/\/vinoteka-sodcek.si\/en\/wp-json\/\/wp\/v2\/product_tag?post=472"}],"curies":[{"name":"wp","href":"https:\/\/api.w.org\/{rel}","templated":true}]}}