{"id":480,"date":"2024-03-15T17:20:23","date_gmt":"2024-03-15T16:20:23","guid":{"rendered":"http:\/\/192.168.64.105\/GitHub\/vinoteka-sodcek\/trgovina\/uncategorized\/movia-merlot\/"},"modified":"2025-11-07T18:26:54","modified_gmt":"2025-11-07T17:26:54","slug":"movia-merlot","status":"publish","type":"product","link":"https:\/\/vinoteka-sodcek.si\/en\/shop\/wines\/red-wines\/movia-merlot\/","title":{"rendered":"Merlot"},"content":{"rendered":"<p>After a 3 week maceration with indigenous yeasts, the wine is matured for a long time in new oak barrels (5 years) to round off the sharp edges caused by the long maceration and new barrels and to make the wine smoother, nicer and rounder. The wine is on the lees all the time and is not racked, so there is no flow on the lees.<\/p>\n<p>It is a deep, ruby red colour. The aromas are intense, with notes of black cherry, mulberry and plum, and finally vanilla, cedar and smoke. On the palate it is dry, soft and quite warm. Mineral, bold and full-bodied, it reflects the blossom of ripe fruit, herbs, sweet spices and smoke.<\/p>\n","protected":false},"excerpt":{"rendered":"<p>After a 3 week maceration with indigenous yeasts, the wine is matured for a long time in new oak barrels (5 years) to round off the sharp edges caused by the&#8230;<\/p>\n","protected":false},"featured_media":479,"template":"","meta":[],"product_cat":[20],"product_tag":[],"acf":[],"yoast_head":"<!-- This site is optimized with the Yoast SEO plugin v22.2 - https:\/\/yoast.com\/wordpress\/plugins\/seo\/ -->\n<title>Merlot | Vinoteka Sod\u010dek<\/title>\n<meta name=\"description\" content=\"Merlot Movia is a deep, ruby red colour. The aromas are intense, with notes of black cherry, mulberry and plum, and vanilla at the end.\" \/>\n<meta name=\"robots\" content=\"index, follow, max-snippet:-1, max-image-preview:large, max-video-preview:-1\" \/>\n<meta property=\"og:locale\" content=\"en_US\" \/>\n<meta property=\"og:type\" content=\"article\" \/>\n<meta property=\"og:title\" content=\"Merlot\" \/>\n<meta property=\"og:description\" content=\"Merlot Movia is a deep, ruby red colour. The aromas are intense, with notes of black cherry, mulberry and plum, and vanilla at the end.\" \/>\n<meta property=\"og:url\" content=\"https:\/\/vinoteka-sodcek.si\/en\/shop\/wines\/red-wines\/movia-merlot\/\" \/>\n<meta property=\"og:site_name\" content=\"Vinoteka Sod\u010dek\" \/>\n<meta property=\"article:publisher\" content=\"https:\/\/www.facebook.com\/vinotekasodcek\/\" \/>\n<meta property=\"article:modified_time\" content=\"2025-11-07T17:26:54+00:00\" \/>\n<meta property=\"og:image\" content=\"https:\/\/vinoteka-sodcek.si\/wp-content\/uploads\/movia-vina-merlot_2015.jpg\" \/>\n\t<meta property=\"og:image:width\" content=\"201\" \/>\n\t<meta property=\"og:image:height\" content=\"842\" \/>\n\t<meta property=\"og:image:type\" content=\"image\/jpeg\" \/>\n<meta name=\"twitter:card\" content=\"summary_large_image\" \/>\n<!-- \/ Yoast SEO plugin. -->","yoast_head_json":{"title":"Merlot | Vinoteka Sod\u010dek","description":"[:sl]Merlot Movia je globoke, rubinasto rde\u010de barve.\u00a0Arome so intenzivne, predstavijo se note \u010drne \u010de\u0161nje, murve in slive, na koncu tudi vanilije.[:en]Merlot Movia is a deep, ruby red colour. The aromas are intense, with notes of black cherry, mulberry and plum, and vanilla at the end.[:]","robots":{"index":"index","follow":"follow","max-snippet":"max-snippet:-1","max-image-preview":"max-image-preview:large","max-video-preview":"max-video-preview:-1"},"og_locale":"en_US","og_type":"article","og_title":"[:sl]Merlot[:en]Merlot[:] | Vinoteka Sod\u010dek","og_description":"[:sl]Merlot Movia je globoke, rubinasto rde\u010de barve.\u00a0Arome so intenzivne, predstavijo se note \u010drne \u010de\u0161nje, murve in slive, na koncu tudi vanilije.[:en]Merlot Movia is a deep, ruby red colour. The aromas are intense, with notes of black cherry, mulberry and plum, and vanilla at the end.[:]","og_url":"https:\/\/vinoteka-sodcek.si\/en\/shop\/wines\/red-wines\/movia-merlot\/","og_site_name":"Vinoteka Sod\u010dek","article_publisher":"https:\/\/www.facebook.com\/vinotekasodcek\/","article_modified_time":"2025-11-07T17:26:54+00:00","og_image":[{"width":201,"height":842,"url":"https:\/\/vinoteka-sodcek.si\/wp-content\/uploads\/movia-vina-merlot_2015.jpg","type":"image\/jpeg"}],"twitter_card":"summary_large_image","schema":{"@context":"https:\/\/schema.org","@graph":[{"@type":"WebPage","@id":"https:\/\/vinoteka-sodcek.si\/en\/shop\/wines\/red-wines\/movia-merlot\/","url":"https:\/\/vinoteka-sodcek.si\/en\/shop\/wines\/red-wines\/movia-merlot\/","name":"[:sl]Merlot[:en]Merlot[:] | Vinoteka Sod\u010dek","isPartOf":{"@id":"https:\/\/vinoteka-sodcek.si\/#website"},"primaryImageOfPage":{"@id":"https:\/\/vinoteka-sodcek.si\/en\/shop\/wines\/red-wines\/movia-merlot\/#primaryimage"},"image":{"@id":"https:\/\/vinoteka-sodcek.si\/en\/shop\/wines\/red-wines\/movia-merlot\/#primaryimage"},"thumbnailUrl":"https:\/\/vinoteka-sodcek.si\/wp-content\/uploads\/movia-vina-merlot_2015.jpg","datePublished":"2024-03-15T16:20:23+00:00","dateModified":"2025-11-07T17:26:54+00:00","description":"[:sl]Merlot Movia je globoke, rubinasto rde\u010de barve.\u00a0Arome so intenzivne, predstavijo se note \u010drne \u010de\u0161nje, murve in slive, na koncu tudi vanilije.[:en]Merlot Movia is a deep, ruby red colour. The aromas are intense, with notes of black cherry, mulberry and plum, and vanilla at the end.[:]","breadcrumb":{"@id":"https:\/\/vinoteka-sodcek.si\/en\/shop\/wines\/red-wines\/movia-merlot\/#breadcrumb"},"inLanguage":"en-US","potentialAction":[{"@type":"ReadAction","target":["https:\/\/vinoteka-sodcek.si\/en\/shop\/wines\/red-wines\/movia-merlot\/"]}]},{"@type":"ImageObject","inLanguage":"en-US","@id":"https:\/\/vinoteka-sodcek.si\/en\/shop\/wines\/red-wines\/movia-merlot\/#primaryimage","url":"https:\/\/vinoteka-sodcek.si\/wp-content\/uploads\/movia-vina-merlot_2015.jpg","contentUrl":"https:\/\/vinoteka-sodcek.si\/wp-content\/uploads\/movia-vina-merlot_2015.jpg","width":201,"height":842},{"@type":"BreadcrumbList","@id":"https:\/\/vinoteka-sodcek.si\/en\/shop\/wines\/red-wines\/movia-merlot\/#breadcrumb","itemListElement":[{"@type":"ListItem","position":1,"name":"Home","item":"https:\/\/vinoteka-sodcek.si\/en\/"},{"@type":"ListItem","position":2,"name":"Trgovina","item":"https:\/\/vinoteka-sodcek.si\/trgovina\/"},{"@type":"ListItem","position":3,"name":"Merlot"}]},{"@type":"WebSite","@id":"https:\/\/vinoteka-sodcek.si\/#website","url":"https:\/\/vinoteka-sodcek.si\/","name":"Vinoteka Sod\u010dek","description":"Vinoteka z vrhunskimi vini","publisher":{"@id":"https:\/\/vinoteka-sodcek.si\/#organization"},"potentialAction":[{"@type":"SearchAction","target":{"@type":"EntryPoint","urlTemplate":"https:\/\/vinoteka-sodcek.si\/?s={search_term_string}"},"query-input":"required name=search_term_string"}],"inLanguage":"en-US"},{"@type":"Organization","@id":"https:\/\/vinoteka-sodcek.si\/#organization","name":"Vinoteka Sod\u010dek, Ale\u0161 \u010ceba\u0161ek s.p.","url":"https:\/\/vinoteka-sodcek.si\/","logo":{"@type":"ImageObject","inLanguage":"en-US","@id":"https:\/\/vinoteka-sodcek.si\/#\/schema\/logo\/image\/","url":"https:\/\/beta.vinoteka-sodcek.si\/wp-content\/uploads\/vinoteka-sodcek-logo.png","contentUrl":"https:\/\/beta.vinoteka-sodcek.si\/wp-content\/uploads\/vinoteka-sodcek-logo.png","width":300,"height":90,"caption":"Vinoteka Sod\u010dek, Ale\u0161 \u010ceba\u0161ek s.p."},"image":{"@id":"https:\/\/vinoteka-sodcek.si\/#\/schema\/logo\/image\/"},"sameAs":["https:\/\/www.facebook.com\/vinotekasodcek\/"]}]}},"_links":{"self":[{"href":"https:\/\/vinoteka-sodcek.si\/en\/wp-json\/\/wp\/v2\/product\/480"}],"collection":[{"href":"https:\/\/vinoteka-sodcek.si\/en\/wp-json\/\/wp\/v2\/product"}],"about":[{"href":"https:\/\/vinoteka-sodcek.si\/en\/wp-json\/\/wp\/v2\/types\/product"}],"wp:featuredmedia":[{"embeddable":true,"href":"https:\/\/vinoteka-sodcek.si\/en\/wp-json\/\/wp\/v2\/media\/479"}],"wp:attachment":[{"href":"https:\/\/vinoteka-sodcek.si\/en\/wp-json\/\/wp\/v2\/media?parent=480"}],"wp:term":[{"taxonomy":"product_cat","embeddable":true,"href":"https:\/\/vinoteka-sodcek.si\/en\/wp-json\/\/wp\/v2\/product_cat?post=480"},{"taxonomy":"product_tag","embeddable":true,"href":"https:\/\/vinoteka-sodcek.si\/en\/wp-json\/\/wp\/v2\/product_tag?post=480"}],"curies":[{"name":"wp","href":"https:\/\/api.w.org\/{rel}","templated":true}]}}