{"id":488,"date":"2024-03-15T17:20:23","date_gmt":"2024-03-15T16:20:23","guid":{"rendered":"http:\/\/192.168.64.105\/GitHub\/vinoteka-sodcek\/trgovina\/uncategorized\/movia-esenca-merlot\/"},"modified":"2026-02-12T20:54:32","modified_gmt":"2026-02-12T19:54:32","slug":"movia-esenca-merlot","status":"publish","type":"product","link":"https:\/\/vinoteka-sodcek.si\/en\/shop\/wines\/red-wines\/movia-esenca-merlot\/","title":{"rendered":"Esenca Merlot"},"content":{"rendered":"<p>Harvesting takes place when the physiological ripeness of the grapes has been greatly exceeded. The grapes are cut and left to macerate until the end of fermentation. After fermentation, the grapes are allowed to sink into the grape marc, thus producing a natural wine filtered with their own marc on the top side of the marc, which is transferred directly into the barriques. The rest was pushed and, after a week, when the sediment had settled, the clean part was strained and distributed to all the barriques, where the wine completed malolactic fermentation.<\/p>\n<p>Bottled after 3 years of ageing.<\/p>\n<p>It is ruby red in colour. It has a dense texture, with berry, raspberry, blackberry and a hint of smoke. Sweet on the palate, the pleasant acidity offers freshness, structurally with a long aftertaste.<\/p>\n","protected":false},"excerpt":{"rendered":"<p>Harvesting takes place when the physiological ripeness of the grapes has been greatly exceeded. The grapes are cut and left to macerate until the end of fermentation. After fermentation, the grapes&#8230;<\/p>\n","protected":false},"featured_media":487,"template":"","meta":[],"product_cat":[20],"product_tag":[],"acf":[],"yoast_head":"<!-- This site is optimized with the Yoast SEO plugin v22.2 - https:\/\/yoast.com\/wordpress\/plugins\/seo\/ -->\n<title>Esenca Merlot | Vinoteka Sod\u010dek<\/title>\n<meta name=\"description\" content=\"Esenca Movia je rubinasto rde\u010de barve. Goste teksture, zaznamo jagodi\u010devje, malino, robidnico, tudi rahlo dima. V ustih sladko, prijetna kislina.\" \/>\n<meta name=\"robots\" content=\"index, follow, max-snippet:-1, max-image-preview:large, max-video-preview:-1\" \/>\n<meta property=\"og:locale\" content=\"en_US\" \/>\n<meta property=\"og:type\" content=\"article\" \/>\n<meta property=\"og:title\" content=\"Esenca Merlot\" \/>\n<meta property=\"og:description\" content=\"Esenca Movia je rubinasto rde\u010de barve. Goste teksture, zaznamo jagodi\u010devje, malino, robidnico, tudi rahlo dima. V ustih sladko, prijetna kislina.\" \/>\n<meta property=\"og:url\" content=\"https:\/\/vinoteka-sodcek.si\/en\/shop\/wines\/red-wines\/movia-esenca-merlot\/\" \/>\n<meta property=\"og:site_name\" content=\"Vinoteka Sod\u010dek\" \/>\n<meta property=\"article:publisher\" content=\"https:\/\/www.facebook.com\/vinotekasodcek\/\" \/>\n<meta property=\"article:modified_time\" content=\"2026-02-12T19:54:32+00:00\" \/>\n<meta property=\"og:image\" content=\"https:\/\/vinoteka-sodcek.si\/wp-content\/uploads\/movia-vina-esenca_merlot_3-1.jpg\" \/>\n\t<meta property=\"og:image:width\" content=\"189\" \/>\n\t<meta property=\"og:image:height\" content=\"702\" \/>\n\t<meta property=\"og:image:type\" content=\"image\/jpeg\" \/>\n<meta name=\"twitter:card\" content=\"summary_large_image\" \/>\n<!-- \/ Yoast SEO plugin. -->","yoast_head_json":{"title":"Esenca Merlot | Vinoteka Sod\u010dek","description":"Esenca Movia je rubinasto rde\u010de barve. Goste teksture, zaznamo jagodi\u010devje, malino, robidnico, tudi rahlo dima. V ustih sladko, prijetna kislina.","robots":{"index":"index","follow":"follow","max-snippet":"max-snippet:-1","max-image-preview":"max-image-preview:large","max-video-preview":"max-video-preview:-1"},"og_locale":"en_US","og_type":"article","og_title":"[:sl]Esenca Merlot[:en]Esenca Merlot[:] | Vinoteka Sod\u010dek","og_description":"Esenca Movia je rubinasto rde\u010de barve. Goste teksture, zaznamo jagodi\u010devje, malino, robidnico, tudi rahlo dima. V ustih sladko, prijetna kislina.","og_url":"https:\/\/vinoteka-sodcek.si\/en\/shop\/wines\/red-wines\/movia-esenca-merlot\/","og_site_name":"Vinoteka Sod\u010dek","article_publisher":"https:\/\/www.facebook.com\/vinotekasodcek\/","article_modified_time":"2026-02-12T19:54:32+00:00","og_image":[{"width":189,"height":702,"url":"https:\/\/vinoteka-sodcek.si\/wp-content\/uploads\/movia-vina-esenca_merlot_3-1.jpg","type":"image\/jpeg"}],"twitter_card":"summary_large_image","schema":{"@context":"https:\/\/schema.org","@graph":[{"@type":"WebPage","@id":"https:\/\/vinoteka-sodcek.si\/trgovina\/vina\/rdeca-vina\/movia-esenca-merlot\/","url":"https:\/\/vinoteka-sodcek.si\/trgovina\/vina\/rdeca-vina\/movia-esenca-merlot\/","name":"[:sl]Esenca Merlot[:en]Esenca Merlot[:] | Vinoteka Sod\u010dek","isPartOf":{"@id":"https:\/\/vinoteka-sodcek.si\/#website"},"primaryImageOfPage":{"@id":"https:\/\/vinoteka-sodcek.si\/trgovina\/vina\/rdeca-vina\/movia-esenca-merlot\/#primaryimage"},"image":{"@id":"https:\/\/vinoteka-sodcek.si\/trgovina\/vina\/rdeca-vina\/movia-esenca-merlot\/#primaryimage"},"thumbnailUrl":"https:\/\/vinoteka-sodcek.si\/wp-content\/uploads\/movia-vina-esenca_merlot_3-1.jpg","datePublished":"2024-03-15T16:20:23+00:00","dateModified":"2026-02-12T19:54:32+00:00","description":"Esenca Movia je rubinasto rde\u010de barve. Goste teksture, zaznamo jagodi\u010devje, malino, robidnico, tudi rahlo dima. V ustih sladko, prijetna kislina.","breadcrumb":{"@id":"https:\/\/vinoteka-sodcek.si\/trgovina\/vina\/rdeca-vina\/movia-esenca-merlot\/#breadcrumb"},"inLanguage":"en-US","potentialAction":[{"@type":"ReadAction","target":["https:\/\/vinoteka-sodcek.si\/trgovina\/vina\/rdeca-vina\/movia-esenca-merlot\/"]}]},{"@type":"ImageObject","inLanguage":"en-US","@id":"https:\/\/vinoteka-sodcek.si\/trgovina\/vina\/rdeca-vina\/movia-esenca-merlot\/#primaryimage","url":"https:\/\/vinoteka-sodcek.si\/wp-content\/uploads\/movia-vina-esenca_merlot_3-1.jpg","contentUrl":"https:\/\/vinoteka-sodcek.si\/wp-content\/uploads\/movia-vina-esenca_merlot_3-1.jpg","width":189,"height":702},{"@type":"BreadcrumbList","@id":"https:\/\/vinoteka-sodcek.si\/trgovina\/vina\/rdeca-vina\/movia-esenca-merlot\/#breadcrumb","itemListElement":[{"@type":"ListItem","position":1,"name":"Home","item":"https:\/\/vinoteka-sodcek.si\/en\/"},{"@type":"ListItem","position":2,"name":"Trgovina","item":"https:\/\/vinoteka-sodcek.si\/trgovina\/"},{"@type":"ListItem","position":3,"name":"Esenca Merlot"}]},{"@type":"WebSite","@id":"https:\/\/vinoteka-sodcek.si\/#website","url":"https:\/\/vinoteka-sodcek.si\/","name":"Vinoteka Sod\u010dek","description":"Vinoteka z vrhunskimi vini","publisher":{"@id":"https:\/\/vinoteka-sodcek.si\/#organization"},"potentialAction":[{"@type":"SearchAction","target":{"@type":"EntryPoint","urlTemplate":"https:\/\/vinoteka-sodcek.si\/?s={search_term_string}"},"query-input":"required name=search_term_string"}],"inLanguage":"en-US"},{"@type":"Organization","@id":"https:\/\/vinoteka-sodcek.si\/#organization","name":"Vinoteka Sod\u010dek, Ale\u0161 \u010ceba\u0161ek s.p.","url":"https:\/\/vinoteka-sodcek.si\/","logo":{"@type":"ImageObject","inLanguage":"en-US","@id":"https:\/\/vinoteka-sodcek.si\/#\/schema\/logo\/image\/","url":"https:\/\/beta.vinoteka-sodcek.si\/wp-content\/uploads\/vinoteka-sodcek-logo.png","contentUrl":"https:\/\/beta.vinoteka-sodcek.si\/wp-content\/uploads\/vinoteka-sodcek-logo.png","width":300,"height":90,"caption":"Vinoteka Sod\u010dek, Ale\u0161 \u010ceba\u0161ek s.p."},"image":{"@id":"https:\/\/vinoteka-sodcek.si\/#\/schema\/logo\/image\/"},"sameAs":["https:\/\/www.facebook.com\/vinotekasodcek\/"]}]}},"_links":{"self":[{"href":"https:\/\/vinoteka-sodcek.si\/en\/wp-json\/\/wp\/v2\/product\/488"}],"collection":[{"href":"https:\/\/vinoteka-sodcek.si\/en\/wp-json\/\/wp\/v2\/product"}],"about":[{"href":"https:\/\/vinoteka-sodcek.si\/en\/wp-json\/\/wp\/v2\/types\/product"}],"wp:featuredmedia":[{"embeddable":true,"href":"https:\/\/vinoteka-sodcek.si\/en\/wp-json\/\/wp\/v2\/media\/487"}],"wp:attachment":[{"href":"https:\/\/vinoteka-sodcek.si\/en\/wp-json\/\/wp\/v2\/media?parent=488"}],"wp:term":[{"taxonomy":"product_cat","embeddable":true,"href":"https:\/\/vinoteka-sodcek.si\/en\/wp-json\/\/wp\/v2\/product_cat?post=488"},{"taxonomy":"product_tag","embeddable":true,"href":"https:\/\/vinoteka-sodcek.si\/en\/wp-json\/\/wp\/v2\/product_tag?post=488"}],"curies":[{"name":"wp","href":"https:\/\/api.w.org\/{rel}","templated":true}]}}