{"id":490,"date":"2024-03-15T17:20:23","date_gmt":"2024-03-15T16:20:23","guid":{"rendered":"http:\/\/192.168.64.105\/GitHub\/vinoteka-sodcek\/trgovina\/uncategorized\/movia-modri-pinot\/"},"modified":"2025-02-04T15:00:34","modified_gmt":"2025-02-04T14:00:34","slug":"movia-modri-pinot","status":"publish","type":"product","link":"https:\/\/vinoteka-sodcek.si\/en\/shop\/wines\/red-wines\/movia-modri-pinot\/","title":{"rendered":"Modri pinot"},"content":{"rendered":"<p>After the harvest is completed, the wine is macerated for 10 days at controlled temperature with minimal extraction, without any stalks, and then matured for 2 years in 225l. oak barrels.<\/p>\n<p>It is translucent ruby red in colour, the intense and fine aromas reveal hints of ripe plum, black cherry, blackberry, caramel, forest undergrowth, leather. The fruity spices are repeated on the palate, the tannins are delicate, the wine is elegant, soft, mineral and structural at the same time.<\/p>\n","protected":false},"excerpt":{"rendered":"<p>After the harvest is completed, the wine is macerated for 10 days at controlled temperature with minimal extraction, without any stalks, and then matured for 2 years in 225l. oak barrels&#8230;.<\/p>\n","protected":false},"featured_media":489,"template":"","meta":[],"product_cat":[20],"product_tag":[],"acf":[],"yoast_head":"<!-- This site is optimized with the Yoast SEO plugin v22.2 - https:\/\/yoast.com\/wordpress\/plugins\/seo\/ -->\n<title>Modri pinot | Vinoteka Sod\u010dek<\/title>\n<meta name=\"description\" content=\"Modri pinot Movia is a translucent ruby red colour, Intense and fine aromas reveal hints of ripe plum, black cherry, blackberry.\" \/>\n<meta name=\"robots\" content=\"index, follow, max-snippet:-1, max-image-preview:large, max-video-preview:-1\" \/>\n<meta property=\"og:locale\" content=\"en_US\" \/>\n<meta property=\"og:type\" content=\"article\" \/>\n<meta property=\"og:title\" content=\"Modri pinot\" \/>\n<meta property=\"og:description\" content=\"Modri pinot Movia is a translucent ruby red colour, Intense and fine aromas reveal hints of ripe plum, black cherry, blackberry.\" \/>\n<meta property=\"og:url\" content=\"https:\/\/vinoteka-sodcek.si\/en\/shop\/wines\/red-wines\/movia-modri-pinot\/\" \/>\n<meta property=\"og:site_name\" content=\"Vinoteka Sod\u010dek\" \/>\n<meta property=\"article:publisher\" content=\"https:\/\/www.facebook.com\/vinotekasodcek\/\" \/>\n<meta property=\"article:modified_time\" content=\"2025-02-04T14:00:34+00:00\" \/>\n<meta property=\"og:image\" content=\"https:\/\/vinoteka-sodcek.si\/wp-content\/uploads\/movia-vina-movia_modri_2016.jpg\" \/>\n\t<meta property=\"og:image:width\" content=\"216\" \/>\n\t<meta property=\"og:image:height\" content=\"779\" \/>\n\t<meta property=\"og:image:type\" content=\"image\/jpeg\" \/>\n<meta name=\"twitter:card\" content=\"summary_large_image\" \/>\n<!-- \/ Yoast SEO plugin. -->","yoast_head_json":{"title":"Modri pinot | Vinoteka Sod\u010dek","description":"[:sl]Modri pinot Movia je prosojno rubinasto rde\u010do barve, Intenzivne in fine arome nam razkrivajo zaznave zrele slive, \u010drne \u010de\u0161nje, robidnice.[:en]Modri pinot Movia is a translucent ruby red colour, Intense and fine aromas reveal hints of ripe plum, black cherry, blackberry.[:]","robots":{"index":"index","follow":"follow","max-snippet":"max-snippet:-1","max-image-preview":"max-image-preview:large","max-video-preview":"max-video-preview:-1"},"og_locale":"en_US","og_type":"article","og_title":"[:sl]Modri pinot[:en]Modri pinot[:] | Vinoteka Sod\u010dek","og_description":"[:sl]Modri pinot Movia je prosojno rubinasto rde\u010do barve, Intenzivne in fine arome nam razkrivajo zaznave zrele slive, \u010drne \u010de\u0161nje, robidnice.[:en]Modri pinot Movia is a translucent ruby red colour, Intense and fine aromas reveal hints of ripe plum, black cherry, blackberry.[:]","og_url":"https:\/\/vinoteka-sodcek.si\/en\/shop\/wines\/red-wines\/movia-modri-pinot\/","og_site_name":"Vinoteka Sod\u010dek","article_publisher":"https:\/\/www.facebook.com\/vinotekasodcek\/","article_modified_time":"2025-02-04T14:00:34+00:00","og_image":[{"width":216,"height":779,"url":"https:\/\/vinoteka-sodcek.si\/wp-content\/uploads\/movia-vina-movia_modri_2016.jpg","type":"image\/jpeg"}],"twitter_card":"summary_large_image","schema":{"@context":"https:\/\/schema.org","@graph":[{"@type":"WebPage","@id":"https:\/\/vinoteka-sodcek.si\/en\/shop\/wines\/red-wines\/movia-modri-pinot\/","url":"https:\/\/vinoteka-sodcek.si\/en\/shop\/wines\/red-wines\/movia-modri-pinot\/","name":"[:sl]Modri pinot[:en]Modri pinot[:] | Vinoteka Sod\u010dek","isPartOf":{"@id":"https:\/\/vinoteka-sodcek.si\/#website"},"primaryImageOfPage":{"@id":"https:\/\/vinoteka-sodcek.si\/en\/shop\/wines\/red-wines\/movia-modri-pinot\/#primaryimage"},"image":{"@id":"https:\/\/vinoteka-sodcek.si\/en\/shop\/wines\/red-wines\/movia-modri-pinot\/#primaryimage"},"thumbnailUrl":"https:\/\/vinoteka-sodcek.si\/wp-content\/uploads\/movia-vina-movia_modri_2016.jpg","datePublished":"2024-03-15T16:20:23+00:00","dateModified":"2025-02-04T14:00:34+00:00","description":"[:sl]Modri pinot Movia je prosojno rubinasto rde\u010do barve, Intenzivne in fine arome nam razkrivajo zaznave zrele slive, \u010drne \u010de\u0161nje, robidnice.[:en]Modri pinot Movia is a translucent ruby red colour, Intense and fine aromas reveal hints of ripe plum, black cherry, blackberry.[:]","breadcrumb":{"@id":"https:\/\/vinoteka-sodcek.si\/en\/shop\/wines\/red-wines\/movia-modri-pinot\/#breadcrumb"},"inLanguage":"en-US","potentialAction":[{"@type":"ReadAction","target":["https:\/\/vinoteka-sodcek.si\/en\/shop\/wines\/red-wines\/movia-modri-pinot\/"]}]},{"@type":"ImageObject","inLanguage":"en-US","@id":"https:\/\/vinoteka-sodcek.si\/en\/shop\/wines\/red-wines\/movia-modri-pinot\/#primaryimage","url":"https:\/\/vinoteka-sodcek.si\/wp-content\/uploads\/movia-vina-movia_modri_2016.jpg","contentUrl":"https:\/\/vinoteka-sodcek.si\/wp-content\/uploads\/movia-vina-movia_modri_2016.jpg","width":216,"height":779},{"@type":"BreadcrumbList","@id":"https:\/\/vinoteka-sodcek.si\/en\/shop\/wines\/red-wines\/movia-modri-pinot\/#breadcrumb","itemListElement":[{"@type":"ListItem","position":1,"name":"Home","item":"https:\/\/vinoteka-sodcek.si\/en\/"},{"@type":"ListItem","position":2,"name":"Trgovina","item":"https:\/\/vinoteka-sodcek.si\/trgovina\/"},{"@type":"ListItem","position":3,"name":"Modri pinot"}]},{"@type":"WebSite","@id":"https:\/\/vinoteka-sodcek.si\/#website","url":"https:\/\/vinoteka-sodcek.si\/","name":"Vinoteka Sod\u010dek","description":"Vinoteka z vrhunskimi vini","publisher":{"@id":"https:\/\/vinoteka-sodcek.si\/#organization"},"potentialAction":[{"@type":"SearchAction","target":{"@type":"EntryPoint","urlTemplate":"https:\/\/vinoteka-sodcek.si\/?s={search_term_string}"},"query-input":"required name=search_term_string"}],"inLanguage":"en-US"},{"@type":"Organization","@id":"https:\/\/vinoteka-sodcek.si\/#organization","name":"Vinoteka Sod\u010dek, Ale\u0161 \u010ceba\u0161ek s.p.","url":"https:\/\/vinoteka-sodcek.si\/","logo":{"@type":"ImageObject","inLanguage":"en-US","@id":"https:\/\/vinoteka-sodcek.si\/#\/schema\/logo\/image\/","url":"https:\/\/beta.vinoteka-sodcek.si\/wp-content\/uploads\/vinoteka-sodcek-logo.png","contentUrl":"https:\/\/beta.vinoteka-sodcek.si\/wp-content\/uploads\/vinoteka-sodcek-logo.png","width":300,"height":90,"caption":"Vinoteka Sod\u010dek, Ale\u0161 \u010ceba\u0161ek s.p."},"image":{"@id":"https:\/\/vinoteka-sodcek.si\/#\/schema\/logo\/image\/"},"sameAs":["https:\/\/www.facebook.com\/vinotekasodcek\/"]}]}},"_links":{"self":[{"href":"https:\/\/vinoteka-sodcek.si\/en\/wp-json\/\/wp\/v2\/product\/490"}],"collection":[{"href":"https:\/\/vinoteka-sodcek.si\/en\/wp-json\/\/wp\/v2\/product"}],"about":[{"href":"https:\/\/vinoteka-sodcek.si\/en\/wp-json\/\/wp\/v2\/types\/product"}],"wp:featuredmedia":[{"embeddable":true,"href":"https:\/\/vinoteka-sodcek.si\/en\/wp-json\/\/wp\/v2\/media\/489"}],"wp:attachment":[{"href":"https:\/\/vinoteka-sodcek.si\/en\/wp-json\/\/wp\/v2\/media?parent=490"}],"wp:term":[{"taxonomy":"product_cat","embeddable":true,"href":"https:\/\/vinoteka-sodcek.si\/en\/wp-json\/\/wp\/v2\/product_cat?post=490"},{"taxonomy":"product_tag","embeddable":true,"href":"https:\/\/vinoteka-sodcek.si\/en\/wp-json\/\/wp\/v2\/product_tag?post=490"}],"curies":[{"name":"wp","href":"https:\/\/api.w.org\/{rel}","templated":true}]}}