{"id":502,"date":"2024-03-15T17:20:23","date_gmt":"2024-03-15T16:20:23","guid":{"rendered":"http:\/\/192.168.64.105\/GitHub\/vinoteka-sodcek\/trgovina\/uncategorized\/movia-puro-rose\/"},"modified":"2026-02-17T18:02:13","modified_gmt":"2026-02-17T17:02:13","slug":"movia-puro-rose","status":"publish","type":"product","link":"https:\/\/vinoteka-sodcek.si\/en\/shop\/wines\/sparkling-wines\/movia-puro-rose\/","title":{"rendered":"Puro Rose"},"content":{"rendered":"<p>Classic method.<\/p>\n<p>Puro Rose is a special sparkling wine that is not degenerated and so they do not do this process, but you can do it yourself when you open the bottle. This is how the wine lives along with its own -nar yeasts in the bottle to the end and is without any preservatives. The advantage is therefore that such a process gives him an unlimited life.<\/p>\n<p>Unlike the classic method, sugar is not used and does not add yeast for fermentation in a bottle, but exclusively must with all its admixtures and the &#8221; world &#8221; of the microorganisms that live in them. Therefore, ripe wine ferments in a bottle and thus produces Puro Rose.<\/p>\n<p>It is a gentle salmon color, with a fine flower, it smells a little after the berries. In the mouth, the wine is completely dry, with beautiful, ripe, accentuated acids. Complex sparkling wine with fine bubbles and long decline.<\/p>\n","protected":false},"excerpt":{"rendered":"<p>Classic method. Puro Rose is a special sparkling wine that is not degenerated and so they do not do this process, but you can do it yourself when you open the&#8230;<\/p>\n","protected":false},"featured_media":501,"template":"","meta":[],"product_cat":[22],"product_tag":[],"acf":[],"yoast_head":"<!-- This site is optimized with the Yoast SEO plugin v22.2 - https:\/\/yoast.com\/wordpress\/plugins\/seo\/ -->\n<title>Puro Rose | Vinoteka Sod\u010dek<\/title>\n<meta name=\"description\" content=\"Puro rose Movia is a delicate salmon colour, with fine flowers, a little strawberry scent. On the palate, the wine is perfectly dry, with lovely, ripe.\" \/>\n<meta name=\"robots\" content=\"index, follow, max-snippet:-1, max-image-preview:large, max-video-preview:-1\" \/>\n<meta property=\"og:locale\" content=\"en_US\" \/>\n<meta property=\"og:type\" content=\"article\" \/>\n<meta property=\"og:title\" content=\"Puro Rose\" \/>\n<meta property=\"og:description\" content=\"Puro rose Movia is a delicate salmon colour, with fine flowers, a little strawberry scent. On the palate, the wine is perfectly dry, with lovely, ripe.\" \/>\n<meta property=\"og:url\" content=\"https:\/\/vinoteka-sodcek.si\/en\/shop\/wines\/sparkling-wines\/movia-puro-rose\/\" \/>\n<meta property=\"og:site_name\" content=\"Vinoteka Sod\u010dek\" \/>\n<meta property=\"article:publisher\" content=\"https:\/\/www.facebook.com\/vinotekasodcek\/\" \/>\n<meta property=\"article:modified_time\" content=\"2026-02-17T17:02:13+00:00\" \/>\n<meta property=\"og:image\" content=\"https:\/\/vinoteka-sodcek.si\/wp-content\/uploads\/movia-vina-puro_rose_0.jpg\" \/>\n\t<meta property=\"og:image:width\" content=\"139\" \/>\n\t<meta property=\"og:image:height\" content=\"450\" \/>\n\t<meta property=\"og:image:type\" content=\"image\/jpeg\" \/>\n<meta name=\"twitter:card\" content=\"summary_large_image\" \/>\n<!-- \/ Yoast SEO plugin. -->","yoast_head_json":{"title":"Puro Rose | Vinoteka Sod\u010dek","description":"[:sl]Puro rose Movia je ne\u017ene lososove barve, z fino cvetlico, malce di\u0161i po jagodah. V ustih je vino popolnoma suho, z lepimi, zrelimi, poudarjenimi kislinami.[:en]Puro rose Movia is a delicate salmon colour, with fine flowers, a little strawberry scent. On the palate, the wine is perfectly dry, with lovely, ripe.[:]","robots":{"index":"index","follow":"follow","max-snippet":"max-snippet:-1","max-image-preview":"max-image-preview:large","max-video-preview":"max-video-preview:-1"},"og_locale":"en_US","og_type":"article","og_title":"[:sl]Puro Rose[:en]Puro Rose[:] | Vinoteka Sod\u010dek","og_description":"[:sl]Puro rose Movia je ne\u017ene lososove barve, z fino cvetlico, malce di\u0161i po jagodah. V ustih je vino popolnoma suho, z lepimi, zrelimi, poudarjenimi kislinami.[:en]Puro rose Movia is a delicate salmon colour, with fine flowers, a little strawberry scent. On the palate, the wine is perfectly dry, with lovely, ripe.[:]","og_url":"https:\/\/vinoteka-sodcek.si\/en\/shop\/wines\/sparkling-wines\/movia-puro-rose\/","og_site_name":"Vinoteka Sod\u010dek","article_publisher":"https:\/\/www.facebook.com\/vinotekasodcek\/","article_modified_time":"2026-02-17T17:02:13+00:00","og_image":[{"width":139,"height":450,"url":"https:\/\/vinoteka-sodcek.si\/wp-content\/uploads\/movia-vina-puro_rose_0.jpg","type":"image\/jpeg"}],"twitter_card":"summary_large_image","schema":{"@context":"https:\/\/schema.org","@graph":[{"@type":"WebPage","@id":"https:\/\/vinoteka-sodcek.si\/trgovina\/vina\/peneca-vina\/movia-puro-rose\/","url":"https:\/\/vinoteka-sodcek.si\/trgovina\/vina\/peneca-vina\/movia-puro-rose\/","name":"[:sl]Puro Rose[:en]Puro Rose[:] | Vinoteka Sod\u010dek","isPartOf":{"@id":"https:\/\/vinoteka-sodcek.si\/#website"},"primaryImageOfPage":{"@id":"https:\/\/vinoteka-sodcek.si\/trgovina\/vina\/peneca-vina\/movia-puro-rose\/#primaryimage"},"image":{"@id":"https:\/\/vinoteka-sodcek.si\/trgovina\/vina\/peneca-vina\/movia-puro-rose\/#primaryimage"},"thumbnailUrl":"https:\/\/vinoteka-sodcek.si\/wp-content\/uploads\/movia-vina-puro_rose_0.jpg","datePublished":"2024-03-15T16:20:23+00:00","dateModified":"2026-02-17T17:02:13+00:00","description":"[:sl]Puro rose Movia je ne\u017ene lososove barve, z fino cvetlico, malce di\u0161i po jagodah. V ustih je vino popolnoma suho, z lepimi, zrelimi, poudarjenimi kislinami.[:en]Puro rose Movia is a delicate salmon colour, with fine flowers, a little strawberry scent. On the palate, the wine is perfectly dry, with lovely, ripe.[:]","breadcrumb":{"@id":"https:\/\/vinoteka-sodcek.si\/trgovina\/vina\/peneca-vina\/movia-puro-rose\/#breadcrumb"},"inLanguage":"en-US","potentialAction":[{"@type":"ReadAction","target":["https:\/\/vinoteka-sodcek.si\/trgovina\/vina\/peneca-vina\/movia-puro-rose\/"]}]},{"@type":"ImageObject","inLanguage":"en-US","@id":"https:\/\/vinoteka-sodcek.si\/trgovina\/vina\/peneca-vina\/movia-puro-rose\/#primaryimage","url":"https:\/\/vinoteka-sodcek.si\/wp-content\/uploads\/movia-vina-puro_rose_0.jpg","contentUrl":"https:\/\/vinoteka-sodcek.si\/wp-content\/uploads\/movia-vina-puro_rose_0.jpg","width":139,"height":450},{"@type":"BreadcrumbList","@id":"https:\/\/vinoteka-sodcek.si\/trgovina\/vina\/peneca-vina\/movia-puro-rose\/#breadcrumb","itemListElement":[{"@type":"ListItem","position":1,"name":"Home","item":"https:\/\/vinoteka-sodcek.si\/en\/"},{"@type":"ListItem","position":2,"name":"Trgovina","item":"https:\/\/vinoteka-sodcek.si\/trgovina\/"},{"@type":"ListItem","position":3,"name":"Puro Rose"}]},{"@type":"WebSite","@id":"https:\/\/vinoteka-sodcek.si\/#website","url":"https:\/\/vinoteka-sodcek.si\/","name":"Vinoteka Sod\u010dek","description":"Vinoteka z vrhunskimi vini","publisher":{"@id":"https:\/\/vinoteka-sodcek.si\/#organization"},"potentialAction":[{"@type":"SearchAction","target":{"@type":"EntryPoint","urlTemplate":"https:\/\/vinoteka-sodcek.si\/?s={search_term_string}"},"query-input":"required name=search_term_string"}],"inLanguage":"en-US"},{"@type":"Organization","@id":"https:\/\/vinoteka-sodcek.si\/#organization","name":"Vinoteka Sod\u010dek, Ale\u0161 \u010ceba\u0161ek s.p.","url":"https:\/\/vinoteka-sodcek.si\/","logo":{"@type":"ImageObject","inLanguage":"en-US","@id":"https:\/\/vinoteka-sodcek.si\/#\/schema\/logo\/image\/","url":"https:\/\/beta.vinoteka-sodcek.si\/wp-content\/uploads\/vinoteka-sodcek-logo.png","contentUrl":"https:\/\/beta.vinoteka-sodcek.si\/wp-content\/uploads\/vinoteka-sodcek-logo.png","width":300,"height":90,"caption":"Vinoteka Sod\u010dek, Ale\u0161 \u010ceba\u0161ek s.p."},"image":{"@id":"https:\/\/vinoteka-sodcek.si\/#\/schema\/logo\/image\/"},"sameAs":["https:\/\/www.facebook.com\/vinotekasodcek\/"]}]}},"_links":{"self":[{"href":"https:\/\/vinoteka-sodcek.si\/en\/wp-json\/\/wp\/v2\/product\/502"}],"collection":[{"href":"https:\/\/vinoteka-sodcek.si\/en\/wp-json\/\/wp\/v2\/product"}],"about":[{"href":"https:\/\/vinoteka-sodcek.si\/en\/wp-json\/\/wp\/v2\/types\/product"}],"wp:featuredmedia":[{"embeddable":true,"href":"https:\/\/vinoteka-sodcek.si\/en\/wp-json\/\/wp\/v2\/media\/501"}],"wp:attachment":[{"href":"https:\/\/vinoteka-sodcek.si\/en\/wp-json\/\/wp\/v2\/media?parent=502"}],"wp:term":[{"taxonomy":"product_cat","embeddable":true,"href":"https:\/\/vinoteka-sodcek.si\/en\/wp-json\/\/wp\/v2\/product_cat?post=502"},{"taxonomy":"product_tag","embeddable":true,"href":"https:\/\/vinoteka-sodcek.si\/en\/wp-json\/\/wp\/v2\/product_tag?post=502"}],"curies":[{"name":"wp","href":"https:\/\/api.w.org\/{rel}","templated":true}]}}