{"id":504,"date":"2024-03-15T17:20:24","date_gmt":"2024-03-15T16:20:24","guid":{"rendered":"http:\/\/192.168.64.105\/GitHub\/vinoteka-sodcek\/trgovina\/uncategorized\/movia-turno-rdece\/"},"modified":"2026-02-06T19:41:19","modified_gmt":"2026-02-06T18:41:19","slug":"movia-turno-rdece","status":"publish","type":"product","link":"https:\/\/vinoteka-sodcek.si\/en\/shop\/wines\/red-wines\/movia-turno-rdece\/","title":{"rendered":"Turno red"},"content":{"rendered":"<p>After the harvest, the wine is macerated for 2 weeks with controlled temperature and indigenous yeasts. This is followed by 18 months of maturation 50% in oak barrels and 50% in Eggoist concrete eggs.<\/p>\n<p>It is translucent ruby red in colour, with intense flowers offering a blend of ripe black berry fruit with maturation in wooden barrels. Ripe plum, black cherry, chocolate too. On the palate it is soft, with velvety tannins, freshness and minerality are pronounced.<\/p>\n","protected":false},"excerpt":{"rendered":"<p>After the harvest, the wine is macerated for 2 weeks with controlled temperature and indigenous yeasts. This is followed by 18 months of maturation 50% in oak barrels and 50% in&#8230;<\/p>\n","protected":false},"featured_media":3364,"template":"","meta":[],"product_cat":[20],"product_tag":[],"acf":[],"yoast_head":"<!-- This site is optimized with the Yoast SEO plugin v22.2 - https:\/\/yoast.com\/wordpress\/plugins\/seo\/ -->\n<title>Turno red | Vinoteka Sod\u010dek<\/title>\n<meta name=\"description\" content=\"Turno rde\u010de Movia is a translucent ruby-red, intense flower that offers a blend of ripe black berries with aging in wooden barrels.\" \/>\n<meta name=\"robots\" content=\"index, follow, max-snippet:-1, max-image-preview:large, max-video-preview:-1\" \/>\n<meta property=\"og:locale\" content=\"en_US\" \/>\n<meta property=\"og:type\" content=\"article\" \/>\n<meta property=\"og:title\" content=\"Turno red\" \/>\n<meta property=\"og:description\" content=\"Turno rde\u010de Movia is a translucent ruby-red, intense flower that offers a blend of ripe black berries with aging in wooden barrels.\" \/>\n<meta property=\"og:url\" content=\"https:\/\/vinoteka-sodcek.si\/en\/shop\/wines\/red-wines\/movia-turno-rdece\/\" \/>\n<meta property=\"og:site_name\" content=\"Vinoteka Sod\u010dek\" \/>\n<meta property=\"article:publisher\" content=\"https:\/\/www.facebook.com\/vinotekasodcek\/\" \/>\n<meta property=\"article:modified_time\" content=\"2026-02-06T18:41:19+00:00\" \/>\n<meta property=\"og:image\" content=\"https:\/\/vinoteka-sodcek.si\/wp-content\/uploads\/movia-vina-turno_rdece_2022.png\" \/>\n\t<meta property=\"og:image:width\" content=\"194\" \/>\n\t<meta property=\"og:image:height\" content=\"836\" \/>\n\t<meta property=\"og:image:type\" content=\"image\/png\" \/>\n<meta name=\"twitter:card\" content=\"summary_large_image\" \/>\n<!-- \/ Yoast SEO plugin. -->","yoast_head_json":{"title":"Turno red | Vinoteka Sod\u010dek","description":"[:sl]Turno rde\u010de Movia je prosojno rubinasto rde\u010do barve, intenzivne cvetlice ki ponuja preplet zrelega \u010drnega jagodi\u010devja z zorenjem v lesenih sodih.[:en]Turno rde\u010de Movia is a translucent ruby-red, intense flower that offers a blend of ripe black berries with aging in wooden barrels.[:]","robots":{"index":"index","follow":"follow","max-snippet":"max-snippet:-1","max-image-preview":"max-image-preview:large","max-video-preview":"max-video-preview:-1"},"og_locale":"en_US","og_type":"article","og_title":"[:sl]Turno rde\u010de[:en]Turno red[:] | Vinoteka Sod\u010dek","og_description":"[:sl]Turno rde\u010de Movia je prosojno rubinasto rde\u010do barve, intenzivne cvetlice ki ponuja preplet zrelega \u010drnega jagodi\u010devja z zorenjem v lesenih sodih.[:en]Turno rde\u010de Movia is a translucent ruby-red, intense flower that offers a blend of ripe black berries with aging in wooden barrels.[:]","og_url":"https:\/\/vinoteka-sodcek.si\/en\/shop\/wines\/red-wines\/movia-turno-rdece\/","og_site_name":"Vinoteka Sod\u010dek","article_publisher":"https:\/\/www.facebook.com\/vinotekasodcek\/","article_modified_time":"2026-02-06T18:41:19+00:00","og_image":[{"width":194,"height":836,"url":"https:\/\/vinoteka-sodcek.si\/wp-content\/uploads\/movia-vina-turno_rdece_2022.png","type":"image\/png"}],"twitter_card":"summary_large_image","schema":{"@context":"https:\/\/schema.org","@graph":[{"@type":"WebPage","@id":"https:\/\/vinoteka-sodcek.si\/trgovina\/vina\/rdeca-vina\/movia-turno-rdece\/","url":"https:\/\/vinoteka-sodcek.si\/trgovina\/vina\/rdeca-vina\/movia-turno-rdece\/","name":"[:sl]Turno rde\u010de[:en]Turno red[:] | Vinoteka Sod\u010dek","isPartOf":{"@id":"https:\/\/vinoteka-sodcek.si\/#website"},"primaryImageOfPage":{"@id":"https:\/\/vinoteka-sodcek.si\/trgovina\/vina\/rdeca-vina\/movia-turno-rdece\/#primaryimage"},"image":{"@id":"https:\/\/vinoteka-sodcek.si\/trgovina\/vina\/rdeca-vina\/movia-turno-rdece\/#primaryimage"},"thumbnailUrl":"https:\/\/vinoteka-sodcek.si\/wp-content\/uploads\/movia-vina-turno_rdece_2022.png","datePublished":"2024-03-15T16:20:24+00:00","dateModified":"2026-02-06T18:41:19+00:00","description":"[:sl]Turno rde\u010de Movia je prosojno rubinasto rde\u010do barve, intenzivne cvetlice ki ponuja preplet zrelega \u010drnega jagodi\u010devja z zorenjem v lesenih sodih.[:en]Turno rde\u010de Movia is a translucent ruby-red, intense flower that offers a blend of ripe black berries with aging in wooden barrels.[:]","breadcrumb":{"@id":"https:\/\/vinoteka-sodcek.si\/trgovina\/vina\/rdeca-vina\/movia-turno-rdece\/#breadcrumb"},"inLanguage":"en-US","potentialAction":[{"@type":"ReadAction","target":["https:\/\/vinoteka-sodcek.si\/trgovina\/vina\/rdeca-vina\/movia-turno-rdece\/"]}]},{"@type":"ImageObject","inLanguage":"en-US","@id":"https:\/\/vinoteka-sodcek.si\/trgovina\/vina\/rdeca-vina\/movia-turno-rdece\/#primaryimage","url":"https:\/\/vinoteka-sodcek.si\/wp-content\/uploads\/movia-vina-turno_rdece_2022.png","contentUrl":"https:\/\/vinoteka-sodcek.si\/wp-content\/uploads\/movia-vina-turno_rdece_2022.png","width":194,"height":836},{"@type":"BreadcrumbList","@id":"https:\/\/vinoteka-sodcek.si\/trgovina\/vina\/rdeca-vina\/movia-turno-rdece\/#breadcrumb","itemListElement":[{"@type":"ListItem","position":1,"name":"Home","item":"https:\/\/vinoteka-sodcek.si\/en\/"},{"@type":"ListItem","position":2,"name":"Trgovina","item":"https:\/\/vinoteka-sodcek.si\/trgovina\/"},{"@type":"ListItem","position":3,"name":"Turno rde\u010de"}]},{"@type":"WebSite","@id":"https:\/\/vinoteka-sodcek.si\/#website","url":"https:\/\/vinoteka-sodcek.si\/","name":"Vinoteka Sod\u010dek","description":"Vinoteka z vrhunskimi vini","publisher":{"@id":"https:\/\/vinoteka-sodcek.si\/#organization"},"potentialAction":[{"@type":"SearchAction","target":{"@type":"EntryPoint","urlTemplate":"https:\/\/vinoteka-sodcek.si\/?s={search_term_string}"},"query-input":"required name=search_term_string"}],"inLanguage":"en-US"},{"@type":"Organization","@id":"https:\/\/vinoteka-sodcek.si\/#organization","name":"Vinoteka Sod\u010dek, Ale\u0161 \u010ceba\u0161ek s.p.","url":"https:\/\/vinoteka-sodcek.si\/","logo":{"@type":"ImageObject","inLanguage":"en-US","@id":"https:\/\/vinoteka-sodcek.si\/#\/schema\/logo\/image\/","url":"https:\/\/beta.vinoteka-sodcek.si\/wp-content\/uploads\/vinoteka-sodcek-logo.png","contentUrl":"https:\/\/beta.vinoteka-sodcek.si\/wp-content\/uploads\/vinoteka-sodcek-logo.png","width":300,"height":90,"caption":"Vinoteka Sod\u010dek, Ale\u0161 \u010ceba\u0161ek s.p."},"image":{"@id":"https:\/\/vinoteka-sodcek.si\/#\/schema\/logo\/image\/"},"sameAs":["https:\/\/www.facebook.com\/vinotekasodcek\/"]}]}},"_links":{"self":[{"href":"https:\/\/vinoteka-sodcek.si\/en\/wp-json\/\/wp\/v2\/product\/504"}],"collection":[{"href":"https:\/\/vinoteka-sodcek.si\/en\/wp-json\/\/wp\/v2\/product"}],"about":[{"href":"https:\/\/vinoteka-sodcek.si\/en\/wp-json\/\/wp\/v2\/types\/product"}],"wp:featuredmedia":[{"embeddable":true,"href":"https:\/\/vinoteka-sodcek.si\/en\/wp-json\/\/wp\/v2\/media\/3364"}],"wp:attachment":[{"href":"https:\/\/vinoteka-sodcek.si\/en\/wp-json\/\/wp\/v2\/media?parent=504"}],"wp:term":[{"taxonomy":"product_cat","embeddable":true,"href":"https:\/\/vinoteka-sodcek.si\/en\/wp-json\/\/wp\/v2\/product_cat?post=504"},{"taxonomy":"product_tag","embeddable":true,"href":"https:\/\/vinoteka-sodcek.si\/en\/wp-json\/\/wp\/v2\/product_tag?post=504"}],"curies":[{"name":"wp","href":"https:\/\/api.w.org\/{rel}","templated":true}]}}