{"id":506,"date":"2024-03-15T17:20:24","date_gmt":"2024-03-15T16:20:24","guid":{"rendered":"http:\/\/192.168.64.105\/GitHub\/vinoteka-sodcek\/trgovina\/uncategorized\/movia-kapovolto\/"},"modified":"2025-11-14T19:35:34","modified_gmt":"2025-11-14T18:35:34","slug":"movia-kapovolto","status":"publish","type":"product","link":"https:\/\/vinoteka-sodcek.si\/en\/shop\/wines\/sparkling-wines\/movia-kapovolto\/","title":{"rendered":"Kapovolto"},"content":{"rendered":"<p>The basic wine was produced from organic chardonnay. The fermentation took place with its own yeasts, but then the year matured. Before harvesting the next year, he was bottled without filtration and added a fluid of the liquid year as a licard. Thus, secondary fermentation was triggered, and she matured for 4 years on a bottle. No dosage after degrees.<\/p>\n<p>It is deep golden yellow in color, ripe aromas of peaches, apples, lemons, also rosemary. It is very dry, soft, rich in the mouth.<\/p>\n<p>It is an intense and structured sparkling wine with an elegant, mineral and durable aftertaste.<\/p>\n","protected":false},"excerpt":{"rendered":"<p>The basic wine was produced from organic chardonnay. The fermentation took place with its own yeasts, but then the year matured. Before harvesting the next year, he was bottled without filtration&#8230;<\/p>\n","protected":false},"featured_media":505,"template":"","meta":[],"product_cat":[22],"product_tag":[],"acf":[],"yoast_head":"<!-- This site is optimized with the Yoast SEO plugin v22.2 - https:\/\/yoast.com\/wordpress\/plugins\/seo\/ -->\n<title>Kapovolto | Vinoteka Sod\u010dek<\/title>\n<meta name=\"description\" content=\"Kapovolto Movia is is a deep golden yellow colour, ripe aromas of peach, apple, lemon, rosemary. On the palate it is very dry, soft and rich.\" \/>\n<meta name=\"robots\" content=\"index, follow, max-snippet:-1, max-image-preview:large, max-video-preview:-1\" \/>\n<meta property=\"og:locale\" content=\"en_US\" \/>\n<meta property=\"og:type\" content=\"article\" \/>\n<meta property=\"og:title\" content=\"Kapovolto\" \/>\n<meta property=\"og:description\" content=\"Kapovolto Movia is is a deep golden yellow colour, ripe aromas of peach, apple, lemon, rosemary. On the palate it is very dry, soft and rich.\" \/>\n<meta property=\"og:url\" content=\"https:\/\/vinoteka-sodcek.si\/en\/shop\/wines\/sparkling-wines\/movia-kapovolto\/\" \/>\n<meta property=\"og:site_name\" content=\"Vinoteka Sod\u010dek\" \/>\n<meta property=\"article:publisher\" content=\"https:\/\/www.facebook.com\/vinotekasodcek\/\" \/>\n<meta property=\"article:modified_time\" content=\"2025-11-14T18:35:34+00:00\" \/>\n<meta property=\"og:image\" content=\"https:\/\/vinoteka-sodcek.si\/wp-content\/uploads\/movia-vina-movia-vina-kapovolto.jpg\" \/>\n\t<meta property=\"og:image:width\" content=\"254\" \/>\n\t<meta property=\"og:image:height\" content=\"836\" \/>\n\t<meta property=\"og:image:type\" content=\"image\/jpeg\" \/>\n<meta name=\"twitter:card\" content=\"summary_large_image\" \/>\n<!-- \/ Yoast SEO plugin. -->","yoast_head_json":{"title":"Kapovolto | Vinoteka Sod\u010dek","description":"[:sl]Kapovolto Movia je globoke zlatorumene barve, zrele arome breskve, jabolka, limone, tudi ro\u017emarina. V ustih je zelo suha, mehka, bogata.[:en]Kapovolto Movia is is a deep golden yellow colour, ripe aromas of peach, apple, lemon, rosemary. On the palate it is very dry, soft and rich.[:]","robots":{"index":"index","follow":"follow","max-snippet":"max-snippet:-1","max-image-preview":"max-image-preview:large","max-video-preview":"max-video-preview:-1"},"og_locale":"en_US","og_type":"article","og_title":"[:sl]Kapovolto[:en]Kapovolto[:] | Vinoteka Sod\u010dek","og_description":"[:sl]Kapovolto Movia je globoke zlatorumene barve, zrele arome breskve, jabolka, limone, tudi ro\u017emarina. V ustih je zelo suha, mehka, bogata.[:en]Kapovolto Movia is is a deep golden yellow colour, ripe aromas of peach, apple, lemon, rosemary. On the palate it is very dry, soft and rich.[:]","og_url":"https:\/\/vinoteka-sodcek.si\/en\/shop\/wines\/sparkling-wines\/movia-kapovolto\/","og_site_name":"Vinoteka Sod\u010dek","article_publisher":"https:\/\/www.facebook.com\/vinotekasodcek\/","article_modified_time":"2025-11-14T18:35:34+00:00","og_image":[{"width":254,"height":836,"url":"https:\/\/vinoteka-sodcek.si\/wp-content\/uploads\/movia-vina-movia-vina-kapovolto.jpg","type":"image\/jpeg"}],"twitter_card":"summary_large_image","schema":{"@context":"https:\/\/schema.org","@graph":[{"@type":"WebPage","@id":"https:\/\/vinoteka-sodcek.si\/en\/shop\/wines\/sparkling-wines\/movia-kapovolto\/","url":"https:\/\/vinoteka-sodcek.si\/en\/shop\/wines\/sparkling-wines\/movia-kapovolto\/","name":"[:sl]Kapovolto[:en]Kapovolto[:] | Vinoteka Sod\u010dek","isPartOf":{"@id":"https:\/\/vinoteka-sodcek.si\/#website"},"primaryImageOfPage":{"@id":"https:\/\/vinoteka-sodcek.si\/en\/shop\/wines\/sparkling-wines\/movia-kapovolto\/#primaryimage"},"image":{"@id":"https:\/\/vinoteka-sodcek.si\/en\/shop\/wines\/sparkling-wines\/movia-kapovolto\/#primaryimage"},"thumbnailUrl":"https:\/\/vinoteka-sodcek.si\/wp-content\/uploads\/movia-vina-movia-vina-kapovolto.jpg","datePublished":"2024-03-15T16:20:24+00:00","dateModified":"2025-11-14T18:35:34+00:00","description":"[:sl]Kapovolto Movia je globoke zlatorumene barve, zrele arome breskve, jabolka, limone, tudi ro\u017emarina. V ustih je zelo suha, mehka, bogata.[:en]Kapovolto Movia is is a deep golden yellow colour, ripe aromas of peach, apple, lemon, rosemary. On the palate it is very dry, soft and rich.[:]","breadcrumb":{"@id":"https:\/\/vinoteka-sodcek.si\/en\/shop\/wines\/sparkling-wines\/movia-kapovolto\/#breadcrumb"},"inLanguage":"en-US","potentialAction":[{"@type":"ReadAction","target":["https:\/\/vinoteka-sodcek.si\/en\/shop\/wines\/sparkling-wines\/movia-kapovolto\/"]}]},{"@type":"ImageObject","inLanguage":"en-US","@id":"https:\/\/vinoteka-sodcek.si\/en\/shop\/wines\/sparkling-wines\/movia-kapovolto\/#primaryimage","url":"https:\/\/vinoteka-sodcek.si\/wp-content\/uploads\/movia-vina-movia-vina-kapovolto.jpg","contentUrl":"https:\/\/vinoteka-sodcek.si\/wp-content\/uploads\/movia-vina-movia-vina-kapovolto.jpg","width":254,"height":836},{"@type":"BreadcrumbList","@id":"https:\/\/vinoteka-sodcek.si\/en\/shop\/wines\/sparkling-wines\/movia-kapovolto\/#breadcrumb","itemListElement":[{"@type":"ListItem","position":1,"name":"Home","item":"https:\/\/vinoteka-sodcek.si\/en\/"},{"@type":"ListItem","position":2,"name":"Trgovina","item":"https:\/\/vinoteka-sodcek.si\/trgovina\/"},{"@type":"ListItem","position":3,"name":"Kapovolto"}]},{"@type":"WebSite","@id":"https:\/\/vinoteka-sodcek.si\/#website","url":"https:\/\/vinoteka-sodcek.si\/","name":"Vinoteka Sod\u010dek","description":"Vinoteka z vrhunskimi vini","publisher":{"@id":"https:\/\/vinoteka-sodcek.si\/#organization"},"potentialAction":[{"@type":"SearchAction","target":{"@type":"EntryPoint","urlTemplate":"https:\/\/vinoteka-sodcek.si\/?s={search_term_string}"},"query-input":"required name=search_term_string"}],"inLanguage":"en-US"},{"@type":"Organization","@id":"https:\/\/vinoteka-sodcek.si\/#organization","name":"Vinoteka Sod\u010dek, Ale\u0161 \u010ceba\u0161ek s.p.","url":"https:\/\/vinoteka-sodcek.si\/","logo":{"@type":"ImageObject","inLanguage":"en-US","@id":"https:\/\/vinoteka-sodcek.si\/#\/schema\/logo\/image\/","url":"https:\/\/beta.vinoteka-sodcek.si\/wp-content\/uploads\/vinoteka-sodcek-logo.png","contentUrl":"https:\/\/beta.vinoteka-sodcek.si\/wp-content\/uploads\/vinoteka-sodcek-logo.png","width":300,"height":90,"caption":"Vinoteka Sod\u010dek, Ale\u0161 \u010ceba\u0161ek s.p."},"image":{"@id":"https:\/\/vinoteka-sodcek.si\/#\/schema\/logo\/image\/"},"sameAs":["https:\/\/www.facebook.com\/vinotekasodcek\/"]}]}},"_links":{"self":[{"href":"https:\/\/vinoteka-sodcek.si\/en\/wp-json\/\/wp\/v2\/product\/506"}],"collection":[{"href":"https:\/\/vinoteka-sodcek.si\/en\/wp-json\/\/wp\/v2\/product"}],"about":[{"href":"https:\/\/vinoteka-sodcek.si\/en\/wp-json\/\/wp\/v2\/types\/product"}],"wp:featuredmedia":[{"embeddable":true,"href":"https:\/\/vinoteka-sodcek.si\/en\/wp-json\/\/wp\/v2\/media\/505"}],"wp:attachment":[{"href":"https:\/\/vinoteka-sodcek.si\/en\/wp-json\/\/wp\/v2\/media?parent=506"}],"wp:term":[{"taxonomy":"product_cat","embeddable":true,"href":"https:\/\/vinoteka-sodcek.si\/en\/wp-json\/\/wp\/v2\/product_cat?post=506"},{"taxonomy":"product_tag","embeddable":true,"href":"https:\/\/vinoteka-sodcek.si\/en\/wp-json\/\/wp\/v2\/product_tag?post=506"}],"curies":[{"name":"wp","href":"https:\/\/api.w.org\/{rel}","templated":true}]}}