{"id":518,"date":"2024-03-15T17:20:24","date_gmt":"2024-03-15T16:20:24","guid":{"rendered":"http:\/\/192.168.64.105\/GitHub\/vinoteka-sodcek\/trgovina\/uncategorized\/klet-brda-bagueri-merlot\/"},"modified":"2025-02-19T08:16:24","modified_gmt":"2025-02-19T07:16:24","slug":"klet-brda-bagueri-merlot","status":"publish","type":"product","link":"https:\/\/vinoteka-sodcek.si\/en\/shop\/wines\/red-wines\/klet-brda-bagueri-merlot\/","title":{"rendered":"BAGUERI Merlot"},"content":{"rendered":"<p>After the final harvest, the wine was macerated for 15 days and then matured for 24 months in French barriques. This was followed by a consolidation of the best barrels and further maturation in stainless steel tanks.<\/p>\n<p>It is a dark velvety ruby colour. Aromas of blackcurrant, plum jam, cocoa, chocolate and mint. Soft on the palate, with pleasant notes of ripe berries and plum, then a characteristic hint of dark chocolate. A pleasantly long and warm departure.<\/p>\n","protected":false},"excerpt":{"rendered":"<p>After the final harvest, the wine was macerated for 15 days and then matured for 24 months in French barriques. This was followed by a consolidation of the best barrels and&#8230;<\/p>\n","protected":false},"featured_media":517,"template":"","meta":[],"product_cat":[20],"product_tag":[],"acf":[],"yoast_head":"<!-- This site is optimized with the Yoast SEO plugin v22.2 - https:\/\/yoast.com\/wordpress\/plugins\/seo\/ -->\n<title>BAGUERI Merlot | Vinoteka Sod\u010dek<\/title>\n<meta name=\"description\" content=\"Merlot Bagueri Klet brda is a dark velvety ruby colour. Accentuated aromas of blackcurrant, plum jam, cocoa, chocolate and mint.\" \/>\n<meta name=\"robots\" content=\"index, follow, max-snippet:-1, max-image-preview:large, max-video-preview:-1\" \/>\n<meta property=\"og:locale\" content=\"en_US\" \/>\n<meta property=\"og:type\" content=\"article\" \/>\n<meta property=\"og:title\" content=\"BAGUERI Merlot\" \/>\n<meta property=\"og:description\" content=\"Merlot Bagueri Klet brda is a dark velvety ruby colour. Accentuated aromas of blackcurrant, plum jam, cocoa, chocolate and mint.\" \/>\n<meta property=\"og:url\" content=\"https:\/\/vinoteka-sodcek.si\/en\/shop\/wines\/red-wines\/klet-brda-bagueri-merlot\/\" \/>\n<meta property=\"og:site_name\" content=\"Vinoteka Sod\u010dek\" \/>\n<meta property=\"article:publisher\" content=\"https:\/\/www.facebook.com\/vinotekasodcek\/\" \/>\n<meta property=\"article:modified_time\" content=\"2025-02-19T07:16:24+00:00\" \/>\n<meta property=\"og:image\" content=\"https:\/\/vinoteka-sodcek.si\/wp-content\/uploads\/merlot-570x855-1-2.jpg\" \/>\n\t<meta property=\"og:image:width\" content=\"159\" \/>\n\t<meta property=\"og:image:height\" content=\"673\" \/>\n\t<meta property=\"og:image:type\" content=\"image\/jpeg\" \/>\n<meta name=\"twitter:card\" content=\"summary_large_image\" \/>\n<!-- \/ Yoast SEO plugin. -->","yoast_head_json":{"title":"BAGUERI Merlot | Vinoteka Sod\u010dek","description":"[:sl]Merlot Bagueri Klet brda je temne \u017eametno rubinaste barve. Poudarjena aroma po \u010drnem ribezu, slivovi marmeladi, kakavu, \u010dokoladi in meti.[:en]Merlot Bagueri Klet brda is a dark velvety ruby colour. Accentuated aromas of blackcurrant, plum jam, cocoa, chocolate and mint.[:]","robots":{"index":"index","follow":"follow","max-snippet":"max-snippet:-1","max-image-preview":"max-image-preview:large","max-video-preview":"max-video-preview:-1"},"og_locale":"en_US","og_type":"article","og_title":"[:sl]BAGUERI Merlot[:en]BAGUERI Merlot[:] | Vinoteka Sod\u010dek","og_description":"[:sl]Merlot Bagueri Klet brda je temne \u017eametno rubinaste barve. Poudarjena aroma po \u010drnem ribezu, slivovi marmeladi, kakavu, \u010dokoladi in meti.[:en]Merlot Bagueri Klet brda is a dark velvety ruby colour. Accentuated aromas of blackcurrant, plum jam, cocoa, chocolate and mint.[:]","og_url":"https:\/\/vinoteka-sodcek.si\/en\/shop\/wines\/red-wines\/klet-brda-bagueri-merlot\/","og_site_name":"Vinoteka Sod\u010dek","article_publisher":"https:\/\/www.facebook.com\/vinotekasodcek\/","article_modified_time":"2025-02-19T07:16:24+00:00","og_image":[{"width":159,"height":673,"url":"https:\/\/vinoteka-sodcek.si\/wp-content\/uploads\/merlot-570x855-1-2.jpg","type":"image\/jpeg"}],"twitter_card":"summary_large_image","schema":{"@context":"https:\/\/schema.org","@graph":[{"@type":"WebPage","@id":"https:\/\/vinoteka-sodcek.si\/trgovina\/vina\/rdeca-vina\/klet-brda-bagueri-merlot\/","url":"https:\/\/vinoteka-sodcek.si\/trgovina\/vina\/rdeca-vina\/klet-brda-bagueri-merlot\/","name":"[:sl]BAGUERI Merlot[:en]BAGUERI Merlot[:] | Vinoteka Sod\u010dek","isPartOf":{"@id":"https:\/\/vinoteka-sodcek.si\/#website"},"primaryImageOfPage":{"@id":"https:\/\/vinoteka-sodcek.si\/trgovina\/vina\/rdeca-vina\/klet-brda-bagueri-merlot\/#primaryimage"},"image":{"@id":"https:\/\/vinoteka-sodcek.si\/trgovina\/vina\/rdeca-vina\/klet-brda-bagueri-merlot\/#primaryimage"},"thumbnailUrl":"https:\/\/vinoteka-sodcek.si\/wp-content\/uploads\/merlot-570x855-1-2.jpg","datePublished":"2024-03-15T16:20:24+00:00","dateModified":"2025-02-19T07:16:24+00:00","description":"[:sl]Merlot Bagueri Klet brda je temne \u017eametno rubinaste barve. Poudarjena aroma po \u010drnem ribezu, slivovi marmeladi, kakavu, \u010dokoladi in meti.[:en]Merlot Bagueri Klet brda is a dark velvety ruby colour. Accentuated aromas of blackcurrant, plum jam, cocoa, chocolate and mint.[:]","breadcrumb":{"@id":"https:\/\/vinoteka-sodcek.si\/trgovina\/vina\/rdeca-vina\/klet-brda-bagueri-merlot\/#breadcrumb"},"inLanguage":"en-US","potentialAction":[{"@type":"ReadAction","target":["https:\/\/vinoteka-sodcek.si\/trgovina\/vina\/rdeca-vina\/klet-brda-bagueri-merlot\/"]}]},{"@type":"ImageObject","inLanguage":"en-US","@id":"https:\/\/vinoteka-sodcek.si\/trgovina\/vina\/rdeca-vina\/klet-brda-bagueri-merlot\/#primaryimage","url":"https:\/\/vinoteka-sodcek.si\/wp-content\/uploads\/merlot-570x855-1-2.jpg","contentUrl":"https:\/\/vinoteka-sodcek.si\/wp-content\/uploads\/merlot-570x855-1-2.jpg","width":159,"height":673},{"@type":"BreadcrumbList","@id":"https:\/\/vinoteka-sodcek.si\/trgovina\/vina\/rdeca-vina\/klet-brda-bagueri-merlot\/#breadcrumb","itemListElement":[{"@type":"ListItem","position":1,"name":"Home","item":"https:\/\/vinoteka-sodcek.si\/en\/"},{"@type":"ListItem","position":2,"name":"Trgovina","item":"https:\/\/vinoteka-sodcek.si\/trgovina\/"},{"@type":"ListItem","position":3,"name":"BAGUERI Merlot"}]},{"@type":"WebSite","@id":"https:\/\/vinoteka-sodcek.si\/#website","url":"https:\/\/vinoteka-sodcek.si\/","name":"Vinoteka Sod\u010dek","description":"Vinoteka z vrhunskimi vini","publisher":{"@id":"https:\/\/vinoteka-sodcek.si\/#organization"},"potentialAction":[{"@type":"SearchAction","target":{"@type":"EntryPoint","urlTemplate":"https:\/\/vinoteka-sodcek.si\/?s={search_term_string}"},"query-input":"required name=search_term_string"}],"inLanguage":"en-US"},{"@type":"Organization","@id":"https:\/\/vinoteka-sodcek.si\/#organization","name":"Vinoteka Sod\u010dek, Ale\u0161 \u010ceba\u0161ek s.p.","url":"https:\/\/vinoteka-sodcek.si\/","logo":{"@type":"ImageObject","inLanguage":"en-US","@id":"https:\/\/vinoteka-sodcek.si\/#\/schema\/logo\/image\/","url":"https:\/\/beta.vinoteka-sodcek.si\/wp-content\/uploads\/vinoteka-sodcek-logo.png","contentUrl":"https:\/\/beta.vinoteka-sodcek.si\/wp-content\/uploads\/vinoteka-sodcek-logo.png","width":300,"height":90,"caption":"Vinoteka Sod\u010dek, Ale\u0161 \u010ceba\u0161ek s.p."},"image":{"@id":"https:\/\/vinoteka-sodcek.si\/#\/schema\/logo\/image\/"},"sameAs":["https:\/\/www.facebook.com\/vinotekasodcek\/"]}]}},"_links":{"self":[{"href":"https:\/\/vinoteka-sodcek.si\/en\/wp-json\/\/wp\/v2\/product\/518"}],"collection":[{"href":"https:\/\/vinoteka-sodcek.si\/en\/wp-json\/\/wp\/v2\/product"}],"about":[{"href":"https:\/\/vinoteka-sodcek.si\/en\/wp-json\/\/wp\/v2\/types\/product"}],"wp:featuredmedia":[{"embeddable":true,"href":"https:\/\/vinoteka-sodcek.si\/en\/wp-json\/\/wp\/v2\/media\/517"}],"wp:attachment":[{"href":"https:\/\/vinoteka-sodcek.si\/en\/wp-json\/\/wp\/v2\/media?parent=518"}],"wp:term":[{"taxonomy":"product_cat","embeddable":true,"href":"https:\/\/vinoteka-sodcek.si\/en\/wp-json\/\/wp\/v2\/product_cat?post=518"},{"taxonomy":"product_tag","embeddable":true,"href":"https:\/\/vinoteka-sodcek.si\/en\/wp-json\/\/wp\/v2\/product_tag?post=518"}],"curies":[{"name":"wp","href":"https:\/\/api.w.org\/{rel}","templated":true}]}}