{"id":526,"date":"2024-03-15T17:20:24","date_gmt":"2024-03-15T16:20:24","guid":{"rendered":"http:\/\/192.168.64.105\/GitHub\/vinoteka-sodcek\/trgovina\/uncategorized\/klet-brda-penina-vigro-magnum\/"},"modified":"2024-10-14T18:35:03","modified_gmt":"2024-10-14T17:35:03","slug":"klet-brda-penina-vigro-magnum","status":"publish","type":"product","link":"https:\/\/vinoteka-sodcek.si\/en\/shop\/wines\/sparkling-wines\/klet-brda-penina-vigro-magnum\/","title":{"rendered":"Penina Virgo"},"content":{"rendered":"<p>Each variety for this sparkling wine is produced separately. Fermentation was held separately 7 months in stainless steel containers for chardonnay, blue pinot and rebula. This was followed by a socializing of all three varieties. The wine was streamed into 1.5l bottles where secondary fermentation took place. The wine has been lying on yeast for 6 years. This was followed by manual degreing and adding a sugar without sugar &#8211; the belt reach.<\/p>\n<p>It is yellow green and golden in color, tiny bubbles are vibrant and energetic. The aroma is complex and seductive, it is detected with a dry fruit with a touch of bread crust. The taste is convinced by the pronounced minerality and the emphasized freshness of citrus. It is perceived by pastries and white fruits, citrus fruits and a full and harmonious mineral that culminates in convincing and long finish.<\/p>\n","protected":false},"excerpt":{"rendered":"<p>Each variety for this sparkling wine is produced separately. Fermentation was held separately 7 months in stainless steel containers for chardonnay, blue pinot and rebula. This was followed by a socializing&#8230;<\/p>\n","protected":false},"featured_media":2053,"template":"","meta":[],"product_cat":[22],"product_tag":[],"acf":[],"yoast_head":"<!-- This site is optimized with the Yoast SEO plugin v22.2 - https:\/\/yoast.com\/wordpress\/plugins\/seo\/ -->\n<title>Penina Virgo | Vinoteka Sod\u010dek<\/title>\n<meta name=\"description\" content=\"Vigro Klet brda sparkling wine is produced using the classic method, with fine, subtle and lively bubbles, mineral and long-lived.\" \/>\n<meta name=\"robots\" content=\"index, follow, max-snippet:-1, max-image-preview:large, max-video-preview:-1\" \/>\n<meta property=\"og:locale\" content=\"en_US\" \/>\n<meta property=\"og:type\" content=\"article\" \/>\n<meta property=\"og:title\" content=\"Penina Virgo\" \/>\n<meta property=\"og:description\" content=\"Vigro Klet brda sparkling wine is produced using the classic method, with fine, subtle and lively bubbles, mineral and long-lived.\" \/>\n<meta property=\"og:url\" content=\"https:\/\/vinoteka-sodcek.si\/en\/shop\/wines\/sparkling-wines\/klet-brda-penina-vigro-magnum\/\" \/>\n<meta property=\"og:site_name\" content=\"Vinoteka Sod\u010dek\" \/>\n<meta property=\"article:publisher\" content=\"https:\/\/www.facebook.com\/vinotekasodcek\/\" \/>\n<meta property=\"article:modified_time\" content=\"2024-10-14T17:35:03+00:00\" \/>\n<meta property=\"og:image\" content=\"https:\/\/vinoteka-sodcek.si\/wp-content\/uploads\/virgo-klet-brda.jpg\" \/>\n\t<meta property=\"og:image:width\" content=\"176\" \/>\n\t<meta property=\"og:image:height\" content=\"630\" \/>\n\t<meta property=\"og:image:type\" content=\"image\/jpeg\" \/>\n<meta name=\"twitter:card\" content=\"summary_large_image\" \/>\n<!-- \/ Yoast SEO plugin. -->","yoast_head_json":{"title":"Penina Virgo | Vinoteka Sod\u010dek","description":"[:sl]Penina Vigro Klet brda je pridelana po klasi\u010dni metodi, je drobnih, subtilnih in \u017eivahnih mehur\u010dkov, mineralna in dolgo\u017eiva.[:en]Vigro Klet brda sparkling wine is produced using the classic method, with fine, subtle and lively bubbles, mineral and long-lived.[:]","robots":{"index":"index","follow":"follow","max-snippet":"max-snippet:-1","max-image-preview":"max-image-preview:large","max-video-preview":"max-video-preview:-1"},"og_locale":"en_US","og_type":"article","og_title":"[:sl]Penina Virgo[:en]Penina Virgo[:] | Vinoteka Sod\u010dek","og_description":"[:sl]Penina Vigro Klet brda je pridelana po klasi\u010dni metodi, je drobnih, subtilnih in \u017eivahnih mehur\u010dkov, mineralna in dolgo\u017eiva.[:en]Vigro Klet brda sparkling wine is produced using the classic method, with fine, subtle and lively bubbles, mineral and long-lived.[:]","og_url":"https:\/\/vinoteka-sodcek.si\/en\/shop\/wines\/sparkling-wines\/klet-brda-penina-vigro-magnum\/","og_site_name":"Vinoteka Sod\u010dek","article_publisher":"https:\/\/www.facebook.com\/vinotekasodcek\/","article_modified_time":"2024-10-14T17:35:03+00:00","og_image":[{"width":176,"height":630,"url":"https:\/\/vinoteka-sodcek.si\/wp-content\/uploads\/virgo-klet-brda.jpg","type":"image\/jpeg"}],"twitter_card":"summary_large_image","schema":{"@context":"https:\/\/schema.org","@graph":[{"@type":"WebPage","@id":"https:\/\/vinoteka-sodcek.si\/trgovina\/vina\/peneca-vina\/klet-brda-penina-vigro-magnum\/","url":"https:\/\/vinoteka-sodcek.si\/trgovina\/vina\/peneca-vina\/klet-brda-penina-vigro-magnum\/","name":"[:sl]Penina Virgo[:en]Penina Virgo[:] | Vinoteka Sod\u010dek","isPartOf":{"@id":"https:\/\/vinoteka-sodcek.si\/#website"},"primaryImageOfPage":{"@id":"https:\/\/vinoteka-sodcek.si\/trgovina\/vina\/peneca-vina\/klet-brda-penina-vigro-magnum\/#primaryimage"},"image":{"@id":"https:\/\/vinoteka-sodcek.si\/trgovina\/vina\/peneca-vina\/klet-brda-penina-vigro-magnum\/#primaryimage"},"thumbnailUrl":"https:\/\/vinoteka-sodcek.si\/wp-content\/uploads\/virgo-klet-brda.jpg","datePublished":"2024-03-15T16:20:24+00:00","dateModified":"2024-10-14T17:35:03+00:00","description":"[:sl]Penina Vigro Klet brda je pridelana po klasi\u010dni metodi, je drobnih, subtilnih in \u017eivahnih mehur\u010dkov, mineralna in dolgo\u017eiva.[:en]Vigro Klet brda sparkling wine is produced using the classic method, with fine, subtle and lively bubbles, mineral and long-lived.[:]","breadcrumb":{"@id":"https:\/\/vinoteka-sodcek.si\/trgovina\/vina\/peneca-vina\/klet-brda-penina-vigro-magnum\/#breadcrumb"},"inLanguage":"en-US","potentialAction":[{"@type":"ReadAction","target":["https:\/\/vinoteka-sodcek.si\/trgovina\/vina\/peneca-vina\/klet-brda-penina-vigro-magnum\/"]}]},{"@type":"ImageObject","inLanguage":"en-US","@id":"https:\/\/vinoteka-sodcek.si\/trgovina\/vina\/peneca-vina\/klet-brda-penina-vigro-magnum\/#primaryimage","url":"https:\/\/vinoteka-sodcek.si\/wp-content\/uploads\/virgo-klet-brda.jpg","contentUrl":"https:\/\/vinoteka-sodcek.si\/wp-content\/uploads\/virgo-klet-brda.jpg","width":176,"height":630},{"@type":"BreadcrumbList","@id":"https:\/\/vinoteka-sodcek.si\/trgovina\/vina\/peneca-vina\/klet-brda-penina-vigro-magnum\/#breadcrumb","itemListElement":[{"@type":"ListItem","position":1,"name":"Home","item":"https:\/\/vinoteka-sodcek.si\/en\/"},{"@type":"ListItem","position":2,"name":"Trgovina","item":"https:\/\/vinoteka-sodcek.si\/trgovina\/"},{"@type":"ListItem","position":3,"name":"Penina Virgo"}]},{"@type":"WebSite","@id":"https:\/\/vinoteka-sodcek.si\/#website","url":"https:\/\/vinoteka-sodcek.si\/","name":"Vinoteka Sod\u010dek","description":"Vinoteka z vrhunskimi vini","publisher":{"@id":"https:\/\/vinoteka-sodcek.si\/#organization"},"potentialAction":[{"@type":"SearchAction","target":{"@type":"EntryPoint","urlTemplate":"https:\/\/vinoteka-sodcek.si\/?s={search_term_string}"},"query-input":"required name=search_term_string"}],"inLanguage":"en-US"},{"@type":"Organization","@id":"https:\/\/vinoteka-sodcek.si\/#organization","name":"Vinoteka Sod\u010dek, Ale\u0161 \u010ceba\u0161ek s.p.","url":"https:\/\/vinoteka-sodcek.si\/","logo":{"@type":"ImageObject","inLanguage":"en-US","@id":"https:\/\/vinoteka-sodcek.si\/#\/schema\/logo\/image\/","url":"https:\/\/beta.vinoteka-sodcek.si\/wp-content\/uploads\/vinoteka-sodcek-logo.png","contentUrl":"https:\/\/beta.vinoteka-sodcek.si\/wp-content\/uploads\/vinoteka-sodcek-logo.png","width":300,"height":90,"caption":"Vinoteka Sod\u010dek, Ale\u0161 \u010ceba\u0161ek s.p."},"image":{"@id":"https:\/\/vinoteka-sodcek.si\/#\/schema\/logo\/image\/"},"sameAs":["https:\/\/www.facebook.com\/vinotekasodcek\/"]}]}},"_links":{"self":[{"href":"https:\/\/vinoteka-sodcek.si\/en\/wp-json\/\/wp\/v2\/product\/526"}],"collection":[{"href":"https:\/\/vinoteka-sodcek.si\/en\/wp-json\/\/wp\/v2\/product"}],"about":[{"href":"https:\/\/vinoteka-sodcek.si\/en\/wp-json\/\/wp\/v2\/types\/product"}],"wp:featuredmedia":[{"embeddable":true,"href":"https:\/\/vinoteka-sodcek.si\/en\/wp-json\/\/wp\/v2\/media\/2053"}],"wp:attachment":[{"href":"https:\/\/vinoteka-sodcek.si\/en\/wp-json\/\/wp\/v2\/media?parent=526"}],"wp:term":[{"taxonomy":"product_cat","embeddable":true,"href":"https:\/\/vinoteka-sodcek.si\/en\/wp-json\/\/wp\/v2\/product_cat?post=526"},{"taxonomy":"product_tag","embeddable":true,"href":"https:\/\/vinoteka-sodcek.si\/en\/wp-json\/\/wp\/v2\/product_tag?post=526"}],"curies":[{"name":"wp","href":"https:\/\/api.w.org\/{rel}","templated":true}]}}