{"id":530,"date":"2024-03-15T17:20:25","date_gmt":"2024-03-15T16:20:25","guid":{"rendered":"http:\/\/192.168.64.105\/GitHub\/vinoteka-sodcek\/trgovina\/uncategorized\/klet-brda-peneca-rebula-jeroboam\/"},"modified":"2025-01-15T16:38:02","modified_gmt":"2025-01-15T15:38:02","slug":"klet-brda-peneca-rebula-jeroboam","status":"publish","type":"product","link":"https:\/\/vinoteka-sodcek.si\/en\/shop\/wines\/sparkling-wines\/klet-brda-peneca-rebula-jeroboam\/","title":{"rendered":"Pene\u010da Rebula"},"content":{"rendered":"<p>Matured in 100% Charmat tanks for 3 months on fine lees<\/p>\n<p>The sparkling wine is lemon-yellow in colour with endless chains of bubbles. The aroma is restrained at first, then ticklingly fruity (green apple and citrus). The taste is characteristic of the intensity of the character of a ribouille, with a lively freshness.<\/p>\n","protected":false},"excerpt":{"rendered":"<p>Matured in 100% Charmat tanks for 3 months on fine lees The sparkling wine is lemon-yellow in colour with endless chains of bubbles. The aroma is restrained at first, then ticklingly&#8230;<\/p>\n","protected":false},"featured_media":2357,"template":"","meta":[],"product_cat":[22],"product_tag":[],"acf":[],"yoast_head":"<!-- This site is optimized with the Yoast SEO plugin v22.2 - https:\/\/yoast.com\/wordpress\/plugins\/seo\/ -->\n<title>Pene\u010da Rebula | Vinoteka Sod\u010dek<\/title>\n<meta name=\"description\" content=\"The sparkling Rebula Klet Brda is lemon-yellow with endless chains of bubbles. The aroma is at first restrained, then ticklingly fruity.\" \/>\n<meta name=\"robots\" content=\"index, follow, max-snippet:-1, max-image-preview:large, max-video-preview:-1\" \/>\n<meta property=\"og:locale\" content=\"en_US\" \/>\n<meta property=\"og:type\" content=\"article\" \/>\n<meta property=\"og:title\" content=\"Pene\u010da Rebula\" \/>\n<meta property=\"og:description\" content=\"The sparkling Rebula Klet Brda is lemon-yellow with endless chains of bubbles. The aroma is at first restrained, then ticklingly fruity.\" \/>\n<meta property=\"og:url\" content=\"https:\/\/vinoteka-sodcek.si\/en\/shop\/wines\/sparkling-wines\/klet-brda-peneca-rebula-jeroboam\/\" \/>\n<meta property=\"og:site_name\" content=\"Vinoteka Sod\u010dek\" \/>\n<meta property=\"article:publisher\" content=\"https:\/\/www.facebook.com\/vinotekasodcek\/\" \/>\n<meta property=\"article:modified_time\" content=\"2025-01-15T15:38:02+00:00\" \/>\n<meta property=\"og:image\" content=\"https:\/\/vinoteka-sodcek.si\/wp-content\/uploads\/peneca-rebula-brda-1.jpg\" \/>\n\t<meta property=\"og:image:width\" content=\"237\" \/>\n\t<meta property=\"og:image:height\" content=\"786\" \/>\n\t<meta property=\"og:image:type\" content=\"image\/jpeg\" \/>\n<meta name=\"twitter:card\" content=\"summary_large_image\" \/>\n<!-- \/ Yoast SEO plugin. -->","yoast_head_json":{"title":"Pene\u010da Rebula | Vinoteka Sod\u010dek","description":"[:en]The sparkling Rebula Klet Brda is lemon-yellow with endless chains of bubbles. The aroma is at first restrained, then ticklingly fruity.[:]","robots":{"index":"index","follow":"follow","max-snippet":"max-snippet:-1","max-image-preview":"max-image-preview:large","max-video-preview":"max-video-preview:-1"},"og_locale":"en_US","og_type":"article","og_title":"[:sl]Pene\u010da Rebula[:en]Pene\u010da Rebula[:] | Vinoteka Sod\u010dek","og_description":"[:en]The sparkling Rebula Klet Brda is lemon-yellow with endless chains of bubbles. The aroma is at first restrained, then ticklingly fruity.[:]","og_url":"https:\/\/vinoteka-sodcek.si\/en\/shop\/wines\/sparkling-wines\/klet-brda-peneca-rebula-jeroboam\/","og_site_name":"Vinoteka Sod\u010dek","article_publisher":"https:\/\/www.facebook.com\/vinotekasodcek\/","article_modified_time":"2025-01-15T15:38:02+00:00","og_image":[{"width":237,"height":786,"url":"https:\/\/vinoteka-sodcek.si\/wp-content\/uploads\/peneca-rebula-brda-1.jpg","type":"image\/jpeg"}],"twitter_card":"summary_large_image","schema":{"@context":"https:\/\/schema.org","@graph":[{"@type":"WebPage","@id":"https:\/\/vinoteka-sodcek.si\/trgovina\/vina\/peneca-vina\/klet-brda-peneca-rebula-jeroboam\/","url":"https:\/\/vinoteka-sodcek.si\/trgovina\/vina\/peneca-vina\/klet-brda-peneca-rebula-jeroboam\/","name":"[:sl]Pene\u010da Rebula[:en]Pene\u010da Rebula[:] | Vinoteka Sod\u010dek","isPartOf":{"@id":"https:\/\/vinoteka-sodcek.si\/#website"},"primaryImageOfPage":{"@id":"https:\/\/vinoteka-sodcek.si\/trgovina\/vina\/peneca-vina\/klet-brda-peneca-rebula-jeroboam\/#primaryimage"},"image":{"@id":"https:\/\/vinoteka-sodcek.si\/trgovina\/vina\/peneca-vina\/klet-brda-peneca-rebula-jeroboam\/#primaryimage"},"thumbnailUrl":"https:\/\/vinoteka-sodcek.si\/wp-content\/uploads\/peneca-rebula-brda-1.jpg","datePublished":"2024-03-15T16:20:25+00:00","dateModified":"2025-01-15T15:38:02+00:00","description":"[:en]The sparkling Rebula Klet Brda is lemon-yellow with endless chains of bubbles. The aroma is at first restrained, then ticklingly fruity.[:]","breadcrumb":{"@id":"https:\/\/vinoteka-sodcek.si\/trgovina\/vina\/peneca-vina\/klet-brda-peneca-rebula-jeroboam\/#breadcrumb"},"inLanguage":"en-US","potentialAction":[{"@type":"ReadAction","target":["https:\/\/vinoteka-sodcek.si\/trgovina\/vina\/peneca-vina\/klet-brda-peneca-rebula-jeroboam\/"]}]},{"@type":"ImageObject","inLanguage":"en-US","@id":"https:\/\/vinoteka-sodcek.si\/trgovina\/vina\/peneca-vina\/klet-brda-peneca-rebula-jeroboam\/#primaryimage","url":"https:\/\/vinoteka-sodcek.si\/wp-content\/uploads\/peneca-rebula-brda-1.jpg","contentUrl":"https:\/\/vinoteka-sodcek.si\/wp-content\/uploads\/peneca-rebula-brda-1.jpg","width":237,"height":786},{"@type":"BreadcrumbList","@id":"https:\/\/vinoteka-sodcek.si\/trgovina\/vina\/peneca-vina\/klet-brda-peneca-rebula-jeroboam\/#breadcrumb","itemListElement":[{"@type":"ListItem","position":1,"name":"Home","item":"https:\/\/vinoteka-sodcek.si\/en\/"},{"@type":"ListItem","position":2,"name":"Trgovina","item":"https:\/\/vinoteka-sodcek.si\/trgovina\/"},{"@type":"ListItem","position":3,"name":"Pene\u010da Rebula"}]},{"@type":"WebSite","@id":"https:\/\/vinoteka-sodcek.si\/#website","url":"https:\/\/vinoteka-sodcek.si\/","name":"Vinoteka Sod\u010dek","description":"Vinoteka z vrhunskimi vini","publisher":{"@id":"https:\/\/vinoteka-sodcek.si\/#organization"},"potentialAction":[{"@type":"SearchAction","target":{"@type":"EntryPoint","urlTemplate":"https:\/\/vinoteka-sodcek.si\/?s={search_term_string}"},"query-input":"required name=search_term_string"}],"inLanguage":"en-US"},{"@type":"Organization","@id":"https:\/\/vinoteka-sodcek.si\/#organization","name":"Vinoteka Sod\u010dek, Ale\u0161 \u010ceba\u0161ek s.p.","url":"https:\/\/vinoteka-sodcek.si\/","logo":{"@type":"ImageObject","inLanguage":"en-US","@id":"https:\/\/vinoteka-sodcek.si\/#\/schema\/logo\/image\/","url":"https:\/\/beta.vinoteka-sodcek.si\/wp-content\/uploads\/vinoteka-sodcek-logo.png","contentUrl":"https:\/\/beta.vinoteka-sodcek.si\/wp-content\/uploads\/vinoteka-sodcek-logo.png","width":300,"height":90,"caption":"Vinoteka Sod\u010dek, Ale\u0161 \u010ceba\u0161ek s.p."},"image":{"@id":"https:\/\/vinoteka-sodcek.si\/#\/schema\/logo\/image\/"},"sameAs":["https:\/\/www.facebook.com\/vinotekasodcek\/"]}]}},"_links":{"self":[{"href":"https:\/\/vinoteka-sodcek.si\/en\/wp-json\/\/wp\/v2\/product\/530"}],"collection":[{"href":"https:\/\/vinoteka-sodcek.si\/en\/wp-json\/\/wp\/v2\/product"}],"about":[{"href":"https:\/\/vinoteka-sodcek.si\/en\/wp-json\/\/wp\/v2\/types\/product"}],"wp:featuredmedia":[{"embeddable":true,"href":"https:\/\/vinoteka-sodcek.si\/en\/wp-json\/\/wp\/v2\/media\/2357"}],"wp:attachment":[{"href":"https:\/\/vinoteka-sodcek.si\/en\/wp-json\/\/wp\/v2\/media?parent=530"}],"wp:term":[{"taxonomy":"product_cat","embeddable":true,"href":"https:\/\/vinoteka-sodcek.si\/en\/wp-json\/\/wp\/v2\/product_cat?post=530"},{"taxonomy":"product_tag","embeddable":true,"href":"https:\/\/vinoteka-sodcek.si\/en\/wp-json\/\/wp\/v2\/product_tag?post=530"}],"curies":[{"name":"wp","href":"https:\/\/api.w.org\/{rel}","templated":true}]}}