{"id":536,"date":"2024-03-15T17:20:25","date_gmt":"2024-03-15T16:20:25","guid":{"rendered":"http:\/\/192.168.64.105\/GitHub\/vinoteka-sodcek\/trgovina\/uncategorized\/klet-brda-a-plus-belo\/"},"modified":"2025-02-12T10:27:36","modified_gmt":"2025-02-12T09:27:36","slug":"klet-brda-a-plus-belo","status":"publish","type":"product","link":"https:\/\/vinoteka-sodcek.si\/en\/shop\/wines\/white-wines\/klet-brda-a-plus-belo\/","title":{"rendered":"A+ white"},"content":{"rendered":"<p>Produced only in quality harvests. Each variety is produced separately.<\/p>\n<p>All grapes were cooled to temps before stalking.8 \u00b0 C. After 48 hours of cooling, only the perfect clever part of the must was flowed. The ripening was held 12 months after varieties in contact with lees in French barrique barrels. (chardonnay in new rebula and picolit in one year of used.)<\/p>\n<p>After preparing the genre, the A + wine matured for 6 months for barrique.<\/p>\n<p>The aromas are luxurious and multifaceted. Ripe fruits, butter and mineral notes and finely integrated spices that developed during ripening in wood. It is full, massive and balanced in the mouth, with a solid structure that predicts an extremely long life.<\/p>\n","protected":false},"excerpt":{"rendered":"<p>Produced only in quality harvests. Each variety is produced separately. All grapes were cooled to temps before stalking.8 \u00b0 C. After 48 hours of cooling, only the perfect clever part of&#8230;<\/p>\n","protected":false},"featured_media":535,"template":"","meta":[],"product_cat":[19],"product_tag":[],"acf":[],"yoast_head":"<!-- This site is optimized with the Yoast SEO plugin v22.2 - https:\/\/yoast.com\/wordpress\/plugins\/seo\/ -->\n<title>A+ white | Vinoteka Sod\u010dek<\/title>\n<meta name=\"description\" content=\"A+ belo Klet brda is produced only in harvests of suitable quality. Each variety is grown separately and matured in barrique barrels.\" \/>\n<meta name=\"robots\" content=\"index, follow, max-snippet:-1, max-image-preview:large, max-video-preview:-1\" \/>\n<meta property=\"og:locale\" content=\"en_US\" \/>\n<meta property=\"og:type\" content=\"article\" \/>\n<meta property=\"og:title\" content=\"A+ white\" \/>\n<meta property=\"og:description\" content=\"A+ belo Klet brda is produced only in harvests of suitable quality. Each variety is grown separately and matured in barrique barrels.\" \/>\n<meta property=\"og:url\" content=\"https:\/\/vinoteka-sodcek.si\/en\/shop\/wines\/white-wines\/klet-brda-a-plus-belo\/\" \/>\n<meta property=\"og:site_name\" content=\"Vinoteka Sod\u010dek\" \/>\n<meta property=\"article:publisher\" content=\"https:\/\/www.facebook.com\/vinotekasodcek\/\" \/>\n<meta property=\"article:modified_time\" content=\"2025-02-12T09:27:36+00:00\" \/>\n<meta property=\"og:image\" content=\"https:\/\/vinoteka-sodcek.si\/wp-content\/uploads\/A-belo.jpg\" \/>\n\t<meta property=\"og:image:width\" content=\"225\" \/>\n\t<meta property=\"og:image:height\" content=\"822\" \/>\n\t<meta property=\"og:image:type\" content=\"image\/jpeg\" \/>\n<meta name=\"twitter:card\" content=\"summary_large_image\" \/>\n<!-- \/ Yoast SEO plugin. -->","yoast_head_json":{"title":"A+ white | Vinoteka Sod\u010dek","description":"[:sl]A+ belo Klet brda je pridelano samo v kakovostno primernih letinah. Vsaka sorta je pridelana posebej, zori v barrique sodih.[:en]A+ belo Klet brda is produced only in harvests of suitable quality. Each variety is grown separately and matured in barrique barrels.[:]","robots":{"index":"index","follow":"follow","max-snippet":"max-snippet:-1","max-image-preview":"max-image-preview:large","max-video-preview":"max-video-preview:-1"},"og_locale":"en_US","og_type":"article","og_title":"[:sl]A+ belo[:en]A+ white[:] | Vinoteka Sod\u010dek","og_description":"[:sl]A+ belo Klet brda je pridelano samo v kakovostno primernih letinah. Vsaka sorta je pridelana posebej, zori v barrique sodih.[:en]A+ belo Klet brda is produced only in harvests of suitable quality. Each variety is grown separately and matured in barrique barrels.[:]","og_url":"https:\/\/vinoteka-sodcek.si\/en\/shop\/wines\/white-wines\/klet-brda-a-plus-belo\/","og_site_name":"Vinoteka Sod\u010dek","article_publisher":"https:\/\/www.facebook.com\/vinotekasodcek\/","article_modified_time":"2025-02-12T09:27:36+00:00","og_image":[{"width":225,"height":822,"url":"https:\/\/vinoteka-sodcek.si\/wp-content\/uploads\/A-belo.jpg","type":"image\/jpeg"}],"twitter_card":"summary_large_image","schema":{"@context":"https:\/\/schema.org","@graph":[{"@type":"WebPage","@id":"https:\/\/vinoteka-sodcek.si\/trgovina\/vina\/bela-vina\/klet-brda-a-plus-belo\/","url":"https:\/\/vinoteka-sodcek.si\/trgovina\/vina\/bela-vina\/klet-brda-a-plus-belo\/","name":"[:sl]A+ belo[:en]A+ white[:] | Vinoteka Sod\u010dek","isPartOf":{"@id":"https:\/\/vinoteka-sodcek.si\/#website"},"primaryImageOfPage":{"@id":"https:\/\/vinoteka-sodcek.si\/trgovina\/vina\/bela-vina\/klet-brda-a-plus-belo\/#primaryimage"},"image":{"@id":"https:\/\/vinoteka-sodcek.si\/trgovina\/vina\/bela-vina\/klet-brda-a-plus-belo\/#primaryimage"},"thumbnailUrl":"https:\/\/vinoteka-sodcek.si\/wp-content\/uploads\/A-belo.jpg","datePublished":"2024-03-15T16:20:25+00:00","dateModified":"2025-02-12T09:27:36+00:00","description":"[:sl]A+ belo Klet brda je pridelano samo v kakovostno primernih letinah. Vsaka sorta je pridelana posebej, zori v barrique sodih.[:en]A+ belo Klet brda is produced only in harvests of suitable quality. Each variety is grown separately and matured in barrique barrels.[:]","breadcrumb":{"@id":"https:\/\/vinoteka-sodcek.si\/trgovina\/vina\/bela-vina\/klet-brda-a-plus-belo\/#breadcrumb"},"inLanguage":"en-US","potentialAction":[{"@type":"ReadAction","target":["https:\/\/vinoteka-sodcek.si\/trgovina\/vina\/bela-vina\/klet-brda-a-plus-belo\/"]}]},{"@type":"ImageObject","inLanguage":"en-US","@id":"https:\/\/vinoteka-sodcek.si\/trgovina\/vina\/bela-vina\/klet-brda-a-plus-belo\/#primaryimage","url":"https:\/\/vinoteka-sodcek.si\/wp-content\/uploads\/A-belo.jpg","contentUrl":"https:\/\/vinoteka-sodcek.si\/wp-content\/uploads\/A-belo.jpg","width":225,"height":822},{"@type":"BreadcrumbList","@id":"https:\/\/vinoteka-sodcek.si\/trgovina\/vina\/bela-vina\/klet-brda-a-plus-belo\/#breadcrumb","itemListElement":[{"@type":"ListItem","position":1,"name":"Home","item":"https:\/\/vinoteka-sodcek.si\/en\/"},{"@type":"ListItem","position":2,"name":"Trgovina","item":"https:\/\/vinoteka-sodcek.si\/trgovina\/"},{"@type":"ListItem","position":3,"name":"A+ belo"}]},{"@type":"WebSite","@id":"https:\/\/vinoteka-sodcek.si\/#website","url":"https:\/\/vinoteka-sodcek.si\/","name":"Vinoteka Sod\u010dek","description":"Vinoteka z vrhunskimi vini","publisher":{"@id":"https:\/\/vinoteka-sodcek.si\/#organization"},"potentialAction":[{"@type":"SearchAction","target":{"@type":"EntryPoint","urlTemplate":"https:\/\/vinoteka-sodcek.si\/?s={search_term_string}"},"query-input":"required name=search_term_string"}],"inLanguage":"en-US"},{"@type":"Organization","@id":"https:\/\/vinoteka-sodcek.si\/#organization","name":"Vinoteka Sod\u010dek, Ale\u0161 \u010ceba\u0161ek s.p.","url":"https:\/\/vinoteka-sodcek.si\/","logo":{"@type":"ImageObject","inLanguage":"en-US","@id":"https:\/\/vinoteka-sodcek.si\/#\/schema\/logo\/image\/","url":"https:\/\/beta.vinoteka-sodcek.si\/wp-content\/uploads\/vinoteka-sodcek-logo.png","contentUrl":"https:\/\/beta.vinoteka-sodcek.si\/wp-content\/uploads\/vinoteka-sodcek-logo.png","width":300,"height":90,"caption":"Vinoteka Sod\u010dek, Ale\u0161 \u010ceba\u0161ek s.p."},"image":{"@id":"https:\/\/vinoteka-sodcek.si\/#\/schema\/logo\/image\/"},"sameAs":["https:\/\/www.facebook.com\/vinotekasodcek\/"]}]}},"_links":{"self":[{"href":"https:\/\/vinoteka-sodcek.si\/en\/wp-json\/\/wp\/v2\/product\/536"}],"collection":[{"href":"https:\/\/vinoteka-sodcek.si\/en\/wp-json\/\/wp\/v2\/product"}],"about":[{"href":"https:\/\/vinoteka-sodcek.si\/en\/wp-json\/\/wp\/v2\/types\/product"}],"wp:featuredmedia":[{"embeddable":true,"href":"https:\/\/vinoteka-sodcek.si\/en\/wp-json\/\/wp\/v2\/media\/535"}],"wp:attachment":[{"href":"https:\/\/vinoteka-sodcek.si\/en\/wp-json\/\/wp\/v2\/media?parent=536"}],"wp:term":[{"taxonomy":"product_cat","embeddable":true,"href":"https:\/\/vinoteka-sodcek.si\/en\/wp-json\/\/wp\/v2\/product_cat?post=536"},{"taxonomy":"product_tag","embeddable":true,"href":"https:\/\/vinoteka-sodcek.si\/en\/wp-json\/\/wp\/v2\/product_tag?post=536"}],"curies":[{"name":"wp","href":"https:\/\/api.w.org\/{rel}","templated":true}]}}