{"id":538,"date":"2024-03-15T17:20:25","date_gmt":"2024-03-15T16:20:25","guid":{"rendered":"http:\/\/192.168.64.105\/GitHub\/vinoteka-sodcek\/trgovina\/uncategorized\/klet-brda-a-plus-rdece\/"},"modified":"2025-02-12T10:28:02","modified_gmt":"2025-02-12T09:28:02","slug":"klet-brda-a-plus-rdece","status":"publish","type":"product","link":"https:\/\/vinoteka-sodcek.si\/en\/shop\/wines\/red-wines\/klet-brda-a-plus-rdece\/","title":{"rendered":"A+ red"},"content":{"rendered":"<p>Produced only in quality harvests. Each variety is produced separately.<br \/>\nA long maceration at the temp was performed. between 25-28\u02daC. Merlot was macerated for 15 days, cabernet sauvignon 18 days and cabernet franc 13 days after the maceration were poured into French Barrique-E.<\/p>\n<p>They mature separately for 12 months in contact with weekly lifting lees. This was followed by a bunch and a 15-month ripening in Barrique.<\/p>\n<p>The wine is dark ruby \u200b\u200bred, with a purple hue and pomegranate, aroma after ripe candied oranges, cherry and plum jams, taste full, sweet, balanced.<\/p>\n","protected":false},"excerpt":{"rendered":"<p>Produced only in quality harvests. Each variety is produced separately. A long maceration at the temp was performed. between 25-28\u02daC. Merlot was macerated for 15 days, cabernet sauvignon 18 days and&#8230;<\/p>\n","protected":false},"featured_media":537,"template":"","meta":[],"product_cat":[20],"product_tag":[],"acf":[],"yoast_head":"<!-- This site is optimized with the Yoast SEO plugin v22.2 - https:\/\/yoast.com\/wordpress\/plugins\/seo\/ -->\n<title>A+ red | Vinoteka Sod\u010dek<\/title>\n<meta name=\"description\" content=\"A+ rde\u010de Klet brda is produced only in harvests of suitable quality. Each variety is grown separately. Full-bodied, slightly sweet, balanced.\" \/>\n<meta name=\"robots\" content=\"index, follow, max-snippet:-1, max-image-preview:large, max-video-preview:-1\" \/>\n<meta property=\"og:locale\" content=\"en_US\" \/>\n<meta property=\"og:type\" content=\"article\" \/>\n<meta property=\"og:title\" content=\"A+ red\" \/>\n<meta property=\"og:description\" content=\"A+ rde\u010de Klet brda is produced only in harvests of suitable quality. Each variety is grown separately. Full-bodied, slightly sweet, balanced.\" \/>\n<meta property=\"og:url\" content=\"https:\/\/vinoteka-sodcek.si\/en\/shop\/wines\/red-wines\/klet-brda-a-plus-rdece\/\" \/>\n<meta property=\"og:site_name\" content=\"Vinoteka Sod\u010dek\" \/>\n<meta property=\"article:publisher\" content=\"https:\/\/www.facebook.com\/vinotekasodcek\/\" \/>\n<meta property=\"article:modified_time\" content=\"2025-02-12T09:28:02+00:00\" \/>\n<meta property=\"og:image\" content=\"https:\/\/vinoteka-sodcek.si\/wp-content\/uploads\/A-rdece.jpg\" \/>\n\t<meta property=\"og:image:width\" content=\"213\" \/>\n\t<meta property=\"og:image:height\" content=\"819\" \/>\n\t<meta property=\"og:image:type\" content=\"image\/jpeg\" \/>\n<meta name=\"twitter:card\" content=\"summary_large_image\" \/>\n<!-- \/ Yoast SEO plugin. -->","yoast_head_json":{"title":"A+ red | Vinoteka Sod\u010dek","description":"[:sl]A+ rde\u010de Klet brda je pridelan samo v kakovostno primernih letinah. Vsaka sorta je pridelana posebej. Polnega okusa, rahlo sladkast, uravnote\u017een.[:en]A+ rde\u010de Klet brda is produced only in harvests of suitable quality. Each variety is grown separately. Full-bodied, slightly sweet, balanced.[:]","robots":{"index":"index","follow":"follow","max-snippet":"max-snippet:-1","max-image-preview":"max-image-preview:large","max-video-preview":"max-video-preview:-1"},"og_locale":"en_US","og_type":"article","og_title":"[:sl]A+ rde\u010de[:en]A+ red[:] | Vinoteka Sod\u010dek","og_description":"[:sl]A+ rde\u010de Klet brda je pridelan samo v kakovostno primernih letinah. Vsaka sorta je pridelana posebej. Polnega okusa, rahlo sladkast, uravnote\u017een.[:en]A+ rde\u010de Klet brda is produced only in harvests of suitable quality. Each variety is grown separately. Full-bodied, slightly sweet, balanced.[:]","og_url":"https:\/\/vinoteka-sodcek.si\/en\/shop\/wines\/red-wines\/klet-brda-a-plus-rdece\/","og_site_name":"Vinoteka Sod\u010dek","article_publisher":"https:\/\/www.facebook.com\/vinotekasodcek\/","article_modified_time":"2025-02-12T09:28:02+00:00","og_image":[{"width":213,"height":819,"url":"https:\/\/vinoteka-sodcek.si\/wp-content\/uploads\/A-rdece.jpg","type":"image\/jpeg"}],"twitter_card":"summary_large_image","schema":{"@context":"https:\/\/schema.org","@graph":[{"@type":"WebPage","@id":"https:\/\/vinoteka-sodcek.si\/trgovina\/vina\/rdeca-vina\/klet-brda-a-plus-rdece\/","url":"https:\/\/vinoteka-sodcek.si\/trgovina\/vina\/rdeca-vina\/klet-brda-a-plus-rdece\/","name":"[:sl]A+ rde\u010de[:en]A+ red[:] | Vinoteka Sod\u010dek","isPartOf":{"@id":"https:\/\/vinoteka-sodcek.si\/#website"},"primaryImageOfPage":{"@id":"https:\/\/vinoteka-sodcek.si\/trgovina\/vina\/rdeca-vina\/klet-brda-a-plus-rdece\/#primaryimage"},"image":{"@id":"https:\/\/vinoteka-sodcek.si\/trgovina\/vina\/rdeca-vina\/klet-brda-a-plus-rdece\/#primaryimage"},"thumbnailUrl":"https:\/\/vinoteka-sodcek.si\/wp-content\/uploads\/A-rdece.jpg","datePublished":"2024-03-15T16:20:25+00:00","dateModified":"2025-02-12T09:28:02+00:00","description":"[:sl]A+ rde\u010de Klet brda je pridelan samo v kakovostno primernih letinah. Vsaka sorta je pridelana posebej. Polnega okusa, rahlo sladkast, uravnote\u017een.[:en]A+ rde\u010de Klet brda is produced only in harvests of suitable quality. Each variety is grown separately. Full-bodied, slightly sweet, balanced.[:]","breadcrumb":{"@id":"https:\/\/vinoteka-sodcek.si\/trgovina\/vina\/rdeca-vina\/klet-brda-a-plus-rdece\/#breadcrumb"},"inLanguage":"en-US","potentialAction":[{"@type":"ReadAction","target":["https:\/\/vinoteka-sodcek.si\/trgovina\/vina\/rdeca-vina\/klet-brda-a-plus-rdece\/"]}]},{"@type":"ImageObject","inLanguage":"en-US","@id":"https:\/\/vinoteka-sodcek.si\/trgovina\/vina\/rdeca-vina\/klet-brda-a-plus-rdece\/#primaryimage","url":"https:\/\/vinoteka-sodcek.si\/wp-content\/uploads\/A-rdece.jpg","contentUrl":"https:\/\/vinoteka-sodcek.si\/wp-content\/uploads\/A-rdece.jpg","width":213,"height":819},{"@type":"BreadcrumbList","@id":"https:\/\/vinoteka-sodcek.si\/trgovina\/vina\/rdeca-vina\/klet-brda-a-plus-rdece\/#breadcrumb","itemListElement":[{"@type":"ListItem","position":1,"name":"Home","item":"https:\/\/vinoteka-sodcek.si\/en\/"},{"@type":"ListItem","position":2,"name":"Trgovina","item":"https:\/\/vinoteka-sodcek.si\/trgovina\/"},{"@type":"ListItem","position":3,"name":"A+ rde\u010de"}]},{"@type":"WebSite","@id":"https:\/\/vinoteka-sodcek.si\/#website","url":"https:\/\/vinoteka-sodcek.si\/","name":"Vinoteka Sod\u010dek","description":"Vinoteka z vrhunskimi vini","publisher":{"@id":"https:\/\/vinoteka-sodcek.si\/#organization"},"potentialAction":[{"@type":"SearchAction","target":{"@type":"EntryPoint","urlTemplate":"https:\/\/vinoteka-sodcek.si\/?s={search_term_string}"},"query-input":"required name=search_term_string"}],"inLanguage":"en-US"},{"@type":"Organization","@id":"https:\/\/vinoteka-sodcek.si\/#organization","name":"Vinoteka Sod\u010dek, Ale\u0161 \u010ceba\u0161ek s.p.","url":"https:\/\/vinoteka-sodcek.si\/","logo":{"@type":"ImageObject","inLanguage":"en-US","@id":"https:\/\/vinoteka-sodcek.si\/#\/schema\/logo\/image\/","url":"https:\/\/beta.vinoteka-sodcek.si\/wp-content\/uploads\/vinoteka-sodcek-logo.png","contentUrl":"https:\/\/beta.vinoteka-sodcek.si\/wp-content\/uploads\/vinoteka-sodcek-logo.png","width":300,"height":90,"caption":"Vinoteka Sod\u010dek, Ale\u0161 \u010ceba\u0161ek s.p."},"image":{"@id":"https:\/\/vinoteka-sodcek.si\/#\/schema\/logo\/image\/"},"sameAs":["https:\/\/www.facebook.com\/vinotekasodcek\/"]}]}},"_links":{"self":[{"href":"https:\/\/vinoteka-sodcek.si\/en\/wp-json\/\/wp\/v2\/product\/538"}],"collection":[{"href":"https:\/\/vinoteka-sodcek.si\/en\/wp-json\/\/wp\/v2\/product"}],"about":[{"href":"https:\/\/vinoteka-sodcek.si\/en\/wp-json\/\/wp\/v2\/types\/product"}],"wp:featuredmedia":[{"embeddable":true,"href":"https:\/\/vinoteka-sodcek.si\/en\/wp-json\/\/wp\/v2\/media\/537"}],"wp:attachment":[{"href":"https:\/\/vinoteka-sodcek.si\/en\/wp-json\/\/wp\/v2\/media?parent=538"}],"wp:term":[{"taxonomy":"product_cat","embeddable":true,"href":"https:\/\/vinoteka-sodcek.si\/en\/wp-json\/\/wp\/v2\/product_cat?post=538"},{"taxonomy":"product_tag","embeddable":true,"href":"https:\/\/vinoteka-sodcek.si\/en\/wp-json\/\/wp\/v2\/product_tag?post=538"}],"curies":[{"name":"wp","href":"https:\/\/api.w.org\/{rel}","templated":true}]}}