{"id":540,"date":"2024-03-15T17:20:25","date_gmt":"2024-03-15T16:20:25","guid":{"rendered":"http:\/\/192.168.64.105\/GitHub\/vinoteka-sodcek\/trgovina\/uncategorized\/klet-brda-merlot-single-vineyard\/"},"modified":"2026-03-11T09:05:06","modified_gmt":"2026-03-11T08:05:06","slug":"klet-brda-merlot-single-vineyard","status":"publish","type":"product","link":"https:\/\/vinoteka-sodcek.si\/en\/shop\/wines\/red-wines\/klet-brda-merlot-single-vineyard\/","title":{"rendered":"Merlot single vineyard"},"content":{"rendered":"<p>The grapes come from an independent terraced vineyard, the rootstock is classic brick, the position is very sunny, the vineyard age is 22 years.<\/p>\n<p>After the harvest at the end of September, the grapes are picked into small crates and immediately taken to the cellar where they are split. This was followed by 15 days of maceration in a small wooden vinifier. After maceration and fermentation, the wine is transferred into 225l barriques, where it matures for 24 months. 40% of the barrels were new.<\/p>\n<p>It is a deep ruby red colour with a purple tinge. On the nose there are ripe berries, oriental spices, a slight balsamic note, tobacco, complemented by vanilla on the palate. The palate is full-bodied, balanced, fresh, warm, with a long noble departure and a velvety finish.<\/p>\n","protected":false},"excerpt":{"rendered":"<p>The grapes come from an independent terraced vineyard, the rootstock is classic brick, the position is very sunny, the vineyard age is 22 years. After the harvest at the end of&#8230;<\/p>\n","protected":false},"featured_media":1079,"template":"","meta":[],"product_cat":[20],"product_tag":[],"acf":[],"yoast_head":"<!-- This site is optimized with the Yoast SEO plugin v22.2 - https:\/\/yoast.com\/wordpress\/plugins\/seo\/ -->\n<title>Merlot single vineyard | Vinoteka Sod\u010dek<\/title>\n<meta name=\"description\" content=\"Merlot single vineyard Klet brda comes from an independent terraced vineyard, the base is classic brioche brick, very sunny position, vineyard age 22 years.\" \/>\n<meta name=\"robots\" content=\"index, follow, max-snippet:-1, max-image-preview:large, max-video-preview:-1\" \/>\n<meta property=\"og:locale\" content=\"en_US\" \/>\n<meta property=\"og:type\" content=\"article\" \/>\n<meta property=\"og:title\" content=\"Merlot single vineyard\" \/>\n<meta property=\"og:description\" content=\"Merlot single vineyard Klet brda comes from an independent terraced vineyard, the base is classic brioche brick, very sunny position, vineyard age 22 years.\" \/>\n<meta property=\"og:url\" content=\"https:\/\/vinoteka-sodcek.si\/en\/shop\/wines\/red-wines\/klet-brda-merlot-single-vineyard\/\" \/>\n<meta property=\"og:site_name\" content=\"Vinoteka Sod\u010dek\" \/>\n<meta property=\"article:publisher\" content=\"https:\/\/www.facebook.com\/vinotekasodcek\/\" \/>\n<meta property=\"article:modified_time\" content=\"2026-03-11T08:05:06+00:00\" \/>\n<meta property=\"og:image\" content=\"https:\/\/vinoteka-sodcek.si\/wp-content\/uploads\/merlot-single-klet-brda.jpg\" \/>\n\t<meta property=\"og:image:width\" content=\"210\" \/>\n\t<meta property=\"og:image:height\" content=\"787\" \/>\n\t<meta property=\"og:image:type\" content=\"image\/jpeg\" \/>\n<meta name=\"twitter:card\" content=\"summary_large_image\" \/>\n<!-- \/ Yoast SEO plugin. -->","yoast_head_json":{"title":"Merlot single vineyard | Vinoteka Sod\u010dek","description":"[:sl]Merlot single vineyard Klet brda prihaja iz samostojnega terasastega vinograda, podlaga je klasi\u010dna bri\u0161ka opoka, zelo son\u010dna lega, starost vinograda 22let.[:en]Merlot single vineyard Klet brda comes from an independent terraced vineyard, the base is classic brioche brick, very sunny position, vineyard age 22 years.[:]","robots":{"index":"index","follow":"follow","max-snippet":"max-snippet:-1","max-image-preview":"max-image-preview:large","max-video-preview":"max-video-preview:-1"},"og_locale":"en_US","og_type":"article","og_title":"[:sl]Merlot single vineyard[:en]Merlot single vineyard[:] | Vinoteka Sod\u010dek","og_description":"[:sl]Merlot single vineyard Klet brda prihaja iz samostojnega terasastega vinograda, podlaga je klasi\u010dna bri\u0161ka opoka, zelo son\u010dna lega, starost vinograda 22let.[:en]Merlot single vineyard Klet brda comes from an independent terraced vineyard, the base is classic brioche brick, very sunny position, vineyard age 22 years.[:]","og_url":"https:\/\/vinoteka-sodcek.si\/en\/shop\/wines\/red-wines\/klet-brda-merlot-single-vineyard\/","og_site_name":"Vinoteka Sod\u010dek","article_publisher":"https:\/\/www.facebook.com\/vinotekasodcek\/","article_modified_time":"2026-03-11T08:05:06+00:00","og_image":[{"width":210,"height":787,"url":"https:\/\/vinoteka-sodcek.si\/wp-content\/uploads\/merlot-single-klet-brda.jpg","type":"image\/jpeg"}],"twitter_card":"summary_large_image","schema":{"@context":"https:\/\/schema.org","@graph":[{"@type":"WebPage","@id":"https:\/\/vinoteka-sodcek.si\/trgovina\/vina\/rdeca-vina\/klet-brda-merlot-single-vineyard\/","url":"https:\/\/vinoteka-sodcek.si\/trgovina\/vina\/rdeca-vina\/klet-brda-merlot-single-vineyard\/","name":"[:sl]Merlot single vineyard[:en]Merlot single vineyard[:] | Vinoteka Sod\u010dek","isPartOf":{"@id":"https:\/\/vinoteka-sodcek.si\/#website"},"primaryImageOfPage":{"@id":"https:\/\/vinoteka-sodcek.si\/trgovina\/vina\/rdeca-vina\/klet-brda-merlot-single-vineyard\/#primaryimage"},"image":{"@id":"https:\/\/vinoteka-sodcek.si\/trgovina\/vina\/rdeca-vina\/klet-brda-merlot-single-vineyard\/#primaryimage"},"thumbnailUrl":"https:\/\/vinoteka-sodcek.si\/wp-content\/uploads\/merlot-single-klet-brda.jpg","datePublished":"2024-03-15T16:20:25+00:00","dateModified":"2026-03-11T08:05:06+00:00","description":"[:sl]Merlot single vineyard Klet brda prihaja iz samostojnega terasastega vinograda, podlaga je klasi\u010dna bri\u0161ka opoka, zelo son\u010dna lega, starost vinograda 22let.[:en]Merlot single vineyard Klet brda comes from an independent terraced vineyard, the base is classic brioche brick, very sunny position, vineyard age 22 years.[:]","breadcrumb":{"@id":"https:\/\/vinoteka-sodcek.si\/trgovina\/vina\/rdeca-vina\/klet-brda-merlot-single-vineyard\/#breadcrumb"},"inLanguage":"en-US","potentialAction":[{"@type":"ReadAction","target":["https:\/\/vinoteka-sodcek.si\/trgovina\/vina\/rdeca-vina\/klet-brda-merlot-single-vineyard\/"]}]},{"@type":"ImageObject","inLanguage":"en-US","@id":"https:\/\/vinoteka-sodcek.si\/trgovina\/vina\/rdeca-vina\/klet-brda-merlot-single-vineyard\/#primaryimage","url":"https:\/\/vinoteka-sodcek.si\/wp-content\/uploads\/merlot-single-klet-brda.jpg","contentUrl":"https:\/\/vinoteka-sodcek.si\/wp-content\/uploads\/merlot-single-klet-brda.jpg","width":210,"height":787},{"@type":"BreadcrumbList","@id":"https:\/\/vinoteka-sodcek.si\/trgovina\/vina\/rdeca-vina\/klet-brda-merlot-single-vineyard\/#breadcrumb","itemListElement":[{"@type":"ListItem","position":1,"name":"Home","item":"https:\/\/vinoteka-sodcek.si\/en\/"},{"@type":"ListItem","position":2,"name":"Trgovina","item":"https:\/\/vinoteka-sodcek.si\/trgovina\/"},{"@type":"ListItem","position":3,"name":"Merlot single vineyard"}]},{"@type":"WebSite","@id":"https:\/\/vinoteka-sodcek.si\/#website","url":"https:\/\/vinoteka-sodcek.si\/","name":"Vinoteka Sod\u010dek","description":"Vinoteka z vrhunskimi vini","publisher":{"@id":"https:\/\/vinoteka-sodcek.si\/#organization"},"potentialAction":[{"@type":"SearchAction","target":{"@type":"EntryPoint","urlTemplate":"https:\/\/vinoteka-sodcek.si\/?s={search_term_string}"},"query-input":"required name=search_term_string"}],"inLanguage":"en-US"},{"@type":"Organization","@id":"https:\/\/vinoteka-sodcek.si\/#organization","name":"Vinoteka Sod\u010dek, Ale\u0161 \u010ceba\u0161ek s.p.","url":"https:\/\/vinoteka-sodcek.si\/","logo":{"@type":"ImageObject","inLanguage":"en-US","@id":"https:\/\/vinoteka-sodcek.si\/#\/schema\/logo\/image\/","url":"https:\/\/beta.vinoteka-sodcek.si\/wp-content\/uploads\/vinoteka-sodcek-logo.png","contentUrl":"https:\/\/beta.vinoteka-sodcek.si\/wp-content\/uploads\/vinoteka-sodcek-logo.png","width":300,"height":90,"caption":"Vinoteka Sod\u010dek, Ale\u0161 \u010ceba\u0161ek s.p."},"image":{"@id":"https:\/\/vinoteka-sodcek.si\/#\/schema\/logo\/image\/"},"sameAs":["https:\/\/www.facebook.com\/vinotekasodcek\/"]}]}},"_links":{"self":[{"href":"https:\/\/vinoteka-sodcek.si\/en\/wp-json\/\/wp\/v2\/product\/540"}],"collection":[{"href":"https:\/\/vinoteka-sodcek.si\/en\/wp-json\/\/wp\/v2\/product"}],"about":[{"href":"https:\/\/vinoteka-sodcek.si\/en\/wp-json\/\/wp\/v2\/types\/product"}],"wp:featuredmedia":[{"embeddable":true,"href":"https:\/\/vinoteka-sodcek.si\/en\/wp-json\/\/wp\/v2\/media\/1079"}],"wp:attachment":[{"href":"https:\/\/vinoteka-sodcek.si\/en\/wp-json\/\/wp\/v2\/media?parent=540"}],"wp:term":[{"taxonomy":"product_cat","embeddable":true,"href":"https:\/\/vinoteka-sodcek.si\/en\/wp-json\/\/wp\/v2\/product_cat?post=540"},{"taxonomy":"product_tag","embeddable":true,"href":"https:\/\/vinoteka-sodcek.si\/en\/wp-json\/\/wp\/v2\/product_tag?post=540"}],"curies":[{"name":"wp","href":"https:\/\/api.w.org\/{rel}","templated":true}]}}