{"id":559,"date":"2024-03-15T17:20:26","date_gmt":"2024-03-15T16:20:26","guid":{"rendered":"http:\/\/192.168.64.105\/GitHub\/vinoteka-sodcek\/trgovina\/uncategorized\/santomas-malvazija-santomas\/"},"modified":"2026-04-14T11:46:54","modified_gmt":"2026-04-14T10:46:54","slug":"santomas-malvazija-santomas","status":"publish","type":"product","link":"https:\/\/vinoteka-sodcek.si\/en\/shop\/wines\/white-wines\/santomas-malvazija-santomas\/","title":{"rendered":"Malvazija"},"content":{"rendered":"<p>Immediately after harvesting, the grapes are taken into cold storage to prevent even the slightest oxidation. The perfectly healthy grapes are then split, crushed and cold macerated for a few hours. The clear must is fermented in inox tanks, and part of the must, about 10%, is also fermented in second-hand French oak barriques. The wine was aged on dead yeasts without sulphur for four months. Typisation and bottling followed.<\/p>\n<p>It is light golden yellow in colour, with a floral bouquet reminiscent of white, yellow flowers, dried pears, even almonds. In the mouth, it is medium-bodied, with a rich flavour expressed by fruitiness and a nutty aftertaste.<\/p>\n","protected":false},"excerpt":{"rendered":"<p>Immediately after harvesting, the grapes are taken into cold storage to prevent even the slightest oxidation. The perfectly healthy grapes are then split, crushed and cold macerated for a few hours&#8230;.<\/p>\n","protected":false},"featured_media":558,"template":"","meta":[],"product_cat":[19],"product_tag":[],"acf":[],"yoast_head":"<!-- This site is optimized with the Yoast SEO plugin v22.2 - https:\/\/yoast.com\/wordpress\/plugins\/seo\/ -->\n<title>Malvazija | Vinoteka Sod\u010dek<\/title>\n<meta name=\"description\" content=\"Malvazija Santomas is light golden yellow color, resembles white, yellow flowers, dried pears, even almonds. It is medium-bodied in the mouth.\" \/>\n<meta name=\"robots\" content=\"index, follow, max-snippet:-1, max-image-preview:large, max-video-preview:-1\" \/>\n<meta property=\"og:locale\" content=\"en_US\" \/>\n<meta property=\"og:type\" content=\"article\" \/>\n<meta property=\"og:title\" content=\"Malvazija\" \/>\n<meta property=\"og:description\" content=\"Malvazija Santomas is light golden yellow color, resembles white, yellow flowers, dried pears, even almonds. It is medium-bodied in the mouth.\" \/>\n<meta property=\"og:url\" content=\"https:\/\/vinoteka-sodcek.si\/en\/shop\/wines\/white-wines\/santomas-malvazija-santomas\/\" \/>\n<meta property=\"og:site_name\" content=\"Vinoteka Sod\u010dek\" \/>\n<meta property=\"article:publisher\" content=\"https:\/\/www.facebook.com\/vinotekasodcek\/\" \/>\n<meta property=\"article:modified_time\" content=\"2026-04-14T10:46:54+00:00\" \/>\n<meta property=\"og:image\" content=\"https:\/\/vinoteka-sodcek.si\/wp-content\/uploads\/Santomas_Malvazija_0.75L1.jpg\" \/>\n\t<meta property=\"og:image:width\" content=\"171\" \/>\n\t<meta property=\"og:image:height\" content=\"655\" \/>\n\t<meta property=\"og:image:type\" content=\"image\/jpeg\" \/>\n<meta name=\"twitter:card\" content=\"summary_large_image\" \/>\n<!-- \/ Yoast SEO plugin. -->","yoast_head_json":{"title":"Malvazija | Vinoteka Sod\u010dek","description":"[:sl]Malvazija Santomas je svetlo zlate rumene barve, cvetlica spominja na bele, rumene cvetove, suhe hru\u0161ke, tudi mandelj. V ustih je srednjega telesa.[:en]Malvazija Santomas is light golden yellow color, resembles white, yellow flowers, dried pears, even almonds. It is medium-bodied in the mouth.[:]","robots":{"index":"index","follow":"follow","max-snippet":"max-snippet:-1","max-image-preview":"max-image-preview:large","max-video-preview":"max-video-preview:-1"},"og_locale":"en_US","og_type":"article","og_title":"[:sl]Malvazija[:en]Malvazija[:] | Vinoteka Sod\u010dek","og_description":"[:sl]Malvazija Santomas je svetlo zlate rumene barve, cvetlica spominja na bele, rumene cvetove, suhe hru\u0161ke, tudi mandelj. V ustih je srednjega telesa.[:en]Malvazija Santomas is light golden yellow color, resembles white, yellow flowers, dried pears, even almonds. It is medium-bodied in the mouth.[:]","og_url":"https:\/\/vinoteka-sodcek.si\/en\/shop\/wines\/white-wines\/santomas-malvazija-santomas\/","og_site_name":"Vinoteka Sod\u010dek","article_publisher":"https:\/\/www.facebook.com\/vinotekasodcek\/","article_modified_time":"2026-04-14T10:46:54+00:00","og_image":[{"width":171,"height":655,"url":"https:\/\/vinoteka-sodcek.si\/wp-content\/uploads\/Santomas_Malvazija_0.75L1.jpg","type":"image\/jpeg"}],"twitter_card":"summary_large_image","schema":{"@context":"https:\/\/schema.org","@graph":[{"@type":"WebPage","@id":"https:\/\/vinoteka-sodcek.si\/trgovina\/vina\/bela-vina\/santomas-malvazija-santomas\/","url":"https:\/\/vinoteka-sodcek.si\/trgovina\/vina\/bela-vina\/santomas-malvazija-santomas\/","name":"[:sl]Malvazija[:en]Malvazija[:] | Vinoteka Sod\u010dek","isPartOf":{"@id":"https:\/\/vinoteka-sodcek.si\/#website"},"primaryImageOfPage":{"@id":"https:\/\/vinoteka-sodcek.si\/trgovina\/vina\/bela-vina\/santomas-malvazija-santomas\/#primaryimage"},"image":{"@id":"https:\/\/vinoteka-sodcek.si\/trgovina\/vina\/bela-vina\/santomas-malvazija-santomas\/#primaryimage"},"thumbnailUrl":"https:\/\/vinoteka-sodcek.si\/wp-content\/uploads\/Santomas_Malvazija_0.75L1.jpg","datePublished":"2024-03-15T16:20:26+00:00","dateModified":"2026-04-14T10:46:54+00:00","description":"[:sl]Malvazija Santomas je svetlo zlate rumene barve, cvetlica spominja na bele, rumene cvetove, suhe hru\u0161ke, tudi mandelj. V ustih je srednjega telesa.[:en]Malvazija Santomas is light golden yellow color, resembles white, yellow flowers, dried pears, even almonds. It is medium-bodied in the mouth.[:]","breadcrumb":{"@id":"https:\/\/vinoteka-sodcek.si\/trgovina\/vina\/bela-vina\/santomas-malvazija-santomas\/#breadcrumb"},"inLanguage":"en-US","potentialAction":[{"@type":"ReadAction","target":["https:\/\/vinoteka-sodcek.si\/trgovina\/vina\/bela-vina\/santomas-malvazija-santomas\/"]}]},{"@type":"ImageObject","inLanguage":"en-US","@id":"https:\/\/vinoteka-sodcek.si\/trgovina\/vina\/bela-vina\/santomas-malvazija-santomas\/#primaryimage","url":"https:\/\/vinoteka-sodcek.si\/wp-content\/uploads\/Santomas_Malvazija_0.75L1.jpg","contentUrl":"https:\/\/vinoteka-sodcek.si\/wp-content\/uploads\/Santomas_Malvazija_0.75L1.jpg","width":171,"height":655},{"@type":"BreadcrumbList","@id":"https:\/\/vinoteka-sodcek.si\/trgovina\/vina\/bela-vina\/santomas-malvazija-santomas\/#breadcrumb","itemListElement":[{"@type":"ListItem","position":1,"name":"Home","item":"https:\/\/vinoteka-sodcek.si\/en\/"},{"@type":"ListItem","position":2,"name":"Trgovina","item":"https:\/\/vinoteka-sodcek.si\/trgovina\/"},{"@type":"ListItem","position":3,"name":"Malvazija"}]},{"@type":"WebSite","@id":"https:\/\/vinoteka-sodcek.si\/#website","url":"https:\/\/vinoteka-sodcek.si\/","name":"Vinoteka Sod\u010dek","description":"Vinoteka z vrhunskimi vini","publisher":{"@id":"https:\/\/vinoteka-sodcek.si\/#organization"},"potentialAction":[{"@type":"SearchAction","target":{"@type":"EntryPoint","urlTemplate":"https:\/\/vinoteka-sodcek.si\/?s={search_term_string}"},"query-input":"required name=search_term_string"}],"inLanguage":"en-US"},{"@type":"Organization","@id":"https:\/\/vinoteka-sodcek.si\/#organization","name":"Vinoteka Sod\u010dek, Ale\u0161 \u010ceba\u0161ek s.p.","url":"https:\/\/vinoteka-sodcek.si\/","logo":{"@type":"ImageObject","inLanguage":"en-US","@id":"https:\/\/vinoteka-sodcek.si\/#\/schema\/logo\/image\/","url":"https:\/\/beta.vinoteka-sodcek.si\/wp-content\/uploads\/vinoteka-sodcek-logo.png","contentUrl":"https:\/\/beta.vinoteka-sodcek.si\/wp-content\/uploads\/vinoteka-sodcek-logo.png","width":300,"height":90,"caption":"Vinoteka Sod\u010dek, Ale\u0161 \u010ceba\u0161ek s.p."},"image":{"@id":"https:\/\/vinoteka-sodcek.si\/#\/schema\/logo\/image\/"},"sameAs":["https:\/\/www.facebook.com\/vinotekasodcek\/"]}]}},"_links":{"self":[{"href":"https:\/\/vinoteka-sodcek.si\/en\/wp-json\/\/wp\/v2\/product\/559"}],"collection":[{"href":"https:\/\/vinoteka-sodcek.si\/en\/wp-json\/\/wp\/v2\/product"}],"about":[{"href":"https:\/\/vinoteka-sodcek.si\/en\/wp-json\/\/wp\/v2\/types\/product"}],"wp:featuredmedia":[{"embeddable":true,"href":"https:\/\/vinoteka-sodcek.si\/en\/wp-json\/\/wp\/v2\/media\/558"}],"wp:attachment":[{"href":"https:\/\/vinoteka-sodcek.si\/en\/wp-json\/\/wp\/v2\/media?parent=559"}],"wp:term":[{"taxonomy":"product_cat","embeddable":true,"href":"https:\/\/vinoteka-sodcek.si\/en\/wp-json\/\/wp\/v2\/product_cat?post=559"},{"taxonomy":"product_tag","embeddable":true,"href":"https:\/\/vinoteka-sodcek.si\/en\/wp-json\/\/wp\/v2\/product_tag?post=559"}],"curies":[{"name":"wp","href":"https:\/\/api.w.org\/{rel}","templated":true}]}}