{"id":565,"date":"2024-03-15T17:20:26","date_gmt":"2024-03-15T16:20:26","guid":{"rendered":"http:\/\/192.168.64.105\/GitHub\/vinoteka-sodcek\/trgovina\/uncategorized\/santomas-grand-cuvee-certeze\/"},"modified":"2026-01-03T10:23:00","modified_gmt":"2026-01-03T09:23:00","slug":"santomas-grand-cuvee-certeze","status":"publish","type":"product","link":"https:\/\/vinoteka-sodcek.si\/en\/shop\/wines\/red-wines\/santomas-grand-cuvee-certeze\/","title":{"rendered":"Grand cuvee Certeze"},"content":{"rendered":"<p>Only in the best harvests.<\/p>\n<p>Hand-harvested grapes, chilled overnight. The picked grapes are placed in wooden vinifiers for maceration and fermentation at temperatures between 25 and 30 \u00b0C for a period of 2-3 weeks. After racking, the wine matures for a couple of months on dead yeasts, where it also completes its biological decomposition. The wine is then matured in new 350L French oak barrels for a period of 24 months.<\/p>\n<p>Finally, the best barrels of the vintage are selected.<\/p>\n<p>It is a deep ruby red colour with a very dense texture. Strong aromas of blackberry, blackcurrant, honey, pine resin and chocolate. Rich, velvety texture on the palate with plenty of lovely soft tannins, with a persistent and persistent aftertaste.<\/p>\n","protected":false},"excerpt":{"rendered":"<p>Only in the best harvests. Hand-harvested grapes, chilled overnight. The picked grapes are placed in wooden vinifiers for maceration and fermentation at temperatures between 25 and 30 \u00b0C for a period&#8230;<\/p>\n","protected":false},"featured_media":2353,"template":"","meta":[],"product_cat":[20],"product_tag":[],"acf":[],"yoast_head":"<!-- This site is optimized with the Yoast SEO plugin v22.2 - https:\/\/yoast.com\/wordpress\/plugins\/seo\/ -->\n<title>Grand cuvee Certeze | Vinoteka Sod\u010dek<\/title>\n<meta name=\"description\" content=\"Grand cuvee certeze Santomas is a deep ruby red colour with a very dense texture. Strong aromas of blackberry, blackcurrant, honey, pine resin.\" \/>\n<meta name=\"robots\" content=\"index, follow, max-snippet:-1, max-image-preview:large, max-video-preview:-1\" \/>\n<meta property=\"og:locale\" content=\"en_US\" \/>\n<meta property=\"og:type\" content=\"article\" \/>\n<meta property=\"og:title\" content=\"Grand cuvee Certeze\" \/>\n<meta property=\"og:description\" content=\"Grand cuvee certeze Santomas is a deep ruby red colour with a very dense texture. Strong aromas of blackberry, blackcurrant, honey, pine resin.\" \/>\n<meta property=\"og:url\" content=\"https:\/\/vinoteka-sodcek.si\/en\/shop\/wines\/red-wines\/santomas-grand-cuvee-certeze\/\" \/>\n<meta property=\"og:site_name\" content=\"Vinoteka Sod\u010dek\" \/>\n<meta property=\"article:publisher\" content=\"https:\/\/www.facebook.com\/vinotekasodcek\/\" \/>\n<meta property=\"article:modified_time\" content=\"2026-01-03T09:23:00+00:00\" \/>\n<meta property=\"og:image\" content=\"https:\/\/vinoteka-sodcek.si\/wp-content\/uploads\/grand-cuvee-certezze-1.jpg\" \/>\n\t<meta property=\"og:image:width\" content=\"218\" \/>\n\t<meta property=\"og:image:height\" content=\"796\" \/>\n\t<meta property=\"og:image:type\" content=\"image\/jpeg\" \/>\n<meta name=\"twitter:card\" content=\"summary_large_image\" \/>\n<!-- \/ Yoast SEO plugin. -->","yoast_head_json":{"title":"Grand cuvee Certeze | Vinoteka Sod\u010dek","description":"[:sl]Grand cuvee certeze Santomas je globoke rubinasto rde\u010de barve, z zelo gosto teksturo. Mo\u010dne arome robide, \u010drnega ribeza, medu, borove smole tudi \u010dokolade.[:en]Grand cuvee certeze Santomas is a deep ruby red colour with a very dense texture. Strong aromas of blackberry, blackcurrant, honey, pine resin.[:]","robots":{"index":"index","follow":"follow","max-snippet":"max-snippet:-1","max-image-preview":"max-image-preview:large","max-video-preview":"max-video-preview:-1"},"og_locale":"en_US","og_type":"article","og_title":"[:sl]Grand cuvee Certeze[:en]Grand cuvee Certeze[:] | Vinoteka Sod\u010dek","og_description":"[:sl]Grand cuvee certeze Santomas je globoke rubinasto rde\u010de barve, z zelo gosto teksturo. Mo\u010dne arome robide, \u010drnega ribeza, medu, borove smole tudi \u010dokolade.[:en]Grand cuvee certeze Santomas is a deep ruby red colour with a very dense texture. Strong aromas of blackberry, blackcurrant, honey, pine resin.[:]","og_url":"https:\/\/vinoteka-sodcek.si\/en\/shop\/wines\/red-wines\/santomas-grand-cuvee-certeze\/","og_site_name":"Vinoteka Sod\u010dek","article_publisher":"https:\/\/www.facebook.com\/vinotekasodcek\/","article_modified_time":"2026-01-03T09:23:00+00:00","og_image":[{"width":218,"height":796,"url":"https:\/\/vinoteka-sodcek.si\/wp-content\/uploads\/grand-cuvee-certezze-1.jpg","type":"image\/jpeg"}],"twitter_card":"summary_large_image","schema":{"@context":"https:\/\/schema.org","@graph":[{"@type":"WebPage","@id":"https:\/\/vinoteka-sodcek.si\/trgovina\/vina\/rdeca-vina\/santomas-grand-cuvee-certeze\/","url":"https:\/\/vinoteka-sodcek.si\/trgovina\/vina\/rdeca-vina\/santomas-grand-cuvee-certeze\/","name":"[:sl]Grand cuvee Certeze[:en]Grand cuvee Certeze[:] | Vinoteka Sod\u010dek","isPartOf":{"@id":"https:\/\/vinoteka-sodcek.si\/#website"},"primaryImageOfPage":{"@id":"https:\/\/vinoteka-sodcek.si\/trgovina\/vina\/rdeca-vina\/santomas-grand-cuvee-certeze\/#primaryimage"},"image":{"@id":"https:\/\/vinoteka-sodcek.si\/trgovina\/vina\/rdeca-vina\/santomas-grand-cuvee-certeze\/#primaryimage"},"thumbnailUrl":"https:\/\/vinoteka-sodcek.si\/wp-content\/uploads\/grand-cuvee-certezze-1.jpg","datePublished":"2024-03-15T16:20:26+00:00","dateModified":"2026-01-03T09:23:00+00:00","description":"[:sl]Grand cuvee certeze Santomas je globoke rubinasto rde\u010de barve, z zelo gosto teksturo. Mo\u010dne arome robide, \u010drnega ribeza, medu, borove smole tudi \u010dokolade.[:en]Grand cuvee certeze Santomas is a deep ruby red colour with a very dense texture. Strong aromas of blackberry, blackcurrant, honey, pine resin.[:]","breadcrumb":{"@id":"https:\/\/vinoteka-sodcek.si\/trgovina\/vina\/rdeca-vina\/santomas-grand-cuvee-certeze\/#breadcrumb"},"inLanguage":"en-US","potentialAction":[{"@type":"ReadAction","target":["https:\/\/vinoteka-sodcek.si\/trgovina\/vina\/rdeca-vina\/santomas-grand-cuvee-certeze\/"]}]},{"@type":"ImageObject","inLanguage":"en-US","@id":"https:\/\/vinoteka-sodcek.si\/trgovina\/vina\/rdeca-vina\/santomas-grand-cuvee-certeze\/#primaryimage","url":"https:\/\/vinoteka-sodcek.si\/wp-content\/uploads\/grand-cuvee-certezze-1.jpg","contentUrl":"https:\/\/vinoteka-sodcek.si\/wp-content\/uploads\/grand-cuvee-certezze-1.jpg","width":218,"height":796},{"@type":"BreadcrumbList","@id":"https:\/\/vinoteka-sodcek.si\/trgovina\/vina\/rdeca-vina\/santomas-grand-cuvee-certeze\/#breadcrumb","itemListElement":[{"@type":"ListItem","position":1,"name":"Home","item":"https:\/\/vinoteka-sodcek.si\/en\/"},{"@type":"ListItem","position":2,"name":"Trgovina","item":"https:\/\/vinoteka-sodcek.si\/trgovina\/"},{"@type":"ListItem","position":3,"name":"Grand cuvee Certeze"}]},{"@type":"WebSite","@id":"https:\/\/vinoteka-sodcek.si\/#website","url":"https:\/\/vinoteka-sodcek.si\/","name":"Vinoteka Sod\u010dek","description":"Vinoteka z vrhunskimi vini","publisher":{"@id":"https:\/\/vinoteka-sodcek.si\/#organization"},"potentialAction":[{"@type":"SearchAction","target":{"@type":"EntryPoint","urlTemplate":"https:\/\/vinoteka-sodcek.si\/?s={search_term_string}"},"query-input":"required name=search_term_string"}],"inLanguage":"en-US"},{"@type":"Organization","@id":"https:\/\/vinoteka-sodcek.si\/#organization","name":"Vinoteka Sod\u010dek, Ale\u0161 \u010ceba\u0161ek s.p.","url":"https:\/\/vinoteka-sodcek.si\/","logo":{"@type":"ImageObject","inLanguage":"en-US","@id":"https:\/\/vinoteka-sodcek.si\/#\/schema\/logo\/image\/","url":"https:\/\/beta.vinoteka-sodcek.si\/wp-content\/uploads\/vinoteka-sodcek-logo.png","contentUrl":"https:\/\/beta.vinoteka-sodcek.si\/wp-content\/uploads\/vinoteka-sodcek-logo.png","width":300,"height":90,"caption":"Vinoteka Sod\u010dek, Ale\u0161 \u010ceba\u0161ek s.p."},"image":{"@id":"https:\/\/vinoteka-sodcek.si\/#\/schema\/logo\/image\/"},"sameAs":["https:\/\/www.facebook.com\/vinotekasodcek\/"]}]}},"_links":{"self":[{"href":"https:\/\/vinoteka-sodcek.si\/en\/wp-json\/\/wp\/v2\/product\/565"}],"collection":[{"href":"https:\/\/vinoteka-sodcek.si\/en\/wp-json\/\/wp\/v2\/product"}],"about":[{"href":"https:\/\/vinoteka-sodcek.si\/en\/wp-json\/\/wp\/v2\/types\/product"}],"wp:featuredmedia":[{"embeddable":true,"href":"https:\/\/vinoteka-sodcek.si\/en\/wp-json\/\/wp\/v2\/media\/2353"}],"wp:attachment":[{"href":"https:\/\/vinoteka-sodcek.si\/en\/wp-json\/\/wp\/v2\/media?parent=565"}],"wp:term":[{"taxonomy":"product_cat","embeddable":true,"href":"https:\/\/vinoteka-sodcek.si\/en\/wp-json\/\/wp\/v2\/product_cat?post=565"},{"taxonomy":"product_tag","embeddable":true,"href":"https:\/\/vinoteka-sodcek.si\/en\/wp-json\/\/wp\/v2\/product_tag?post=565"}],"curies":[{"name":"wp","href":"https:\/\/api.w.org\/{rel}","templated":true}]}}