{"id":573,"date":"2024-03-15T17:20:26","date_gmt":"2024-03-15T16:20:26","guid":{"rendered":"http:\/\/192.168.64.105\/GitHub\/vinoteka-sodcek\/trgovina\/uncategorized\/santomas-syrah\/"},"modified":"2026-01-03T10:22:22","modified_gmt":"2026-01-03T09:22:22","slug":"santomas-syrah","status":"publish","type":"product","link":"https:\/\/vinoteka-sodcek.si\/en\/shop\/wines\/red-wines\/santomas-syrah\/","title":{"rendered":"Syrah"},"content":{"rendered":"<p>The hand-harvested grapes are collected in crates and chilled overnight. The picked grapes are placed in vinifiers for maceration without spraying and fermentation at the same time between 25 and 30 \u00b0C for a period of two weeks. After the racking, the wine is matured for a couple of months on dead yeasts, where it also completes its biological decomposition, and then goes to 225l and 350l French oak wooden barrels for 24 months of maturation.<\/p>\n<p>It is purple in colour with red tints. The nose is youthful, cherry, dried spices, spicy. On the palate it has higher ripe tannins, full-bodied, juicy, medium acidity.<\/p>\n","protected":false},"excerpt":{"rendered":"<p>The hand-harvested grapes are collected in crates and chilled overnight. The picked grapes are placed in vinifiers for maceration without spraying and fermentation at the same time between 25 and 30&#8230;<\/p>\n","protected":false},"featured_media":2138,"template":"","meta":[],"product_cat":[20],"product_tag":[],"acf":[],"yoast_head":"<!-- This site is optimized with the Yoast SEO plugin v22.2 - https:\/\/yoast.com\/wordpress\/plugins\/seo\/ -->\n<title>Syrah | Vinoteka Sod\u010dek<\/title>\n<meta name=\"description\" content=\"Syrah Santomas is purple with red highlights. The nose is youthful, cherry, dry spices, spicy. On the palate, ripe tannins, full-bodied.\" \/>\n<meta name=\"robots\" content=\"index, follow, max-snippet:-1, max-image-preview:large, max-video-preview:-1\" \/>\n<meta property=\"og:locale\" content=\"en_US\" \/>\n<meta property=\"og:type\" content=\"article\" \/>\n<meta property=\"og:title\" content=\"Syrah\" \/>\n<meta property=\"og:description\" content=\"Syrah Santomas is purple with red highlights. The nose is youthful, cherry, dry spices, spicy. On the palate, ripe tannins, full-bodied.\" \/>\n<meta property=\"og:url\" content=\"https:\/\/vinoteka-sodcek.si\/en\/shop\/wines\/red-wines\/santomas-syrah\/\" \/>\n<meta property=\"og:site_name\" content=\"Vinoteka Sod\u010dek\" \/>\n<meta property=\"article:publisher\" content=\"https:\/\/www.facebook.com\/vinotekasodcek\/\" \/>\n<meta property=\"article:modified_time\" content=\"2026-01-03T09:22:22+00:00\" \/>\n<meta property=\"og:image\" content=\"https:\/\/vinoteka-sodcek.si\/wp-content\/uploads\/syrah-santomas.jpg\" \/>\n\t<meta property=\"og:image:width\" content=\"356\" \/>\n\t<meta property=\"og:image:height\" content=\"1264\" \/>\n\t<meta property=\"og:image:type\" content=\"image\/jpeg\" \/>\n<meta name=\"twitter:card\" content=\"summary_large_image\" \/>\n<!-- \/ Yoast SEO plugin. -->","yoast_head_json":{"title":"Syrah | Vinoteka Sod\u010dek","description":"[:sl]Syrah Santomas je vijoli\u010dne barve z rde\u010dimi odtenki. Vonj je mladosten, vi\u0161nja, suhe za\u010dimbe, pikanten. V ustih vi\u0161jih zrelih taninov, polnega okusa.[:en]Syrah Santomas is purple with red highlights. The nose is youthful, cherry, dry spices, spicy. On the palate, ripe tannins, full-bodied.[:]","robots":{"index":"index","follow":"follow","max-snippet":"max-snippet:-1","max-image-preview":"max-image-preview:large","max-video-preview":"max-video-preview:-1"},"og_locale":"en_US","og_type":"article","og_title":"[:sl]Syrah[:en]Syrah[:] | Vinoteka Sod\u010dek","og_description":"[:sl]Syrah Santomas je vijoli\u010dne barve z rde\u010dimi odtenki. Vonj je mladosten, vi\u0161nja, suhe za\u010dimbe, pikanten. V ustih vi\u0161jih zrelih taninov, polnega okusa.[:en]Syrah Santomas is purple with red highlights. The nose is youthful, cherry, dry spices, spicy. On the palate, ripe tannins, full-bodied.[:]","og_url":"https:\/\/vinoteka-sodcek.si\/en\/shop\/wines\/red-wines\/santomas-syrah\/","og_site_name":"Vinoteka Sod\u010dek","article_publisher":"https:\/\/www.facebook.com\/vinotekasodcek\/","article_modified_time":"2026-01-03T09:22:22+00:00","og_image":[{"width":356,"height":1264,"url":"https:\/\/vinoteka-sodcek.si\/wp-content\/uploads\/syrah-santomas.jpg","type":"image\/jpeg"}],"twitter_card":"summary_large_image","schema":{"@context":"https:\/\/schema.org","@graph":[{"@type":"WebPage","@id":"https:\/\/vinoteka-sodcek.si\/trgovina\/vina\/rdeca-vina\/santomas-syrah\/","url":"https:\/\/vinoteka-sodcek.si\/trgovina\/vina\/rdeca-vina\/santomas-syrah\/","name":"[:sl]Syrah[:en]Syrah[:] | Vinoteka Sod\u010dek","isPartOf":{"@id":"https:\/\/vinoteka-sodcek.si\/#website"},"primaryImageOfPage":{"@id":"https:\/\/vinoteka-sodcek.si\/trgovina\/vina\/rdeca-vina\/santomas-syrah\/#primaryimage"},"image":{"@id":"https:\/\/vinoteka-sodcek.si\/trgovina\/vina\/rdeca-vina\/santomas-syrah\/#primaryimage"},"thumbnailUrl":"https:\/\/vinoteka-sodcek.si\/wp-content\/uploads\/syrah-santomas.jpg","datePublished":"2024-03-15T16:20:26+00:00","dateModified":"2026-01-03T09:22:22+00:00","description":"[:sl]Syrah Santomas je vijoli\u010dne barve z rde\u010dimi odtenki. Vonj je mladosten, vi\u0161nja, suhe za\u010dimbe, pikanten. V ustih vi\u0161jih zrelih taninov, polnega okusa.[:en]Syrah Santomas is purple with red highlights. The nose is youthful, cherry, dry spices, spicy. On the palate, ripe tannins, full-bodied.[:]","breadcrumb":{"@id":"https:\/\/vinoteka-sodcek.si\/trgovina\/vina\/rdeca-vina\/santomas-syrah\/#breadcrumb"},"inLanguage":"en-US","potentialAction":[{"@type":"ReadAction","target":["https:\/\/vinoteka-sodcek.si\/trgovina\/vina\/rdeca-vina\/santomas-syrah\/"]}]},{"@type":"ImageObject","inLanguage":"en-US","@id":"https:\/\/vinoteka-sodcek.si\/trgovina\/vina\/rdeca-vina\/santomas-syrah\/#primaryimage","url":"https:\/\/vinoteka-sodcek.si\/wp-content\/uploads\/syrah-santomas.jpg","contentUrl":"https:\/\/vinoteka-sodcek.si\/wp-content\/uploads\/syrah-santomas.jpg","width":356,"height":1264},{"@type":"BreadcrumbList","@id":"https:\/\/vinoteka-sodcek.si\/trgovina\/vina\/rdeca-vina\/santomas-syrah\/#breadcrumb","itemListElement":[{"@type":"ListItem","position":1,"name":"Home","item":"https:\/\/vinoteka-sodcek.si\/en\/"},{"@type":"ListItem","position":2,"name":"Trgovina","item":"https:\/\/vinoteka-sodcek.si\/trgovina\/"},{"@type":"ListItem","position":3,"name":"Syrah"}]},{"@type":"WebSite","@id":"https:\/\/vinoteka-sodcek.si\/#website","url":"https:\/\/vinoteka-sodcek.si\/","name":"Vinoteka Sod\u010dek","description":"Vinoteka z vrhunskimi vini","publisher":{"@id":"https:\/\/vinoteka-sodcek.si\/#organization"},"potentialAction":[{"@type":"SearchAction","target":{"@type":"EntryPoint","urlTemplate":"https:\/\/vinoteka-sodcek.si\/?s={search_term_string}"},"query-input":"required name=search_term_string"}],"inLanguage":"en-US"},{"@type":"Organization","@id":"https:\/\/vinoteka-sodcek.si\/#organization","name":"Vinoteka Sod\u010dek, Ale\u0161 \u010ceba\u0161ek s.p.","url":"https:\/\/vinoteka-sodcek.si\/","logo":{"@type":"ImageObject","inLanguage":"en-US","@id":"https:\/\/vinoteka-sodcek.si\/#\/schema\/logo\/image\/","url":"https:\/\/beta.vinoteka-sodcek.si\/wp-content\/uploads\/vinoteka-sodcek-logo.png","contentUrl":"https:\/\/beta.vinoteka-sodcek.si\/wp-content\/uploads\/vinoteka-sodcek-logo.png","width":300,"height":90,"caption":"Vinoteka Sod\u010dek, Ale\u0161 \u010ceba\u0161ek s.p."},"image":{"@id":"https:\/\/vinoteka-sodcek.si\/#\/schema\/logo\/image\/"},"sameAs":["https:\/\/www.facebook.com\/vinotekasodcek\/"]}]}},"_links":{"self":[{"href":"https:\/\/vinoteka-sodcek.si\/en\/wp-json\/\/wp\/v2\/product\/573"}],"collection":[{"href":"https:\/\/vinoteka-sodcek.si\/en\/wp-json\/\/wp\/v2\/product"}],"about":[{"href":"https:\/\/vinoteka-sodcek.si\/en\/wp-json\/\/wp\/v2\/types\/product"}],"wp:featuredmedia":[{"embeddable":true,"href":"https:\/\/vinoteka-sodcek.si\/en\/wp-json\/\/wp\/v2\/media\/2138"}],"wp:attachment":[{"href":"https:\/\/vinoteka-sodcek.si\/en\/wp-json\/\/wp\/v2\/media?parent=573"}],"wp:term":[{"taxonomy":"product_cat","embeddable":true,"href":"https:\/\/vinoteka-sodcek.si\/en\/wp-json\/\/wp\/v2\/product_cat?post=573"},{"taxonomy":"product_tag","embeddable":true,"href":"https:\/\/vinoteka-sodcek.si\/en\/wp-json\/\/wp\/v2\/product_tag?post=573"}],"curies":[{"name":"wp","href":"https:\/\/api.w.org\/{rel}","templated":true}]}}