{"id":575,"date":"2024-03-15T17:20:26","date_gmt":"2024-03-15T16:20:26","guid":{"rendered":"http:\/\/192.168.64.105\/GitHub\/vinoteka-sodcek\/trgovina\/uncategorized\/santomas-penina-conte-del-monte\/"},"modified":"2026-01-08T12:33:10","modified_gmt":"2026-01-08T11:33:10","slug":"santomas-penina-conte-del-monte","status":"publish","type":"product","link":"https:\/\/vinoteka-sodcek.si\/en\/shop\/wines\/sparkling-wines\/santomas-penina-conte-del-monte\/","title":{"rendered":"Penina Conte del monte"},"content":{"rendered":"<p>Classic method.<\/p>\n<p>After earlier harvesting, an alcoholic fermentation of clear musts, and then for one year the wine matured in 3000L oak barrels on dead yeasts without the presence of sulfur. Biological breakdown has also expired. After one year, the wine goes to secondary fermentation into bottles for 15 months.<\/p>\n<p>It is a pink salmon color, a complex odor that is reminiscent of raspberry, pomegranate, black olives, even yeast, flavored complexity, bread crust, the aftertaste is long with pleasant acid.<\/p>\n","protected":false},"excerpt":{"rendered":"<p>Classic method. After earlier harvesting, an alcoholic fermentation of clear musts, and then for one year the wine matured in 3000L oak barrels on dead yeasts without the presence of sulfur&#8230;.<\/p>\n","protected":false},"featured_media":574,"template":"","meta":[],"product_cat":[22],"product_tag":[],"acf":[],"yoast_head":"<!-- This site is optimized with the Yoast SEO plugin v22.2 - https:\/\/yoast.com\/wordpress\/plugins\/seo\/ -->\n<title>Penina Conte del monte | Vinoteka Sod\u010dek<\/title>\n<meta name=\"description\" content=\"Conte del monte Santomas is salmon-pink in colour, with a complex scent reminiscent of raspberry, pomegranate, black olives, even yeast.\" \/>\n<meta name=\"robots\" content=\"index, follow, max-snippet:-1, max-image-preview:large, max-video-preview:-1\" \/>\n<meta property=\"og:locale\" content=\"en_US\" \/>\n<meta property=\"og:type\" content=\"article\" \/>\n<meta property=\"og:title\" content=\"Penina Conte del monte\" \/>\n<meta property=\"og:description\" content=\"Conte del monte Santomas is salmon-pink in colour, with a complex scent reminiscent of raspberry, pomegranate, black olives, even yeast.\" \/>\n<meta property=\"og:url\" content=\"https:\/\/vinoteka-sodcek.si\/en\/shop\/wines\/sparkling-wines\/santomas-penina-conte-del-monte\/\" \/>\n<meta property=\"og:site_name\" content=\"Vinoteka Sod\u010dek\" \/>\n<meta property=\"article:publisher\" content=\"https:\/\/www.facebook.com\/vinotekasodcek\/\" \/>\n<meta property=\"article:modified_time\" content=\"2026-01-08T11:33:10+00:00\" \/>\n<meta property=\"og:image\" content=\"https:\/\/vinoteka-sodcek.si\/wp-content\/uploads\/Penine_Rose_Conte.jpg\" \/>\n\t<meta property=\"og:image:width\" content=\"179\" \/>\n\t<meta property=\"og:image:height\" content=\"652\" \/>\n\t<meta property=\"og:image:type\" content=\"image\/jpeg\" \/>\n<meta name=\"twitter:card\" content=\"summary_large_image\" \/>\n<!-- \/ Yoast SEO plugin. -->","yoast_head_json":{"title":"Penina Conte del monte | Vinoteka Sod\u010dek","description":"[:sl]Conte del monte Santomas je roza lososove barve, kompleksnega vonja, ki spominja na malino, granatno jabolko, \u010drne olive, tudi kvas.[:en]Conte del monte Santomas is salmon-pink in colour, with a complex scent reminiscent of raspberry, pomegranate, black olives, even yeast.[:]","robots":{"index":"index","follow":"follow","max-snippet":"max-snippet:-1","max-image-preview":"max-image-preview:large","max-video-preview":"max-video-preview:-1"},"og_locale":"en_US","og_type":"article","og_title":"[:sl]Penina Conte del monte (nedego\u017eirana)[:en]Penina Conte del monte[:] | Vinoteka Sod\u010dek","og_description":"[:sl]Conte del monte Santomas je roza lososove barve, kompleksnega vonja, ki spominja na malino, granatno jabolko, \u010drne olive, tudi kvas.[:en]Conte del monte Santomas is salmon-pink in colour, with a complex scent reminiscent of raspberry, pomegranate, black olives, even yeast.[:]","og_url":"https:\/\/vinoteka-sodcek.si\/en\/shop\/wines\/sparkling-wines\/santomas-penina-conte-del-monte\/","og_site_name":"Vinoteka Sod\u010dek","article_publisher":"https:\/\/www.facebook.com\/vinotekasodcek\/","article_modified_time":"2026-01-08T11:33:10+00:00","og_image":[{"width":179,"height":652,"url":"https:\/\/vinoteka-sodcek.si\/wp-content\/uploads\/Penine_Rose_Conte.jpg","type":"image\/jpeg"}],"twitter_card":"summary_large_image","schema":{"@context":"https:\/\/schema.org","@graph":[{"@type":"WebPage","@id":"https:\/\/vinoteka-sodcek.si\/trgovina\/vina\/peneca-vina\/santomas-penina-conte-del-monte\/","url":"https:\/\/vinoteka-sodcek.si\/trgovina\/vina\/peneca-vina\/santomas-penina-conte-del-monte\/","name":"[:sl]Penina Conte del monte (nedego\u017eirana)[:en]Penina Conte del monte[:] | Vinoteka Sod\u010dek","isPartOf":{"@id":"https:\/\/vinoteka-sodcek.si\/#website"},"primaryImageOfPage":{"@id":"https:\/\/vinoteka-sodcek.si\/trgovina\/vina\/peneca-vina\/santomas-penina-conte-del-monte\/#primaryimage"},"image":{"@id":"https:\/\/vinoteka-sodcek.si\/trgovina\/vina\/peneca-vina\/santomas-penina-conte-del-monte\/#primaryimage"},"thumbnailUrl":"https:\/\/vinoteka-sodcek.si\/wp-content\/uploads\/Penine_Rose_Conte.jpg","datePublished":"2024-03-15T16:20:26+00:00","dateModified":"2026-01-08T11:33:10+00:00","description":"[:sl]Conte del monte Santomas je roza lososove barve, kompleksnega vonja, ki spominja na malino, granatno jabolko, \u010drne olive, tudi kvas.[:en]Conte del monte Santomas is salmon-pink in colour, with a complex scent reminiscent of raspberry, pomegranate, black olives, even yeast.[:]","breadcrumb":{"@id":"https:\/\/vinoteka-sodcek.si\/trgovina\/vina\/peneca-vina\/santomas-penina-conte-del-monte\/#breadcrumb"},"inLanguage":"en-US","potentialAction":[{"@type":"ReadAction","target":["https:\/\/vinoteka-sodcek.si\/trgovina\/vina\/peneca-vina\/santomas-penina-conte-del-monte\/"]}]},{"@type":"ImageObject","inLanguage":"en-US","@id":"https:\/\/vinoteka-sodcek.si\/trgovina\/vina\/peneca-vina\/santomas-penina-conte-del-monte\/#primaryimage","url":"https:\/\/vinoteka-sodcek.si\/wp-content\/uploads\/Penine_Rose_Conte.jpg","contentUrl":"https:\/\/vinoteka-sodcek.si\/wp-content\/uploads\/Penine_Rose_Conte.jpg","width":179,"height":652},{"@type":"BreadcrumbList","@id":"https:\/\/vinoteka-sodcek.si\/trgovina\/vina\/peneca-vina\/santomas-penina-conte-del-monte\/#breadcrumb","itemListElement":[{"@type":"ListItem","position":1,"name":"Home","item":"https:\/\/vinoteka-sodcek.si\/en\/"},{"@type":"ListItem","position":2,"name":"Trgovina","item":"https:\/\/vinoteka-sodcek.si\/trgovina\/"},{"@type":"ListItem","position":3,"name":"Penina Conte del monte (nedego\u017eirana)"}]},{"@type":"WebSite","@id":"https:\/\/vinoteka-sodcek.si\/#website","url":"https:\/\/vinoteka-sodcek.si\/","name":"Vinoteka Sod\u010dek","description":"Vinoteka z vrhunskimi vini","publisher":{"@id":"https:\/\/vinoteka-sodcek.si\/#organization"},"potentialAction":[{"@type":"SearchAction","target":{"@type":"EntryPoint","urlTemplate":"https:\/\/vinoteka-sodcek.si\/?s={search_term_string}"},"query-input":"required name=search_term_string"}],"inLanguage":"en-US"},{"@type":"Organization","@id":"https:\/\/vinoteka-sodcek.si\/#organization","name":"Vinoteka Sod\u010dek, Ale\u0161 \u010ceba\u0161ek s.p.","url":"https:\/\/vinoteka-sodcek.si\/","logo":{"@type":"ImageObject","inLanguage":"en-US","@id":"https:\/\/vinoteka-sodcek.si\/#\/schema\/logo\/image\/","url":"https:\/\/beta.vinoteka-sodcek.si\/wp-content\/uploads\/vinoteka-sodcek-logo.png","contentUrl":"https:\/\/beta.vinoteka-sodcek.si\/wp-content\/uploads\/vinoteka-sodcek-logo.png","width":300,"height":90,"caption":"Vinoteka Sod\u010dek, Ale\u0161 \u010ceba\u0161ek s.p."},"image":{"@id":"https:\/\/vinoteka-sodcek.si\/#\/schema\/logo\/image\/"},"sameAs":["https:\/\/www.facebook.com\/vinotekasodcek\/"]}]}},"_links":{"self":[{"href":"https:\/\/vinoteka-sodcek.si\/en\/wp-json\/\/wp\/v2\/product\/575"}],"collection":[{"href":"https:\/\/vinoteka-sodcek.si\/en\/wp-json\/\/wp\/v2\/product"}],"about":[{"href":"https:\/\/vinoteka-sodcek.si\/en\/wp-json\/\/wp\/v2\/types\/product"}],"wp:featuredmedia":[{"embeddable":true,"href":"https:\/\/vinoteka-sodcek.si\/en\/wp-json\/\/wp\/v2\/media\/574"}],"wp:attachment":[{"href":"https:\/\/vinoteka-sodcek.si\/en\/wp-json\/\/wp\/v2\/media?parent=575"}],"wp:term":[{"taxonomy":"product_cat","embeddable":true,"href":"https:\/\/vinoteka-sodcek.si\/en\/wp-json\/\/wp\/v2\/product_cat?post=575"},{"taxonomy":"product_tag","embeddable":true,"href":"https:\/\/vinoteka-sodcek.si\/en\/wp-json\/\/wp\/v2\/product_tag?post=575"}],"curies":[{"name":"wp","href":"https:\/\/api.w.org\/{rel}","templated":true}]}}