{"id":577,"date":"2024-03-15T17:20:26","date_gmt":"2024-03-15T16:20:26","guid":{"rendered":"http:\/\/192.168.64.105\/GitHub\/vinoteka-sodcek\/trgovina\/uncategorized\/vinakras-izbrani-teran-ptp\/"},"modified":"2026-02-06T21:08:35","modified_gmt":"2026-02-06T20:08:35","slug":"vinakras-izbrani-teran-ptp","status":"publish","type":"product","link":"https:\/\/vinoteka-sodcek.si\/en\/shop\/wines\/red-wines\/vinakras-izbrani-teran-ptp\/","title":{"rendered":"Izbrani Teran PTP"},"content":{"rendered":"<p>The grapes macerated in contact with the must for 10 days. After fermentation, biological decomposition was carried out. This was followed by racking and maturation for 12 months on its own fine lees in stainless steel tanks.<\/p>\n<p>It is dark red in colour with purple tints. The aroma is of blackberries, raspberries and blueberries. On the palate we can enjoy the fullness, fruitiness and liveliness of the pleasant acids.<\/p>\n<p>&nbsp;<\/p>\n","protected":false},"excerpt":{"rendered":"<p>The grapes macerated in contact with the must for 10 days. After fermentation, biological decomposition was carried out. This was followed by racking and maturation for 12 months on its own&#8230;<\/p>\n","protected":false},"featured_media":576,"template":"","meta":[],"product_cat":[20],"product_tag":[],"acf":[],"yoast_head":"<!-- This site is optimized with the Yoast SEO plugin v22.2 - https:\/\/yoast.com\/wordpress\/plugins\/seo\/ -->\n<title>Izbrani Teran PTP | Vinoteka Sod\u010dek<\/title>\n<meta name=\"description\" content=\"Izbrani teran PTP Vinakras is deep red with purple tints. The nose is blackberry, raspberry and blueberry. On the palate, the fullness can be enjoyed.\" \/>\n<meta name=\"robots\" content=\"index, follow, max-snippet:-1, max-image-preview:large, max-video-preview:-1\" \/>\n<meta property=\"og:locale\" content=\"en_US\" \/>\n<meta property=\"og:type\" content=\"article\" \/>\n<meta property=\"og:title\" content=\"Izbrani Teran PTP\" \/>\n<meta property=\"og:description\" content=\"Izbrani teran PTP Vinakras is deep red with purple tints. The nose is blackberry, raspberry and blueberry. On the palate, the fullness can be enjoyed.\" \/>\n<meta property=\"og:url\" content=\"https:\/\/vinoteka-sodcek.si\/en\/shop\/wines\/red-wines\/vinakras-izbrani-teran-ptp\/\" \/>\n<meta property=\"og:site_name\" content=\"Vinoteka Sod\u010dek\" \/>\n<meta property=\"article:publisher\" content=\"https:\/\/www.facebook.com\/vinotekasodcek\/\" \/>\n<meta property=\"article:modified_time\" content=\"2026-02-06T20:08:35+00:00\" \/>\n<meta property=\"og:image\" content=\"https:\/\/vinoteka-sodcek.si\/wp-content\/uploads\/Izbrani-Teran-2.jpg\" \/>\n\t<meta property=\"og:image:width\" content=\"171\" \/>\n\t<meta property=\"og:image:height\" content=\"660\" \/>\n\t<meta property=\"og:image:type\" content=\"image\/jpeg\" \/>\n<meta name=\"twitter:card\" content=\"summary_large_image\" \/>\n<!-- \/ Yoast SEO plugin. -->","yoast_head_json":{"title":"Izbrani Teran PTP | Vinoteka Sod\u010dek","description":"[:sl]Izbrani teran PTP Vinakras je temno rde\u010de barve z vijoli\u010dnimi odtenki. V vonju najdemo robidnice, maline in borovnice. Na okusu lahko u\u017eivamo v polnost.[:en]Izbrani teran PTP Vinakras is deep red with purple tints. The nose is blackberry, raspberry and blueberry. On the palate, the fullness can be enjoyed.[:]","robots":{"index":"index","follow":"follow","max-snippet":"max-snippet:-1","max-image-preview":"max-image-preview:large","max-video-preview":"max-video-preview:-1"},"og_locale":"en_US","og_type":"article","og_title":"[:sl]Izbrani Teran PTP[:en]Izbrani Teran PTP[:] | Vinoteka Sod\u010dek","og_description":"[:sl]Izbrani teran PTP Vinakras je temno rde\u010de barve z vijoli\u010dnimi odtenki. V vonju najdemo robidnice, maline in borovnice. Na okusu lahko u\u017eivamo v polnost.[:en]Izbrani teran PTP Vinakras is deep red with purple tints. The nose is blackberry, raspberry and blueberry. On the palate, the fullness can be enjoyed.[:]","og_url":"https:\/\/vinoteka-sodcek.si\/en\/shop\/wines\/red-wines\/vinakras-izbrani-teran-ptp\/","og_site_name":"Vinoteka Sod\u010dek","article_publisher":"https:\/\/www.facebook.com\/vinotekasodcek\/","article_modified_time":"2026-02-06T20:08:35+00:00","og_image":[{"width":171,"height":660,"url":"https:\/\/vinoteka-sodcek.si\/wp-content\/uploads\/Izbrani-Teran-2.jpg","type":"image\/jpeg"}],"twitter_card":"summary_large_image","schema":{"@context":"https:\/\/schema.org","@graph":[{"@type":"WebPage","@id":"https:\/\/vinoteka-sodcek.si\/trgovina\/vina\/rdeca-vina\/vinakras-izbrani-teran-ptp\/","url":"https:\/\/vinoteka-sodcek.si\/trgovina\/vina\/rdeca-vina\/vinakras-izbrani-teran-ptp\/","name":"[:sl]Izbrani Teran PTP[:en]Izbrani Teran PTP[:] | Vinoteka Sod\u010dek","isPartOf":{"@id":"https:\/\/vinoteka-sodcek.si\/#website"},"primaryImageOfPage":{"@id":"https:\/\/vinoteka-sodcek.si\/trgovina\/vina\/rdeca-vina\/vinakras-izbrani-teran-ptp\/#primaryimage"},"image":{"@id":"https:\/\/vinoteka-sodcek.si\/trgovina\/vina\/rdeca-vina\/vinakras-izbrani-teran-ptp\/#primaryimage"},"thumbnailUrl":"https:\/\/vinoteka-sodcek.si\/wp-content\/uploads\/Izbrani-Teran-2.jpg","datePublished":"2024-03-15T16:20:26+00:00","dateModified":"2026-02-06T20:08:35+00:00","description":"[:sl]Izbrani teran PTP Vinakras je temno rde\u010de barve z vijoli\u010dnimi odtenki. V vonju najdemo robidnice, maline in borovnice. Na okusu lahko u\u017eivamo v polnost.[:en]Izbrani teran PTP Vinakras is deep red with purple tints. The nose is blackberry, raspberry and blueberry. On the palate, the fullness can be enjoyed.[:]","breadcrumb":{"@id":"https:\/\/vinoteka-sodcek.si\/trgovina\/vina\/rdeca-vina\/vinakras-izbrani-teran-ptp\/#breadcrumb"},"inLanguage":"en-US","potentialAction":[{"@type":"ReadAction","target":["https:\/\/vinoteka-sodcek.si\/trgovina\/vina\/rdeca-vina\/vinakras-izbrani-teran-ptp\/"]}]},{"@type":"ImageObject","inLanguage":"en-US","@id":"https:\/\/vinoteka-sodcek.si\/trgovina\/vina\/rdeca-vina\/vinakras-izbrani-teran-ptp\/#primaryimage","url":"https:\/\/vinoteka-sodcek.si\/wp-content\/uploads\/Izbrani-Teran-2.jpg","contentUrl":"https:\/\/vinoteka-sodcek.si\/wp-content\/uploads\/Izbrani-Teran-2.jpg","width":171,"height":660},{"@type":"BreadcrumbList","@id":"https:\/\/vinoteka-sodcek.si\/trgovina\/vina\/rdeca-vina\/vinakras-izbrani-teran-ptp\/#breadcrumb","itemListElement":[{"@type":"ListItem","position":1,"name":"Home","item":"https:\/\/vinoteka-sodcek.si\/en\/"},{"@type":"ListItem","position":2,"name":"Trgovina","item":"https:\/\/vinoteka-sodcek.si\/trgovina\/"},{"@type":"ListItem","position":3,"name":"Izbrani Teran PTP"}]},{"@type":"WebSite","@id":"https:\/\/vinoteka-sodcek.si\/#website","url":"https:\/\/vinoteka-sodcek.si\/","name":"Vinoteka Sod\u010dek","description":"Vinoteka z vrhunskimi vini","publisher":{"@id":"https:\/\/vinoteka-sodcek.si\/#organization"},"potentialAction":[{"@type":"SearchAction","target":{"@type":"EntryPoint","urlTemplate":"https:\/\/vinoteka-sodcek.si\/?s={search_term_string}"},"query-input":"required name=search_term_string"}],"inLanguage":"en-US"},{"@type":"Organization","@id":"https:\/\/vinoteka-sodcek.si\/#organization","name":"Vinoteka Sod\u010dek, Ale\u0161 \u010ceba\u0161ek s.p.","url":"https:\/\/vinoteka-sodcek.si\/","logo":{"@type":"ImageObject","inLanguage":"en-US","@id":"https:\/\/vinoteka-sodcek.si\/#\/schema\/logo\/image\/","url":"https:\/\/beta.vinoteka-sodcek.si\/wp-content\/uploads\/vinoteka-sodcek-logo.png","contentUrl":"https:\/\/beta.vinoteka-sodcek.si\/wp-content\/uploads\/vinoteka-sodcek-logo.png","width":300,"height":90,"caption":"Vinoteka Sod\u010dek, Ale\u0161 \u010ceba\u0161ek s.p."},"image":{"@id":"https:\/\/vinoteka-sodcek.si\/#\/schema\/logo\/image\/"},"sameAs":["https:\/\/www.facebook.com\/vinotekasodcek\/"]}]}},"_links":{"self":[{"href":"https:\/\/vinoteka-sodcek.si\/en\/wp-json\/\/wp\/v2\/product\/577"}],"collection":[{"href":"https:\/\/vinoteka-sodcek.si\/en\/wp-json\/\/wp\/v2\/product"}],"about":[{"href":"https:\/\/vinoteka-sodcek.si\/en\/wp-json\/\/wp\/v2\/types\/product"}],"wp:featuredmedia":[{"embeddable":true,"href":"https:\/\/vinoteka-sodcek.si\/en\/wp-json\/\/wp\/v2\/media\/576"}],"wp:attachment":[{"href":"https:\/\/vinoteka-sodcek.si\/en\/wp-json\/\/wp\/v2\/media?parent=577"}],"wp:term":[{"taxonomy":"product_cat","embeddable":true,"href":"https:\/\/vinoteka-sodcek.si\/en\/wp-json\/\/wp\/v2\/product_cat?post=577"},{"taxonomy":"product_tag","embeddable":true,"href":"https:\/\/vinoteka-sodcek.si\/en\/wp-json\/\/wp\/v2\/product_tag?post=577"}],"curies":[{"name":"wp","href":"https:\/\/api.w.org\/{rel}","templated":true}]}}