{"id":579,"date":"2024-03-15T17:20:26","date_gmt":"2024-03-15T16:20:26","guid":{"rendered":"http:\/\/192.168.64.105\/GitHub\/vinoteka-sodcek\/trgovina\/uncategorized\/vinakras-teran-prestige-ptp\/"},"modified":"2024-10-10T15:55:25","modified_gmt":"2024-10-10T14:55:25","slug":"vinakras-teran-prestige-ptp","status":"publish","type":"product","link":"https:\/\/vinoteka-sodcek.si\/en\/shop\/wines\/red-wines\/vinakras-teran-prestige-ptp\/","title":{"rendered":"Teran Prestige PTP"},"content":{"rendered":"<p>The harvest takes place at the beginning of October. The grapes were macerated in contact with the must throughout fermentation, for up to 14 days. After a light pressing, the wine was subjected to biological decoction and then matured for 18 months in 225 L barriques. After bottling, the wine continues to mature in bottle for at least six months.<\/p>\n<p>It is an intense ruby red colour with purple tints, ripe-fruited flowers reminiscent of mulberries, blackberries and other fruits of the forest. It is characterised by its fullness and fruity character. Pleasant tannins enhance the wine&#8217;s flavour.<\/p>\n","protected":false},"excerpt":{"rendered":"<p>The harvest takes place at the beginning of October. The grapes were macerated in contact with the must throughout fermentation, for up to 14 days. After a light pressing, the wine&#8230;<\/p>\n","protected":false},"featured_media":578,"template":"","meta":[],"product_cat":[20],"product_tag":[],"acf":[],"yoast_head":"<!-- This site is optimized with the Yoast SEO plugin v22.2 - https:\/\/yoast.com\/wordpress\/plugins\/seo\/ -->\n<title>Teran Prestige PTP | Vinoteka Sod\u010dek<\/title>\n<meta name=\"description\" content=\"Teran prestige PTP is a deep ruby red with purple tinges, mature-fruiting flower reminiscent of mulberries, blackberries and other fruits of the forest.\" \/>\n<meta name=\"robots\" content=\"index, follow, max-snippet:-1, max-image-preview:large, max-video-preview:-1\" \/>\n<meta property=\"og:locale\" content=\"en_US\" \/>\n<meta property=\"og:type\" content=\"article\" \/>\n<meta property=\"og:title\" content=\"Teran Prestige PTP\" \/>\n<meta property=\"og:description\" content=\"Teran prestige PTP is a deep ruby red with purple tinges, mature-fruiting flower reminiscent of mulberries, blackberries and other fruits of the forest.\" \/>\n<meta property=\"og:url\" content=\"https:\/\/vinoteka-sodcek.si\/en\/shop\/wines\/red-wines\/vinakras-teran-prestige-ptp\/\" \/>\n<meta property=\"og:site_name\" content=\"Vinoteka Sod\u010dek\" \/>\n<meta property=\"article:publisher\" content=\"https:\/\/www.facebook.com\/vinotekasodcek\/\" \/>\n<meta property=\"article:modified_time\" content=\"2024-10-10T14:55:25+00:00\" \/>\n<meta property=\"og:image\" content=\"https:\/\/vinoteka-sodcek.si\/wp-content\/uploads\/Teran-Prestige-1.jpg\" \/>\n\t<meta property=\"og:image:width\" content=\"126\" \/>\n\t<meta property=\"og:image:height\" content=\"628\" \/>\n\t<meta property=\"og:image:type\" content=\"image\/jpeg\" \/>\n<meta name=\"twitter:card\" content=\"summary_large_image\" \/>\n<!-- \/ Yoast SEO plugin. -->","yoast_head_json":{"title":"Teran Prestige PTP | Vinoteka Sod\u010dek","description":"[:sl]Teran prestige PTP je intenzivno rubinasto rde\u010de barve z vijoli\u010dnimi odtenki, zrelo-sadne cvetice, ki spominja na murvo, robidnice in druge gozdne sade\u017ee.[:en]Teran prestige PTP is a deep ruby red with purple tinges, mature-fruiting flower reminiscent of mulberries, blackberries and other fruits of the forest.[:]","robots":{"index":"index","follow":"follow","max-snippet":"max-snippet:-1","max-image-preview":"max-image-preview:large","max-video-preview":"max-video-preview:-1"},"og_locale":"en_US","og_type":"article","og_title":"[:sl]Teran Prestige PTP[:en]Teran Prestige PTP[:] | Vinoteka Sod\u010dek","og_description":"[:sl]Teran prestige PTP je intenzivno rubinasto rde\u010de barve z vijoli\u010dnimi odtenki, zrelo-sadne cvetice, ki spominja na murvo, robidnice in druge gozdne sade\u017ee.[:en]Teran prestige PTP is a deep ruby red with purple tinges, mature-fruiting flower reminiscent of mulberries, blackberries and other fruits of the forest.[:]","og_url":"https:\/\/vinoteka-sodcek.si\/en\/shop\/wines\/red-wines\/vinakras-teran-prestige-ptp\/","og_site_name":"Vinoteka Sod\u010dek","article_publisher":"https:\/\/www.facebook.com\/vinotekasodcek\/","article_modified_time":"2024-10-10T14:55:25+00:00","og_image":[{"width":126,"height":628,"url":"https:\/\/vinoteka-sodcek.si\/wp-content\/uploads\/Teran-Prestige-1.jpg","type":"image\/jpeg"}],"twitter_card":"summary_large_image","schema":{"@context":"https:\/\/schema.org","@graph":[{"@type":"WebPage","@id":"https:\/\/vinoteka-sodcek.si\/en\/shop\/wines\/red-wines\/vinakras-teran-prestige-ptp\/","url":"https:\/\/vinoteka-sodcek.si\/en\/shop\/wines\/red-wines\/vinakras-teran-prestige-ptp\/","name":"[:sl]Teran Prestige PTP[:en]Teran Prestige PTP[:] | Vinoteka Sod\u010dek","isPartOf":{"@id":"https:\/\/vinoteka-sodcek.si\/#website"},"primaryImageOfPage":{"@id":"https:\/\/vinoteka-sodcek.si\/en\/shop\/wines\/red-wines\/vinakras-teran-prestige-ptp\/#primaryimage"},"image":{"@id":"https:\/\/vinoteka-sodcek.si\/en\/shop\/wines\/red-wines\/vinakras-teran-prestige-ptp\/#primaryimage"},"thumbnailUrl":"https:\/\/vinoteka-sodcek.si\/wp-content\/uploads\/Teran-Prestige-1.jpg","datePublished":"2024-03-15T16:20:26+00:00","dateModified":"2024-10-10T14:55:25+00:00","description":"[:sl]Teran prestige PTP je intenzivno rubinasto rde\u010de barve z vijoli\u010dnimi odtenki, zrelo-sadne cvetice, ki spominja na murvo, robidnice in druge gozdne sade\u017ee.[:en]Teran prestige PTP is a deep ruby red with purple tinges, mature-fruiting flower reminiscent of mulberries, blackberries and other fruits of the forest.[:]","breadcrumb":{"@id":"https:\/\/vinoteka-sodcek.si\/en\/shop\/wines\/red-wines\/vinakras-teran-prestige-ptp\/#breadcrumb"},"inLanguage":"en-US","potentialAction":[{"@type":"ReadAction","target":["https:\/\/vinoteka-sodcek.si\/en\/shop\/wines\/red-wines\/vinakras-teran-prestige-ptp\/"]}]},{"@type":"ImageObject","inLanguage":"en-US","@id":"https:\/\/vinoteka-sodcek.si\/en\/shop\/wines\/red-wines\/vinakras-teran-prestige-ptp\/#primaryimage","url":"https:\/\/vinoteka-sodcek.si\/wp-content\/uploads\/Teran-Prestige-1.jpg","contentUrl":"https:\/\/vinoteka-sodcek.si\/wp-content\/uploads\/Teran-Prestige-1.jpg","width":126,"height":628},{"@type":"BreadcrumbList","@id":"https:\/\/vinoteka-sodcek.si\/en\/shop\/wines\/red-wines\/vinakras-teran-prestige-ptp\/#breadcrumb","itemListElement":[{"@type":"ListItem","position":1,"name":"Home","item":"https:\/\/vinoteka-sodcek.si\/en\/"},{"@type":"ListItem","position":2,"name":"Trgovina","item":"https:\/\/vinoteka-sodcek.si\/trgovina\/"},{"@type":"ListItem","position":3,"name":"Teran Prestige PTP"}]},{"@type":"WebSite","@id":"https:\/\/vinoteka-sodcek.si\/#website","url":"https:\/\/vinoteka-sodcek.si\/","name":"Vinoteka Sod\u010dek","description":"Vinoteka z vrhunskimi vini","publisher":{"@id":"https:\/\/vinoteka-sodcek.si\/#organization"},"potentialAction":[{"@type":"SearchAction","target":{"@type":"EntryPoint","urlTemplate":"https:\/\/vinoteka-sodcek.si\/?s={search_term_string}"},"query-input":"required name=search_term_string"}],"inLanguage":"en-US"},{"@type":"Organization","@id":"https:\/\/vinoteka-sodcek.si\/#organization","name":"Vinoteka Sod\u010dek, Ale\u0161 \u010ceba\u0161ek s.p.","url":"https:\/\/vinoteka-sodcek.si\/","logo":{"@type":"ImageObject","inLanguage":"en-US","@id":"https:\/\/vinoteka-sodcek.si\/#\/schema\/logo\/image\/","url":"https:\/\/beta.vinoteka-sodcek.si\/wp-content\/uploads\/vinoteka-sodcek-logo.png","contentUrl":"https:\/\/beta.vinoteka-sodcek.si\/wp-content\/uploads\/vinoteka-sodcek-logo.png","width":300,"height":90,"caption":"Vinoteka Sod\u010dek, Ale\u0161 \u010ceba\u0161ek s.p."},"image":{"@id":"https:\/\/vinoteka-sodcek.si\/#\/schema\/logo\/image\/"},"sameAs":["https:\/\/www.facebook.com\/vinotekasodcek\/"]}]}},"_links":{"self":[{"href":"https:\/\/vinoteka-sodcek.si\/en\/wp-json\/\/wp\/v2\/product\/579"}],"collection":[{"href":"https:\/\/vinoteka-sodcek.si\/en\/wp-json\/\/wp\/v2\/product"}],"about":[{"href":"https:\/\/vinoteka-sodcek.si\/en\/wp-json\/\/wp\/v2\/types\/product"}],"wp:featuredmedia":[{"embeddable":true,"href":"https:\/\/vinoteka-sodcek.si\/en\/wp-json\/\/wp\/v2\/media\/578"}],"wp:attachment":[{"href":"https:\/\/vinoteka-sodcek.si\/en\/wp-json\/\/wp\/v2\/media?parent=579"}],"wp:term":[{"taxonomy":"product_cat","embeddable":true,"href":"https:\/\/vinoteka-sodcek.si\/en\/wp-json\/\/wp\/v2\/product_cat?post=579"},{"taxonomy":"product_tag","embeddable":true,"href":"https:\/\/vinoteka-sodcek.si\/en\/wp-json\/\/wp\/v2\/product_tag?post=579"}],"curies":[{"name":"wp","href":"https:\/\/api.w.org\/{rel}","templated":true}]}}