{"id":581,"date":"2024-03-15T17:20:26","date_gmt":"2024-03-15T16:20:26","guid":{"rendered":"http:\/\/192.168.64.105\/GitHub\/vinoteka-sodcek\/trgovina\/uncategorized\/rokovi-vinogradi-cabernet-sauvignon\/"},"modified":"2026-02-06T19:05:02","modified_gmt":"2026-02-06T18:05:02","slug":"rokovi-vinogradi-cabernet-sauvignon","status":"publish","type":"product","link":"https:\/\/vinoteka-sodcek.si\/en\/shop\/wines\/red-wines\/rokovi-vinogradi-cabernet-sauvignon\/","title":{"rendered":"Cabernet sauvignon"},"content":{"rendered":"<p>The grapes for it come from the western part of the hill below the village of Biljana. It receives enough sun for optimum ripeness, which is essential for Cabernet Sauvignon. Once the harvest of perfectly healthy and ripe grapes is complete, fermentation is followed by maturation in second-hand oak barrels for one year.<\/p>\n<p>It is deep ruby in colour. The nose is reminiscent of forest fruits and plums, and the palate is dry, medium-bodied, with pleasant ripe tannins.<\/p>\n","protected":false},"excerpt":{"rendered":"<p>The grapes for it come from the western part of the hill below the village of Biljana. It receives enough sun for optimum ripeness, which is essential for Cabernet Sauvignon. Once&#8230;<\/p>\n","protected":false},"featured_media":1093,"template":"","meta":[],"product_cat":[20],"product_tag":[],"acf":[],"yoast_head":"<!-- This site is optimized with the Yoast SEO plugin v22.2 - https:\/\/yoast.com\/wordpress\/plugins\/seo\/ -->\n<title>Cabernet sauvignon | Vinoteka Sod\u010dek<\/title>\n<meta name=\"description\" content=\"Cabernet sauvignon Rokovi vinogradi is a deep ruby colour. The nose is reminiscent of forest fruits and plums, the palate is dry.\" \/>\n<meta name=\"robots\" content=\"index, follow, max-snippet:-1, max-image-preview:large, max-video-preview:-1\" \/>\n<meta property=\"og:locale\" content=\"en_US\" \/>\n<meta property=\"og:type\" content=\"article\" \/>\n<meta property=\"og:title\" content=\"Cabernet sauvignon\" \/>\n<meta property=\"og:description\" content=\"Cabernet sauvignon Rokovi vinogradi is a deep ruby colour. The nose is reminiscent of forest fruits and plums, the palate is dry.\" \/>\n<meta property=\"og:url\" content=\"https:\/\/vinoteka-sodcek.si\/en\/shop\/wines\/red-wines\/rokovi-vinogradi-cabernet-sauvignon\/\" \/>\n<meta property=\"og:site_name\" content=\"Vinoteka Sod\u010dek\" \/>\n<meta property=\"article:publisher\" content=\"https:\/\/www.facebook.com\/vinotekasodcek\/\" \/>\n<meta property=\"article:modified_time\" content=\"2026-02-06T18:05:02+00:00\" \/>\n<meta property=\"og:image\" content=\"https:\/\/vinoteka-sodcek.si\/wp-content\/uploads\/c-s-rokovi.jpg\" \/>\n\t<meta property=\"og:image:width\" content=\"305\" \/>\n\t<meta property=\"og:image:height\" content=\"1200\" \/>\n\t<meta property=\"og:image:type\" content=\"image\/jpeg\" \/>\n<meta name=\"twitter:card\" content=\"summary_large_image\" \/>\n<!-- \/ Yoast SEO plugin. -->","yoast_head_json":{"title":"Cabernet sauvignon | Vinoteka Sod\u010dek","description":"[:sl]Cabernet sauvignon Rokovi vinogradi je globoko rubinaste barve. Vonj spominja na gozdne sade\u017ee in slive, v ustih je suho, prijetnih dozorelih taninov.[:en]Cabernet sauvignon Rokovi vinogradi is a deep ruby colour. The nose is reminiscent of forest fruits and plums, the palate is dry.[:]","robots":{"index":"index","follow":"follow","max-snippet":"max-snippet:-1","max-image-preview":"max-image-preview:large","max-video-preview":"max-video-preview:-1"},"og_locale":"en_US","og_type":"article","og_title":"[:sl]Cabernet sauvignon[:en]Cabernet sauvignon[:] | Vinoteka Sod\u010dek","og_description":"[:sl]Cabernet sauvignon Rokovi vinogradi je globoko rubinaste barve. Vonj spominja na gozdne sade\u017ee in slive, v ustih je suho, prijetnih dozorelih taninov.[:en]Cabernet sauvignon Rokovi vinogradi is a deep ruby colour. The nose is reminiscent of forest fruits and plums, the palate is dry.[:]","og_url":"https:\/\/vinoteka-sodcek.si\/en\/shop\/wines\/red-wines\/rokovi-vinogradi-cabernet-sauvignon\/","og_site_name":"Vinoteka Sod\u010dek","article_publisher":"https:\/\/www.facebook.com\/vinotekasodcek\/","article_modified_time":"2026-02-06T18:05:02+00:00","og_image":[{"width":305,"height":1200,"url":"https:\/\/vinoteka-sodcek.si\/wp-content\/uploads\/c-s-rokovi.jpg","type":"image\/jpeg"}],"twitter_card":"summary_large_image","schema":{"@context":"https:\/\/schema.org","@graph":[{"@type":"WebPage","@id":"https:\/\/vinoteka-sodcek.si\/trgovina\/vina\/rdeca-vina\/rokovi-vinogradi-cabernet-sauvignon\/","url":"https:\/\/vinoteka-sodcek.si\/trgovina\/vina\/rdeca-vina\/rokovi-vinogradi-cabernet-sauvignon\/","name":"[:sl]Cabernet sauvignon[:en]Cabernet sauvignon[:] | Vinoteka Sod\u010dek","isPartOf":{"@id":"https:\/\/vinoteka-sodcek.si\/#website"},"primaryImageOfPage":{"@id":"https:\/\/vinoteka-sodcek.si\/trgovina\/vina\/rdeca-vina\/rokovi-vinogradi-cabernet-sauvignon\/#primaryimage"},"image":{"@id":"https:\/\/vinoteka-sodcek.si\/trgovina\/vina\/rdeca-vina\/rokovi-vinogradi-cabernet-sauvignon\/#primaryimage"},"thumbnailUrl":"https:\/\/vinoteka-sodcek.si\/wp-content\/uploads\/c-s-rokovi.jpg","datePublished":"2024-03-15T16:20:26+00:00","dateModified":"2026-02-06T18:05:02+00:00","description":"[:sl]Cabernet sauvignon Rokovi vinogradi je globoko rubinaste barve. Vonj spominja na gozdne sade\u017ee in slive, v ustih je suho, prijetnih dozorelih taninov.[:en]Cabernet sauvignon Rokovi vinogradi is a deep ruby colour. The nose is reminiscent of forest fruits and plums, the palate is dry.[:]","breadcrumb":{"@id":"https:\/\/vinoteka-sodcek.si\/trgovina\/vina\/rdeca-vina\/rokovi-vinogradi-cabernet-sauvignon\/#breadcrumb"},"inLanguage":"en-US","potentialAction":[{"@type":"ReadAction","target":["https:\/\/vinoteka-sodcek.si\/trgovina\/vina\/rdeca-vina\/rokovi-vinogradi-cabernet-sauvignon\/"]}]},{"@type":"ImageObject","inLanguage":"en-US","@id":"https:\/\/vinoteka-sodcek.si\/trgovina\/vina\/rdeca-vina\/rokovi-vinogradi-cabernet-sauvignon\/#primaryimage","url":"https:\/\/vinoteka-sodcek.si\/wp-content\/uploads\/c-s-rokovi.jpg","contentUrl":"https:\/\/vinoteka-sodcek.si\/wp-content\/uploads\/c-s-rokovi.jpg","width":305,"height":1200},{"@type":"BreadcrumbList","@id":"https:\/\/vinoteka-sodcek.si\/trgovina\/vina\/rdeca-vina\/rokovi-vinogradi-cabernet-sauvignon\/#breadcrumb","itemListElement":[{"@type":"ListItem","position":1,"name":"Home","item":"https:\/\/vinoteka-sodcek.si\/en\/"},{"@type":"ListItem","position":2,"name":"Trgovina","item":"https:\/\/vinoteka-sodcek.si\/trgovina\/"},{"@type":"ListItem","position":3,"name":"Cabernet sauvignon"}]},{"@type":"WebSite","@id":"https:\/\/vinoteka-sodcek.si\/#website","url":"https:\/\/vinoteka-sodcek.si\/","name":"Vinoteka Sod\u010dek","description":"Vinoteka z vrhunskimi vini","publisher":{"@id":"https:\/\/vinoteka-sodcek.si\/#organization"},"potentialAction":[{"@type":"SearchAction","target":{"@type":"EntryPoint","urlTemplate":"https:\/\/vinoteka-sodcek.si\/?s={search_term_string}"},"query-input":"required name=search_term_string"}],"inLanguage":"en-US"},{"@type":"Organization","@id":"https:\/\/vinoteka-sodcek.si\/#organization","name":"Vinoteka Sod\u010dek, Ale\u0161 \u010ceba\u0161ek s.p.","url":"https:\/\/vinoteka-sodcek.si\/","logo":{"@type":"ImageObject","inLanguage":"en-US","@id":"https:\/\/vinoteka-sodcek.si\/#\/schema\/logo\/image\/","url":"https:\/\/beta.vinoteka-sodcek.si\/wp-content\/uploads\/vinoteka-sodcek-logo.png","contentUrl":"https:\/\/beta.vinoteka-sodcek.si\/wp-content\/uploads\/vinoteka-sodcek-logo.png","width":300,"height":90,"caption":"Vinoteka Sod\u010dek, Ale\u0161 \u010ceba\u0161ek s.p."},"image":{"@id":"https:\/\/vinoteka-sodcek.si\/#\/schema\/logo\/image\/"},"sameAs":["https:\/\/www.facebook.com\/vinotekasodcek\/"]}]}},"_links":{"self":[{"href":"https:\/\/vinoteka-sodcek.si\/en\/wp-json\/\/wp\/v2\/product\/581"}],"collection":[{"href":"https:\/\/vinoteka-sodcek.si\/en\/wp-json\/\/wp\/v2\/product"}],"about":[{"href":"https:\/\/vinoteka-sodcek.si\/en\/wp-json\/\/wp\/v2\/types\/product"}],"wp:featuredmedia":[{"embeddable":true,"href":"https:\/\/vinoteka-sodcek.si\/en\/wp-json\/\/wp\/v2\/media\/1093"}],"wp:attachment":[{"href":"https:\/\/vinoteka-sodcek.si\/en\/wp-json\/\/wp\/v2\/media?parent=581"}],"wp:term":[{"taxonomy":"product_cat","embeddable":true,"href":"https:\/\/vinoteka-sodcek.si\/en\/wp-json\/\/wp\/v2\/product_cat?post=581"},{"taxonomy":"product_tag","embeddable":true,"href":"https:\/\/vinoteka-sodcek.si\/en\/wp-json\/\/wp\/v2\/product_tag?post=581"}],"curies":[{"name":"wp","href":"https:\/\/api.w.org\/{rel}","templated":true}]}}