{"id":585,"date":"2024-03-15T17:20:27","date_gmt":"2024-03-15T16:20:27","guid":{"rendered":"http:\/\/192.168.64.105\/GitHub\/vinoteka-sodcek\/trgovina\/uncategorized\/rokovi-vinogradi-rebula\/"},"modified":"2025-12-04T22:18:55","modified_gmt":"2025-12-04T21:18:55","slug":"rokovi-vinogradi-rebula","status":"publish","type":"product","link":"https:\/\/vinoteka-sodcek.si\/en\/shop\/wines\/white-wines\/rokovi-vinogradi-rebula\/","title":{"rendered":"Rebula"},"content":{"rendered":"<p>Fermentation and maturation take place in an inox barrel, also on fine lees, for about 6 months.<\/p>\n<p>It has a light golden yellow colour. The aroma is fresh, pleasant and inviting. The aromas are reminiscent of flowers, lime and herbs. Rounded off with honey notes. It develops pleasantly on the palate, is dry, fresh and harmonious.<\/p>\n","protected":false},"excerpt":{"rendered":"<p>Fermentation and maturation take place in an inox barrel, also on fine lees, for about 6 months. It has a light golden yellow colour. The aroma is fresh, pleasant and inviting&#8230;.<\/p>\n","protected":false},"featured_media":1816,"template":"","meta":[],"product_cat":[19],"product_tag":[],"acf":[],"yoast_head":"<!-- This site is optimized with the Yoast SEO plugin v22.2 - https:\/\/yoast.com\/wordpress\/plugins\/seo\/ -->\n<title>Rebula | Vinoteka Sod\u010dek<\/title>\n<meta name=\"description\" content=\"Rebula Rokovi vinogradi je svetle zlato rumene barve. Vonj je sve\u017e, prijeten in vabljiv. Arome spominjajo na cvetje, lipo in zeli\u0161\u010da.\" \/>\n<meta name=\"robots\" content=\"index, follow, max-snippet:-1, max-image-preview:large, max-video-preview:-1\" \/>\n<meta property=\"og:locale\" content=\"en_US\" \/>\n<meta property=\"og:type\" content=\"article\" \/>\n<meta property=\"og:title\" content=\"Rebula\" \/>\n<meta property=\"og:description\" content=\"Rebula Rokovi vinogradi je svetle zlato rumene barve. Vonj je sve\u017e, prijeten in vabljiv. Arome spominjajo na cvetje, lipo in zeli\u0161\u010da.\" \/>\n<meta property=\"og:url\" content=\"https:\/\/vinoteka-sodcek.si\/en\/shop\/wines\/white-wines\/rokovi-vinogradi-rebula\/\" \/>\n<meta property=\"og:site_name\" content=\"Vinoteka Sod\u010dek\" \/>\n<meta property=\"article:publisher\" content=\"https:\/\/www.facebook.com\/vinotekasodcek\/\" \/>\n<meta property=\"article:modified_time\" content=\"2025-12-04T21:18:55+00:00\" \/>\n<meta property=\"og:image\" content=\"https:\/\/vinoteka-sodcek.si\/wp-content\/uploads\/rokovi-rebula.jpg\" \/>\n\t<meta property=\"og:image:width\" content=\"268\" \/>\n\t<meta property=\"og:image:height\" content=\"943\" \/>\n\t<meta property=\"og:image:type\" content=\"image\/jpeg\" \/>\n<meta name=\"twitter:card\" content=\"summary_large_image\" \/>\n<!-- \/ Yoast SEO plugin. -->","yoast_head_json":{"title":"Rebula | Vinoteka Sod\u010dek","description":"Rebula Rokovi vinogradi je svetle zlato rumene barve. Vonj je sve\u017e, prijeten in vabljiv. Arome spominjajo na cvetje, lipo in zeli\u0161\u010da.","robots":{"index":"index","follow":"follow","max-snippet":"max-snippet:-1","max-image-preview":"max-image-preview:large","max-video-preview":"max-video-preview:-1"},"og_locale":"en_US","og_type":"article","og_title":"[:sl]Rebula[:en]Rebula[:] | Vinoteka Sod\u010dek","og_description":"Rebula Rokovi vinogradi je svetle zlato rumene barve. Vonj je sve\u017e, prijeten in vabljiv. Arome spominjajo na cvetje, lipo in zeli\u0161\u010da.","og_url":"https:\/\/vinoteka-sodcek.si\/en\/shop\/wines\/white-wines\/rokovi-vinogradi-rebula\/","og_site_name":"Vinoteka Sod\u010dek","article_publisher":"https:\/\/www.facebook.com\/vinotekasodcek\/","article_modified_time":"2025-12-04T21:18:55+00:00","og_image":[{"width":268,"height":943,"url":"https:\/\/vinoteka-sodcek.si\/wp-content\/uploads\/rokovi-rebula.jpg","type":"image\/jpeg"}],"twitter_card":"summary_large_image","schema":{"@context":"https:\/\/schema.org","@graph":[{"@type":"WebPage","@id":"https:\/\/vinoteka-sodcek.si\/trgovina\/vina\/bela-vina\/rokovi-vinogradi-rebula\/","url":"https:\/\/vinoteka-sodcek.si\/trgovina\/vina\/bela-vina\/rokovi-vinogradi-rebula\/","name":"[:sl]Rebula[:en]Rebula[:] | Vinoteka Sod\u010dek","isPartOf":{"@id":"https:\/\/vinoteka-sodcek.si\/#website"},"primaryImageOfPage":{"@id":"https:\/\/vinoteka-sodcek.si\/trgovina\/vina\/bela-vina\/rokovi-vinogradi-rebula\/#primaryimage"},"image":{"@id":"https:\/\/vinoteka-sodcek.si\/trgovina\/vina\/bela-vina\/rokovi-vinogradi-rebula\/#primaryimage"},"thumbnailUrl":"https:\/\/vinoteka-sodcek.si\/wp-content\/uploads\/rokovi-rebula.jpg","datePublished":"2024-03-15T16:20:27+00:00","dateModified":"2025-12-04T21:18:55+00:00","description":"Rebula Rokovi vinogradi je svetle zlato rumene barve. Vonj je sve\u017e, prijeten in vabljiv. Arome spominjajo na cvetje, lipo in zeli\u0161\u010da.","breadcrumb":{"@id":"https:\/\/vinoteka-sodcek.si\/trgovina\/vina\/bela-vina\/rokovi-vinogradi-rebula\/#breadcrumb"},"inLanguage":"en-US","potentialAction":[{"@type":"ReadAction","target":["https:\/\/vinoteka-sodcek.si\/trgovina\/vina\/bela-vina\/rokovi-vinogradi-rebula\/"]}]},{"@type":"ImageObject","inLanguage":"en-US","@id":"https:\/\/vinoteka-sodcek.si\/trgovina\/vina\/bela-vina\/rokovi-vinogradi-rebula\/#primaryimage","url":"https:\/\/vinoteka-sodcek.si\/wp-content\/uploads\/rokovi-rebula.jpg","contentUrl":"https:\/\/vinoteka-sodcek.si\/wp-content\/uploads\/rokovi-rebula.jpg","width":268,"height":943},{"@type":"BreadcrumbList","@id":"https:\/\/vinoteka-sodcek.si\/trgovina\/vina\/bela-vina\/rokovi-vinogradi-rebula\/#breadcrumb","itemListElement":[{"@type":"ListItem","position":1,"name":"Home","item":"https:\/\/vinoteka-sodcek.si\/en\/"},{"@type":"ListItem","position":2,"name":"Trgovina","item":"https:\/\/vinoteka-sodcek.si\/trgovina\/"},{"@type":"ListItem","position":3,"name":"Rebula"}]},{"@type":"WebSite","@id":"https:\/\/vinoteka-sodcek.si\/#website","url":"https:\/\/vinoteka-sodcek.si\/","name":"Vinoteka Sod\u010dek","description":"Vinoteka z vrhunskimi vini","publisher":{"@id":"https:\/\/vinoteka-sodcek.si\/#organization"},"potentialAction":[{"@type":"SearchAction","target":{"@type":"EntryPoint","urlTemplate":"https:\/\/vinoteka-sodcek.si\/?s={search_term_string}"},"query-input":"required name=search_term_string"}],"inLanguage":"en-US"},{"@type":"Organization","@id":"https:\/\/vinoteka-sodcek.si\/#organization","name":"Vinoteka Sod\u010dek, Ale\u0161 \u010ceba\u0161ek s.p.","url":"https:\/\/vinoteka-sodcek.si\/","logo":{"@type":"ImageObject","inLanguage":"en-US","@id":"https:\/\/vinoteka-sodcek.si\/#\/schema\/logo\/image\/","url":"https:\/\/beta.vinoteka-sodcek.si\/wp-content\/uploads\/vinoteka-sodcek-logo.png","contentUrl":"https:\/\/beta.vinoteka-sodcek.si\/wp-content\/uploads\/vinoteka-sodcek-logo.png","width":300,"height":90,"caption":"Vinoteka Sod\u010dek, Ale\u0161 \u010ceba\u0161ek s.p."},"image":{"@id":"https:\/\/vinoteka-sodcek.si\/#\/schema\/logo\/image\/"},"sameAs":["https:\/\/www.facebook.com\/vinotekasodcek\/"]}]}},"_links":{"self":[{"href":"https:\/\/vinoteka-sodcek.si\/en\/wp-json\/\/wp\/v2\/product\/585"}],"collection":[{"href":"https:\/\/vinoteka-sodcek.si\/en\/wp-json\/\/wp\/v2\/product"}],"about":[{"href":"https:\/\/vinoteka-sodcek.si\/en\/wp-json\/\/wp\/v2\/types\/product"}],"wp:featuredmedia":[{"embeddable":true,"href":"https:\/\/vinoteka-sodcek.si\/en\/wp-json\/\/wp\/v2\/media\/1816"}],"wp:attachment":[{"href":"https:\/\/vinoteka-sodcek.si\/en\/wp-json\/\/wp\/v2\/media?parent=585"}],"wp:term":[{"taxonomy":"product_cat","embeddable":true,"href":"https:\/\/vinoteka-sodcek.si\/en\/wp-json\/\/wp\/v2\/product_cat?post=585"},{"taxonomy":"product_tag","embeddable":true,"href":"https:\/\/vinoteka-sodcek.si\/en\/wp-json\/\/wp\/v2\/product_tag?post=585"}],"curies":[{"name":"wp","href":"https:\/\/api.w.org\/{rel}","templated":true}]}}