{"id":587,"date":"2024-03-15T17:20:27","date_gmt":"2024-03-15T16:20:27","guid":{"rendered":"http:\/\/192.168.64.105\/GitHub\/vinoteka-sodcek\/trgovina\/uncategorized\/rokovi-vinogradi-chardonnay-premium\/"},"modified":"2025-01-05T14:45:49","modified_gmt":"2025-01-05T13:45:49","slug":"rokovi-vinogradi-chardonnay-premium","status":"publish","type":"product","link":"https:\/\/vinoteka-sodcek.si\/en\/shop\/wines\/white-wines\/rokovi-vinogradi-chardonnay-premium\/","title":{"rendered":"Chardonnay Premium"},"content":{"rendered":"<p>After the harvest is completed in mid-September, the wine is fermented and matured for one year in second-hand wooden barrels. The special care taken with the sur-lies and battonage ageing processes gives this wine an interesting and pleasant buttery flavour.<\/p>\n<p>It is medium golden yellow in colour. The aromas are reminiscent of ripe fruit, together with aromas from the refinement such as vanilla. On the palate, it is rounded off with honey and buttery and citrus notes. It develops pleasantly, is dry, fresh and harmonious.<\/p>\n","protected":false},"excerpt":{"rendered":"<p>After the harvest is completed in mid-September, the wine is fermented and matured for one year in second-hand wooden barrels. The special care taken with the sur-lies and battonage ageing processes&#8230;<\/p>\n","protected":false},"featured_media":586,"template":"","meta":[],"product_cat":[19],"product_tag":[],"acf":[],"yoast_head":"<!-- This site is optimized with the Yoast SEO plugin v22.2 - https:\/\/yoast.com\/wordpress\/plugins\/seo\/ -->\n<title>Chardonnay Premium | Vinoteka Sod\u010dek<\/title>\n<meta name=\"description\" content=\"Chardonnay preminum Rokovi vinogradi is a medium golden yellow colour. The aromas are reminiscent of ripe fruit together with aromas of vanilla.\" \/>\n<meta name=\"robots\" content=\"index, follow, max-snippet:-1, max-image-preview:large, max-video-preview:-1\" \/>\n<meta property=\"og:locale\" content=\"en_US\" \/>\n<meta property=\"og:type\" content=\"article\" \/>\n<meta property=\"og:title\" content=\"Chardonnay Premium\" \/>\n<meta property=\"og:description\" content=\"Chardonnay preminum Rokovi vinogradi is a medium golden yellow colour. The aromas are reminiscent of ripe fruit together with aromas of vanilla.\" \/>\n<meta property=\"og:url\" content=\"https:\/\/vinoteka-sodcek.si\/en\/shop\/wines\/white-wines\/rokovi-vinogradi-chardonnay-premium\/\" \/>\n<meta property=\"og:site_name\" content=\"Vinoteka Sod\u010dek\" \/>\n<meta property=\"article:publisher\" content=\"https:\/\/www.facebook.com\/vinotekasodcek\/\" \/>\n<meta property=\"article:modified_time\" content=\"2025-01-05T13:45:49+00:00\" \/>\n<meta property=\"og:image\" content=\"https:\/\/vinoteka-sodcek.si\/wp-content\/uploads\/Chardonnay-Rokovi-1.jpg\" \/>\n\t<meta property=\"og:image:width\" content=\"160\" \/>\n\t<meta property=\"og:image:height\" content=\"724\" \/>\n\t<meta property=\"og:image:type\" content=\"image\/jpeg\" \/>\n<meta name=\"twitter:card\" content=\"summary_large_image\" \/>\n<!-- \/ Yoast SEO plugin. -->","yoast_head_json":{"title":"Chardonnay Premium | Vinoteka Sod\u010dek","description":"[:sl]Chardonnay preminum Rokovi vinogradi je srednje zlato rumene barve. Arome spominjajo na zrelo sadje skupaj s aromami iz izpopolnjevanja kot so vanilija.[:en]Chardonnay preminum Rokovi vinogradi is a medium golden yellow colour. The aromas are reminiscent of ripe fruit together with aromas of vanilla.[:]","robots":{"index":"index","follow":"follow","max-snippet":"max-snippet:-1","max-image-preview":"max-image-preview:large","max-video-preview":"max-video-preview:-1"},"og_locale":"en_US","og_type":"article","og_title":"[:sl]Chardonnay Premium[:en]Chardonnay Premium[:] | Vinoteka Sod\u010dek","og_description":"[:sl]Chardonnay preminum Rokovi vinogradi je srednje zlato rumene barve. Arome spominjajo na zrelo sadje skupaj s aromami iz izpopolnjevanja kot so vanilija.[:en]Chardonnay preminum Rokovi vinogradi is a medium golden yellow colour. The aromas are reminiscent of ripe fruit together with aromas of vanilla.[:]","og_url":"https:\/\/vinoteka-sodcek.si\/en\/shop\/wines\/white-wines\/rokovi-vinogradi-chardonnay-premium\/","og_site_name":"Vinoteka Sod\u010dek","article_publisher":"https:\/\/www.facebook.com\/vinotekasodcek\/","article_modified_time":"2025-01-05T13:45:49+00:00","og_image":[{"width":160,"height":724,"url":"https:\/\/vinoteka-sodcek.si\/wp-content\/uploads\/Chardonnay-Rokovi-1.jpg","type":"image\/jpeg"}],"twitter_card":"summary_large_image","schema":{"@context":"https:\/\/schema.org","@graph":[{"@type":"WebPage","@id":"https:\/\/vinoteka-sodcek.si\/trgovina\/vina\/bela-vina\/rokovi-vinogradi-chardonnay-premium\/","url":"https:\/\/vinoteka-sodcek.si\/trgovina\/vina\/bela-vina\/rokovi-vinogradi-chardonnay-premium\/","name":"[:sl]Chardonnay Premium[:en]Chardonnay Premium[:] | Vinoteka Sod\u010dek","isPartOf":{"@id":"https:\/\/vinoteka-sodcek.si\/#website"},"primaryImageOfPage":{"@id":"https:\/\/vinoteka-sodcek.si\/trgovina\/vina\/bela-vina\/rokovi-vinogradi-chardonnay-premium\/#primaryimage"},"image":{"@id":"https:\/\/vinoteka-sodcek.si\/trgovina\/vina\/bela-vina\/rokovi-vinogradi-chardonnay-premium\/#primaryimage"},"thumbnailUrl":"https:\/\/vinoteka-sodcek.si\/wp-content\/uploads\/Chardonnay-Rokovi-1.jpg","datePublished":"2024-03-15T16:20:27+00:00","dateModified":"2025-01-05T13:45:49+00:00","description":"[:sl]Chardonnay preminum Rokovi vinogradi je srednje zlato rumene barve. Arome spominjajo na zrelo sadje skupaj s aromami iz izpopolnjevanja kot so vanilija.[:en]Chardonnay preminum Rokovi vinogradi is a medium golden yellow colour. The aromas are reminiscent of ripe fruit together with aromas of vanilla.[:]","breadcrumb":{"@id":"https:\/\/vinoteka-sodcek.si\/trgovina\/vina\/bela-vina\/rokovi-vinogradi-chardonnay-premium\/#breadcrumb"},"inLanguage":"en-US","potentialAction":[{"@type":"ReadAction","target":["https:\/\/vinoteka-sodcek.si\/trgovina\/vina\/bela-vina\/rokovi-vinogradi-chardonnay-premium\/"]}]},{"@type":"ImageObject","inLanguage":"en-US","@id":"https:\/\/vinoteka-sodcek.si\/trgovina\/vina\/bela-vina\/rokovi-vinogradi-chardonnay-premium\/#primaryimage","url":"https:\/\/vinoteka-sodcek.si\/wp-content\/uploads\/Chardonnay-Rokovi-1.jpg","contentUrl":"https:\/\/vinoteka-sodcek.si\/wp-content\/uploads\/Chardonnay-Rokovi-1.jpg","width":160,"height":724},{"@type":"BreadcrumbList","@id":"https:\/\/vinoteka-sodcek.si\/trgovina\/vina\/bela-vina\/rokovi-vinogradi-chardonnay-premium\/#breadcrumb","itemListElement":[{"@type":"ListItem","position":1,"name":"Home","item":"https:\/\/vinoteka-sodcek.si\/en\/"},{"@type":"ListItem","position":2,"name":"Trgovina","item":"https:\/\/vinoteka-sodcek.si\/trgovina\/"},{"@type":"ListItem","position":3,"name":"Chardonnay Premium"}]},{"@type":"WebSite","@id":"https:\/\/vinoteka-sodcek.si\/#website","url":"https:\/\/vinoteka-sodcek.si\/","name":"Vinoteka Sod\u010dek","description":"Vinoteka z vrhunskimi vini","publisher":{"@id":"https:\/\/vinoteka-sodcek.si\/#organization"},"potentialAction":[{"@type":"SearchAction","target":{"@type":"EntryPoint","urlTemplate":"https:\/\/vinoteka-sodcek.si\/?s={search_term_string}"},"query-input":"required name=search_term_string"}],"inLanguage":"en-US"},{"@type":"Organization","@id":"https:\/\/vinoteka-sodcek.si\/#organization","name":"Vinoteka Sod\u010dek, Ale\u0161 \u010ceba\u0161ek s.p.","url":"https:\/\/vinoteka-sodcek.si\/","logo":{"@type":"ImageObject","inLanguage":"en-US","@id":"https:\/\/vinoteka-sodcek.si\/#\/schema\/logo\/image\/","url":"https:\/\/beta.vinoteka-sodcek.si\/wp-content\/uploads\/vinoteka-sodcek-logo.png","contentUrl":"https:\/\/beta.vinoteka-sodcek.si\/wp-content\/uploads\/vinoteka-sodcek-logo.png","width":300,"height":90,"caption":"Vinoteka Sod\u010dek, Ale\u0161 \u010ceba\u0161ek s.p."},"image":{"@id":"https:\/\/vinoteka-sodcek.si\/#\/schema\/logo\/image\/"},"sameAs":["https:\/\/www.facebook.com\/vinotekasodcek\/"]}]}},"_links":{"self":[{"href":"https:\/\/vinoteka-sodcek.si\/en\/wp-json\/\/wp\/v2\/product\/587"}],"collection":[{"href":"https:\/\/vinoteka-sodcek.si\/en\/wp-json\/\/wp\/v2\/product"}],"about":[{"href":"https:\/\/vinoteka-sodcek.si\/en\/wp-json\/\/wp\/v2\/types\/product"}],"wp:featuredmedia":[{"embeddable":true,"href":"https:\/\/vinoteka-sodcek.si\/en\/wp-json\/\/wp\/v2\/media\/586"}],"wp:attachment":[{"href":"https:\/\/vinoteka-sodcek.si\/en\/wp-json\/\/wp\/v2\/media?parent=587"}],"wp:term":[{"taxonomy":"product_cat","embeddable":true,"href":"https:\/\/vinoteka-sodcek.si\/en\/wp-json\/\/wp\/v2\/product_cat?post=587"},{"taxonomy":"product_tag","embeddable":true,"href":"https:\/\/vinoteka-sodcek.si\/en\/wp-json\/\/wp\/v2\/product_tag?post=587"}],"curies":[{"name":"wp","href":"https:\/\/api.w.org\/{rel}","templated":true}]}}