{"id":589,"date":"2024-03-15T17:20:27","date_gmt":"2024-03-15T16:20:27","guid":{"rendered":"http:\/\/192.168.64.105\/GitHub\/vinoteka-sodcek\/trgovina\/uncategorized\/batic-rose\/"},"modified":"2026-03-23T09:17:42","modified_gmt":"2026-03-23T08:17:42","slug":"batic-rose","status":"publish","type":"product","link":"https:\/\/vinoteka-sodcek.si\/en\/shop\/wines\/rose-wines\/batic-rose\/","title":{"rendered":"Rose"},"content":{"rendered":"<p>After a selective harvest, the ros\u00e9 is pressed according to the old method, fermented with its own yeasts in stainless steel tanks. Its low per hectare load allows it to live a long life, bottled at the first signs of spring during the waxing moon.<\/p>\n<p>The colour is a delicate salmon, the haze in the glass tells you that it contains a hint of carbon dioxide and heralds freshness. On the palate, the wine is sweeter but harmonious, with lovely ripe acids. For lovers of sweeter ros\u00e9s, everything is in place here.<\/p>\n<p>&nbsp;<\/p>\n","protected":false},"excerpt":{"rendered":"<p>After a selective harvest, the ros\u00e9 is pressed according to the old method, fermented with its own yeasts in stainless steel tanks. Its low per hectare load allows it to live&#8230;<\/p>\n","protected":false},"featured_media":588,"template":"","meta":[],"product_cat":[21],"product_tag":[],"acf":[],"yoast_head":"<!-- This site is optimized with the Yoast SEO plugin v22.2 - https:\/\/yoast.com\/wordpress\/plugins\/seo\/ -->\n<title>Rose | Vinoteka Sod\u010dek<\/title>\n<meta name=\"description\" content=\"Rose Bati\u010d matures in inox container with own yeasts. Salmon colour, freshness, slight haze. On the palate, sweeter but harmonious, with ripe acids.\" \/>\n<meta name=\"robots\" content=\"index, follow, max-snippet:-1, max-image-preview:large, max-video-preview:-1\" \/>\n<meta property=\"og:locale\" content=\"en_US\" \/>\n<meta property=\"og:type\" content=\"article\" \/>\n<meta property=\"og:title\" content=\"Rose\" \/>\n<meta property=\"og:description\" content=\"Rose Bati\u010d matures in inox container with own yeasts. Salmon colour, freshness, slight haze. On the palate, sweeter but harmonious, with ripe acids.\" \/>\n<meta property=\"og:url\" content=\"https:\/\/vinoteka-sodcek.si\/en\/shop\/wines\/rose-wines\/batic-rose\/\" \/>\n<meta property=\"og:site_name\" content=\"Vinoteka Sod\u010dek\" \/>\n<meta property=\"article:publisher\" content=\"https:\/\/www.facebook.com\/vinotekasodcek\/\" \/>\n<meta property=\"article:modified_time\" content=\"2026-03-23T08:17:42+00:00\" \/>\n<meta property=\"og:image\" content=\"https:\/\/vinoteka-sodcek.si\/wp-content\/uploads\/Batic-Rose.jpg\" \/>\n\t<meta property=\"og:image:width\" content=\"192\" \/>\n\t<meta property=\"og:image:height\" content=\"721\" \/>\n\t<meta property=\"og:image:type\" content=\"image\/jpeg\" \/>\n<meta name=\"twitter:card\" content=\"summary_large_image\" \/>\n<!-- \/ Yoast SEO plugin. -->","yoast_head_json":{"title":"Rose | Vinoteka Sod\u010dek","description":"[:sl]Rose Bati\u010d zori v inox cisterni z lastnimi kvasovkami. Ne\u017ena lososova barva, sve\u017eina, rahla meglica. V ustih slaj\u0161e, a harmoni\u010dno, z zrelimi kislinami.[:en]Rose Bati\u010d matures in inox container with own yeasts. Salmon colour, freshness, slight haze. On the palate, sweeter but harmonious, with ripe acids.[:]","robots":{"index":"index","follow":"follow","max-snippet":"max-snippet:-1","max-image-preview":"max-image-preview:large","max-video-preview":"max-video-preview:-1"},"og_locale":"en_US","og_type":"article","og_title":"[:sl]Rose[:en]Rose[:] | Vinoteka Sod\u010dek","og_description":"[:sl]Rose Bati\u010d zori v inox cisterni z lastnimi kvasovkami. Ne\u017ena lososova barva, sve\u017eina, rahla meglica. V ustih slaj\u0161e, a harmoni\u010dno, z zrelimi kislinami.[:en]Rose Bati\u010d matures in inox container with own yeasts. Salmon colour, freshness, slight haze. On the palate, sweeter but harmonious, with ripe acids.[:]","og_url":"https:\/\/vinoteka-sodcek.si\/en\/shop\/wines\/rose-wines\/batic-rose\/","og_site_name":"Vinoteka Sod\u010dek","article_publisher":"https:\/\/www.facebook.com\/vinotekasodcek\/","article_modified_time":"2026-03-23T08:17:42+00:00","og_image":[{"width":192,"height":721,"url":"https:\/\/vinoteka-sodcek.si\/wp-content\/uploads\/Batic-Rose.jpg","type":"image\/jpeg"}],"twitter_card":"summary_large_image","schema":{"@context":"https:\/\/schema.org","@graph":[{"@type":"WebPage","@id":"https:\/\/vinoteka-sodcek.si\/trgovina\/vina\/rose-vina\/batic-rose\/","url":"https:\/\/vinoteka-sodcek.si\/trgovina\/vina\/rose-vina\/batic-rose\/","name":"[:sl]Rose[:en]Rose[:] | Vinoteka Sod\u010dek","isPartOf":{"@id":"https:\/\/vinoteka-sodcek.si\/#website"},"primaryImageOfPage":{"@id":"https:\/\/vinoteka-sodcek.si\/trgovina\/vina\/rose-vina\/batic-rose\/#primaryimage"},"image":{"@id":"https:\/\/vinoteka-sodcek.si\/trgovina\/vina\/rose-vina\/batic-rose\/#primaryimage"},"thumbnailUrl":"https:\/\/vinoteka-sodcek.si\/wp-content\/uploads\/Batic-Rose.jpg","datePublished":"2024-03-15T16:20:27+00:00","dateModified":"2026-03-23T08:17:42+00:00","description":"[:sl]Rose Bati\u010d zori v inox cisterni z lastnimi kvasovkami. Ne\u017ena lososova barva, sve\u017eina, rahla meglica. V ustih slaj\u0161e, a harmoni\u010dno, z zrelimi kislinami.[:en]Rose Bati\u010d matures in inox container with own yeasts. Salmon colour, freshness, slight haze. On the palate, sweeter but harmonious, with ripe acids.[:]","breadcrumb":{"@id":"https:\/\/vinoteka-sodcek.si\/trgovina\/vina\/rose-vina\/batic-rose\/#breadcrumb"},"inLanguage":"en-US","potentialAction":[{"@type":"ReadAction","target":["https:\/\/vinoteka-sodcek.si\/trgovina\/vina\/rose-vina\/batic-rose\/"]}]},{"@type":"ImageObject","inLanguage":"en-US","@id":"https:\/\/vinoteka-sodcek.si\/trgovina\/vina\/rose-vina\/batic-rose\/#primaryimage","url":"https:\/\/vinoteka-sodcek.si\/wp-content\/uploads\/Batic-Rose.jpg","contentUrl":"https:\/\/vinoteka-sodcek.si\/wp-content\/uploads\/Batic-Rose.jpg","width":192,"height":721},{"@type":"BreadcrumbList","@id":"https:\/\/vinoteka-sodcek.si\/trgovina\/vina\/rose-vina\/batic-rose\/#breadcrumb","itemListElement":[{"@type":"ListItem","position":1,"name":"Home","item":"https:\/\/vinoteka-sodcek.si\/en\/"},{"@type":"ListItem","position":2,"name":"Trgovina","item":"https:\/\/vinoteka-sodcek.si\/trgovina\/"},{"@type":"ListItem","position":3,"name":"Rose"}]},{"@type":"WebSite","@id":"https:\/\/vinoteka-sodcek.si\/#website","url":"https:\/\/vinoteka-sodcek.si\/","name":"Vinoteka Sod\u010dek","description":"Vinoteka z vrhunskimi vini","publisher":{"@id":"https:\/\/vinoteka-sodcek.si\/#organization"},"potentialAction":[{"@type":"SearchAction","target":{"@type":"EntryPoint","urlTemplate":"https:\/\/vinoteka-sodcek.si\/?s={search_term_string}"},"query-input":"required name=search_term_string"}],"inLanguage":"en-US"},{"@type":"Organization","@id":"https:\/\/vinoteka-sodcek.si\/#organization","name":"Vinoteka Sod\u010dek, Ale\u0161 \u010ceba\u0161ek s.p.","url":"https:\/\/vinoteka-sodcek.si\/","logo":{"@type":"ImageObject","inLanguage":"en-US","@id":"https:\/\/vinoteka-sodcek.si\/#\/schema\/logo\/image\/","url":"https:\/\/beta.vinoteka-sodcek.si\/wp-content\/uploads\/vinoteka-sodcek-logo.png","contentUrl":"https:\/\/beta.vinoteka-sodcek.si\/wp-content\/uploads\/vinoteka-sodcek-logo.png","width":300,"height":90,"caption":"Vinoteka Sod\u010dek, Ale\u0161 \u010ceba\u0161ek s.p."},"image":{"@id":"https:\/\/vinoteka-sodcek.si\/#\/schema\/logo\/image\/"},"sameAs":["https:\/\/www.facebook.com\/vinotekasodcek\/"]}]}},"_links":{"self":[{"href":"https:\/\/vinoteka-sodcek.si\/en\/wp-json\/\/wp\/v2\/product\/589"}],"collection":[{"href":"https:\/\/vinoteka-sodcek.si\/en\/wp-json\/\/wp\/v2\/product"}],"about":[{"href":"https:\/\/vinoteka-sodcek.si\/en\/wp-json\/\/wp\/v2\/types\/product"}],"wp:featuredmedia":[{"embeddable":true,"href":"https:\/\/vinoteka-sodcek.si\/en\/wp-json\/\/wp\/v2\/media\/588"}],"wp:attachment":[{"href":"https:\/\/vinoteka-sodcek.si\/en\/wp-json\/\/wp\/v2\/media?parent=589"}],"wp:term":[{"taxonomy":"product_cat","embeddable":true,"href":"https:\/\/vinoteka-sodcek.si\/en\/wp-json\/\/wp\/v2\/product_cat?post=589"},{"taxonomy":"product_tag","embeddable":true,"href":"https:\/\/vinoteka-sodcek.si\/en\/wp-json\/\/wp\/v2\/product_tag?post=589"}],"curies":[{"name":"wp","href":"https:\/\/api.w.org\/{rel}","templated":true}]}}