{"id":591,"date":"2024-03-15T17:20:27","date_gmt":"2024-03-15T16:20:27","guid":{"rendered":"http:\/\/192.168.64.105\/GitHub\/vinoteka-sodcek\/trgovina\/uncategorized\/batic-pinela-selekcija\/"},"modified":"2025-05-05T14:51:10","modified_gmt":"2025-05-05T13:51:10","slug":"batic-pinela-selekcija","status":"publish","type":"product","link":"https:\/\/vinoteka-sodcek.si\/en\/shop\/wines\/white-wines\/batic-pinela-selekcija\/","title":{"rendered":"Pinela reserva"},"content":{"rendered":"<p>Pinela is a variety that, because of its delicate thin skin, requires the right positioning and a great deal of love from the vine grower. It is planted in selected southern locations, where the climate in vipava ensures a good level of ventilation.<\/p>\n<p>The grapes are harvested at the end of September. It was partially enriched with noble botrytis. The crushed pineapple grapes were macerated for 21 days at october temperatures. Maturation followed in old oak barrels of 600 litres. The wine was bottled unfiltered in August.<\/p>\n<p>It has a delicate golden yellow colour. The bouquet is medium-toned, ripe, a little spruce-tipped. On the palate it is dry, medium-bodied, with a nice oily texture, aromas of herbs, fruit and flowers intermingling. Calm, delicate, soft.<\/p>\n","protected":false},"excerpt":{"rendered":"<p>Pinela is a variety that, because of its delicate thin skin, requires the right positioning and a great deal of love from the vine grower. It is planted in selected southern&#8230;<\/p>\n","protected":false},"featured_media":590,"template":"","meta":[],"product_cat":[19,23],"product_tag":[],"acf":[],"yoast_head":"<!-- This site is optimized with the Yoast SEO plugin v22.2 - https:\/\/yoast.com\/wordpress\/plugins\/seo\/ -->\n<title>Pinela reserva | Vinoteka Sod\u010dek<\/title>\n<meta name=\"description\" content=\"Pinela Bati\u010d is a demanding variety, thriving in southern locations. Maceration 21 days. Maturing in oak barrels. Medium flowers, dry, herbs, fruit.\" \/>\n<meta name=\"robots\" content=\"index, follow, max-snippet:-1, max-image-preview:large, max-video-preview:-1\" \/>\n<meta property=\"og:locale\" content=\"en_US\" \/>\n<meta property=\"og:type\" content=\"article\" \/>\n<meta property=\"og:title\" content=\"Pinela reserva\" \/>\n<meta property=\"og:description\" content=\"Pinela Bati\u010d is a demanding variety, thriving in southern locations. Maceration 21 days. Maturing in oak barrels. Medium flowers, dry, herbs, fruit.\" \/>\n<meta property=\"og:url\" content=\"https:\/\/vinoteka-sodcek.si\/en\/shop\/wines\/white-wines\/batic-pinela-selekcija\/\" \/>\n<meta property=\"og:site_name\" content=\"Vinoteka Sod\u010dek\" \/>\n<meta property=\"article:publisher\" content=\"https:\/\/www.facebook.com\/vinotekasodcek\/\" \/>\n<meta property=\"article:modified_time\" content=\"2025-05-05T13:51:10+00:00\" \/>\n<meta property=\"og:image\" content=\"https:\/\/vinoteka-sodcek.si\/wp-content\/uploads\/Pinela.jpg\" \/>\n\t<meta property=\"og:image:width\" content=\"196\" \/>\n\t<meta property=\"og:image:height\" content=\"712\" \/>\n\t<meta property=\"og:image:type\" content=\"image\/jpeg\" \/>\n<meta name=\"twitter:card\" content=\"summary_large_image\" \/>\n<!-- \/ Yoast SEO plugin. -->","yoast_head_json":{"title":"Pinela reserva | Vinoteka Sod\u010dek","description":"[:sl]Pinela Bati\u010d je zahtevna sorta, uspeva v ju\u017enih legah. Maceracija 21 dni. Zorenje v hrastovih sodih. Ne\u017ene barve, srednje cvetice, suho, zeli\u0161\u010da, sadje.[:en]Pinela Bati\u010d is a demanding variety, thriving in southern locations. Maceration 21 days. Maturing in oak barrels. Medium flowers, dry, herbs, fruit.[:]","robots":{"index":"index","follow":"follow","max-snippet":"max-snippet:-1","max-image-preview":"max-image-preview:large","max-video-preview":"max-video-preview:-1"},"og_locale":"en_US","og_type":"article","og_title":"[:sl]Pinela selekcija[:en]Pinela reserva[:] | Vinoteka Sod\u010dek","og_description":"[:sl]Pinela Bati\u010d je zahtevna sorta, uspeva v ju\u017enih legah. Maceracija 21 dni. Zorenje v hrastovih sodih. Ne\u017ene barve, srednje cvetice, suho, zeli\u0161\u010da, sadje.[:en]Pinela Bati\u010d is a demanding variety, thriving in southern locations. Maceration 21 days. Maturing in oak barrels. Medium flowers, dry, herbs, fruit.[:]","og_url":"https:\/\/vinoteka-sodcek.si\/en\/shop\/wines\/white-wines\/batic-pinela-selekcija\/","og_site_name":"Vinoteka Sod\u010dek","article_publisher":"https:\/\/www.facebook.com\/vinotekasodcek\/","article_modified_time":"2025-05-05T13:51:10+00:00","og_image":[{"width":196,"height":712,"url":"https:\/\/vinoteka-sodcek.si\/wp-content\/uploads\/Pinela.jpg","type":"image\/jpeg"}],"twitter_card":"summary_large_image","schema":{"@context":"https:\/\/schema.org","@graph":[{"@type":"WebPage","@id":"https:\/\/vinoteka-sodcek.si\/trgovina\/vina\/bela-vina\/batic-pinela-selekcija\/","url":"https:\/\/vinoteka-sodcek.si\/trgovina\/vina\/bela-vina\/batic-pinela-selekcija\/","name":"[:sl]Pinela selekcija[:en]Pinela reserva[:] | Vinoteka Sod\u010dek","isPartOf":{"@id":"https:\/\/vinoteka-sodcek.si\/#website"},"primaryImageOfPage":{"@id":"https:\/\/vinoteka-sodcek.si\/trgovina\/vina\/bela-vina\/batic-pinela-selekcija\/#primaryimage"},"image":{"@id":"https:\/\/vinoteka-sodcek.si\/trgovina\/vina\/bela-vina\/batic-pinela-selekcija\/#primaryimage"},"thumbnailUrl":"https:\/\/vinoteka-sodcek.si\/wp-content\/uploads\/Pinela.jpg","datePublished":"2024-03-15T16:20:27+00:00","dateModified":"2025-05-05T13:51:10+00:00","description":"[:sl]Pinela Bati\u010d je zahtevna sorta, uspeva v ju\u017enih legah. Maceracija 21 dni. Zorenje v hrastovih sodih. Ne\u017ene barve, srednje cvetice, suho, zeli\u0161\u010da, sadje.[:en]Pinela Bati\u010d is a demanding variety, thriving in southern locations. Maceration 21 days. Maturing in oak barrels. Medium flowers, dry, herbs, fruit.[:]","breadcrumb":{"@id":"https:\/\/vinoteka-sodcek.si\/trgovina\/vina\/bela-vina\/batic-pinela-selekcija\/#breadcrumb"},"inLanguage":"en-US","potentialAction":[{"@type":"ReadAction","target":["https:\/\/vinoteka-sodcek.si\/trgovina\/vina\/bela-vina\/batic-pinela-selekcija\/"]}]},{"@type":"ImageObject","inLanguage":"en-US","@id":"https:\/\/vinoteka-sodcek.si\/trgovina\/vina\/bela-vina\/batic-pinela-selekcija\/#primaryimage","url":"https:\/\/vinoteka-sodcek.si\/wp-content\/uploads\/Pinela.jpg","contentUrl":"https:\/\/vinoteka-sodcek.si\/wp-content\/uploads\/Pinela.jpg","width":196,"height":712},{"@type":"BreadcrumbList","@id":"https:\/\/vinoteka-sodcek.si\/trgovina\/vina\/bela-vina\/batic-pinela-selekcija\/#breadcrumb","itemListElement":[{"@type":"ListItem","position":1,"name":"Home","item":"https:\/\/vinoteka-sodcek.si\/en\/"},{"@type":"ListItem","position":2,"name":"Trgovina","item":"https:\/\/vinoteka-sodcek.si\/trgovina\/"},{"@type":"ListItem","position":3,"name":"Pinela selekcija"}]},{"@type":"WebSite","@id":"https:\/\/vinoteka-sodcek.si\/#website","url":"https:\/\/vinoteka-sodcek.si\/","name":"Vinoteka Sod\u010dek","description":"Vinoteka z vrhunskimi vini","publisher":{"@id":"https:\/\/vinoteka-sodcek.si\/#organization"},"potentialAction":[{"@type":"SearchAction","target":{"@type":"EntryPoint","urlTemplate":"https:\/\/vinoteka-sodcek.si\/?s={search_term_string}"},"query-input":"required name=search_term_string"}],"inLanguage":"en-US"},{"@type":"Organization","@id":"https:\/\/vinoteka-sodcek.si\/#organization","name":"Vinoteka Sod\u010dek, Ale\u0161 \u010ceba\u0161ek s.p.","url":"https:\/\/vinoteka-sodcek.si\/","logo":{"@type":"ImageObject","inLanguage":"en-US","@id":"https:\/\/vinoteka-sodcek.si\/#\/schema\/logo\/image\/","url":"https:\/\/beta.vinoteka-sodcek.si\/wp-content\/uploads\/vinoteka-sodcek-logo.png","contentUrl":"https:\/\/beta.vinoteka-sodcek.si\/wp-content\/uploads\/vinoteka-sodcek-logo.png","width":300,"height":90,"caption":"Vinoteka Sod\u010dek, Ale\u0161 \u010ceba\u0161ek s.p."},"image":{"@id":"https:\/\/vinoteka-sodcek.si\/#\/schema\/logo\/image\/"},"sameAs":["https:\/\/www.facebook.com\/vinotekasodcek\/"]}]}},"_links":{"self":[{"href":"https:\/\/vinoteka-sodcek.si\/en\/wp-json\/\/wp\/v2\/product\/591"}],"collection":[{"href":"https:\/\/vinoteka-sodcek.si\/en\/wp-json\/\/wp\/v2\/product"}],"about":[{"href":"https:\/\/vinoteka-sodcek.si\/en\/wp-json\/\/wp\/v2\/types\/product"}],"wp:featuredmedia":[{"embeddable":true,"href":"https:\/\/vinoteka-sodcek.si\/en\/wp-json\/\/wp\/v2\/media\/590"}],"wp:attachment":[{"href":"https:\/\/vinoteka-sodcek.si\/en\/wp-json\/\/wp\/v2\/media?parent=591"}],"wp:term":[{"taxonomy":"product_cat","embeddable":true,"href":"https:\/\/vinoteka-sodcek.si\/en\/wp-json\/\/wp\/v2\/product_cat?post=591"},{"taxonomy":"product_tag","embeddable":true,"href":"https:\/\/vinoteka-sodcek.si\/en\/wp-json\/\/wp\/v2\/product_tag?post=591"}],"curies":[{"name":"wp","href":"https:\/\/api.w.org\/{rel}","templated":true}]}}