{"id":595,"date":"2024-03-15T17:20:27","date_gmt":"2024-03-15T16:20:27","guid":{"rendered":"http:\/\/192.168.64.105\/GitHub\/vinoteka-sodcek\/trgovina\/uncategorized\/batic-angel-belo\/"},"modified":"2026-03-23T09:22:13","modified_gmt":"2026-03-23T08:22:13","slug":"batic-angel-belo","status":"publish","type":"product","link":"https:\/\/vinoteka-sodcek.si\/en\/shop\/wines\/white-wines\/batic-angel-belo\/","title":{"rendered":"Angel white"},"content":{"rendered":"<p>Angel white marks the high point of the Bati\u010d wine house, coming only at the best harvests and from the best vineyards.<\/p>\n<p>All varieties were then aged individually on fine lees in 225l and 3500l slovenian oak barrels for 10 months.<\/p>\n<p>On the palate it is drier, bolder, with a buttery texture and lovely moderate acids that balance the full body. There are also hints of herbs, cut grass, exotic fruits. Intense flavour, warm, uncompromising with a long finish.<\/p>\n","protected":false},"excerpt":{"rendered":"<p>Angel white marks the high point of the Bati\u010d wine house, coming only at the best harvests and from the best vineyards. All varieties were then aged individually on fine lees&#8230;<\/p>\n","protected":false},"featured_media":594,"template":"","meta":[],"product_cat":[19],"product_tag":[],"acf":[],"yoast_head":"<!-- This site is optimized with the Yoast SEO plugin v22.2 - https:\/\/yoast.com\/wordpress\/plugins\/seo\/ -->\n<title>Angel white | Vinoteka Sod\u010dek<\/title>\n<meta name=\"description\" content=\"Angel belo is matured in Slovenian oak barrels for 10 months. Dry, bold, buttery texture, balanced acids, herbs. Long aftertaste.\" \/>\n<meta name=\"robots\" content=\"index, follow, max-snippet:-1, max-image-preview:large, max-video-preview:-1\" \/>\n<meta property=\"og:locale\" content=\"en_US\" \/>\n<meta property=\"og:type\" content=\"article\" \/>\n<meta property=\"og:title\" content=\"Angel white\" \/>\n<meta property=\"og:description\" content=\"Angel belo is matured in Slovenian oak barrels for 10 months. Dry, bold, buttery texture, balanced acids, herbs. Long aftertaste.\" \/>\n<meta property=\"og:url\" content=\"https:\/\/vinoteka-sodcek.si\/en\/shop\/wines\/white-wines\/batic-angel-belo\/\" \/>\n<meta property=\"og:site_name\" content=\"Vinoteka Sod\u010dek\" \/>\n<meta property=\"article:publisher\" content=\"https:\/\/www.facebook.com\/vinotekasodcek\/\" \/>\n<meta property=\"article:modified_time\" content=\"2026-03-23T08:22:13+00:00\" \/>\n<meta property=\"og:image\" content=\"https:\/\/vinoteka-sodcek.si\/wp-content\/uploads\/Angel-belo.jpg\" \/>\n\t<meta property=\"og:image:width\" content=\"164\" \/>\n\t<meta property=\"og:image:height\" content=\"670\" \/>\n\t<meta property=\"og:image:type\" content=\"image\/jpeg\" \/>\n<meta name=\"twitter:card\" content=\"summary_large_image\" \/>\n<!-- \/ Yoast SEO plugin. -->","yoast_head_json":{"title":"Angel white | Vinoteka Sod\u010dek","description":"[:sl]Angel belo zori v slovenskih hrastovih sodih 10 mesecev. Suho, krepko, maslena tekstura, uravnote\u017eene kisline, zeli\u0161\u010da. Dolgega pookusa.[:en]Angel belo is matured in Slovenian oak barrels for 10 months. Dry, bold, buttery texture, balanced acids, herbs. Long aftertaste.[:]","robots":{"index":"index","follow":"follow","max-snippet":"max-snippet:-1","max-image-preview":"max-image-preview:large","max-video-preview":"max-video-preview:-1"},"og_locale":"en_US","og_type":"article","og_title":"[:sl]Angel belo[:en]Angel white[:] | Vinoteka Sod\u010dek","og_description":"[:sl]Angel belo zori v slovenskih hrastovih sodih 10 mesecev. Suho, krepko, maslena tekstura, uravnote\u017eene kisline, zeli\u0161\u010da. Dolgega pookusa.[:en]Angel belo is matured in Slovenian oak barrels for 10 months. Dry, bold, buttery texture, balanced acids, herbs. Long aftertaste.[:]","og_url":"https:\/\/vinoteka-sodcek.si\/en\/shop\/wines\/white-wines\/batic-angel-belo\/","og_site_name":"Vinoteka Sod\u010dek","article_publisher":"https:\/\/www.facebook.com\/vinotekasodcek\/","article_modified_time":"2026-03-23T08:22:13+00:00","og_image":[{"width":164,"height":670,"url":"https:\/\/vinoteka-sodcek.si\/wp-content\/uploads\/Angel-belo.jpg","type":"image\/jpeg"}],"twitter_card":"summary_large_image","schema":{"@context":"https:\/\/schema.org","@graph":[{"@type":"WebPage","@id":"https:\/\/vinoteka-sodcek.si\/trgovina\/vina\/bela-vina\/batic-angel-belo\/","url":"https:\/\/vinoteka-sodcek.si\/trgovina\/vina\/bela-vina\/batic-angel-belo\/","name":"[:sl]Angel belo[:en]Angel white[:] | Vinoteka Sod\u010dek","isPartOf":{"@id":"https:\/\/vinoteka-sodcek.si\/#website"},"primaryImageOfPage":{"@id":"https:\/\/vinoteka-sodcek.si\/trgovina\/vina\/bela-vina\/batic-angel-belo\/#primaryimage"},"image":{"@id":"https:\/\/vinoteka-sodcek.si\/trgovina\/vina\/bela-vina\/batic-angel-belo\/#primaryimage"},"thumbnailUrl":"https:\/\/vinoteka-sodcek.si\/wp-content\/uploads\/Angel-belo.jpg","datePublished":"2024-03-15T16:20:27+00:00","dateModified":"2026-03-23T08:22:13+00:00","description":"[:sl]Angel belo zori v slovenskih hrastovih sodih 10 mesecev. Suho, krepko, maslena tekstura, uravnote\u017eene kisline, zeli\u0161\u010da. Dolgega pookusa.[:en]Angel belo is matured in Slovenian oak barrels for 10 months. Dry, bold, buttery texture, balanced acids, herbs. Long aftertaste.[:]","breadcrumb":{"@id":"https:\/\/vinoteka-sodcek.si\/trgovina\/vina\/bela-vina\/batic-angel-belo\/#breadcrumb"},"inLanguage":"en-US","potentialAction":[{"@type":"ReadAction","target":["https:\/\/vinoteka-sodcek.si\/trgovina\/vina\/bela-vina\/batic-angel-belo\/"]}]},{"@type":"ImageObject","inLanguage":"en-US","@id":"https:\/\/vinoteka-sodcek.si\/trgovina\/vina\/bela-vina\/batic-angel-belo\/#primaryimage","url":"https:\/\/vinoteka-sodcek.si\/wp-content\/uploads\/Angel-belo.jpg","contentUrl":"https:\/\/vinoteka-sodcek.si\/wp-content\/uploads\/Angel-belo.jpg","width":164,"height":670},{"@type":"BreadcrumbList","@id":"https:\/\/vinoteka-sodcek.si\/trgovina\/vina\/bela-vina\/batic-angel-belo\/#breadcrumb","itemListElement":[{"@type":"ListItem","position":1,"name":"Home","item":"https:\/\/vinoteka-sodcek.si\/en\/"},{"@type":"ListItem","position":2,"name":"Trgovina","item":"https:\/\/vinoteka-sodcek.si\/trgovina\/"},{"@type":"ListItem","position":3,"name":"Angel belo"}]},{"@type":"WebSite","@id":"https:\/\/vinoteka-sodcek.si\/#website","url":"https:\/\/vinoteka-sodcek.si\/","name":"Vinoteka Sod\u010dek","description":"Vinoteka z vrhunskimi vini","publisher":{"@id":"https:\/\/vinoteka-sodcek.si\/#organization"},"potentialAction":[{"@type":"SearchAction","target":{"@type":"EntryPoint","urlTemplate":"https:\/\/vinoteka-sodcek.si\/?s={search_term_string}"},"query-input":"required name=search_term_string"}],"inLanguage":"en-US"},{"@type":"Organization","@id":"https:\/\/vinoteka-sodcek.si\/#organization","name":"Vinoteka Sod\u010dek, Ale\u0161 \u010ceba\u0161ek s.p.","url":"https:\/\/vinoteka-sodcek.si\/","logo":{"@type":"ImageObject","inLanguage":"en-US","@id":"https:\/\/vinoteka-sodcek.si\/#\/schema\/logo\/image\/","url":"https:\/\/beta.vinoteka-sodcek.si\/wp-content\/uploads\/vinoteka-sodcek-logo.png","contentUrl":"https:\/\/beta.vinoteka-sodcek.si\/wp-content\/uploads\/vinoteka-sodcek-logo.png","width":300,"height":90,"caption":"Vinoteka Sod\u010dek, Ale\u0161 \u010ceba\u0161ek s.p."},"image":{"@id":"https:\/\/vinoteka-sodcek.si\/#\/schema\/logo\/image\/"},"sameAs":["https:\/\/www.facebook.com\/vinotekasodcek\/"]}]}},"_links":{"self":[{"href":"https:\/\/vinoteka-sodcek.si\/en\/wp-json\/\/wp\/v2\/product\/595"}],"collection":[{"href":"https:\/\/vinoteka-sodcek.si\/en\/wp-json\/\/wp\/v2\/product"}],"about":[{"href":"https:\/\/vinoteka-sodcek.si\/en\/wp-json\/\/wp\/v2\/types\/product"}],"wp:featuredmedia":[{"embeddable":true,"href":"https:\/\/vinoteka-sodcek.si\/en\/wp-json\/\/wp\/v2\/media\/594"}],"wp:attachment":[{"href":"https:\/\/vinoteka-sodcek.si\/en\/wp-json\/\/wp\/v2\/media?parent=595"}],"wp:term":[{"taxonomy":"product_cat","embeddable":true,"href":"https:\/\/vinoteka-sodcek.si\/en\/wp-json\/\/wp\/v2\/product_cat?post=595"},{"taxonomy":"product_tag","embeddable":true,"href":"https:\/\/vinoteka-sodcek.si\/en\/wp-json\/\/wp\/v2\/product_tag?post=595"}],"curies":[{"name":"wp","href":"https:\/\/api.w.org\/{rel}","templated":true}]}}