{"id":600,"date":"2024-03-15T17:20:27","date_gmt":"2024-03-15T16:20:27","guid":{"rendered":"http:\/\/192.168.64.105\/GitHub\/vinoteka-sodcek\/trgovina\/uncategorized\/batic-merlot-selekcija\/"},"modified":"2025-12-03T16:00:31","modified_gmt":"2025-12-03T15:00:31","slug":"batic-merlot-selekcija","status":"publish","type":"product","link":"https:\/\/vinoteka-sodcek.si\/en\/shop\/wines\/red-wines\/batic-merlot-selekcija\/","title":{"rendered":"Merlot reserva"},"content":{"rendered":"<p>The grapes were macerated until the end of fermentation. Maturation with fine lees in slovenian oak barrels followed, where the wine developed its elegance without human touch.<\/p>\n<p>It is deep ruby in colour. The tannins are velvety, the taste is very elegant and the wine is clean, dense and long. After sipping, the aroma lingers for a long time and emerges with pleasant flavours of plum, black cherry and even tobacco. Despite its large body, this Merlot has all the elements of nobility, which are reflected in the consistency of its flavours, aromas and proper appearance.<\/p>\n","protected":false},"excerpt":{"rendered":"<p>The grapes were macerated until the end of fermentation. Maturation with fine lees in slovenian oak barrels followed, where the wine developed its elegance without human touch. It is deep ruby&#8230;<\/p>\n","protected":false},"featured_media":592,"template":"","meta":[],"product_cat":[20],"product_tag":[],"acf":[],"yoast_head":"<!-- This site is optimized with the Yoast SEO plugin v22.2 - https:\/\/yoast.com\/wordpress\/plugins\/seo\/ -->\n<title>Merlot reserva | Vinoteka Sod\u010dek<\/title>\n<meta name=\"description\" content=\"Maceration until the end of fermentation in slovenian oak barrels. Ruby colour, velvety tannins, elegant taste. Aromas of plum, black cherry, tobacco.\" \/>\n<meta name=\"robots\" content=\"index, follow, max-snippet:-1, max-image-preview:large, max-video-preview:-1\" \/>\n<meta property=\"og:locale\" content=\"en_US\" \/>\n<meta property=\"og:type\" content=\"article\" \/>\n<meta property=\"og:title\" content=\"Merlot reserva\" \/>\n<meta property=\"og:description\" content=\"Maceration until the end of fermentation in slovenian oak barrels. Ruby colour, velvety tannins, elegant taste. Aromas of plum, black cherry, tobacco.\" \/>\n<meta property=\"og:url\" content=\"https:\/\/vinoteka-sodcek.si\/en\/shop\/wines\/red-wines\/batic-merlot-selekcija\/\" \/>\n<meta property=\"og:site_name\" content=\"Vinoteka Sod\u010dek\" \/>\n<meta property=\"article:publisher\" content=\"https:\/\/www.facebook.com\/vinotekasodcek\/\" \/>\n<meta property=\"article:modified_time\" content=\"2025-12-03T15:00:31+00:00\" \/>\n<meta property=\"og:image\" content=\"https:\/\/vinoteka-sodcek.si\/wp-content\/uploads\/cabernet-sauvig.jpg\" \/>\n\t<meta property=\"og:image:width\" content=\"195\" \/>\n\t<meta property=\"og:image:height\" content=\"787\" \/>\n\t<meta property=\"og:image:type\" content=\"image\/jpeg\" \/>\n<meta name=\"twitter:card\" content=\"summary_large_image\" \/>\n<!-- \/ Yoast SEO plugin. -->","yoast_head_json":{"title":"Merlot reserva | Vinoteka Sod\u010dek","description":"[:sl]The Merlot reserva Bati\u010d is matured in Slovenian oak barrels. Ruby colour, velvety tannins, elegant taste. Aromas of plum, black cherry, tobacco.[:en]Maceration until the end of fermentation in slovenian oak barrels. Ruby colour, velvety tannins, elegant taste. Aromas of plum, black cherry, tobacco.[:]","robots":{"index":"index","follow":"follow","max-snippet":"max-snippet:-1","max-image-preview":"max-image-preview:large","max-video-preview":"max-video-preview:-1"},"og_locale":"en_US","og_type":"article","og_title":"[:sl]Merlot selekcija[:en]Merlot reserva[:] | Vinoteka Sod\u010dek","og_description":"[:sl]The Merlot reserva Bati\u010d is matured in Slovenian oak barrels. Ruby colour, velvety tannins, elegant taste. Aromas of plum, black cherry, tobacco.[:en]Maceration until the end of fermentation in slovenian oak barrels. Ruby colour, velvety tannins, elegant taste. Aromas of plum, black cherry, tobacco.[:]","og_url":"https:\/\/vinoteka-sodcek.si\/en\/shop\/wines\/red-wines\/batic-merlot-selekcija\/","og_site_name":"Vinoteka Sod\u010dek","article_publisher":"https:\/\/www.facebook.com\/vinotekasodcek\/","article_modified_time":"2025-12-03T15:00:31+00:00","og_image":[{"width":195,"height":787,"url":"https:\/\/vinoteka-sodcek.si\/wp-content\/uploads\/cabernet-sauvig.jpg","type":"image\/jpeg"}],"twitter_card":"summary_large_image","schema":{"@context":"https:\/\/schema.org","@graph":[{"@type":"WebPage","@id":"https:\/\/vinoteka-sodcek.si\/trgovina\/vina\/rdeca-vina\/batic-merlot-selekcija\/","url":"https:\/\/vinoteka-sodcek.si\/trgovina\/vina\/rdeca-vina\/batic-merlot-selekcija\/","name":"[:sl]Merlot selekcija[:en]Merlot reserva[:] | Vinoteka Sod\u010dek","isPartOf":{"@id":"https:\/\/vinoteka-sodcek.si\/#website"},"primaryImageOfPage":{"@id":"https:\/\/vinoteka-sodcek.si\/trgovina\/vina\/rdeca-vina\/batic-merlot-selekcija\/#primaryimage"},"image":{"@id":"https:\/\/vinoteka-sodcek.si\/trgovina\/vina\/rdeca-vina\/batic-merlot-selekcija\/#primaryimage"},"thumbnailUrl":"https:\/\/vinoteka-sodcek.si\/wp-content\/uploads\/cabernet-sauvig.jpg","datePublished":"2024-03-15T16:20:27+00:00","dateModified":"2025-12-03T15:00:31+00:00","description":"[:sl]The Merlot reserva Bati\u010d is matured in Slovenian oak barrels. Ruby colour, velvety tannins, elegant taste. Aromas of plum, black cherry, tobacco.[:en]Maceration until the end of fermentation in slovenian oak barrels. Ruby colour, velvety tannins, elegant taste. Aromas of plum, black cherry, tobacco.[:]","breadcrumb":{"@id":"https:\/\/vinoteka-sodcek.si\/trgovina\/vina\/rdeca-vina\/batic-merlot-selekcija\/#breadcrumb"},"inLanguage":"en-US","potentialAction":[{"@type":"ReadAction","target":["https:\/\/vinoteka-sodcek.si\/trgovina\/vina\/rdeca-vina\/batic-merlot-selekcija\/"]}]},{"@type":"ImageObject","inLanguage":"en-US","@id":"https:\/\/vinoteka-sodcek.si\/trgovina\/vina\/rdeca-vina\/batic-merlot-selekcija\/#primaryimage","url":"https:\/\/vinoteka-sodcek.si\/wp-content\/uploads\/cabernet-sauvig.jpg","contentUrl":"https:\/\/vinoteka-sodcek.si\/wp-content\/uploads\/cabernet-sauvig.jpg","width":195,"height":787},{"@type":"BreadcrumbList","@id":"https:\/\/vinoteka-sodcek.si\/trgovina\/vina\/rdeca-vina\/batic-merlot-selekcija\/#breadcrumb","itemListElement":[{"@type":"ListItem","position":1,"name":"Home","item":"https:\/\/vinoteka-sodcek.si\/en\/"},{"@type":"ListItem","position":2,"name":"Trgovina","item":"https:\/\/vinoteka-sodcek.si\/trgovina\/"},{"@type":"ListItem","position":3,"name":"Merlot selekcija"}]},{"@type":"WebSite","@id":"https:\/\/vinoteka-sodcek.si\/#website","url":"https:\/\/vinoteka-sodcek.si\/","name":"Vinoteka Sod\u010dek","description":"Vinoteka z vrhunskimi vini","publisher":{"@id":"https:\/\/vinoteka-sodcek.si\/#organization"},"potentialAction":[{"@type":"SearchAction","target":{"@type":"EntryPoint","urlTemplate":"https:\/\/vinoteka-sodcek.si\/?s={search_term_string}"},"query-input":"required name=search_term_string"}],"inLanguage":"en-US"},{"@type":"Organization","@id":"https:\/\/vinoteka-sodcek.si\/#organization","name":"Vinoteka Sod\u010dek, Ale\u0161 \u010ceba\u0161ek s.p.","url":"https:\/\/vinoteka-sodcek.si\/","logo":{"@type":"ImageObject","inLanguage":"en-US","@id":"https:\/\/vinoteka-sodcek.si\/#\/schema\/logo\/image\/","url":"https:\/\/beta.vinoteka-sodcek.si\/wp-content\/uploads\/vinoteka-sodcek-logo.png","contentUrl":"https:\/\/beta.vinoteka-sodcek.si\/wp-content\/uploads\/vinoteka-sodcek-logo.png","width":300,"height":90,"caption":"Vinoteka Sod\u010dek, Ale\u0161 \u010ceba\u0161ek s.p."},"image":{"@id":"https:\/\/vinoteka-sodcek.si\/#\/schema\/logo\/image\/"},"sameAs":["https:\/\/www.facebook.com\/vinotekasodcek\/"]}]}},"_links":{"self":[{"href":"https:\/\/vinoteka-sodcek.si\/en\/wp-json\/\/wp\/v2\/product\/600"}],"collection":[{"href":"https:\/\/vinoteka-sodcek.si\/en\/wp-json\/\/wp\/v2\/product"}],"about":[{"href":"https:\/\/vinoteka-sodcek.si\/en\/wp-json\/\/wp\/v2\/types\/product"}],"wp:featuredmedia":[{"embeddable":true,"href":"https:\/\/vinoteka-sodcek.si\/en\/wp-json\/\/wp\/v2\/media\/592"}],"wp:attachment":[{"href":"https:\/\/vinoteka-sodcek.si\/en\/wp-json\/\/wp\/v2\/media?parent=600"}],"wp:term":[{"taxonomy":"product_cat","embeddable":true,"href":"https:\/\/vinoteka-sodcek.si\/en\/wp-json\/\/wp\/v2\/product_cat?post=600"},{"taxonomy":"product_tag","embeddable":true,"href":"https:\/\/vinoteka-sodcek.si\/en\/wp-json\/\/wp\/v2\/product_tag?post=600"}],"curies":[{"name":"wp","href":"https:\/\/api.w.org\/{rel}","templated":true}]}}