{"id":607,"date":"2024-03-15T17:20:28","date_gmt":"2024-03-15T16:20:28","guid":{"rendered":"http:\/\/192.168.64.105\/GitHub\/vinoteka-sodcek\/trgovina\/uncategorized\/batic-cabernet-sauvignon-selekcija\/"},"modified":"2025-12-03T17:45:50","modified_gmt":"2025-12-03T16:45:50","slug":"batic-cabernet-sauvignon-selekcija","status":"publish","type":"product","link":"https:\/\/vinoteka-sodcek.si\/en\/shop\/wines\/red-wines\/batic-cabernet-sauvignon-selekcija\/","title":{"rendered":"Cabernet sauvignon reserva"},"content":{"rendered":"<p>The grapes for it were picked in mid-October in wooden crates. After maceration for 15 days, the crushed grapes were gently pressed. It was transferred to barrels, where it was destemmed and matured for 21 months, 50% in new and 50% in used 225 litre oak barrels. Bottled at the time of the waxing moon.<\/p>\n<p>It is ruby red in colour, with an intense, rich nose reminiscent of plums, cherries and blackcurrants. The flavour is quite intense, with pleasant tannins and a nice harmony, which lets us know that the grapes have been harvested at full ripeness. Long aftertaste.<\/p>\n","protected":false},"excerpt":{"rendered":"<p>The grapes for it were picked in mid-October in wooden crates. After maceration for 15 days, the crushed grapes were gently pressed. It was transferred to barrels, where it was destemmed&#8230;<\/p>\n","protected":false},"featured_media":592,"template":"","meta":[],"product_cat":[20],"product_tag":[],"acf":[],"yoast_head":"<!-- This site is optimized with the Yoast SEO plugin v22.2 - https:\/\/yoast.com\/wordpress\/plugins\/seo\/ -->\n<title>Cabernet sauvignon reserva | Vinoteka Sod\u010dek<\/title>\n<meta name=\"description\" content=\"The harvest for Cabernet Sauvignon Bati\u010d is mid-October, 15 days maceration, 21 months maturation in oak barrels. Aromas of plum, cherry, blackcurrant.\" \/>\n<meta name=\"robots\" content=\"index, follow, max-snippet:-1, max-image-preview:large, max-video-preview:-1\" \/>\n<meta property=\"og:locale\" content=\"en_US\" \/>\n<meta property=\"og:type\" content=\"article\" \/>\n<meta property=\"og:title\" content=\"Cabernet sauvignon reserva\" \/>\n<meta property=\"og:description\" content=\"The harvest for Cabernet Sauvignon Bati\u010d is mid-October, 15 days maceration, 21 months maturation in oak barrels. Aromas of plum, cherry, blackcurrant.\" \/>\n<meta property=\"og:url\" content=\"https:\/\/vinoteka-sodcek.si\/en\/shop\/wines\/red-wines\/batic-cabernet-sauvignon-selekcija\/\" \/>\n<meta property=\"og:site_name\" content=\"Vinoteka Sod\u010dek\" \/>\n<meta property=\"article:publisher\" content=\"https:\/\/www.facebook.com\/vinotekasodcek\/\" \/>\n<meta property=\"article:modified_time\" content=\"2025-12-03T16:45:50+00:00\" \/>\n<meta property=\"og:image\" content=\"https:\/\/vinoteka-sodcek.si\/wp-content\/uploads\/cabernet-sauvig.jpg\" \/>\n\t<meta property=\"og:image:width\" content=\"195\" \/>\n\t<meta property=\"og:image:height\" content=\"787\" \/>\n\t<meta property=\"og:image:type\" content=\"image\/jpeg\" \/>\n<meta name=\"twitter:card\" content=\"summary_large_image\" \/>\n<!-- \/ Yoast SEO plugin. -->","yoast_head_json":{"title":"Cabernet sauvignon reserva | Vinoteka Sod\u010dek","description":"[:sl]Trgatev za cabernet sauvignon Bati\u010d je sredi oktobra, 15-dnevna maceracija, 21-mese\u010dno zorenje v hrastovih sodih. Vonj po slivah, vi\u0161njah, \u010drnem ribezu.[:en]The harvest for Cabernet Sauvignon Bati\u010d is mid-October, 15 days maceration, 21 months maturation in oak barrels. Aromas of plum, cherry, blackcurrant.[:]","robots":{"index":"index","follow":"follow","max-snippet":"max-snippet:-1","max-image-preview":"max-image-preview:large","max-video-preview":"max-video-preview:-1"},"og_locale":"en_US","og_type":"article","og_title":"[:sl]Cabernet sauvignon selekcija[:en]Cabernet sauvignon reserva[:] | Vinoteka Sod\u010dek","og_description":"[:sl]Trgatev za cabernet sauvignon Bati\u010d je sredi oktobra, 15-dnevna maceracija, 21-mese\u010dno zorenje v hrastovih sodih. Vonj po slivah, vi\u0161njah, \u010drnem ribezu.[:en]The harvest for Cabernet Sauvignon Bati\u010d is mid-October, 15 days maceration, 21 months maturation in oak barrels. Aromas of plum, cherry, blackcurrant.[:]","og_url":"https:\/\/vinoteka-sodcek.si\/en\/shop\/wines\/red-wines\/batic-cabernet-sauvignon-selekcija\/","og_site_name":"Vinoteka Sod\u010dek","article_publisher":"https:\/\/www.facebook.com\/vinotekasodcek\/","article_modified_time":"2025-12-03T16:45:50+00:00","og_image":[{"width":195,"height":787,"url":"https:\/\/vinoteka-sodcek.si\/wp-content\/uploads\/cabernet-sauvig.jpg","type":"image\/jpeg"}],"twitter_card":"summary_large_image","schema":{"@context":"https:\/\/schema.org","@graph":[{"@type":"WebPage","@id":"https:\/\/vinoteka-sodcek.si\/trgovina\/vina\/rdeca-vina\/batic-cabernet-sauvignon-selekcija\/","url":"https:\/\/vinoteka-sodcek.si\/trgovina\/vina\/rdeca-vina\/batic-cabernet-sauvignon-selekcija\/","name":"[:sl]Cabernet sauvignon selekcija[:en]Cabernet sauvignon reserva[:] | Vinoteka Sod\u010dek","isPartOf":{"@id":"https:\/\/vinoteka-sodcek.si\/#website"},"primaryImageOfPage":{"@id":"https:\/\/vinoteka-sodcek.si\/trgovina\/vina\/rdeca-vina\/batic-cabernet-sauvignon-selekcija\/#primaryimage"},"image":{"@id":"https:\/\/vinoteka-sodcek.si\/trgovina\/vina\/rdeca-vina\/batic-cabernet-sauvignon-selekcija\/#primaryimage"},"thumbnailUrl":"https:\/\/vinoteka-sodcek.si\/wp-content\/uploads\/cabernet-sauvig.jpg","datePublished":"2024-03-15T16:20:28+00:00","dateModified":"2025-12-03T16:45:50+00:00","description":"[:sl]Trgatev za cabernet sauvignon Bati\u010d je sredi oktobra, 15-dnevna maceracija, 21-mese\u010dno zorenje v hrastovih sodih. Vonj po slivah, vi\u0161njah, \u010drnem ribezu.[:en]The harvest for Cabernet Sauvignon Bati\u010d is mid-October, 15 days maceration, 21 months maturation in oak barrels. Aromas of plum, cherry, blackcurrant.[:]","breadcrumb":{"@id":"https:\/\/vinoteka-sodcek.si\/trgovina\/vina\/rdeca-vina\/batic-cabernet-sauvignon-selekcija\/#breadcrumb"},"inLanguage":"en-US","potentialAction":[{"@type":"ReadAction","target":["https:\/\/vinoteka-sodcek.si\/trgovina\/vina\/rdeca-vina\/batic-cabernet-sauvignon-selekcija\/"]}]},{"@type":"ImageObject","inLanguage":"en-US","@id":"https:\/\/vinoteka-sodcek.si\/trgovina\/vina\/rdeca-vina\/batic-cabernet-sauvignon-selekcija\/#primaryimage","url":"https:\/\/vinoteka-sodcek.si\/wp-content\/uploads\/cabernet-sauvig.jpg","contentUrl":"https:\/\/vinoteka-sodcek.si\/wp-content\/uploads\/cabernet-sauvig.jpg","width":195,"height":787},{"@type":"BreadcrumbList","@id":"https:\/\/vinoteka-sodcek.si\/trgovina\/vina\/rdeca-vina\/batic-cabernet-sauvignon-selekcija\/#breadcrumb","itemListElement":[{"@type":"ListItem","position":1,"name":"Home","item":"https:\/\/vinoteka-sodcek.si\/en\/"},{"@type":"ListItem","position":2,"name":"Trgovina","item":"https:\/\/vinoteka-sodcek.si\/trgovina\/"},{"@type":"ListItem","position":3,"name":"Cabernet sauvignon selekcija"}]},{"@type":"WebSite","@id":"https:\/\/vinoteka-sodcek.si\/#website","url":"https:\/\/vinoteka-sodcek.si\/","name":"Vinoteka Sod\u010dek","description":"Vinoteka z vrhunskimi vini","publisher":{"@id":"https:\/\/vinoteka-sodcek.si\/#organization"},"potentialAction":[{"@type":"SearchAction","target":{"@type":"EntryPoint","urlTemplate":"https:\/\/vinoteka-sodcek.si\/?s={search_term_string}"},"query-input":"required name=search_term_string"}],"inLanguage":"en-US"},{"@type":"Organization","@id":"https:\/\/vinoteka-sodcek.si\/#organization","name":"Vinoteka Sod\u010dek, Ale\u0161 \u010ceba\u0161ek s.p.","url":"https:\/\/vinoteka-sodcek.si\/","logo":{"@type":"ImageObject","inLanguage":"en-US","@id":"https:\/\/vinoteka-sodcek.si\/#\/schema\/logo\/image\/","url":"https:\/\/beta.vinoteka-sodcek.si\/wp-content\/uploads\/vinoteka-sodcek-logo.png","contentUrl":"https:\/\/beta.vinoteka-sodcek.si\/wp-content\/uploads\/vinoteka-sodcek-logo.png","width":300,"height":90,"caption":"Vinoteka Sod\u010dek, Ale\u0161 \u010ceba\u0161ek s.p."},"image":{"@id":"https:\/\/vinoteka-sodcek.si\/#\/schema\/logo\/image\/"},"sameAs":["https:\/\/www.facebook.com\/vinotekasodcek\/"]}]}},"_links":{"self":[{"href":"https:\/\/vinoteka-sodcek.si\/en\/wp-json\/\/wp\/v2\/product\/607"}],"collection":[{"href":"https:\/\/vinoteka-sodcek.si\/en\/wp-json\/\/wp\/v2\/product"}],"about":[{"href":"https:\/\/vinoteka-sodcek.si\/en\/wp-json\/\/wp\/v2\/types\/product"}],"wp:featuredmedia":[{"embeddable":true,"href":"https:\/\/vinoteka-sodcek.si\/en\/wp-json\/\/wp\/v2\/media\/592"}],"wp:attachment":[{"href":"https:\/\/vinoteka-sodcek.si\/en\/wp-json\/\/wp\/v2\/media?parent=607"}],"wp:term":[{"taxonomy":"product_cat","embeddable":true,"href":"https:\/\/vinoteka-sodcek.si\/en\/wp-json\/\/wp\/v2\/product_cat?post=607"},{"taxonomy":"product_tag","embeddable":true,"href":"https:\/\/vinoteka-sodcek.si\/en\/wp-json\/\/wp\/v2\/product_tag?post=607"}],"curies":[{"name":"wp","href":"https:\/\/api.w.org\/{rel}","templated":true}]}}