{"id":610,"date":"2024-03-15T17:20:28","date_gmt":"2024-03-15T16:20:28","guid":{"rendered":"http:\/\/192.168.64.105\/GitHub\/vinoteka-sodcek\/trgovina\/uncategorized\/batic-sivi-pinot-selekcija\/"},"modified":"2025-05-05T14:50:33","modified_gmt":"2025-05-05T13:50:33","slug":"batic-sivi-pinot-selekcija","status":"publish","type":"product","link":"https:\/\/vinoteka-sodcek.si\/en\/shop\/wines\/white-wines\/batic-sivi-pinot-selekcija\/","title":{"rendered":"Sivi pinot reserva"},"content":{"rendered":"<p>Grapes come from the vineyard over the age of 25. After about two weekly maceration, 12 monthly ripening in Slovenian oak barrels follows fermentation only with their own yeasts picked up in pre -trial.<\/p>\n<p>It is gently pink. The smell of overripe citrus grass, manga, peaches. In the mouth, the wine is dry, medium body, moderate acids full of butter, elegant and mineral taste. Fresh and at the same time rich pinot gris.<\/p>\n<p>Long aftertaste.<\/p>\n","protected":false},"excerpt":{"rendered":"<p>Grapes come from the vineyard over the age of 25. After about two weekly maceration, 12 monthly ripening in Slovenian oak barrels follows fermentation only with their own yeasts picked up&#8230;<\/p>\n","protected":false},"featured_media":590,"template":"","meta":[],"product_cat":[19],"product_tag":[],"acf":[],"yoast_head":"<!-- This site is optimized with the Yoast SEO plugin v22.2 - https:\/\/yoast.com\/wordpress\/plugins\/seo\/ -->\n<title>Sivi pinot reserva | Vinoteka Sod\u010dek<\/title>\n<meta name=\"description\" content=\"Pinot gris Bati\u010d is macerated for 2 weeks and matured for 12 months in slovenian oak barrels. Aromas of overripe citrus fruits, grass, mango.\" \/>\n<meta name=\"robots\" content=\"index, follow, max-snippet:-1, max-image-preview:large, max-video-preview:-1\" \/>\n<meta property=\"og:locale\" content=\"en_US\" \/>\n<meta property=\"og:type\" content=\"article\" \/>\n<meta property=\"og:title\" content=\"Sivi pinot reserva\" \/>\n<meta property=\"og:description\" content=\"Pinot gris Bati\u010d is macerated for 2 weeks and matured for 12 months in slovenian oak barrels. Aromas of overripe citrus fruits, grass, mango.\" \/>\n<meta property=\"og:url\" content=\"https:\/\/vinoteka-sodcek.si\/en\/shop\/wines\/white-wines\/batic-sivi-pinot-selekcija\/\" \/>\n<meta property=\"og:site_name\" content=\"Vinoteka Sod\u010dek\" \/>\n<meta property=\"article:publisher\" content=\"https:\/\/www.facebook.com\/vinotekasodcek\/\" \/>\n<meta property=\"article:modified_time\" content=\"2025-05-05T13:50:33+00:00\" \/>\n<meta property=\"og:image\" content=\"https:\/\/vinoteka-sodcek.si\/wp-content\/uploads\/Pinela.jpg\" \/>\n\t<meta property=\"og:image:width\" content=\"196\" \/>\n\t<meta property=\"og:image:height\" content=\"712\" \/>\n\t<meta property=\"og:image:type\" content=\"image\/jpeg\" \/>\n<meta name=\"twitter:card\" content=\"summary_large_image\" \/>\n<!-- \/ Yoast SEO plugin. -->","yoast_head_json":{"title":"Sivi pinot reserva | Vinoteka Sod\u010dek","description":"[:sl]Po kon\u010dani trgatvi sivega pinota Bati\u010d sledi 2-tedenska maceracija, 12-mese\u010dno zorenje v slovenskih hrastovih sodih. Vonj prezrelih agrumov, trave, manga.[:en]Pinot gris Bati\u010d is macerated for 2 weeks and matured for 12 months in slovenian oak barrels. Aromas of overripe citrus fruits, grass, mango.[:]","robots":{"index":"index","follow":"follow","max-snippet":"max-snippet:-1","max-image-preview":"max-image-preview:large","max-video-preview":"max-video-preview:-1"},"og_locale":"en_US","og_type":"article","og_title":"[:sl]Sivi pinot selekcija[:en]Sivi pinot reserva[:] | Vinoteka Sod\u010dek","og_description":"[:sl]Po kon\u010dani trgatvi sivega pinota Bati\u010d sledi 2-tedenska maceracija, 12-mese\u010dno zorenje v slovenskih hrastovih sodih. Vonj prezrelih agrumov, trave, manga.[:en]Pinot gris Bati\u010d is macerated for 2 weeks and matured for 12 months in slovenian oak barrels. Aromas of overripe citrus fruits, grass, mango.[:]","og_url":"https:\/\/vinoteka-sodcek.si\/en\/shop\/wines\/white-wines\/batic-sivi-pinot-selekcija\/","og_site_name":"Vinoteka Sod\u010dek","article_publisher":"https:\/\/www.facebook.com\/vinotekasodcek\/","article_modified_time":"2025-05-05T13:50:33+00:00","og_image":[{"width":196,"height":712,"url":"https:\/\/vinoteka-sodcek.si\/wp-content\/uploads\/Pinela.jpg","type":"image\/jpeg"}],"twitter_card":"summary_large_image","schema":{"@context":"https:\/\/schema.org","@graph":[{"@type":"WebPage","@id":"https:\/\/vinoteka-sodcek.si\/trgovina\/vina\/bela-vina\/batic-sivi-pinot-selekcija\/","url":"https:\/\/vinoteka-sodcek.si\/trgovina\/vina\/bela-vina\/batic-sivi-pinot-selekcija\/","name":"[:sl]Sivi pinot selekcija[:en]Sivi pinot reserva[:] | Vinoteka Sod\u010dek","isPartOf":{"@id":"https:\/\/vinoteka-sodcek.si\/#website"},"primaryImageOfPage":{"@id":"https:\/\/vinoteka-sodcek.si\/trgovina\/vina\/bela-vina\/batic-sivi-pinot-selekcija\/#primaryimage"},"image":{"@id":"https:\/\/vinoteka-sodcek.si\/trgovina\/vina\/bela-vina\/batic-sivi-pinot-selekcija\/#primaryimage"},"thumbnailUrl":"https:\/\/vinoteka-sodcek.si\/wp-content\/uploads\/Pinela.jpg","datePublished":"2024-03-15T16:20:28+00:00","dateModified":"2025-05-05T13:50:33+00:00","description":"[:sl]Po kon\u010dani trgatvi sivega pinota Bati\u010d sledi 2-tedenska maceracija, 12-mese\u010dno zorenje v slovenskih hrastovih sodih. Vonj prezrelih agrumov, trave, manga.[:en]Pinot gris Bati\u010d is macerated for 2 weeks and matured for 12 months in slovenian oak barrels. Aromas of overripe citrus fruits, grass, mango.[:]","breadcrumb":{"@id":"https:\/\/vinoteka-sodcek.si\/trgovina\/vina\/bela-vina\/batic-sivi-pinot-selekcija\/#breadcrumb"},"inLanguage":"en-US","potentialAction":[{"@type":"ReadAction","target":["https:\/\/vinoteka-sodcek.si\/trgovina\/vina\/bela-vina\/batic-sivi-pinot-selekcija\/"]}]},{"@type":"ImageObject","inLanguage":"en-US","@id":"https:\/\/vinoteka-sodcek.si\/trgovina\/vina\/bela-vina\/batic-sivi-pinot-selekcija\/#primaryimage","url":"https:\/\/vinoteka-sodcek.si\/wp-content\/uploads\/Pinela.jpg","contentUrl":"https:\/\/vinoteka-sodcek.si\/wp-content\/uploads\/Pinela.jpg","width":196,"height":712},{"@type":"BreadcrumbList","@id":"https:\/\/vinoteka-sodcek.si\/trgovina\/vina\/bela-vina\/batic-sivi-pinot-selekcija\/#breadcrumb","itemListElement":[{"@type":"ListItem","position":1,"name":"Home","item":"https:\/\/vinoteka-sodcek.si\/en\/"},{"@type":"ListItem","position":2,"name":"Trgovina","item":"https:\/\/vinoteka-sodcek.si\/trgovina\/"},{"@type":"ListItem","position":3,"name":"Sivi pinot selekcija"}]},{"@type":"WebSite","@id":"https:\/\/vinoteka-sodcek.si\/#website","url":"https:\/\/vinoteka-sodcek.si\/","name":"Vinoteka Sod\u010dek","description":"Vinoteka z vrhunskimi vini","publisher":{"@id":"https:\/\/vinoteka-sodcek.si\/#organization"},"potentialAction":[{"@type":"SearchAction","target":{"@type":"EntryPoint","urlTemplate":"https:\/\/vinoteka-sodcek.si\/?s={search_term_string}"},"query-input":"required name=search_term_string"}],"inLanguage":"en-US"},{"@type":"Organization","@id":"https:\/\/vinoteka-sodcek.si\/#organization","name":"Vinoteka Sod\u010dek, Ale\u0161 \u010ceba\u0161ek s.p.","url":"https:\/\/vinoteka-sodcek.si\/","logo":{"@type":"ImageObject","inLanguage":"en-US","@id":"https:\/\/vinoteka-sodcek.si\/#\/schema\/logo\/image\/","url":"https:\/\/beta.vinoteka-sodcek.si\/wp-content\/uploads\/vinoteka-sodcek-logo.png","contentUrl":"https:\/\/beta.vinoteka-sodcek.si\/wp-content\/uploads\/vinoteka-sodcek-logo.png","width":300,"height":90,"caption":"Vinoteka Sod\u010dek, Ale\u0161 \u010ceba\u0161ek s.p."},"image":{"@id":"https:\/\/vinoteka-sodcek.si\/#\/schema\/logo\/image\/"},"sameAs":["https:\/\/www.facebook.com\/vinotekasodcek\/"]}]}},"_links":{"self":[{"href":"https:\/\/vinoteka-sodcek.si\/en\/wp-json\/\/wp\/v2\/product\/610"}],"collection":[{"href":"https:\/\/vinoteka-sodcek.si\/en\/wp-json\/\/wp\/v2\/product"}],"about":[{"href":"https:\/\/vinoteka-sodcek.si\/en\/wp-json\/\/wp\/v2\/types\/product"}],"wp:featuredmedia":[{"embeddable":true,"href":"https:\/\/vinoteka-sodcek.si\/en\/wp-json\/\/wp\/v2\/media\/590"}],"wp:attachment":[{"href":"https:\/\/vinoteka-sodcek.si\/en\/wp-json\/\/wp\/v2\/media?parent=610"}],"wp:term":[{"taxonomy":"product_cat","embeddable":true,"href":"https:\/\/vinoteka-sodcek.si\/en\/wp-json\/\/wp\/v2\/product_cat?post=610"},{"taxonomy":"product_tag","embeddable":true,"href":"https:\/\/vinoteka-sodcek.si\/en\/wp-json\/\/wp\/v2\/product_tag?post=610"}],"curies":[{"name":"wp","href":"https:\/\/api.w.org\/{rel}","templated":true}]}}