{"id":613,"date":"2024-03-15T17:20:28","date_gmt":"2024-03-15T16:20:28","guid":{"rendered":"http:\/\/192.168.64.105\/GitHub\/vinoteka-sodcek\/trgovina\/uncategorized\/batic-marlon\/"},"modified":"2026-02-06T20:41:04","modified_gmt":"2026-02-06T19:41:04","slug":"batic-marlon","status":"publish","type":"product","link":"https:\/\/vinoteka-sodcek.si\/en\/shop\/wines\/white-wines\/batic-marlon\/","title":{"rendered":"Marlon"},"content":{"rendered":"<p>The wine comes from a vineyard of resistant grape varieties. Twenty different varieties resistant to fungal diseases of the vine thrive there. The grapes from the latter vineyard, which has never been sprayed, are the signature wines of Hrastov hill and Brajda<\/p>\n<p>The grapes were pressed after harvesting and fermented on their own yeasts in Slovenian oak barrels on fine lees. Bottled after a year of ripening without filtration.<\/p>\n<p>It is golden yellow in colour, slightly cloudy. Dry, buttery, also slightly smoky on the palate, complex, pleasant lower acids. With a very long finish.<\/p>\n","protected":false},"excerpt":{"rendered":"<p>The wine comes from a vineyard of resistant grape varieties. Twenty different varieties resistant to fungal diseases of the vine thrive there. The grapes from the latter vineyard, which has never&#8230;<\/p>\n","protected":false},"featured_media":612,"template":"","meta":[],"product_cat":[19],"product_tag":[],"acf":[],"yoast_head":"<!-- This site is optimized with the Yoast SEO plugin v22.2 - https:\/\/yoast.com\/wordpress\/plugins\/seo\/ -->\n<title>Marlon | Vinoteka Sod\u010dek<\/title>\n<meta name=\"description\" content=\"Marlon Bati\u010d is made from resistant grape varieties, without spraying. Maturing in oak barrels, without filtration, produces a buttery wine with a long finish.\" \/>\n<meta name=\"robots\" content=\"index, follow, max-snippet:-1, max-image-preview:large, max-video-preview:-1\" \/>\n<meta property=\"og:locale\" content=\"en_US\" \/>\n<meta property=\"og:type\" content=\"article\" \/>\n<meta property=\"og:title\" content=\"Marlon\" \/>\n<meta property=\"og:description\" content=\"Marlon Bati\u010d is made from resistant grape varieties, without spraying. Maturing in oak barrels, without filtration, produces a buttery wine with a long finish.\" \/>\n<meta property=\"og:url\" content=\"https:\/\/vinoteka-sodcek.si\/en\/shop\/wines\/white-wines\/batic-marlon\/\" \/>\n<meta property=\"og:site_name\" content=\"Vinoteka Sod\u010dek\" \/>\n<meta property=\"article:publisher\" content=\"https:\/\/www.facebook.com\/vinotekasodcek\/\" \/>\n<meta property=\"article:modified_time\" content=\"2026-02-06T19:41:04+00:00\" \/>\n<meta property=\"og:image\" content=\"https:\/\/vinoteka-sodcek.si\/wp-content\/uploads\/Marlon-1.jpg\" \/>\n\t<meta property=\"og:image:width\" content=\"162\" \/>\n\t<meta property=\"og:image:height\" content=\"578\" \/>\n\t<meta property=\"og:image:type\" content=\"image\/jpeg\" \/>\n<meta name=\"twitter:card\" content=\"summary_large_image\" \/>\n<!-- \/ Yoast SEO plugin. -->","yoast_head_json":{"title":"Marlon | Vinoteka Sod\u010dek","description":"[:sl]Marlon Bati\u010d je vino iz odpornih sort grozdja, brez \u0161kropljenja. Zorenje v hrastovih sodih, brez filtracije, daje kompleksno, masleno vino z dolgim zatonom.[:en]Marlon Bati\u010d is made from resistant grape varieties, without spraying. Maturing in oak barrels, without filtration, produces a buttery wine with a long finish.[:]","robots":{"index":"index","follow":"follow","max-snippet":"max-snippet:-1","max-image-preview":"max-image-preview:large","max-video-preview":"max-video-preview:-1"},"og_locale":"en_US","og_type":"article","og_title":"[:sl]Marlon[:en]Marlon[:] | Vinoteka Sod\u010dek","og_description":"[:sl]Marlon Bati\u010d je vino iz odpornih sort grozdja, brez \u0161kropljenja. Zorenje v hrastovih sodih, brez filtracije, daje kompleksno, masleno vino z dolgim zatonom.[:en]Marlon Bati\u010d is made from resistant grape varieties, without spraying. Maturing in oak barrels, without filtration, produces a buttery wine with a long finish.[:]","og_url":"https:\/\/vinoteka-sodcek.si\/en\/shop\/wines\/white-wines\/batic-marlon\/","og_site_name":"Vinoteka Sod\u010dek","article_publisher":"https:\/\/www.facebook.com\/vinotekasodcek\/","article_modified_time":"2026-02-06T19:41:04+00:00","og_image":[{"width":162,"height":578,"url":"https:\/\/vinoteka-sodcek.si\/wp-content\/uploads\/Marlon-1.jpg","type":"image\/jpeg"}],"twitter_card":"summary_large_image","schema":{"@context":"https:\/\/schema.org","@graph":[{"@type":"WebPage","@id":"https:\/\/vinoteka-sodcek.si\/trgovina\/vina\/bela-vina\/batic-marlon\/","url":"https:\/\/vinoteka-sodcek.si\/trgovina\/vina\/bela-vina\/batic-marlon\/","name":"[:sl]Marlon[:en]Marlon[:] | Vinoteka Sod\u010dek","isPartOf":{"@id":"https:\/\/vinoteka-sodcek.si\/#website"},"primaryImageOfPage":{"@id":"https:\/\/vinoteka-sodcek.si\/trgovina\/vina\/bela-vina\/batic-marlon\/#primaryimage"},"image":{"@id":"https:\/\/vinoteka-sodcek.si\/trgovina\/vina\/bela-vina\/batic-marlon\/#primaryimage"},"thumbnailUrl":"https:\/\/vinoteka-sodcek.si\/wp-content\/uploads\/Marlon-1.jpg","datePublished":"2024-03-15T16:20:28+00:00","dateModified":"2026-02-06T19:41:04+00:00","description":"[:sl]Marlon Bati\u010d je vino iz odpornih sort grozdja, brez \u0161kropljenja. Zorenje v hrastovih sodih, brez filtracije, daje kompleksno, masleno vino z dolgim zatonom.[:en]Marlon Bati\u010d is made from resistant grape varieties, without spraying. Maturing in oak barrels, without filtration, produces a buttery wine with a long finish.[:]","breadcrumb":{"@id":"https:\/\/vinoteka-sodcek.si\/trgovina\/vina\/bela-vina\/batic-marlon\/#breadcrumb"},"inLanguage":"en-US","potentialAction":[{"@type":"ReadAction","target":["https:\/\/vinoteka-sodcek.si\/trgovina\/vina\/bela-vina\/batic-marlon\/"]}]},{"@type":"ImageObject","inLanguage":"en-US","@id":"https:\/\/vinoteka-sodcek.si\/trgovina\/vina\/bela-vina\/batic-marlon\/#primaryimage","url":"https:\/\/vinoteka-sodcek.si\/wp-content\/uploads\/Marlon-1.jpg","contentUrl":"https:\/\/vinoteka-sodcek.si\/wp-content\/uploads\/Marlon-1.jpg","width":162,"height":578},{"@type":"BreadcrumbList","@id":"https:\/\/vinoteka-sodcek.si\/trgovina\/vina\/bela-vina\/batic-marlon\/#breadcrumb","itemListElement":[{"@type":"ListItem","position":1,"name":"Home","item":"https:\/\/vinoteka-sodcek.si\/en\/"},{"@type":"ListItem","position":2,"name":"Trgovina","item":"https:\/\/vinoteka-sodcek.si\/trgovina\/"},{"@type":"ListItem","position":3,"name":"Marlon"}]},{"@type":"WebSite","@id":"https:\/\/vinoteka-sodcek.si\/#website","url":"https:\/\/vinoteka-sodcek.si\/","name":"Vinoteka Sod\u010dek","description":"Vinoteka z vrhunskimi vini","publisher":{"@id":"https:\/\/vinoteka-sodcek.si\/#organization"},"potentialAction":[{"@type":"SearchAction","target":{"@type":"EntryPoint","urlTemplate":"https:\/\/vinoteka-sodcek.si\/?s={search_term_string}"},"query-input":"required name=search_term_string"}],"inLanguage":"en-US"},{"@type":"Organization","@id":"https:\/\/vinoteka-sodcek.si\/#organization","name":"Vinoteka Sod\u010dek, Ale\u0161 \u010ceba\u0161ek s.p.","url":"https:\/\/vinoteka-sodcek.si\/","logo":{"@type":"ImageObject","inLanguage":"en-US","@id":"https:\/\/vinoteka-sodcek.si\/#\/schema\/logo\/image\/","url":"https:\/\/beta.vinoteka-sodcek.si\/wp-content\/uploads\/vinoteka-sodcek-logo.png","contentUrl":"https:\/\/beta.vinoteka-sodcek.si\/wp-content\/uploads\/vinoteka-sodcek-logo.png","width":300,"height":90,"caption":"Vinoteka Sod\u010dek, Ale\u0161 \u010ceba\u0161ek s.p."},"image":{"@id":"https:\/\/vinoteka-sodcek.si\/#\/schema\/logo\/image\/"},"sameAs":["https:\/\/www.facebook.com\/vinotekasodcek\/"]}]}},"_links":{"self":[{"href":"https:\/\/vinoteka-sodcek.si\/en\/wp-json\/\/wp\/v2\/product\/613"}],"collection":[{"href":"https:\/\/vinoteka-sodcek.si\/en\/wp-json\/\/wp\/v2\/product"}],"about":[{"href":"https:\/\/vinoteka-sodcek.si\/en\/wp-json\/\/wp\/v2\/types\/product"}],"wp:featuredmedia":[{"embeddable":true,"href":"https:\/\/vinoteka-sodcek.si\/en\/wp-json\/\/wp\/v2\/media\/612"}],"wp:attachment":[{"href":"https:\/\/vinoteka-sodcek.si\/en\/wp-json\/\/wp\/v2\/media?parent=613"}],"wp:term":[{"taxonomy":"product_cat","embeddable":true,"href":"https:\/\/vinoteka-sodcek.si\/en\/wp-json\/\/wp\/v2\/product_cat?post=613"},{"taxonomy":"product_tag","embeddable":true,"href":"https:\/\/vinoteka-sodcek.si\/en\/wp-json\/\/wp\/v2\/product_tag?post=613"}],"curies":[{"name":"wp","href":"https:\/\/api.w.org\/{rel}","templated":true}]}}