{"id":615,"date":"2024-03-15T17:20:28","date_gmt":"2024-03-15T16:20:28","guid":{"rendered":"http:\/\/192.168.64.105\/GitHub\/vinoteka-sodcek\/trgovina\/uncategorized\/batic-angel-cabernet-sauvignon\/"},"modified":"2026-03-23T09:19:14","modified_gmt":"2026-03-23T08:19:14","slug":"batic-angel-cabernet-sauvignon","status":"publish","type":"product","link":"https:\/\/vinoteka-sodcek.si\/en\/shop\/wines\/red-wines\/batic-angel-cabernet-sauvignon\/","title":{"rendered":"Angel Cabernet sauvignon"},"content":{"rendered":"<p>Grapes for him come from two fights of the sunny positions of the Vipava (Vogrsko Little Vienna and Loke Koladovec)<\/p>\n<p>After the harvest is over in early October, fully ripe and healthy grapes macerate and then ripen in Barrique Sodcks for 25 months, almost half of which are new. Bottled without filtration.<\/p>\n<p>Deep purple, dense, intense flowers, smell of smoke, tobacco, also vanilla, which also tells us maturation in new barrels. In the mouth of overripe fruit aromas, richly branched tannins, black currants also raspberries, complex, full, warm with a long aftertaste.<\/p>\n","protected":false},"excerpt":{"rendered":"<p>Grapes for him come from two fights of the sunny positions of the Vipava (Vogrsko Little Vienna and Loke Koladovec) After the harvest is over in early October, fully ripe and&#8230;<\/p>\n","protected":false},"featured_media":1085,"template":"","meta":[],"product_cat":[20],"product_tag":[],"acf":[],"yoast_head":"<!-- This site is optimized with the Yoast SEO plugin v22.2 - https:\/\/yoast.com\/wordpress\/plugins\/seo\/ -->\n<title>Angel Cabernet sauvignon | Vinoteka Sod\u010dek<\/title>\n<meta name=\"description\" content=\"Angel Caberner comes from the sunniest vineyards in Vipava. It is matured in new barrique barrels. Deep purple, rich aroma of smoke, tobacco, fruity aromas.\" \/>\n<meta name=\"robots\" content=\"index, follow, max-snippet:-1, max-image-preview:large, max-video-preview:-1\" \/>\n<meta property=\"og:locale\" content=\"en_US\" \/>\n<meta property=\"og:type\" content=\"article\" \/>\n<meta property=\"og:title\" content=\"Angel Cabernet sauvignon\" \/>\n<meta property=\"og:description\" content=\"Angel Caberner comes from the sunniest vineyards in Vipava. It is matured in new barrique barrels. Deep purple, rich aroma of smoke, tobacco, fruity aromas.\" \/>\n<meta property=\"og:url\" content=\"https:\/\/vinoteka-sodcek.si\/en\/shop\/wines\/red-wines\/batic-angel-cabernet-sauvignon\/\" \/>\n<meta property=\"og:site_name\" content=\"Vinoteka Sod\u010dek\" \/>\n<meta property=\"article:publisher\" content=\"https:\/\/www.facebook.com\/vinotekasodcek\/\" \/>\n<meta property=\"article:modified_time\" content=\"2026-03-23T08:19:14+00:00\" \/>\n<meta property=\"og:image\" content=\"https:\/\/vinoteka-sodcek.si\/wp-content\/uploads\/angel-cabernet-sauvignon-batic.jpg\" \/>\n\t<meta property=\"og:image:width\" content=\"223\" \/>\n\t<meta property=\"og:image:height\" content=\"934\" \/>\n\t<meta property=\"og:image:type\" content=\"image\/jpeg\" \/>\n<meta name=\"twitter:card\" content=\"summary_large_image\" \/>\n<!-- \/ Yoast SEO plugin. -->","yoast_head_json":{"title":"Angel Cabernet sauvignon | Vinoteka Sod\u010dek","description":"[:sl]Angel Cabernet prihaja iz najbolj son\u010dnih leg vipavske. Zori v novih barrique sodih. Globoke vijoli\u010dne barve, bogat vonj dima, tobaka, sadnih arom, polno.[:en]Angel Caberner comes from the sunniest vineyards in Vipava. It is matured in new barrique barrels. Deep purple, rich aroma of smoke, tobacco, fruity aromas.[:]","robots":{"index":"index","follow":"follow","max-snippet":"max-snippet:-1","max-image-preview":"max-image-preview:large","max-video-preview":"max-video-preview:-1"},"og_locale":"en_US","og_type":"article","og_title":"[:sl]Angel Cabernet sauvignon[:en]Angel Cabernet sauvignon[:] | Vinoteka Sod\u010dek","og_description":"[:sl]Angel Cabernet prihaja iz najbolj son\u010dnih leg vipavske. Zori v novih barrique sodih. Globoke vijoli\u010dne barve, bogat vonj dima, tobaka, sadnih arom, polno.[:en]Angel Caberner comes from the sunniest vineyards in Vipava. It is matured in new barrique barrels. Deep purple, rich aroma of smoke, tobacco, fruity aromas.[:]","og_url":"https:\/\/vinoteka-sodcek.si\/en\/shop\/wines\/red-wines\/batic-angel-cabernet-sauvignon\/","og_site_name":"Vinoteka Sod\u010dek","article_publisher":"https:\/\/www.facebook.com\/vinotekasodcek\/","article_modified_time":"2026-03-23T08:19:14+00:00","og_image":[{"width":223,"height":934,"url":"https:\/\/vinoteka-sodcek.si\/wp-content\/uploads\/angel-cabernet-sauvignon-batic.jpg","type":"image\/jpeg"}],"twitter_card":"summary_large_image","schema":{"@context":"https:\/\/schema.org","@graph":[{"@type":"WebPage","@id":"https:\/\/vinoteka-sodcek.si\/trgovina\/vina\/rdeca-vina\/batic-angel-cabernet-sauvignon\/","url":"https:\/\/vinoteka-sodcek.si\/trgovina\/vina\/rdeca-vina\/batic-angel-cabernet-sauvignon\/","name":"[:sl]Angel Cabernet sauvignon[:en]Angel Cabernet sauvignon[:] | Vinoteka Sod\u010dek","isPartOf":{"@id":"https:\/\/vinoteka-sodcek.si\/#website"},"primaryImageOfPage":{"@id":"https:\/\/vinoteka-sodcek.si\/trgovina\/vina\/rdeca-vina\/batic-angel-cabernet-sauvignon\/#primaryimage"},"image":{"@id":"https:\/\/vinoteka-sodcek.si\/trgovina\/vina\/rdeca-vina\/batic-angel-cabernet-sauvignon\/#primaryimage"},"thumbnailUrl":"https:\/\/vinoteka-sodcek.si\/wp-content\/uploads\/angel-cabernet-sauvignon-batic.jpg","datePublished":"2024-03-15T16:20:28+00:00","dateModified":"2026-03-23T08:19:14+00:00","description":"[:sl]Angel Cabernet prihaja iz najbolj son\u010dnih leg vipavske. Zori v novih barrique sodih. Globoke vijoli\u010dne barve, bogat vonj dima, tobaka, sadnih arom, polno.[:en]Angel Caberner comes from the sunniest vineyards in Vipava. It is matured in new barrique barrels. Deep purple, rich aroma of smoke, tobacco, fruity aromas.[:]","breadcrumb":{"@id":"https:\/\/vinoteka-sodcek.si\/trgovina\/vina\/rdeca-vina\/batic-angel-cabernet-sauvignon\/#breadcrumb"},"inLanguage":"en-US","potentialAction":[{"@type":"ReadAction","target":["https:\/\/vinoteka-sodcek.si\/trgovina\/vina\/rdeca-vina\/batic-angel-cabernet-sauvignon\/"]}]},{"@type":"ImageObject","inLanguage":"en-US","@id":"https:\/\/vinoteka-sodcek.si\/trgovina\/vina\/rdeca-vina\/batic-angel-cabernet-sauvignon\/#primaryimage","url":"https:\/\/vinoteka-sodcek.si\/wp-content\/uploads\/angel-cabernet-sauvignon-batic.jpg","contentUrl":"https:\/\/vinoteka-sodcek.si\/wp-content\/uploads\/angel-cabernet-sauvignon-batic.jpg","width":223,"height":934},{"@type":"BreadcrumbList","@id":"https:\/\/vinoteka-sodcek.si\/trgovina\/vina\/rdeca-vina\/batic-angel-cabernet-sauvignon\/#breadcrumb","itemListElement":[{"@type":"ListItem","position":1,"name":"Home","item":"https:\/\/vinoteka-sodcek.si\/en\/"},{"@type":"ListItem","position":2,"name":"Trgovina","item":"https:\/\/vinoteka-sodcek.si\/trgovina\/"},{"@type":"ListItem","position":3,"name":"Angel Cabernet sauvignon"}]},{"@type":"WebSite","@id":"https:\/\/vinoteka-sodcek.si\/#website","url":"https:\/\/vinoteka-sodcek.si\/","name":"Vinoteka Sod\u010dek","description":"Vinoteka z vrhunskimi vini","publisher":{"@id":"https:\/\/vinoteka-sodcek.si\/#organization"},"potentialAction":[{"@type":"SearchAction","target":{"@type":"EntryPoint","urlTemplate":"https:\/\/vinoteka-sodcek.si\/?s={search_term_string}"},"query-input":"required name=search_term_string"}],"inLanguage":"en-US"},{"@type":"Organization","@id":"https:\/\/vinoteka-sodcek.si\/#organization","name":"Vinoteka Sod\u010dek, Ale\u0161 \u010ceba\u0161ek s.p.","url":"https:\/\/vinoteka-sodcek.si\/","logo":{"@type":"ImageObject","inLanguage":"en-US","@id":"https:\/\/vinoteka-sodcek.si\/#\/schema\/logo\/image\/","url":"https:\/\/beta.vinoteka-sodcek.si\/wp-content\/uploads\/vinoteka-sodcek-logo.png","contentUrl":"https:\/\/beta.vinoteka-sodcek.si\/wp-content\/uploads\/vinoteka-sodcek-logo.png","width":300,"height":90,"caption":"Vinoteka Sod\u010dek, Ale\u0161 \u010ceba\u0161ek s.p."},"image":{"@id":"https:\/\/vinoteka-sodcek.si\/#\/schema\/logo\/image\/"},"sameAs":["https:\/\/www.facebook.com\/vinotekasodcek\/"]}]}},"_links":{"self":[{"href":"https:\/\/vinoteka-sodcek.si\/en\/wp-json\/\/wp\/v2\/product\/615"}],"collection":[{"href":"https:\/\/vinoteka-sodcek.si\/en\/wp-json\/\/wp\/v2\/product"}],"about":[{"href":"https:\/\/vinoteka-sodcek.si\/en\/wp-json\/\/wp\/v2\/types\/product"}],"wp:featuredmedia":[{"embeddable":true,"href":"https:\/\/vinoteka-sodcek.si\/en\/wp-json\/\/wp\/v2\/media\/1085"}],"wp:attachment":[{"href":"https:\/\/vinoteka-sodcek.si\/en\/wp-json\/\/wp\/v2\/media?parent=615"}],"wp:term":[{"taxonomy":"product_cat","embeddable":true,"href":"https:\/\/vinoteka-sodcek.si\/en\/wp-json\/\/wp\/v2\/product_cat?post=615"},{"taxonomy":"product_tag","embeddable":true,"href":"https:\/\/vinoteka-sodcek.si\/en\/wp-json\/\/wp\/v2\/product_tag?post=615"}],"curies":[{"name":"wp","href":"https:\/\/api.w.org\/{rel}","templated":true}]}}