{"id":619,"date":"2024-03-15T17:20:28","date_gmt":"2024-03-15T16:20:28","guid":{"rendered":"http:\/\/192.168.64.105\/GitHub\/vinoteka-sodcek\/trgovina\/uncategorized\/batic-angel-merlot\/"},"modified":"2026-03-23T09:19:35","modified_gmt":"2026-03-23T08:19:35","slug":"batic-angel-merlot","status":"publish","type":"product","link":"https:\/\/vinoteka-sodcek.si\/en\/shop\/wines\/red-wines\/batic-angel-merlot\/","title":{"rendered":"Angel Merlot"},"content":{"rendered":"<p>Angel Merlot wine comes from those positions that achieve something more at blind tasting. Volume 2020 is signed by a selection of wines produced from vineyards Vogrsko Mali Dunaj and \u0160mihel Livi\u0161\u010de.<\/p>\n<p>After the harvest, at the end of September, the tattered grapes go to the maceration until the boil is done. This is followed by about two annual ripening partly in the new and partly used 225-liter oak barrels.<\/p>\n<p>It is a deep ruby \u200b\u200bcolor, intense odor, coffee, tobacco, in the mouth of dry pleasant acids and tannins, the taste of ripe cherries, but currants also slight vanilla.<\/p>\n","protected":false},"excerpt":{"rendered":"<p>Angel Merlot wine comes from those positions that achieve something more at blind tasting. Volume 2020 is signed by a selection of wines produced from vineyards Vogrsko Mali Dunaj and \u0160mihel&#8230;<\/p>\n","protected":false},"featured_media":1084,"template":"","meta":[],"product_cat":[20],"product_tag":[],"acf":[],"yoast_head":"<!-- This site is optimized with the Yoast SEO plugin v22.2 - https:\/\/yoast.com\/wordpress\/plugins\/seo\/ -->\n<title>Angel Merlot | Vinoteka Sod\u010dek<\/title>\n<meta name=\"description\" content=\"Angel Merlot, selected site, maceration until fermentation is complete. Two years maturation in oak barrels. Ruby colour, coffee, tobacco, ripe fruit.\" \/>\n<meta name=\"robots\" content=\"index, follow, max-snippet:-1, max-image-preview:large, max-video-preview:-1\" \/>\n<meta property=\"og:locale\" content=\"en_US\" \/>\n<meta property=\"og:type\" content=\"article\" \/>\n<meta property=\"og:title\" content=\"Angel Merlot\" \/>\n<meta property=\"og:description\" content=\"Angel Merlot, selected site, maceration until fermentation is complete. Two years maturation in oak barrels. Ruby colour, coffee, tobacco, ripe fruit.\" \/>\n<meta property=\"og:url\" content=\"https:\/\/vinoteka-sodcek.si\/en\/shop\/wines\/red-wines\/batic-angel-merlot\/\" \/>\n<meta property=\"og:site_name\" content=\"Vinoteka Sod\u010dek\" \/>\n<meta property=\"article:publisher\" content=\"https:\/\/www.facebook.com\/vinotekasodcek\/\" \/>\n<meta property=\"article:modified_time\" content=\"2026-03-23T08:19:35+00:00\" \/>\n<meta property=\"og:image\" content=\"https:\/\/vinoteka-sodcek.si\/wp-content\/uploads\/angel-merlot-batic.jpg\" \/>\n\t<meta property=\"og:image:width\" content=\"223\" \/>\n\t<meta property=\"og:image:height\" content=\"932\" \/>\n\t<meta property=\"og:image:type\" content=\"image\/jpeg\" \/>\n<meta name=\"twitter:card\" content=\"summary_large_image\" \/>\n<!-- \/ Yoast SEO plugin. -->","yoast_head_json":{"title":"Angel Merlot | Vinoteka Sod\u010dek","description":"[:sl]Angel Merlot, izbrana lega, maceracija do kon\u010danega vretja. Dve leti zorenja v hrastovih sodih. Rubinaste barve, kava, tobak, zrelo sadje, vanilija.[:en]Angel Merlot, selected site, maceration until fermentation is complete. Two years maturation in oak barrels. Ruby colour, coffee, tobacco, ripe fruit.[:]","robots":{"index":"index","follow":"follow","max-snippet":"max-snippet:-1","max-image-preview":"max-image-preview:large","max-video-preview":"max-video-preview:-1"},"og_locale":"en_US","og_type":"article","og_title":"[:sl]Angel Merlot[:en]Angel Merlot[:] | Vinoteka Sod\u010dek","og_description":"[:sl]Angel Merlot, izbrana lega, maceracija do kon\u010danega vretja. Dve leti zorenja v hrastovih sodih. Rubinaste barve, kava, tobak, zrelo sadje, vanilija.[:en]Angel Merlot, selected site, maceration until fermentation is complete. Two years maturation in oak barrels. Ruby colour, coffee, tobacco, ripe fruit.[:]","og_url":"https:\/\/vinoteka-sodcek.si\/en\/shop\/wines\/red-wines\/batic-angel-merlot\/","og_site_name":"Vinoteka Sod\u010dek","article_publisher":"https:\/\/www.facebook.com\/vinotekasodcek\/","article_modified_time":"2026-03-23T08:19:35+00:00","og_image":[{"width":223,"height":932,"url":"https:\/\/vinoteka-sodcek.si\/wp-content\/uploads\/angel-merlot-batic.jpg","type":"image\/jpeg"}],"twitter_card":"summary_large_image","schema":{"@context":"https:\/\/schema.org","@graph":[{"@type":"WebPage","@id":"https:\/\/vinoteka-sodcek.si\/trgovina\/vina\/rdeca-vina\/batic-angel-merlot\/","url":"https:\/\/vinoteka-sodcek.si\/trgovina\/vina\/rdeca-vina\/batic-angel-merlot\/","name":"[:sl]Angel Merlot[:en]Angel Merlot[:] | Vinoteka Sod\u010dek","isPartOf":{"@id":"https:\/\/vinoteka-sodcek.si\/#website"},"primaryImageOfPage":{"@id":"https:\/\/vinoteka-sodcek.si\/trgovina\/vina\/rdeca-vina\/batic-angel-merlot\/#primaryimage"},"image":{"@id":"https:\/\/vinoteka-sodcek.si\/trgovina\/vina\/rdeca-vina\/batic-angel-merlot\/#primaryimage"},"thumbnailUrl":"https:\/\/vinoteka-sodcek.si\/wp-content\/uploads\/angel-merlot-batic.jpg","datePublished":"2024-03-15T16:20:28+00:00","dateModified":"2026-03-23T08:19:35+00:00","description":"[:sl]Angel Merlot, izbrana lega, maceracija do kon\u010danega vretja. Dve leti zorenja v hrastovih sodih. Rubinaste barve, kava, tobak, zrelo sadje, vanilija.[:en]Angel Merlot, selected site, maceration until fermentation is complete. Two years maturation in oak barrels. Ruby colour, coffee, tobacco, ripe fruit.[:]","breadcrumb":{"@id":"https:\/\/vinoteka-sodcek.si\/trgovina\/vina\/rdeca-vina\/batic-angel-merlot\/#breadcrumb"},"inLanguage":"en-US","potentialAction":[{"@type":"ReadAction","target":["https:\/\/vinoteka-sodcek.si\/trgovina\/vina\/rdeca-vina\/batic-angel-merlot\/"]}]},{"@type":"ImageObject","inLanguage":"en-US","@id":"https:\/\/vinoteka-sodcek.si\/trgovina\/vina\/rdeca-vina\/batic-angel-merlot\/#primaryimage","url":"https:\/\/vinoteka-sodcek.si\/wp-content\/uploads\/angel-merlot-batic.jpg","contentUrl":"https:\/\/vinoteka-sodcek.si\/wp-content\/uploads\/angel-merlot-batic.jpg","width":223,"height":932},{"@type":"BreadcrumbList","@id":"https:\/\/vinoteka-sodcek.si\/trgovina\/vina\/rdeca-vina\/batic-angel-merlot\/#breadcrumb","itemListElement":[{"@type":"ListItem","position":1,"name":"Home","item":"https:\/\/vinoteka-sodcek.si\/en\/"},{"@type":"ListItem","position":2,"name":"Trgovina","item":"https:\/\/vinoteka-sodcek.si\/trgovina\/"},{"@type":"ListItem","position":3,"name":"Angel Merlot"}]},{"@type":"WebSite","@id":"https:\/\/vinoteka-sodcek.si\/#website","url":"https:\/\/vinoteka-sodcek.si\/","name":"Vinoteka Sod\u010dek","description":"Vinoteka z vrhunskimi vini","publisher":{"@id":"https:\/\/vinoteka-sodcek.si\/#organization"},"potentialAction":[{"@type":"SearchAction","target":{"@type":"EntryPoint","urlTemplate":"https:\/\/vinoteka-sodcek.si\/?s={search_term_string}"},"query-input":"required name=search_term_string"}],"inLanguage":"en-US"},{"@type":"Organization","@id":"https:\/\/vinoteka-sodcek.si\/#organization","name":"Vinoteka Sod\u010dek, Ale\u0161 \u010ceba\u0161ek s.p.","url":"https:\/\/vinoteka-sodcek.si\/","logo":{"@type":"ImageObject","inLanguage":"en-US","@id":"https:\/\/vinoteka-sodcek.si\/#\/schema\/logo\/image\/","url":"https:\/\/beta.vinoteka-sodcek.si\/wp-content\/uploads\/vinoteka-sodcek-logo.png","contentUrl":"https:\/\/beta.vinoteka-sodcek.si\/wp-content\/uploads\/vinoteka-sodcek-logo.png","width":300,"height":90,"caption":"Vinoteka Sod\u010dek, Ale\u0161 \u010ceba\u0161ek s.p."},"image":{"@id":"https:\/\/vinoteka-sodcek.si\/#\/schema\/logo\/image\/"},"sameAs":["https:\/\/www.facebook.com\/vinotekasodcek\/"]}]}},"_links":{"self":[{"href":"https:\/\/vinoteka-sodcek.si\/en\/wp-json\/\/wp\/v2\/product\/619"}],"collection":[{"href":"https:\/\/vinoteka-sodcek.si\/en\/wp-json\/\/wp\/v2\/product"}],"about":[{"href":"https:\/\/vinoteka-sodcek.si\/en\/wp-json\/\/wp\/v2\/types\/product"}],"wp:featuredmedia":[{"embeddable":true,"href":"https:\/\/vinoteka-sodcek.si\/en\/wp-json\/\/wp\/v2\/media\/1084"}],"wp:attachment":[{"href":"https:\/\/vinoteka-sodcek.si\/en\/wp-json\/\/wp\/v2\/media?parent=619"}],"wp:term":[{"taxonomy":"product_cat","embeddable":true,"href":"https:\/\/vinoteka-sodcek.si\/en\/wp-json\/\/wp\/v2\/product_cat?post=619"},{"taxonomy":"product_tag","embeddable":true,"href":"https:\/\/vinoteka-sodcek.si\/en\/wp-json\/\/wp\/v2\/product_tag?post=619"}],"curies":[{"name":"wp","href":"https:\/\/api.w.org\/{rel}","templated":true}]}}