{"id":629,"date":"2024-03-15T17:20:28","date_gmt":"2024-03-15T16:20:28","guid":{"rendered":"http:\/\/192.168.64.105\/GitHub\/vinoteka-sodcek\/trgovina\/uncategorized\/gordia-bio-naravni-mehurcki-belo\/"},"modified":"2024-05-09T17:03:55","modified_gmt":"2024-05-09T16:03:55","slug":"gordia-bio-naravni-mehurcki-belo","status":"publish","type":"product","link":"https:\/\/vinoteka-sodcek.si\/en\/shop\/wines\/sparkling-wines\/gordia-bio-naravni-mehurcki-belo\/","title":{"rendered":"Natural bubbles &#8211; white"},"content":{"rendered":"<p>Produced by the pet-nat process. (shortening for the french term petillant -naturelle &#8211; completely natural.)<\/p>\n<p>It is a natural sparkling wine that fills it into bottles before the first boil ends, allowing the formation of bubbles from natural sugars that are present in the grapes.<br \/>\nWithout added sulfur, unfilled. The sediment that remains in the bottle provides the wine.<\/p>\n<p>On the one hand, this ancient method is very simple, and on the other, due to the unpredictability of the end result, one of the most difficult.<br \/>\nThe result is a gentle, sparkling and very fruity sparkling wine, which is a remarkable reflection of its terroir.<\/p>\n","protected":false},"excerpt":{"rendered":"<p>Produced by the pet-nat process. (shortening for the french term petillant -naturelle &#8211; completely natural.) It is a natural sparkling wine that fills it into bottles before the first boil ends,&#8230;<\/p>\n","protected":false},"featured_media":628,"template":"","meta":[],"product_cat":[22],"product_tag":[],"acf":[],"yoast_head":"<!-- This site is optimized with the Yoast SEO plugin v22.2 - https:\/\/yoast.com\/wordpress\/plugins\/seo\/ -->\n<title>Natural bubbles - white | Vinoteka Sod\u010dek<\/title>\n<meta name=\"description\" content=\"Natural bubbles white Gordia fill into the bottles before the first fermentation is complete, allowing the natural sugars to form bubbles.\" \/>\n<meta name=\"robots\" content=\"index, follow, max-snippet:-1, max-image-preview:large, max-video-preview:-1\" \/>\n<meta property=\"og:locale\" content=\"en_US\" \/>\n<meta property=\"og:type\" content=\"article\" \/>\n<meta property=\"og:title\" content=\"Natural bubbles - white\" \/>\n<meta property=\"og:description\" content=\"Natural bubbles white Gordia fill into the bottles before the first fermentation is complete, allowing the natural sugars to form bubbles.\" \/>\n<meta property=\"og:url\" content=\"https:\/\/vinoteka-sodcek.si\/en\/shop\/wines\/sparkling-wines\/gordia-bio-naravni-mehurcki-belo\/\" \/>\n<meta property=\"og:site_name\" content=\"Vinoteka Sod\u010dek\" \/>\n<meta property=\"article:publisher\" content=\"https:\/\/www.facebook.com\/vinotekasodcek\/\" \/>\n<meta property=\"article:modified_time\" content=\"2024-05-09T16:03:55+00:00\" \/>\n<meta property=\"og:image\" content=\"https:\/\/vinoteka-sodcek.si\/wp-content\/uploads\/large_SIGOR-Gordia-PetNat-White-1.jpg\" \/>\n\t<meta property=\"og:image:width\" content=\"196\" \/>\n\t<meta property=\"og:image:height\" content=\"644\" \/>\n\t<meta property=\"og:image:type\" content=\"image\/jpeg\" \/>\n<meta name=\"twitter:card\" content=\"summary_large_image\" \/>\n<!-- \/ Yoast SEO plugin. -->","yoast_head_json":{"title":"Natural bubbles - white | Vinoteka Sod\u010dek","description":"[:sl]Naravni mehur\u010dki belo Gordia napolnijo v steklenice, \u0161e preden se kon\u010da prvo vrenje in tako omogo\u010dijo tvorjenje mehur\u010dkov iz naravnih sladkorjev.[:en]Natural bubbles white Gordia fill into the bottles before the first fermentation is complete, allowing the natural sugars to form bubbles.[:]","robots":{"index":"index","follow":"follow","max-snippet":"max-snippet:-1","max-image-preview":"max-image-preview:large","max-video-preview":"max-video-preview:-1"},"og_locale":"en_US","og_type":"article","og_title":"[:sl]Bio naravni mehur\u010dki - belo[:en]Natural bubbles - white[:] | Vinoteka Sod\u010dek","og_description":"[:sl]Naravni mehur\u010dki belo Gordia napolnijo v steklenice, \u0161e preden se kon\u010da prvo vrenje in tako omogo\u010dijo tvorjenje mehur\u010dkov iz naravnih sladkorjev.[:en]Natural bubbles white Gordia fill into the bottles before the first fermentation is complete, allowing the natural sugars to form bubbles.[:]","og_url":"https:\/\/vinoteka-sodcek.si\/en\/shop\/wines\/sparkling-wines\/gordia-bio-naravni-mehurcki-belo\/","og_site_name":"Vinoteka Sod\u010dek","article_publisher":"https:\/\/www.facebook.com\/vinotekasodcek\/","article_modified_time":"2024-05-09T16:03:55+00:00","og_image":[{"width":196,"height":644,"url":"https:\/\/vinoteka-sodcek.si\/wp-content\/uploads\/large_SIGOR-Gordia-PetNat-White-1.jpg","type":"image\/jpeg"}],"twitter_card":"summary_large_image","schema":{"@context":"https:\/\/schema.org","@graph":[{"@type":"WebPage","@id":"https:\/\/vinoteka-sodcek.si\/en\/shop\/wines\/sparkling-wines\/gordia-bio-naravni-mehurcki-belo\/","url":"https:\/\/vinoteka-sodcek.si\/en\/shop\/wines\/sparkling-wines\/gordia-bio-naravni-mehurcki-belo\/","name":"[:sl]Bio naravni mehur\u010dki - belo[:en]Natural bubbles - white[:] | Vinoteka Sod\u010dek","isPartOf":{"@id":"https:\/\/vinoteka-sodcek.si\/#website"},"primaryImageOfPage":{"@id":"https:\/\/vinoteka-sodcek.si\/en\/shop\/wines\/sparkling-wines\/gordia-bio-naravni-mehurcki-belo\/#primaryimage"},"image":{"@id":"https:\/\/vinoteka-sodcek.si\/en\/shop\/wines\/sparkling-wines\/gordia-bio-naravni-mehurcki-belo\/#primaryimage"},"thumbnailUrl":"https:\/\/vinoteka-sodcek.si\/wp-content\/uploads\/large_SIGOR-Gordia-PetNat-White-1.jpg","datePublished":"2024-03-15T16:20:28+00:00","dateModified":"2024-05-09T16:03:55+00:00","description":"[:sl]Naravni mehur\u010dki belo Gordia napolnijo v steklenice, \u0161e preden se kon\u010da prvo vrenje in tako omogo\u010dijo tvorjenje mehur\u010dkov iz naravnih sladkorjev.[:en]Natural bubbles white Gordia fill into the bottles before the first fermentation is complete, allowing the natural sugars to form bubbles.[:]","breadcrumb":{"@id":"https:\/\/vinoteka-sodcek.si\/en\/shop\/wines\/sparkling-wines\/gordia-bio-naravni-mehurcki-belo\/#breadcrumb"},"inLanguage":"en-US","potentialAction":[{"@type":"ReadAction","target":["https:\/\/vinoteka-sodcek.si\/en\/shop\/wines\/sparkling-wines\/gordia-bio-naravni-mehurcki-belo\/"]}]},{"@type":"ImageObject","inLanguage":"en-US","@id":"https:\/\/vinoteka-sodcek.si\/en\/shop\/wines\/sparkling-wines\/gordia-bio-naravni-mehurcki-belo\/#primaryimage","url":"https:\/\/vinoteka-sodcek.si\/wp-content\/uploads\/large_SIGOR-Gordia-PetNat-White-1.jpg","contentUrl":"https:\/\/vinoteka-sodcek.si\/wp-content\/uploads\/large_SIGOR-Gordia-PetNat-White-1.jpg","width":196,"height":644},{"@type":"BreadcrumbList","@id":"https:\/\/vinoteka-sodcek.si\/en\/shop\/wines\/sparkling-wines\/gordia-bio-naravni-mehurcki-belo\/#breadcrumb","itemListElement":[{"@type":"ListItem","position":1,"name":"Home","item":"https:\/\/vinoteka-sodcek.si\/en\/"},{"@type":"ListItem","position":2,"name":"Trgovina","item":"https:\/\/vinoteka-sodcek.si\/trgovina\/"},{"@type":"ListItem","position":3,"name":"Natural bubbles &#8211; white"}]},{"@type":"WebSite","@id":"https:\/\/vinoteka-sodcek.si\/#website","url":"https:\/\/vinoteka-sodcek.si\/","name":"Vinoteka Sod\u010dek","description":"Vinoteka z vrhunskimi vini","publisher":{"@id":"https:\/\/vinoteka-sodcek.si\/#organization"},"potentialAction":[{"@type":"SearchAction","target":{"@type":"EntryPoint","urlTemplate":"https:\/\/vinoteka-sodcek.si\/?s={search_term_string}"},"query-input":"required name=search_term_string"}],"inLanguage":"en-US"},{"@type":"Organization","@id":"https:\/\/vinoteka-sodcek.si\/#organization","name":"Vinoteka Sod\u010dek, Ale\u0161 \u010ceba\u0161ek s.p.","url":"https:\/\/vinoteka-sodcek.si\/","logo":{"@type":"ImageObject","inLanguage":"en-US","@id":"https:\/\/vinoteka-sodcek.si\/#\/schema\/logo\/image\/","url":"https:\/\/beta.vinoteka-sodcek.si\/wp-content\/uploads\/vinoteka-sodcek-logo.png","contentUrl":"https:\/\/beta.vinoteka-sodcek.si\/wp-content\/uploads\/vinoteka-sodcek-logo.png","width":300,"height":90,"caption":"Vinoteka Sod\u010dek, Ale\u0161 \u010ceba\u0161ek s.p."},"image":{"@id":"https:\/\/vinoteka-sodcek.si\/#\/schema\/logo\/image\/"},"sameAs":["https:\/\/www.facebook.com\/vinotekasodcek\/"]}]}},"_links":{"self":[{"href":"https:\/\/vinoteka-sodcek.si\/en\/wp-json\/\/wp\/v2\/product\/629"}],"collection":[{"href":"https:\/\/vinoteka-sodcek.si\/en\/wp-json\/\/wp\/v2\/product"}],"about":[{"href":"https:\/\/vinoteka-sodcek.si\/en\/wp-json\/\/wp\/v2\/types\/product"}],"wp:featuredmedia":[{"embeddable":true,"href":"https:\/\/vinoteka-sodcek.si\/en\/wp-json\/\/wp\/v2\/media\/628"}],"wp:attachment":[{"href":"https:\/\/vinoteka-sodcek.si\/en\/wp-json\/\/wp\/v2\/media?parent=629"}],"wp:term":[{"taxonomy":"product_cat","embeddable":true,"href":"https:\/\/vinoteka-sodcek.si\/en\/wp-json\/\/wp\/v2\/product_cat?post=629"},{"taxonomy":"product_tag","embeddable":true,"href":"https:\/\/vinoteka-sodcek.si\/en\/wp-json\/\/wp\/v2\/product_tag?post=629"}],"curies":[{"name":"wp","href":"https:\/\/api.w.org\/{rel}","templated":true}]}}